{"id":2461,"date":"2021-05-22T08:14:49","date_gmt":"2021-05-22T06:14:49","guid":{"rendered":"https:\/\/layer.si\/bien\/?page_id=2461"},"modified":"2025-07-21T13:42:56","modified_gmt":"2025-07-21T11:42:56","slug":"visit-info","status":"publish","type":"page","link":"https:\/\/layer.si\/bien\/en\/visit-info\/","title":{"rendered":"Visit Info"},"content":{"rendered":"\t\t<div data-elementor-type=\"wp-page\" data-elementor-id=\"2461\" class=\"elementor elementor-2461 elementor-2459\">\n\t\t\t\t\t\t\t<div class=\"elementor-element elementor-element-39cfe55 e-con-full e-flex e-con e-parent\" data-id=\"39cfe55\" data-element_type=\"container\" data-settings=\"{&quot;content_width&quot;:&quot;full&quot;}\" data-core-v316-plus=\"true\">\n\t\t\t\t<div class=\"elementor-element elementor-element-93803a0 elementor-widget elementor-widget-image\" data-id=\"93803a0\" data-element_type=\"widget\" data-widget_type=\"image.default\">\n\t\t\t\t<div class=\"elementor-widget-container\">\n\t\t\t<style>\/*! elementor - v3.17.0 - 25-10-2023 *\/\n.elementor-widget-image{text-align:center}.elementor-widget-image a{display:inline-block}.elementor-widget-image a img[src$=\".svg\"]{width:48px}.elementor-widget-image img{vertical-align:middle;display:inline-block}<\/style>\t\t\t\t\t\t\t\t\t\t\t\t<img loading=\"lazy\" decoding=\"async\" width=\"1800\" height=\"1200\" src=\"https:\/\/layer.si\/bien\/wp-content\/uploads\/2024\/09\/Eta-Sadar-Breznik_Ujeti-vihar_f_Jernej-Humar_BIEN2025-67.jpg\" class=\"attachment-full size-full wp-image-9773\" alt=\"\" srcset=\"https:\/\/layer.si\/bien\/wp-content\/uploads\/2024\/09\/Eta-Sadar-Breznik_Ujeti-vihar_f_Jernej-Humar_BIEN2025-67.jpg 1800w, https:\/\/layer.si\/bien\/wp-content\/uploads\/2024\/09\/Eta-Sadar-Breznik_Ujeti-vihar_f_Jernej-Humar_BIEN2025-67-300x200.jpg 300w, https:\/\/layer.si\/bien\/wp-content\/uploads\/2024\/09\/Eta-Sadar-Breznik_Ujeti-vihar_f_Jernej-Humar_BIEN2025-67-1024x683.jpg 1024w, https:\/\/layer.si\/bien\/wp-content\/uploads\/2024\/09\/Eta-Sadar-Breznik_Ujeti-vihar_f_Jernej-Humar_BIEN2025-67-768x512.jpg 768w, https:\/\/layer.si\/bien\/wp-content\/uploads\/2024\/09\/Eta-Sadar-Breznik_Ujeti-vihar_f_Jernej-Humar_BIEN2025-67-1536x1024.jpg 1536w\" sizes=\"auto, (max-width: 1800px) 100vw, 1800px\" \/>\t\t\t\t\t\t\t\t\t\t\t\t\t\t\t<\/div>\n\t\t\t\t<\/div>\n\t\t\t\t<div class=\"elementor-element elementor-element-3a8ae01 elementor-widget elementor-widget-text-editor\" data-id=\"3a8ae01\" data-element_type=\"widget\" data-widget_type=\"text-editor.default\">\n\t\t\t\t<div class=\"elementor-widget-container\">\n\t\t\t<style>\/*! elementor - v3.17.0 - 25-10-2023 *\/\n.elementor-widget-text-editor.elementor-drop-cap-view-stacked .elementor-drop-cap{background-color:#69727d;color:#fff}.elementor-widget-text-editor.elementor-drop-cap-view-framed .elementor-drop-cap{color:#69727d;border:3px solid;background-color:transparent}.elementor-widget-text-editor:not(.elementor-drop-cap-view-default) .elementor-drop-cap{margin-top:8px}.elementor-widget-text-editor:not(.elementor-drop-cap-view-default) .elementor-drop-cap-letter{width:1em;height:1em}.elementor-widget-text-editor .elementor-drop-cap{float:left;text-align:center;line-height:1;font-size:50px}.elementor-widget-text-editor .elementor-drop-cap-letter{display:inline-block}<\/style>\t\t\t\t<section class=\"elementor-section elementor-top-section elementor-element elementor-element-71ec963 elementor-section-boxed elementor-section-height-default elementor-section-height-default\" data-id=\"71ec963\" data-element_type=\"section\"><div class=\"elementor-container elementor-column-gap-default\"><div class=\"elementor-column elementor-col-100 elementor-top-column elementor-element elementor-element-89bc3be\" data-id=\"89bc3be\" data-element_type=\"column\"><div class=\"elementor-widget-wrap elementor-element-populated\"><div class=\"elementor-element elementor-element-832bf2f elementor-widget elementor-widget-text-editor\" data-id=\"832bf2f\" data-element_type=\"widget\" data-widget_type=\"text-editor.default\"><div class=\"elementor-widget-container\"><p>Eta Sadar Breznik: Seize the Storm (2024), Rotunda SNG Nova Gorica, f: Jernej Humar<\/p><\/div><\/div><\/div><\/div><\/div><\/section>\t\t\t\t\t\t<\/div>\n\t\t\t\t<\/div>\n\t\t\t\t<\/div>\n\t\t<div class=\"elementor-element elementor-element-44cbdad e-flex e-con-boxed e-con e-parent\" data-id=\"44cbdad\" data-element_type=\"container\" data-settings=\"{&quot;content_width&quot;:&quot;boxed&quot;}\" data-core-v316-plus=\"true\">\n\t\t\t\t\t<div class=\"e-con-inner\">\n\t\t\t\t<div class=\"elementor-element elementor-element-130f159 elementor-widget elementor-widget-text-editor\" data-id=\"130f159\" data-element_type=\"widget\" data-widget_type=\"text-editor.default\">\n\t\t\t\t<div class=\"elementor-widget-container\">\n\t\t\t\t\t\t\t<h3><strong>EXHIBITION LOCATIONS AND OPENING HOURS<\/strong><\/h3><p><span style=\"color: #ff00ff;\"><strong>KRANJ\u00a0<\/strong><\/span><\/p><p><strong>1 LAYERJEVA HI\u0160A Layer House, <\/strong><span style=\"font-weight: 400;\"><strong>Tom\u0161i\u010deva ulica 32\u00a0<\/strong><br \/><\/span><\/p><p><span style=\"font-weight: 400;\">Tue-Sat 10:00-19:00 \/ Sun 16:00-19:00<\/span><\/p><p><strong>2 GALERIJA MAHLERCA <i>Mahlerca Gallery, <\/i>Tom\u0161i\u010deva ulica 32\u00a0<\/strong><\/p><p><span style=\"font-weight: 400;\">Tue-Sat 10:00-19:00 \/ Sun 16:00-19:00<\/span><\/p><p><strong>3 GALERIJA JANEZ PUHAR\u2014STOLP \u0160KRLOVEC <i>Janez Puhar Gallery<\/i>\u2014<i>\u0160krlovec Tower,<\/i> \u0160krlovec 1<\/strong><\/p><p><span style=\"font-weight: 400;\">Tue-Sat 10:00-19:00 \/ Sun 16:00-19:00<\/span><\/p><p><strong>4 MERGENTALERJEVA ULI\u010cNA GALERIJA LAYERJEVE HI\u0160E IN TAM-TAM IN\u0160TITUTA <i>Mergentaler street gallery, <\/i>Tom\u0161i\u010deva ulica<\/strong><\/p><p><span style=\"font-weight: 400;\">outdoor<\/span><\/p><p><strong>5 VOVKOV VRT <i>Vovk Garden <\/i>Vrt gradu Khislstein <i>Khislstein Castle Garden,<\/i> Tom\u0161i\u010deva ulica 44<\/strong><\/p><p><span style=\"font-weight: 400;\">outdoor<\/span><\/p><p><strong>6 KLET MESTNE HI\u0160E <i>Town Hall Cellar, <\/i>Glavni trg 4<\/strong><\/p><p><span style=\"font-weight: 400;\">Tue-Sun 10:00-18:00<\/span><\/p><p><strong>7 GALERIJA KRANJSKE HI\u0160E <i>Kranj House Gallery, <\/i>Glavni trg 2<\/strong><\/p><p><span style=\"font-weight: 400;\">Mon-Sun 9:00-18:00 <span style=\"color: #ff00ff;\">(until July 8)<\/span><\/span><\/p><p><strong>8 HI\u0160A DRU\u017dINE CROBATH <i>Crobath Family House <\/i>Pre\u0161ernova ulica 2<\/strong><\/p><p><span style=\"font-weight: 400;\">Tue-Fri 16:00-19:00 \/ Sat 10:00-13:00 \/ Sun 16:00-19:00<\/span><\/p><p><strong>9 MESTNA KNJI\u017dNICA KRANJ <i>City Library <\/i>Gregor\u010di\u010deva ulica 1<\/strong><\/p><p><span style=\"font-weight: 400;\">Mon-Fri 8:00-19:30 \/ Sat 8:00-13:30<\/span><\/p><p><strong>10 ULI\u010cNA GALERIJA NA MESTU Spot-on Street Gallery Gregor\u010di\u010deva ulica \/ pred knji\u017enico <i>in from of the library<\/i><\/strong><\/p><p>outdoor <span style=\"color: #ff00ff;\">(until June 24)<\/span><\/p><p><strong>11 HORTIKULTURNI VRT <i>Horticultural Garden <\/i>Gregor\u010di\u010deva ulica 18<\/strong><\/p><p>open at events<\/p><p><strong>12 DOM NA JO\u0160TU <i>Jo\u0161t Lodge<\/i> Sveti Jo\u0161t nad Kranjem 2<\/strong><\/p><p>outdoor<\/p><p><span style=\"color: #ff00ff;\"><strong>JESENICE<\/strong><\/span><\/p><p><strong>13 SLOVENSKI \u017dELEZARSKI MUZEJ &#8211; PUDLOVKA NA STARI SAVI <i>SLOVENIAN IRONMAKING MUSEUM &#8211;<\/i> <i>Pudlovka <\/i>Stara Sava\u00a0<\/strong><\/p><p>outdoor<\/p><p><strong>14 SLOVENSKI \u017dELEZARSKI MUZEJ -TR\u017dNICA JESENICE\/ <i>SLOVENIAN IRONMAKING MUSEUM &#8211; Jesenice Market <\/i><i>Cesta Franceta Pre\u0161erna 53a<\/i><\/strong><\/p><p>outdoor<\/p><p><strong>15 RAZSTAVNI SALON DOLIK <i>Dolik Exhibition Salon<\/i> Cesta Mar\u0161ala Tita 12<\/strong><\/p><p><span style=\"font-weight: 400;\">Mon-Fri 9:00-12:00_16:00-19:00 \/ Sat 9:00-12:00 <span style=\"color: #ff00ff;\">(until July 23)<\/span><\/span><\/p><p><strong>16 \u017dELEZNI\u0160KA POSTAJA JESENICE Railway station Jesenice<\/strong><\/p><p><span style=\"font-weight: 400;\">v<\/span><span style=\"font-weight: 400;\">\u00a0objektu \u017eelezni\u0161ke postaje<\/span><i><span style=\"font-weight: 400;\"> Inside the Station<\/span><\/i><\/p><p><span style=\"color: #ff00ff;\"><strong>IDRIJA<\/strong><\/span><\/p><p><strong>17 JO\u017dEFOV JA\u0160EK &#8211; PR\u00b4 KAJZER <i>Jo\u017eef Shaft &#8211; Pr\u2019Kajzer<\/i> <\/strong>; <i><span style=\"font-weight: 400;\">coordinates<\/span><\/i><span style=\"font-weight: 400;\">: 45.998858, 14.031930<\/span><\/p><p>outdoor<\/p><p><strong><span style=\"color: #ff00ff;\">IPIHAN #15 project<\/span><\/strong><br \/><span style=\"text-decoration: underline;\"><span style=\"color: #ff00ff; text-decoration: underline;\">Friday, 8. 8.<\/span><\/span><br \/><span style=\"color: #ff00ff;\">17:15 open doors<\/span><br \/><span style=\"color: #ff00ff;\">18:15 official exhibition opening<\/span><br \/><span style=\"text-decoration: underline;\"><span style=\"color: #ff00ff; text-decoration: underline;\">Saturday, 9. 8., Sunday, 10. 8.<\/span><\/span><br \/><span style=\"color: #ff00ff;\">11:15-18:15 exhibition open<\/span><br \/><span style=\"color: #ff00ff;\">13:15 guided tour<\/span><br \/><span style=\"color: #ff00ff;\">15:15 guided tour<\/span><br \/><span style=\"color: #ff00ff;\">17:15 guided tour<\/span><\/p><p><strong>18 TOPILNICA HG <i>Mercury Smelting Plant <\/i>Akrova ulica 50<\/strong><\/p><p><span style=\"font-weight: 400;\">Mon-Sun 10:00-18:00 <span style=\"color: #ff00ff;\">(entry fee 5 EUR)<\/span><\/span><\/p><p><span style=\"color: #ff00ff;\"><strong>\u0160KOFJA LOKA<\/strong><\/span><\/p><p><strong>19 LO\u0160KI MUZEJ <i>Museum \u0160kofja Loka<\/i> Grajska pot 13<\/strong><\/p><p><span style=\"font-weight: 400;\">Mon-Sun 10:00-18:00 <span style=\"color: #ff00ff;\">(entry fee 1 EUR)<\/span><\/span><\/p><p><strong>20 \u0160KROPARJEVA HI\u0160A <i>\u0160kopar&#8217;s House<\/i> Grajski park, grajska pot<\/strong><\/p><p><span style=\"font-weight: 400;\">Fri-Sun 10:00-18:00<\/span><\/p><p><strong>21 PR\u2019PEPET Kopali\u0161ka ulica 1<\/strong><\/p><p><span style=\"font-weight: 400;\">Tue-Sat 9:00-21:00<\/span><\/p><p><span style=\"color: #ff00ff;\"><strong>NOVA GORICA \/ GORIZIA<\/strong><\/span><\/p><p><strong>22 ROTUNDA SNG <i>Rotonda SNG Nova Gorica <\/i>Trg Edvarda Kardelja 5\u00a0<\/strong><\/p><p><span style=\"font-weight: 400;\">Mon-Fri 10:00-19:00\u00a0<\/span><span style=\"color: #ff00ff;\">(until September 18)<\/span><\/p><p><span style=\"text-decoration: underline;\"><span style=\"color: #ff00ff; text-decoration: underline;\">With exception of 23. 7.-15. 8.<\/span><\/span><br \/><span style=\"color: #ff00ff;\"><span style=\"font-weight: 400;\">Mon-Fri 8:00-15:00 <\/span>(main entrance of Rotunda)<\/span><br \/><span style=\"color: #ff00ff;\">Mon-Sun 16:00-19:00 (entrance through Klub teater)<\/span><\/p><p><strong>23 ATRIJ MONG <i>Atrium of the Municipality of Nova Gorica <\/i>Trg Edvarda Kardelja 1<\/strong><\/p><p><span style=\"font-weight: 400;\">Mon-Fri 6:30-18:30<\/span><\/p><p><strong>24 GALERIJA GONG <i>GONG Gallery <\/i>Kidri\u010deva ulica 20\u2014vhod z Bevkovega trga <i>entrance from Bevkov trg\u00a0<\/i><\/strong><\/p><p><span style=\"font-weight: 400;\">Wed-Thu 16:00-19:00 \/ Fri 12:00-16:00 \/ Sat 10:00-13:00<\/span><\/p><p><strong>25 CARINARNICA Erjav\u010deva 53<\/strong><\/p><p><span style=\"font-weight: 400;\">Tue-Fri 16:00-19:00 <span style=\"color: #ff00ff;\">(until July 8)<\/span><\/span><\/p><p><strong>26 PARK RAFUT <i>Park Rafu<\/i>t Kostanjevi\u0161ka cesta 16<\/strong><\/p><p>Mon-Fri 8:00-20:00 (only events 21.6., 3.7., 14.8.)<\/p><p><strong>27 PALA\u010cA LANTIERI <i>Lantieri Palace <\/i>Piazza S. Antonio, 6, Gorizia<\/strong><\/p><p><span style=\"font-weight: 400;\">Wed-Fri 16:00-19:00 \/ Sat 10:00-13:00\u00a0<\/span><\/p><p><strong>28 KRAJEVNA SKUPNOST SOLKAN <i>Solkan Local Community Center <\/i>Trg Jo\u017eeta Srebrni\u010da 7 Solkan<\/strong><\/p><p><span style=\"font-weight: 400;\">Mon 9:0-12:00 \/ Wed 9:00-12:00 Thu 14:00-17:00<\/span><i><span style=\"font-weight: 400;\">\u00a0and at public events<\/span><\/i><\/p><p><span style=\"color: #ff00ff;\"><strong>Spremljevalne lokacije<\/strong><\/span><\/p><p><strong>29 TR\u017dI\u0160KI MUZEJ Ga\u0161perjeva podstreha <i>Tr\u017ei\u010d Museum &#8211; Ga\u0161per\u2019s Attic <\/i>Muzejska 11, Tr\u017ei\u010d<\/strong><\/p><p><span style=\"font-weight: 400;\">Tue-Sun 10:00-18:00<\/span><\/p><p><strong>30 DOMA\u010cIJA PR\u2019LENART <i>Homestead pr\u2019Lenart<\/i> Belo 1, 1215 Medvode<\/strong><\/p><p><span style=\"font-weight: 400;\">by appointment 031 712 227<\/span><\/p><hr \/><h3>\u00a0<\/h3><h3><strong>VISITING INFO <\/strong><\/h3><h3><span style=\"font-weight: 400;\">Cities and exhibition opening dates<\/span><\/h3><p><b>Kranj <\/b><span style=\"font-weight: 400;\">is our base; it is the third-largest city in Slovenia and home to Layer House <\/span><a href=\"https:\/\/layer.si\/\"><span style=\"font-weight: 400;\">https:\/\/layer.si<\/span><\/a><span style=\"font-weight: 400;\">, the cultural center where everything began. Layer House also serves as the INFO point for the biennial, featuring a cozy caf\u00e9, residency spaces, and galleries.<\/span><\/p><p><b>Jesenice<\/b><span style=\"font-weight: 400;\"> is a fascinating small city near the Austrian border. Once a major steel industry hub, it has great potential to evolve beyond its industrial legacy.<\/span><b>\u00a0<\/b><\/p><p><b>Idrija<\/b><span style=\"font-weight: 400;\"> is a UNESCO-listed town known for its lace heritage and mercury mining industry.\u00a0<\/span><\/p><p><b>\u0160kofja Loka<\/b><span style=\"font-weight: 400;\"> is a medieval town with a strong contemporary textile art and craft scene.<\/span><b> <\/b><\/p><p><b>Nova Gorica and Gorizia <\/b><span style=\"font-weight: 400;\">(Slovenia-Italy border) hold this year\u2019s title of European Capital of Culture. <\/span><span style=\"font-weight: 400;\"><br \/><\/span><a href=\"https:\/\/www.go2025.eu\/en\/discover\/territory-gorizia-nova-gorica\" target=\"_blank\" rel=\"noopener\"><span style=\"font-weight: 400;\">https:\/\/www.go2025.eu\/en\/discover\/territory-gorizia-nova-gorica<\/span><\/a><span style=\"font-weight: 400;\">\u00a0<\/span><\/p><div>\u00a0<\/div><h3><span style=\"font-weight: 400;\">Best time to travel<\/span><\/h3><p><span style=\"font-weight: 400;\">The ideal time to visit BIEN 2025 is May 31 \u2013 June 7\u2014within this timeframe, you can attend three exhibition openings. In this time, the invited artists and textile practitioners will be attending, too.<\/span><\/p><p><span style=\"font-weight: 400;\">If you wish to see all the exhibitions, we recommend visiting BIEN from June 17\u201321, ending the visit with the Nova Gorica\/Gorizia openings (special mobility event taking place on June 20).\u00a0<\/span><\/p><p><span style=\"font-weight: 400;\">Please note: June 25 is a public holiday, and galleries are closed; the majority of galleries and exhibition spaces are closed on Mondays.<\/span><\/p><p><span style=\"font-weight: 400;\">Activities will also be held in the last week of exhibition openings from August 12 \u2013 14.<\/span><\/p><p><span style=\"font-weight: 400;\">See <a href=\"https:\/\/layer.si\/bien\/en\/programme\/\">Programme<\/a> for more info.<\/span><\/p><h3><span style=\"font-weight: 400;\">Travel<\/span><\/h3><ul><li style=\"font-weight: 400;\" aria-level=\"1\"><span style=\"font-weight: 400;\">The nearest airport is Ljubljana Jo\u017ee Pu\u010dnik Airport (10 km from Kranj).<\/span><\/li><li style=\"font-weight: 400;\" aria-level=\"1\"><span style=\"font-weight: 400;\">We also recommend checking Italian airports: Trieste, Treviso, and Venice, as they offer better connections. Regular shuttle services from airports to Kranj can be booked via<\/span><a href=\"https:\/\/www.goopti.com\/en\/\" target=\"_blank\" rel=\"noopener\"> <span style=\"font-weight: 400;\">https:\/\/www.goopti.com\/en\/<\/span><\/a><span style=\"font-weight: 400;\"> or <\/span><a href=\"https:\/\/prevoz.org\/\" target=\"_blank\" rel=\"noopener\"><span style=\"font-weight: 400;\">https:\/\/prevoz.org\/<\/span><\/a><span style=\"font-weight: 400;\">.\u00a0<\/span><\/li><li style=\"font-weight: 400;\" aria-level=\"1\"><span style=\"font-weight: 400;\">Kranj is located on the Ljubljana\u2013Austria railway line (convenient if traveling from the north).<\/span><\/li><li style=\"font-weight: 400;\" aria-level=\"1\"><span style=\"font-weight: 400;\">More travel details:<\/span><a href=\"https:\/\/layer.si\/en\/visit-info\/\"> <span style=\"font-weight: 400;\">https:\/\/layer.si\/en\/visit-info\/<\/span><\/a><\/li><li style=\"font-weight: 400;\" aria-level=\"1\"><span style=\"font-weight: 400;\"><span style=\"font-weight: 400;\">Slovenia is safe and suitable for solo travelers. We encourage bringing your family and friends. Family workshops will be held also within our program.<\/span><\/span><\/li><\/ul><p><span style=\"font-weight: 400;\">For travel between cities:<\/span><\/p><ul><li style=\"font-weight: 400;\" aria-level=\"1\"><span style=\"font-weight: 400;\">Railway timetables and tickets: <\/span><a href=\"https:\/\/potniski.sz.si\/en\/\" target=\"_blank\" rel=\"noopener\"><span style=\"font-weight: 400;\">https:\/\/potniski.sz.si\/en\/<\/span><\/a> <span style=\"font-weight: 400;\"><br \/><\/span><span style=\"font-weight: 400;\">Bus timetables and tickets: <\/span><a href=\"https:\/\/www.ap-ljubljana.si\/en\" target=\"_blank\" rel=\"noopener\"><span style=\"font-weight: 400;\">https:\/\/www.ap-ljubljana.si\/en<\/span><\/a><\/li><\/ul><ul><li style=\"font-weight: 400;\" aria-level=\"1\"><span style=\"font-weight: 400;\">Kranj to Jesenice, \u0160kofja Loka, and Nova Gorica: We recommend using public trains.<\/span><\/li><li style=\"font-weight: 400;\" aria-level=\"1\"><span style=\"font-weight: 400;\">Idrija (June 7) &amp; Nova Gorica (June 20): We will organize transportation\u2014let us know if you\u2019re interested! <\/span><a href=\"mailto:bien@layer.si\"><span style=\"font-weight: 400;\">bien@layer.si<\/span><\/a><\/li><\/ul><h3><span style=\"font-weight: 400;\">Accommodation<\/span><\/h3><ul><li style=\"font-weight: 400;\" aria-level=\"1\"><span style=\"font-weight: 400;\">Kranj:<\/span><a href=\"https:\/\/www.visitkranj.com\/en\/accommodation\/\" target=\"_blank\" rel=\"noopener\"> <span style=\"font-weight: 400;\">https:\/\/www.visitkranj.com\/en\/accommodation\/<\/span><\/a><\/li><li style=\"font-weight: 400;\" aria-level=\"1\"><span style=\"font-weight: 400;\"><span style=\"font-weight: 400;\">Other good options: Ljubljana (direct train &amp; bus to Kranj, ~30 min), Radovljica\/Bled-Lesce (~20 min to Kranj).<\/span><\/span><\/li><\/ul><h3><span style=\"font-weight: 400;\">Visiting tips<\/span><\/h3><ul><li style=\"font-weight: 400;\" aria-level=\"1\"><span style=\"font-weight: 400;\">Bled is Slovenia\u2019s most famous tourist destination, a picturesque lake with a small island. Bohinj Lake is even larger, arguably more beautiful, and less crowded. Both can be accessed by public transport.\u00a0<\/span><\/li><li style=\"font-weight: 400;\" aria-level=\"1\"><span style=\"font-weight: 400;\">Sea is close (as everything in Slovenia is) but we recommend visiting rivers, waterfalls and mountains. Mountains are within easy reach, some also accessible by public transport. Recommended (mountain gear needed, it\u2019s a real mountain :)): mount Stor\u017ei\u010d (2132 m), bus goes from Kranj main station to Ba\u0161elj village: <\/span><a href=\"https:\/\/www.slotrips.si\/en\/hiking-mountaineering\/storzic-from-baselj-village\/5456\" target=\"_blank\" rel=\"noopener\"><span style=\"font-weight: 400;\">https:\/\/www.slotrips.si\/en\/hiking-mountaineering\/storzic-from-baselj-village\/5456<\/span><\/a><span style=\"font-weight: 400;\">\u00a0<\/span><\/li><li style=\"font-weight: 400;\" aria-level=\"1\"><span style=\"font-weight: 400;\">More trip ideas:<\/span><a href=\"https:\/\/www.visitkranj.com\/en\/tours-and-trips\/\" target=\"_blank\" rel=\"noopener\"> <span style=\"font-weight: 400;\">https:\/\/www.visitkranj.com\/en\/tours-and-trips\/<\/span><\/a><\/li><\/ul><h3><span style=\"font-weight: 400;\">Weather<\/span><\/h3><ul><li style=\"font-weight: 400;\" aria-level=\"1\"><span style=\"font-weight: 400;\">First half of June is usually warm with possible showers.<\/span><\/li><li style=\"font-weight: 400;\" aria-level=\"1\"><span style=\"font-weight: 400;\"><span style=\"font-weight: 400;\">Second half of June and July are usually hot, the degrees can go up to 30 \u00b0C and more.<\/span><\/span><\/li><\/ul><h3><strong>Looking forward to seeing you at BIEN 2025!<\/strong><\/h3><h3><strong>BIEN Team<\/strong><\/h3>\t\t\t\t\t\t<\/div>\n\t\t\t\t<\/div>\n\t\t\t\t\t<\/div>\n\t\t\t\t<\/div>\n\t\t\t\t\t\t\t<\/div>\n\t\t","protected":false},"excerpt":{"rendered":"<p>Eta Sadar Breznik: Seize the Storm (2024), Rotunda SNG Nova Gorica, f: Jernej Humar EXHIBITION LOCATIONS AND OPENING HOURS KRANJ\u00a0 1 LAYERJEVA HI\u0160A Layer House, Tom\u0161i\u010deva ulica 32\u00a0 Tue-Sat 10:00-19:00 \/ Sun 16:00-19:00 2 GALERIJA MAHLERCA Mahlerca Gallery, Tom\u0161i\u010deva ulica 32\u00a0 Tue-Sat 10:00-19:00 \/ Sun 16:00-19:00 3 GALERIJA JANEZ PUHAR\u2014STOLP \u0160KRLOVEC Janez Puhar Gallery\u2014\u0160krlovec Tower, [&hellip;]<\/p>\n","protected":false},"author":1,"featured_media":0,"parent":0,"menu_order":30,"comment_status":"closed","ping_status":"closed","template":"","meta":{"footnotes":""},"class_list":["post-2461","page","type-page","status-publish","hentry"],"_links":{"self":[{"href":"https:\/\/layer.si\/bien\/en\/wp-json\/wp\/v2\/pages\/2461","targetHints":{"allow":["GET"]}}],"collection":[{"href":"https:\/\/layer.si\/bien\/en\/wp-json\/wp\/v2\/pages"}],"about":[{"href":"https:\/\/layer.si\/bien\/en\/wp-json\/wp\/v2\/types\/page"}],"author":[{"embeddable":true,"href":"https:\/\/layer.si\/bien\/en\/wp-json\/wp\/v2\/users\/1"}],"replies":[{"embeddable":true,"href":"https:\/\/layer.si\/bien\/en\/wp-json\/wp\/v2\/comments?post=2461"}],"version-history":[{"count":192,"href":"https:\/\/layer.si\/bien\/en\/wp-json\/wp\/v2\/pages\/2461\/revisions"}],"predecessor-version":[{"id":13405,"href":"https:\/\/layer.si\/bien\/en\/wp-json\/wp\/v2\/pages\/2461\/revisions\/13405"}],"wp:attachment":[{"href":"https:\/\/layer.si\/bien\/en\/wp-json\/wp\/v2\/media?parent=2461"}],"curies":[{"name":"wp","href":"https:\/\/api.w.org\/{rel}","templated":true}]}}