{"id":9869,"date":"2024-10-02T00:16:12","date_gmt":"2024-10-01T22:16:33","guid":{"rendered":"https:\/\/layer.si\/bien\/symposium-2\/"},"modified":"2024-10-02T00:16:56","modified_gmt":"2024-10-01T22:16:56","slug":"symposium","status":"publish","type":"page","link":"https:\/\/layer.si\/bien\/en\/year2023\/symposium\/","title":{"rendered":"Symposium"},"content":{"rendered":"\t\t<div data-elementor-type=\"wp-page\" data-elementor-id=\"9869\" class=\"elementor elementor-9869\">\n\t\t\t\t\t\t\t\t\t<section class=\"elementor-section elementor-top-section elementor-element elementor-element-f910954 elementor-section-full_width elementor-section-height-default elementor-section-height-default\" data-id=\"f910954\" data-element_type=\"section\">\n\t\t\t\t\t\t<div class=\"elementor-container elementor-column-gap-no\">\n\t\t\t\t\t<div class=\"elementor-column elementor-col-100 elementor-top-column elementor-element elementor-element-5244556\" data-id=\"5244556\" data-element_type=\"column\">\n\t\t\t<div class=\"elementor-widget-wrap elementor-element-populated\">\n\t\t\t\t\t\t\t\t<div class=\"elementor-element elementor-element-623fafe elementor-widget elementor-widget-image\" data-id=\"623fafe\" data-element_type=\"widget\" data-widget_type=\"image.default\">\n\t\t\t\t<div class=\"elementor-widget-container\">\n\t\t\t<style>\/*! elementor - v3.17.0 - 25-10-2023 *\/\n.elementor-widget-image{text-align:center}.elementor-widget-image a{display:inline-block}.elementor-widget-image a img[src$=\".svg\"]{width:48px}.elementor-widget-image img{vertical-align:middle;display:inline-block}<\/style>\t\t\t\t\t\t\t\t\t\t\t\t<img loading=\"lazy\" decoding=\"async\" width=\"1184\" height=\"1776\" src=\"https:\/\/layer.si\/bien\/wp-content\/uploads\/2023\/05\/368D983A-DBDB-4E34-9BB6-BAFA72DEBF16-9489-0000025EC96457B7.jpg\" class=\"attachment-full size-full wp-image-6200\" alt=\"\" srcset=\"https:\/\/layer.si\/bien\/wp-content\/uploads\/2023\/05\/368D983A-DBDB-4E34-9BB6-BAFA72DEBF16-9489-0000025EC96457B7.jpg 1184w, https:\/\/layer.si\/bien\/wp-content\/uploads\/2023\/05\/368D983A-DBDB-4E34-9BB6-BAFA72DEBF16-9489-0000025EC96457B7-200x300.jpg 200w, https:\/\/layer.si\/bien\/wp-content\/uploads\/2023\/05\/368D983A-DBDB-4E34-9BB6-BAFA72DEBF16-9489-0000025EC96457B7-683x1024.jpg 683w, https:\/\/layer.si\/bien\/wp-content\/uploads\/2023\/05\/368D983A-DBDB-4E34-9BB6-BAFA72DEBF16-9489-0000025EC96457B7-768x1152.jpg 768w, https:\/\/layer.si\/bien\/wp-content\/uploads\/2023\/05\/368D983A-DBDB-4E34-9BB6-BAFA72DEBF16-9489-0000025EC96457B7-1024x1536.jpg 1024w\" sizes=\"auto, (max-width: 1184px) 100vw, 1184px\" \/>\t\t\t\t\t\t\t\t\t\t\t\t\t\t\t<\/div>\n\t\t\t\t<\/div>\n\t\t\t\t\t<\/div>\n\t\t<\/div>\n\t\t\t\t\t\t\t<\/div>\n\t\t<\/section>\n\t\t\t\t<section class=\"elementor-section elementor-top-section elementor-element elementor-element-4d2c9550 elementor-section-boxed elementor-section-height-default elementor-section-height-default\" data-id=\"4d2c9550\" data-element_type=\"section\">\n\t\t\t\t\t\t<div class=\"elementor-container elementor-column-gap-default\">\n\t\t\t\t\t<div class=\"elementor-column elementor-col-100 elementor-top-column elementor-element elementor-element-2a66e1bd\" data-id=\"2a66e1bd\" data-element_type=\"column\">\n\t\t\t<div class=\"elementor-widget-wrap elementor-element-populated\">\n\t\t\t\t\t\t\t\t<div class=\"elementor-element elementor-element-6a878ae elementor-widget elementor-widget-heading\" data-id=\"6a878ae\" data-element_type=\"widget\" data-widget_type=\"heading.default\">\n\t\t\t\t<div class=\"elementor-widget-container\">\n\t\t\t<style>\/*! elementor - v3.17.0 - 25-10-2023 *\/\n.elementor-heading-title{padding:0;margin:0;line-height:1}.elementor-widget-heading .elementor-heading-title[class*=elementor-size-]>a{color:inherit;font-size:inherit;line-height:inherit}.elementor-widget-heading .elementor-heading-title.elementor-size-small{font-size:15px}.elementor-widget-heading .elementor-heading-title.elementor-size-medium{font-size:19px}.elementor-widget-heading .elementor-heading-title.elementor-size-large{font-size:29px}.elementor-widget-heading .elementor-heading-title.elementor-size-xl{font-size:39px}.elementor-widget-heading .elementor-heading-title.elementor-size-xxl{font-size:59px}<\/style><h2 class=\"elementor-heading-title elementor-size-default\">BIEN symposium 2023<\/h2>\t\t<\/div>\n\t\t\t\t<\/div>\n\t\t\t\t\t<\/div>\n\t\t<\/div>\n\t\t\t\t\t\t\t<\/div>\n\t\t<\/section>\n\t\t<div class=\"elementor-element elementor-element-b720b34 e-flex e-con-boxed e-con e-parent\" data-id=\"b720b34\" data-element_type=\"container\" data-settings=\"{&quot;content_width&quot;:&quot;boxed&quot;}\" data-core-v316-plus=\"true\">\n\t\t\t\t\t<div class=\"e-con-inner\">\n\t\t\t\t<div class=\"elementor-element elementor-element-a09d172 elementor-widget elementor-widget-heading\" data-id=\"a09d172\" data-element_type=\"widget\" data-widget_type=\"heading.default\">\n\t\t\t\t<div class=\"elementor-widget-container\">\n\t\t\t<span class=\"elementor-heading-title elementor-size-small\"><span style=\"font-weight: normal;\">Cover photo: Brinas Studio, photo: Ma\u0161a Pirc<\/span><\/span>\t\t<\/div>\n\t\t\t\t<\/div>\n\t\t\t\t\t<\/div>\n\t\t\t\t<\/div>\n\t\t<div class=\"elementor-element elementor-element-6123f68 e-flex e-con-boxed e-con e-parent\" data-id=\"6123f68\" data-element_type=\"container\" data-settings=\"{&quot;content_width&quot;:&quot;boxed&quot;}\" data-core-v316-plus=\"true\">\n\t\t\t\t\t<div class=\"e-con-inner\">\n\t\t\t\t<div class=\"elementor-element elementor-element-a9a02d7 elementor-widget elementor-widget-text-editor\" data-id=\"a9a02d7\" data-element_type=\"widget\" data-widget_type=\"text-editor.default\">\n\t\t\t\t<div class=\"elementor-widget-container\">\n\t\t\t<style>\/*! elementor - v3.17.0 - 25-10-2023 *\/\n.elementor-widget-text-editor.elementor-drop-cap-view-stacked .elementor-drop-cap{background-color:#69727d;color:#fff}.elementor-widget-text-editor.elementor-drop-cap-view-framed .elementor-drop-cap{color:#69727d;border:3px solid;background-color:transparent}.elementor-widget-text-editor:not(.elementor-drop-cap-view-default) .elementor-drop-cap{margin-top:8px}.elementor-widget-text-editor:not(.elementor-drop-cap-view-default) .elementor-drop-cap-letter{width:1em;height:1em}.elementor-widget-text-editor .elementor-drop-cap{float:left;text-align:center;line-height:1;font-size:50px}.elementor-widget-text-editor .elementor-drop-cap-letter{display:inline-block}<\/style>\t\t\t\t<p><strong>TEXTILE SPACES<\/strong><br \/><span style=\"color: var( --e-global-color-text ); font-family: var( --e-global-typography-text-font-family ), Sans-serif; font-weight: var( --e-global-typography-text-font-weight ); text-align: var(--text-align); font-size: 1rem;\">Tuesday, June 6th, 10-12 AM<br \/><\/span>Watch recording: <a href=\"https:\/\/www.youtube.com\/watch?v=iOU_KktM7xU\" target=\"_blank\" rel=\"noopener\">https:\/\/www.youtube.com\/watch?v=iOU_KktM7xU<\/a><br \/>In English<\/p><p><span style=\"color: var( --e-global-color-text ); font-family: var( --e-global-typography-text-font-family ), Sans-serif; font-weight: var( --e-global-typography-text-font-weight ); text-align: var(--text-align); font-size: 1rem;\">We will explore the textile spaces and get to know international and Slovene examples. How are textile spaces organized? What community development strategies do they have? What is their special focus? How do they finance their activities?<\/span><\/p><p><span style=\"font-weight: 400;\"><strong>Participants:<\/strong> Alessandra Tempesti (Lottozero, Prato), Maryliis Teinfeldt-Grins (Stuudio Labus, Tallinn), Margr\u00e9t Katr\u00edn Guttormsd\u00f3ttir (Iceland Textile Center \u2013 TextileLab, Bl\u00f6ndu\u00f3s), Kati Sekirnik (Creative Center KreativNice \u0160kofja Loka), Lucija Jankovec (Center Rog, tekstilni lab, Ljubljana), Margareta \u010cali\u010d Vovk (Etno galerija Desetnica, Kranj)<\/span><\/p><p><strong>CARBONIZATION AND FRANCE MIHELI\u010c<br \/><\/strong>Wednesday, June 14th, 6-7.30 PM<br \/>France Miheli\u010d Gallery, \u0160kofja Loka<br \/>In Slovene<\/p><p><strong>Participants: <\/strong>izr. prof. mag. Anja Jer\u010di\u010d Jakob (UL PEF), dr. Mateja Gole\u017e (ZAG), \u0161tudenti \/ students of UL PEF, asist. mag. Simona \u0160korja, kons.-rest. svetovalka (MG+MSUM)<\/p><p><strong>ART, DESIGN AND CRAFT &#8211; WHERE DOES TEXTILE FIT IN?<\/strong><\/p><p><span style=\"color: var( --e-global-color-text ); font-family: var( --e-global-typography-text-font-family ), Sans-serif; font-weight: var( --e-global-typography-text-font-weight ); text-align: var(--text-align); font-size: 1rem;\">Thursday, June 15th, 5-7 PM<br \/><\/span>Kolpern Jesenice<br \/>Watch recording: <a href=\"https:\/\/www.youtube.com\/watch?v=UrzpMCOsZuA\" target=\"_blank\" rel=\"noopener\">https:\/\/www.youtube.com\/watch?v=UrzpMCOsZuA<\/a><br \/>In Slovene<\/p><p>How many steps does it take from textile art and design to entrepreneurship? A discussion on the use of sustainable approaches and local cultural heritage in textile design and art will follow three presentations of good practices.<\/p><p><strong>Participants:<\/strong> Rebeka Lucijana Ber\u010di\u010d (In\u0161titut za svilogojstvo in svilarstvo RLB), Tina Mentol (Slocks), Brina Romana Gobec (Brinas Studio), mag. Andreja \u0160trekelj (obmo\u010dna obrtno-podjetni\u0161ka zbornica Jesenice) in Eva \u0160travs Podlogar (Razvojne agencije RAGOR)<\/p><div class=\"group w-full text-gray-800 dark:text-gray-100 border-b border-black\/10 dark:border-gray-900\/50 bg-gray-50 dark:bg-[#444654]\"><div class=\"flex p-4 gap-4 text-base md:gap-6 md:max-w-2xl lg:max-w-xl xl:max-w-3xl md:py-6 lg:px-0 m-auto\"><div class=\"relative flex w-[calc(100%-50px)] flex-col gap-1 md:gap-3 lg:w-[calc(100%-115px)]\"><div class=\"flex flex-grow flex-col gap-3\"><div class=\"min-h-[20px] flex flex-col items-start gap-4 whitespace-pre-wrap break-words\"><div class=\"markdown prose w-full break-words dark:prose-invert light\"><p><b>EMPOWERING TEXTILE COMMUNITIES AND THEIR IMPORTANCE<\/b><\/p><\/div><\/div><\/div><\/div><\/div><\/div><p><span style=\"color: var( --e-global-color-text ); font-family: var( --e-global-typography-text-font-family ), Sans-serif; font-weight: var( --e-global-typography-text-font-weight ); text-align: var(--text-align); font-size: 1rem;\">Thursday, June 28th, 6-8 PM<br \/><\/span>\u0160krlovec Tower Kranj<br \/>In Slovene\u00a0<br \/><a href=\"https:\/\/layer.si\/bien\/en\/kr\/empowering-textile-communities-and-their-social-impact\/\">https:\/\/layer.si\/bien\/en\/kr\/empowering-textile-communities-and-their-social-impact\/<\/a><\/p><p><span style=\"color: var( --e-global-color-text ); font-family: var( --e-global-typography-text-font-family ), Sans-serif; font-weight: var( --e-global-typography-text-font-weight ); text-align: var(--text-align); font-size: 1rem;\">We will explore how empowering are the textile communities and what is their significance in the society.\u00a0<\/span><\/p><p><span style=\"font-weight: 400;\">Svetlana Slap\u0161ak, Barbara Brinovec Pribakovi\u0107, Tja\u0161a Bavcon (Oloop), Hasnija Dugonji\u0107 (Razkrite roke), Anka Pintar (Breja preja), Martina Kali\u0161ek (No-Border Craft), Rachael Matthews (Rag School), Lisa Garlock (Storycloth Database), Savneet Talwar (Creatively Empowered Women), Katy Emck (Fine Cell Work)<\/span><\/p><p><span style=\"font-weight: 400;\">Curated by: Jasmina Fer\u010dek<\/span><\/p><hr \/><p>Partners: Oloop Collective, Gornjesavski museum Jesenice, <span style=\"font-weight: 400;\">\u00a0Enterprise Europe Network<\/span><\/p>\t\t\t\t\t\t<\/div>\n\t\t\t\t<\/div>\n\t\t\t\t\t<\/div>\n\t\t\t\t<\/div>\n\t\t\t\t\t\t\t<\/div>\n\t\t","protected":false},"excerpt":{"rendered":"<p>BIEN symposium 2023 Cover photo: Brinas Studio, photo: Ma\u0161a Pirc TEXTILE SPACESTuesday, June 6th, 10-12 AMWatch recording: https:\/\/www.youtube.com\/watch?v=iOU_KktM7xUIn English We will explore the textile spaces and get to know international and Slovene examples. How are textile spaces organized? What community development strategies do they have? What is their special focus? How do they finance their [&hellip;]<\/p>\n","protected":false},"author":3,"featured_media":2088,"parent":5343,"menu_order":35,"comment_status":"closed","ping_status":"closed","template":"","meta":{"footnotes":""},"class_list":["post-9869","page","type-page","status-publish","has-post-thumbnail","hentry"],"_links":{"self":[{"href":"https:\/\/layer.si\/bien\/en\/wp-json\/wp\/v2\/pages\/9869","targetHints":{"allow":["GET"]}}],"collection":[{"href":"https:\/\/layer.si\/bien\/en\/wp-json\/wp\/v2\/pages"}],"about":[{"href":"https:\/\/layer.si\/bien\/en\/wp-json\/wp\/v2\/types\/page"}],"author":[{"embeddable":true,"href":"https:\/\/layer.si\/bien\/en\/wp-json\/wp\/v2\/users\/3"}],"replies":[{"embeddable":true,"href":"https:\/\/layer.si\/bien\/en\/wp-json\/wp\/v2\/comments?post=9869"}],"version-history":[{"count":1,"href":"https:\/\/layer.si\/bien\/en\/wp-json\/wp\/v2\/pages\/9869\/revisions"}],"predecessor-version":[{"id":9870,"href":"https:\/\/layer.si\/bien\/en\/wp-json\/wp\/v2\/pages\/9869\/revisions\/9870"}],"up":[{"embeddable":true,"href":"https:\/\/layer.si\/bien\/en\/wp-json\/wp\/v2\/pages\/5343"}],"wp:featuredmedia":[{"embeddable":true,"href":"https:\/\/layer.si\/bien\/en\/wp-json\/wp\/v2\/media\/2088"}],"wp:attachment":[{"href":"https:\/\/layer.si\/bien\/en\/wp-json\/wp\/v2\/media?parent=9869"}],"curies":[{"name":"wp","href":"https:\/\/api.w.org\/{rel}","templated":true}]}}