{"id":351,"date":"2021-01-03T22:42:33","date_gmt":"2021-01-03T21:42:33","guid":{"rendered":"https:\/\/layer.si\/bien\/?page_id=351"},"modified":"2023-02-22T17:08:55","modified_gmt":"2023-02-22T16:08:55","slug":"velika-novica","status":"publish","type":"page","link":"https:\/\/layer.si\/bien\/leto2021\/velika-novica\/","title":{"rendered":"Velika novica"},"content":{"rendered":"\t\t<div data-elementor-type=\"wp-page\" data-elementor-id=\"351\" class=\"elementor elementor-351\">\n\t\t\t\t\t\t\t\t\t<section class=\"elementor-section elementor-top-section elementor-element elementor-element-8031929 elementor-section-full_width elementor-section-height-default elementor-section-height-default\" data-id=\"8031929\" data-element_type=\"section\">\n\t\t\t\t\t\t<div class=\"elementor-container elementor-column-gap-no\">\n\t\t\t\t\t<div class=\"elementor-column elementor-col-100 elementor-top-column elementor-element elementor-element-dabb609\" data-id=\"dabb609\" data-element_type=\"column\">\n\t\t\t<div class=\"elementor-widget-wrap elementor-element-populated\">\n\t\t\t\t\t\t\t\t<div class=\"elementor-element elementor-element-169171a elementor-widget elementor-widget-image\" data-id=\"169171a\" data-element_type=\"widget\" data-widget_type=\"image.default\">\n\t\t\t\t<div class=\"elementor-widget-container\">\n\t\t\t<style>\/*! elementor - v3.17.0 - 25-10-2023 *\/\n.elementor-widget-image{text-align:center}.elementor-widget-image a{display:inline-block}.elementor-widget-image a img[src$=\".svg\"]{width:48px}.elementor-widget-image img{vertical-align:middle;display:inline-block}<\/style>\t\t\t\t\t\t\t\t\t\t\t\t<img decoding=\"async\" src=\"https:\/\/layer.si\/bien\/wp-content\/uploads\/2021\/04\/bien-banner-opencall-2.png\" title=\"bien banner opencall (2)\" alt=\"bien banner opencall (2)\" loading=\"lazy\" \/>\t\t\t\t\t\t\t\t\t\t\t\t\t\t\t<\/div>\n\t\t\t\t<\/div>\n\t\t\t\t\t<\/div>\n\t\t<\/div>\n\t\t\t\t\t\t\t<\/div>\n\t\t<\/section>\n\t\t\t\t<section class=\"elementor-section elementor-top-section elementor-element elementor-element-71ec963 elementor-section-boxed elementor-section-height-default elementor-section-height-default\" data-id=\"71ec963\" data-element_type=\"section\">\n\t\t\t\t\t\t<div class=\"elementor-container elementor-column-gap-default\">\n\t\t\t\t\t<div class=\"elementor-column elementor-col-100 elementor-top-column elementor-element elementor-element-89bc3be\" data-id=\"89bc3be\" data-element_type=\"column\">\n\t\t\t<div class=\"elementor-widget-wrap elementor-element-populated\">\n\t\t\t\t\t\t\t\t<div class=\"elementor-element elementor-element-832bf2f elementor-widget elementor-widget-text-editor\" data-id=\"832bf2f\" data-element_type=\"widget\" data-widget_type=\"text-editor.default\">\n\t\t\t\t<div class=\"elementor-widget-container\">\n\t\t\t<style>\/*! elementor - v3.17.0 - 25-10-2023 *\/\n.elementor-widget-text-editor.elementor-drop-cap-view-stacked .elementor-drop-cap{background-color:#69727d;color:#fff}.elementor-widget-text-editor.elementor-drop-cap-view-framed .elementor-drop-cap{color:#69727d;border:3px solid;background-color:transparent}.elementor-widget-text-editor:not(.elementor-drop-cap-view-default) .elementor-drop-cap{margin-top:8px}.elementor-widget-text-editor:not(.elementor-drop-cap-view-default) .elementor-drop-cap-letter{width:1em;height:1em}.elementor-widget-text-editor .elementor-drop-cap{float:left;text-align:center;line-height:1;font-size:50px}.elementor-widget-text-editor .elementor-drop-cap-letter{display:inline-block}<\/style>\t\t\t\t\t\t\t\t\t\t<\/div>\n\t\t\t\t<\/div>\n\t\t\t\t\t<\/div>\n\t\t<\/div>\n\t\t\t\t\t\t\t<\/div>\n\t\t<\/section>\n\t\t\t\t<section class=\"elementor-section elementor-top-section elementor-element elementor-element-4d2c9550 elementor-section-boxed elementor-section-height-default elementor-section-height-default\" data-id=\"4d2c9550\" data-element_type=\"section\">\n\t\t\t\t\t\t<div class=\"elementor-container elementor-column-gap-default\">\n\t\t\t\t\t<div class=\"elementor-column elementor-col-100 elementor-top-column elementor-element elementor-element-2a66e1bd\" data-id=\"2a66e1bd\" data-element_type=\"column\">\n\t\t\t<div class=\"elementor-widget-wrap elementor-element-populated\">\n\t\t\t\t\t\t\t\t<div class=\"elementor-element elementor-element-6a878ae elementor-widget elementor-widget-heading\" data-id=\"6a878ae\" data-element_type=\"widget\" data-widget_type=\"heading.default\">\n\t\t\t\t<div class=\"elementor-widget-container\">\n\t\t\t<style>\/*! elementor - v3.17.0 - 25-10-2023 *\/\n.elementor-heading-title{padding:0;margin:0;line-height:1}.elementor-widget-heading .elementor-heading-title[class*=elementor-size-]>a{color:inherit;font-size:inherit;line-height:inherit}.elementor-widget-heading .elementor-heading-title.elementor-size-small{font-size:15px}.elementor-widget-heading .elementor-heading-title.elementor-size-medium{font-size:19px}.elementor-widget-heading .elementor-heading-title.elementor-size-large{font-size:29px}.elementor-widget-heading .elementor-heading-title.elementor-size-xl{font-size:39px}.elementor-widget-heading .elementor-heading-title.elementor-size-xxl{font-size:59px}<\/style><h1 class=\"elementor-heading-title elementor-size-large\">\u2192 OBVESTILO ZA MEDIJE IN PRIJATELJE TEKSTILA z dne 5. maja 2021<\/h1>\t\t<\/div>\n\t\t\t\t<\/div>\n\t\t\t\t<div class=\"elementor-element elementor-element-41c569e9 elementor-widget elementor-widget-text-editor\" data-id=\"41c569e9\" data-element_type=\"widget\" data-widget_type=\"text-editor.default\">\n\t\t\t\t<div class=\"elementor-widget-container\">\n\t\t\t\t\t\t\t<p>BIEN 2021<br>Bienale tekstilne umetnosti<br>Kranj, Radovljica, \u0160kofja Loka<br>26. 5.\u201314. 8. 2021<\/p>\n<p><strong>PROGRAM:<\/strong>&nbsp;<a href=\"https:\/\/layer.si\/bien\/program\"><strong>https:\/\/layer.si\/bien\/program<\/strong><\/a><\/p>\n<div>&nbsp;<\/div>\n<p><strong>BIEN predstavlja program ter umetnice in umetnike bienala!<\/strong><\/p>\n<p>Na bienalu tekstilne umetnosti BIEN 2021, ki bo od 26. maja do 14. avgusta potekal v Kranju, s spremljevalnimi razstavami pa tudi v \u0160kofji Loki in Radovljici, se predstavlja \u010dez 70 umetnic, umetnikov, kolektivov in \u0161tudentskih projektov. Poleg osrednjega razstavnega programa bienale vabi k obisku spletnih pogovorov z umetniki in simpozija o tekstilni dedi\u0161\u010dini in trajnostnih pristopih ter delavnic in sprehodov. Vodenim ogledom razstav tekstila, notranje opreme, videa in interdisciplinarnih projektov se v programu pridru\u017eujejo \u0161e zvo\u010dni sprehodi ob Savi.<\/p>\n<p>Voda, vodna telesa, predvsem reke, in naravna dedi\u0161\u010dina predstavljajo enega od tematskih sklopov bienala. V ustvarjenih delih opazujemo svobodne tokove vode, njene padce in silo, odseve in gibanja, ki jih spro\u017ea. Svoje mesto na razstavi dobijo tudi za\u0161\u010ditena flora in favna, Sava in Kokra, spomini in zgodbe ljudi, \u017eive\u010dih ob rekah in potokih. Mestno tkivo, trgi, ulice in mostovi, rojstni kraji in mesta, kjer si ustvarjamo pomene, predstavljajo drugi tematski sklop. Dela i\u0161\u010dejo inspiracijo v svojih spominih na dolo\u010dena mesta, prav poseben prostor na bienalu pa dobi Kranj in njegove arhitekturne zna\u010dilnosti, kot so kranjski podzemni rovi, ki so postali inspiracija za serijo svetil.<br>Tematski sklop Zadu\u0161itev nas z maskami, omejitvami in novo normalnostjo pri\u010dakuje s selekcijo video programa, ki bo obiskovalce popeljal v svet imaginarnih bitij. Z maskami se na humoren na\u010din spopada islandska umetnica \u00ddr\u00farar\u00ed, ki jo bomo spoznali tudi preko \u017eivega prenosa pogovora na spletu. V programu spletnih pogovorov z umetniki se bosta predstavila tudi eden najprepoznavnej\u0161ih nizozemskih sodobnih umetnikov Rob Scholte in kanadska tekstilna in vizualna umetnica Tina Struthers. Poljska umetnica Dominika Krogulska-Czekalska s svojimi deli na bienalu opozarja na zlorabe pravic \u017eensk in LGBTQ+ skupnosti, deli, ki sta tekstilna transparenta, je namre\u010d ustvarila kot odziv na poljske proteste.<\/p>\n<p><strong>BIEN 2021 umetnice, umetniki, kolektivi in \u0161tudentski projekti:<\/strong><\/p>\n<p>Eta Sadar Breznik, Dominika Krogulska-Czekalska, \u00ddr\u00farar\u00ed, Rob Scholte, Ida Bla\u017ei\u010dko, Tina Struthers, Katarina Spacal, Elena Fajt, Lavoslava Ben\u010di\u010d in Nejc Stupan, Diana Ammann, Lara Blanchard, Threadstories, Paola Idrontino, Den\u00eds Galocha in Cristina Barrientos, Oloop, Anja Podreka, pH15, Sodobni tekstilni center Kreativnice, Mateja Gole\u017e, Darja Rant, Marija Jenko, Anja Jer\u010di\u010d Jakob, Ula Pogorev\u010dnik, Alenka More, Arijana Gad\u017eijev, Darja Miklau\u017ei\u010d, Nastja Bric, \u0160pela Gale, Mateja Premrl, Lovro Ivan\u010di\u010d, Lan Krebs, Lucija Srebre, Josipa \u0160tefanec, Matija \u010cop, Sne\u017eana Skoko, \u017diga Brezovnik, Lara Banovec, Ur\u0161ka Medved, Lucija Jankovec, Nikolina Holjak, Dina Mlinac, Sara Strga\u010di\u0107, Nikolina Krsti\u010devi\u0107, Katarina Rus, Monika Ivanu\u0161a in Karmen Ho\u010devar z \u017divo Kandorfer. Poleg 18 skupinskih \u0161tudentskih razstav se samostojno predstavljajo tudi podiplomski \u0161tudenti Zala Hrastar, \u0160pela Ko\u0161ir, Estera Rezar, Hana Tav\u010dar, Tasja Videm\u0161ek, Asja Rep, Uro\u0161 Topi\u0107 in drugi.<\/p>\t\t\t\t\t\t<\/div>\n\t\t\t\t<\/div>\n\t\t\t\t<div class=\"elementor-element elementor-element-c50ebe3 elementor-widget elementor-widget-text-editor\" data-id=\"c50ebe3\" data-element_type=\"widget\" data-widget_type=\"text-editor.default\">\n\t\t\t\t<div class=\"elementor-widget-container\">\n\t\t\t\t\t\t\t<h1 class=\"elementor-heading-title elementor-size-large elementor-inline-editing pen\" style=\"font-family: Rajdhani, sans-serif; font-weight: bold; color: #333333; font-size: 29px;\" data-elementor-setting-key=\"title\" data-pen-placeholder=\"Type Here...\">\u2192 OBVESTILO ZA MEDIJE IN PRIJATELJE TEKSTILA z dne 14. aprila 2021<\/h1><p>\u00a0<\/p><p><b>Tekstil se vra\u010da v Kranj<\/b><\/p><p><b>Bienale tekstilne umetnosti BIEN med 26. majem in 14. avgustom 2021 napoveduje ve\u010d kot 40 razstavnih projektov, vrsto umetni\u0161kih rezidenc in spletni program. BIEN \u010drpa iz dedi\u0161\u010dine industrije in identitete prostora. Posve\u010da se tekstilijam, trajnostnim materialom in principom, spodbuja interdisciplinarno umetni\u0161ko povezovanje in posebno pozornost namenja najbolj\u0161im delom aktualne \u0161tudentske produkcije.\u00a0<\/b><\/p><p><span style=\"font-weight: 400;\">Razstavni projekti in instalacije bodo na ogled v uveljavljenih galerijskih prostorih na Gorenjskem, kot so Layerjeva hi\u0161a, Stolp \u0160krlovec in Gorenjski muzej v Kranju, \u0160iv\u010deva hi\u0161a v Radovljici in \u0160kofjelo\u0161ki muzej, ter v javnem prostoru. Osrednje razstavno prizori\u0161\u010de bienala pa bo \u017ee ve\u010d let prazen prostor nekdanje pokrite gara\u017ee v tretjem nadstropju kranjskega Globusa, delo arhitekta Ravnikarja. S to za\u010dasno rabo prostora v umetni\u0161ke namene \u017eelijo organizatorji dodati nov pomen konceptu praznega. Gorenjska je pred osamosvojitvijo Slovenije od Jugoslavije veljala za vodilno tekstilno regijo. Po zadu\u0161itvi industrije je sprememba za seboj pustila veliko praznino. Da je lahko ta prazen prostor prilo\u017enost za novo zgodbo, \u017eeli biti eno od sporo\u010dil gorenjskega bienala.\u00a0<\/span><\/p><p><span style=\"font-weight: 400;\">Zadu\u0161itev je doletela v preteklem letu cel svet. Zadu\u0161ene so ideje, gibanja, kultura, gospodarstvo, \u0161olstvo. Du\u0161i se narava, du\u0161ijo se mesta. BIEN nas opogumlja, da zadihamo. Svoje projekte sredi\u0161\u010di okoli sodelovanj, preizpra\u0161evanj in novih ustvarjalnih pristopov. Tekstilije so ve\u010dpomenske, so umetni\u0161ke, taktilne, narativne, trajnostne in vzdr\u017ene. So pa tudi umetni\u0161ka vsebina, ki je v Sloveniji do danes ni namensko nih\u010de razvijal. Prav zato izjemen odziv na lanski pilotni projekt BIEN 2020 s strani fakultet, avtorjev in publike ni presenetljiv.\u00a0<\/span><\/p><p><b>Trajnostni principi in okoljske teme<\/b><\/p><p><span style=\"font-weight: 400;\">Na bienalu se s tkanimi prostorskimi objekti predstavlja Eta Sadar Breznik, tekstilna umetnica in nagrajenka Pre\u0161ernovega sklada. Nova sodobna tapiserija z naslovom Vizije trajnosti nastaja kot umetni\u0161ka rezidenca na daljavo, ki jo ustvarjajo \u0161tirje mladi tekstilnimi umetniki, Mateja Premrl, Lovro Ivan\u010di\u010d, Lucija Srebre in Lan Krebs. Reciklirano in interaktivno modularno instalacijo G-U-M-E, ki opozarja na \u0161e eno pomembno kranjsko industrijo bosta na bienalu predstavila Lavoslava Ben\u010di\u010d in Nejc Stupan. Povabljene umetnice, \u0161tudenti tekstilij, obla\u010dil in notranje opreme ter njihovi mentorji se predstavljajo s \u0161tevilnimi projekti, ki nagovarjajo naravno dedi\u0161\u010dino, \u010debele, pitno vodo, skrb za varovanje okolja ter reki Savo in Kokro.<\/span><\/p><p><span style=\"font-weight: 400;\">Posebno pozornost BIEN letos posve\u010da reki Savi in mednarodnemu dnevu Save, ki ga obele\u017eujemo 1. junija. Na ta dan bo izveden premierni zvo\u010dni sprehod ob Savi avtorice Anje Podreka, ki mu bodo sledile tri ponovitve, sprehoditi pa se bo mo\u010d tudi individualno. Sprehod tematizira vlogo re\u010dnih teles pri razvoju mest. Prav na 1. junija pa bo iz\u0161la tudi pesni\u0161ka zbirka Layerjeve zalo\u017ebe, posve\u010dena rekam.<\/span><\/p><p><b>Povezovanje tekstila in tradicije slikarstva<\/b><\/p><p><span style=\"color: var( --e-global-color-primary );\">Na bienalu bodo predstavljeni rezultati interdisciplinarnega projekta, v katerem raziskovalke dr. Mateja Gole\u017e in dr. Darja Rant iz Zavoda za gradbeni\u0161tvo Slovenije, red. prof. Marija Jenko z Naravoslovnotehni\u0161ke fakultete, Katedre za oblikovanje tekstilij in obla\u010dil Univerze v Ljubljani in doc. mag. Anja Jer\u010di\u010d Jakob s Pedago\u0161ke fakultete Univerze v Ljubljani ter video ustvarjalka Ula Pogorev\u010dnik preiskujejo in umetni\u0161ko interpretirajo histori\u010dne materiale. Osredoto\u010dajo se na platna in sledove slikarskih podlag, na katere je slikal slovenski poznobaro\u010dni slikar Leopold Layer. Projekt, ki je nastal v sodelovanju z \u017eupni\u0161\u010dem Kranj in bo predstavljen v galeriji dr. Ceneta Avgu\u0161tina kranjske enote Zavoda za varstvo kulturne dedi\u0161\u010dine, poudarja posebno vlogo tekstila v svetovni umetnosti, saj so prav platna poskrbela za popularizacijo slikarstva.<\/span><\/p>\t\t\t\t\t\t<\/div>\n\t\t\t\t<\/div>\n\t\t\t\t\t<\/div>\n\t\t<\/div>\n\t\t\t\t\t\t\t<\/div>\n\t\t<\/section>\n\t\t\t\t<section class=\"elementor-section elementor-top-section elementor-element elementor-element-ca6c491 elementor-section-boxed elementor-section-height-default elementor-section-height-default\" data-id=\"ca6c491\" data-element_type=\"section\">\n\t\t\t\t\t\t<div class=\"elementor-container elementor-column-gap-default\">\n\t\t\t\t\t<div class=\"elementor-column elementor-col-100 elementor-top-column elementor-element elementor-element-78f4712\" data-id=\"78f4712\" data-element_type=\"column\">\n\t\t\t<div class=\"elementor-widget-wrap elementor-element-populated\">\n\t\t\t\t\t\t\t\t<div class=\"elementor-element elementor-element-d85d84d elementor-widget elementor-widget-image\" data-id=\"d85d84d\" data-element_type=\"widget\" data-widget_type=\"image.default\">\n\t\t\t\t<div class=\"elementor-widget-container\">\n\t\t\t\t\t\t\t\t\t\t\t\t<figure class=\"wp-caption\">\n\t\t\t\t\t\t\t\t\t\t<img loading=\"lazy\" decoding=\"async\" width=\"800\" height=\"534\" src=\"https:\/\/layer.si\/bien\/wp-content\/uploads\/2021\/04\/EF87025D-DD3E-4DDE-A927-CF1C2ABF821C-5216-0000037DD2530A29-1024x683.jpg\" class=\"attachment-large size-large wp-image-1746\" alt=\"\" srcset=\"https:\/\/layer.si\/bien\/wp-content\/uploads\/2021\/04\/EF87025D-DD3E-4DDE-A927-CF1C2ABF821C-5216-0000037DD2530A29-1024x683.jpg 1024w, https:\/\/layer.si\/bien\/wp-content\/uploads\/2021\/04\/EF87025D-DD3E-4DDE-A927-CF1C2ABF821C-5216-0000037DD2530A29-300x200.jpg 300w, https:\/\/layer.si\/bien\/wp-content\/uploads\/2021\/04\/EF87025D-DD3E-4DDE-A927-CF1C2ABF821C-5216-0000037DD2530A29-768x512.jpg 768w, https:\/\/layer.si\/bien\/wp-content\/uploads\/2021\/04\/EF87025D-DD3E-4DDE-A927-CF1C2ABF821C-5216-0000037DD2530A29-1536x1024.jpg 1536w, https:\/\/layer.si\/bien\/wp-content\/uploads\/2021\/04\/EF87025D-DD3E-4DDE-A927-CF1C2ABF821C-5216-0000037DD2530A29.jpg 1776w\" sizes=\"auto, (max-width: 800px) 100vw, 800px\" \/>\t\t\t\t\t\t\t\t\t\t\t<figcaption class=\"widget-image-caption wp-caption-text\">Emma Sofia: I will cry here a little bit_foto: Ma\u0161a Pirc<\/figcaption>\n\t\t\t\t\t\t\t\t\t\t<\/figure>\n\t\t\t\t\t\t\t\t\t<\/div>\n\t\t\t\t<\/div>\n\t\t\t\t\t<\/div>\n\t\t<\/div>\n\t\t\t\t\t\t\t<\/div>\n\t\t<\/section>\n\t\t\t\t<section class=\"elementor-section elementor-top-section elementor-element elementor-element-6823d79 elementor-section-boxed elementor-section-height-default elementor-section-height-default\" data-id=\"6823d79\" data-element_type=\"section\">\n\t\t\t\t\t\t<div class=\"elementor-container elementor-column-gap-default\">\n\t\t\t\t\t<div class=\"elementor-column elementor-col-100 elementor-top-column elementor-element elementor-element-91aa3e4\" data-id=\"91aa3e4\" data-element_type=\"column\">\n\t\t\t<div class=\"elementor-widget-wrap elementor-element-populated\">\n\t\t\t\t\t\t\t\t<div class=\"elementor-element elementor-element-50e6595 elementor-widget elementor-widget-text-editor\" data-id=\"50e6595\" data-element_type=\"widget\" data-widget_type=\"text-editor.default\">\n\t\t\t\t<div class=\"elementor-widget-container\">\n\t\t\t\t\t\t\t<p style=\"color: #000000; font-family: Rajdhani, sans-serif; font-size: 22px;\">Producent: Zavod Carnica<\/p>\n<p style=\"color: #000000; font-family: Rajdhani, sans-serif; font-size: 22px;\">Koproducenti in partnerji: Naravoslovnotehni\u0161ka fakulteta Univerze v Ljubljani, Fakulteta za dizajn, pridru\u017eena \u010dlanica Univerze na Primorskem, K\u00e8lek\u00e8 Shop, Gorenjski muzej, Lo\u0161ki muzej \u0160kofja Loka, Muzeji radovlji\u0161ke ob\u010dine, Pre\u0161ernovo gledali\u0161\u010de Kranj, Mestna knji\u017enica Kranj, Visit Kranj &#8211; Zavod za turizem in kulturo Kranj, Metalka zastopstva holding, Tekstilno tehnolo\u0161ki fakultet Zagreb, TAM-TAM In\u0161titut, Svetlobna gverila, Zavod za varstvo kulturne dedi\u0161\u010dine, enota Kranj, \u017eupni\u0161\u010de Kranj, Zavod za gradbeni\u0161tvo Slovenije, Pedago\u0161ka fakulteta Univerze v Ljubljani, BOWB &#8211; Biennale of Western Balkans, RogLab, \u017dolna \u0160port, Luma, Inplet, Samson Kamnik<\/p>\n<p style=\"color: #000000; font-family: Rajdhani, sans-serif; font-size: 22px;\">Donatorji: <span style=\"font-weight: 400;\">AquafilSLO, 3FS, SLO CRO Poslovni klub, Odeja \u0160kofja Loka<\/span><\/p>\n<p style=\"color: #000000; font-family: Rajdhani, sans-serif; font-size: 22px;\">Projekt sofinancirata: Mestna ob\u010dina Kranj in Ministrstvo za kulturo RS<\/p>\t\t\t\t\t\t<\/div>\n\t\t\t\t<\/div>\n\t\t\t\t\t<\/div>\n\t\t<\/div>\n\t\t\t\t\t\t\t<\/div>\n\t\t<\/section>\n\t\t\t\t\t\t\t<\/div>\n\t\t","protected":false},"excerpt":{"rendered":"<p>\u2192 OBVESTILO ZA MEDIJE IN PRIJATELJE TEKSTILA z dne 5. maja 2021 BIEN 2021 Bienale tekstilne umetnosti Kranj, Radovljica, \u0160kofja Loka 26. 5.\u201314. 8. 2021 PROGRAM:&nbsp;https:\/\/layer.si\/bien\/program &nbsp; BIEN predstavlja program ter umetnice in umetnike bienala! Na bienalu tekstilne umetnosti BIEN 2021, ki bo od 26. maja do 14. avgusta potekal v Kranju, s spremljevalnimi razstavami [&hellip;]<\/p>\n","protected":false},"author":3,"featured_media":0,"parent":347,"menu_order":34,"comment_status":"closed","ping_status":"closed","template":"","meta":{"footnotes":""},"class_list":["post-351","page","type-page","status-publish","hentry"],"_links":{"self":[{"href":"https:\/\/layer.si\/bien\/wp-json\/wp\/v2\/pages\/351","targetHints":{"allow":["GET"]}}],"collection":[{"href":"https:\/\/layer.si\/bien\/wp-json\/wp\/v2\/pages"}],"about":[{"href":"https:\/\/layer.si\/bien\/wp-json\/wp\/v2\/types\/page"}],"author":[{"embeddable":true,"href":"https:\/\/layer.si\/bien\/wp-json\/wp\/v2\/users\/3"}],"replies":[{"embeddable":true,"href":"https:\/\/layer.si\/bien\/wp-json\/wp\/v2\/comments?post=351"}],"version-history":[{"count":142,"href":"https:\/\/layer.si\/bien\/wp-json\/wp\/v2\/pages\/351\/revisions"}],"predecessor-version":[{"id":5336,"href":"https:\/\/layer.si\/bien\/wp-json\/wp\/v2\/pages\/351\/revisions\/5336"}],"up":[{"embeddable":true,"href":"https:\/\/layer.si\/bien\/wp-json\/wp\/v2\/pages\/347"}],"wp:attachment":[{"href":"https:\/\/layer.si\/bien\/wp-json\/wp\/v2\/media?parent=351"}],"curies":[{"name":"wp","href":"https:\/\/api.w.org\/{rel}","templated":true}]}}