{"id":365,"date":"2021-01-03T22:47:45","date_gmt":"2021-01-03T21:47:44","guid":{"rendered":"https:\/\/layer.si\/bien\/bien\/"},"modified":"2025-05-23T23:39:43","modified_gmt":"2025-05-23T21:39:43","slug":"ekipa-bienala","status":"publish","type":"page","link":"https:\/\/layer.si\/bien\/o-nas\/ekipa-bienala\/","title":{"rendered":"Ekipa bienala"},"content":{"rendered":"\t\t<div data-elementor-type=\"wp-page\" data-elementor-id=\"365\" class=\"elementor elementor-365\">\n\t\t\t\t\t\t\t\t\t<section class=\"elementor-section elementor-top-section elementor-element elementor-element-5ce72209 elementor-section-boxed elementor-section-height-default elementor-section-height-default\" data-id=\"5ce72209\" data-element_type=\"section\">\n\t\t\t\t\t\t<div class=\"elementor-container elementor-column-gap-default\">\n\t\t\t\t\t<div class=\"elementor-column elementor-col-100 elementor-top-column elementor-element elementor-element-79ab9850\" data-id=\"79ab9850\" data-element_type=\"column\">\n\t\t\t<div class=\"elementor-widget-wrap elementor-element-populated\">\n\t\t\t\t\t\t\t\t<div class=\"elementor-element elementor-element-3e6140db elementor-widget elementor-widget-text-editor\" data-id=\"3e6140db\" data-element_type=\"widget\" data-widget_type=\"text-editor.default\">\n\t\t\t\t<div class=\"elementor-widget-container\">\n\t\t\t<style>\/*! elementor - v3.17.0 - 25-10-2023 *\/\n.elementor-widget-text-editor.elementor-drop-cap-view-stacked .elementor-drop-cap{background-color:#69727d;color:#fff}.elementor-widget-text-editor.elementor-drop-cap-view-framed .elementor-drop-cap{color:#69727d;border:3px solid;background-color:transparent}.elementor-widget-text-editor:not(.elementor-drop-cap-view-default) .elementor-drop-cap{margin-top:8px}.elementor-widget-text-editor:not(.elementor-drop-cap-view-default) .elementor-drop-cap-letter{width:1em;height:1em}.elementor-widget-text-editor .elementor-drop-cap{float:left;text-align:center;line-height:1;font-size:50px}.elementor-widget-text-editor .elementor-drop-cap-letter{display:inline-block}<\/style>\t\t\t\t<p><strong>BIEN je preprost.<\/strong><\/p><p><strong>BIEN se s programi tekstilne umetnosti in industrijskega oblikovanja bienalno predstavlja z razstavami in projekti, ki razmi\u0161ljajo o dedi\u0161\u010dini, ohranjanju in trajnosti.<\/strong><\/p><p>BIEN 2025: ZRAK<br \/>Bienale tekstilne umetnosti\u00a0<br \/>31. 5.\u201214. 8. 2025<br \/>Kranj, Nova Gorica, Gorica\/Gorizia, Idrija, Jesenice, \u0160kofja Loka, Tr\u017ei\u010d, Belo \/ Slovenia<\/p><p><span style=\"font-weight: 400;\">BIEN je bienale tekstilne umetnosti, ki se odvija vsaki dve leti na razli\u010dnih lokacijah Gorenjske in Gori\u0161ke. Bienale obsega razstavo sodobne tekstilne umetnosti ter skupnostni in strokovni program, ki raziskuje dobrodelni vpliv tekstilnega ustvarjanja na posameznike in dru\u017ebo. BIEN 2025 pod krovno temo \u201czrak\u201d poteka od 31. 5. do 14. 8. 2025 v Kranju, \u0160kofji Loki, Idriji, Novi Gorici, Gorici, Tr\u017ei\u010du in na Jesenicah. Osrednji slovenski dogodek sodobne tekstilne ustvarjalnosti je del uradnega programa <\/span><b>Evropske prestolnice kulture GO! 2025<\/b><span style=\"font-weight: 400;\">.<\/span><\/p><p>Umetni\u0161ka direktorica in ustanoviteljica:\u00a0<span style=\"font-weight: bolder;\">Zala Orel<\/span><\/p><p>Kurator 2025: <b>Lovro Ivan\u010di\u0107<\/b><\/p><p>Kuratorka WellBIEN programa: <b>Jasmina Fer\u010dek<\/b><\/p><p>Vi\u0161ja programska svetovalka: <strong>Marija Jenko<\/strong><\/p><p>Programska ekipa:<strong> Ajda Tomazin, Lavoslava Ben\u010di\u0107, Nina Vastl \u0160tefe, Jana Mr\u0161nik, Klara Debeljak, Damjana Celcar, Katja Burger Kovi\u010d, Arijana Gad\u017eijev, Nejc Stupan, Boris Beja, Anja Jer\u010di\u010d Jakob, Matija Samec, Almina Durakovi\u010d, Tadeja Pance<\/strong><\/p><p><span style=\"color: var( --e-global-color-primary );\">Produkcijska ekipa: <b>Ur\u0161ka Sadar, Kristi Komel, Marjeta Duhani, Teja Duhani, Rok Pavlin, Urban Valjavec, Janez Sagadin<\/b><\/span><\/p><p>Komunikacijska ekipa: <b>Dominika Ma\u0161a Kozar, Lea Vidmar, Ma\u0161a Pirc, Ur\u0161ka Ali\u010d, Gal Grobov\u0161ek<\/b><\/p><div>Skupnost: <strong>Nina Hribar (Gornjesavski muzej Jesenice), Kati Sekirnik, Marija Dem\u0161ar (RA Sora), Lenka Gro\u0161elj in Sanja Marija Pellis (Ob\u010dina Idrija), Davorina \u010cebular in Lanene \u017eene, Hasna Dugonji\u0107, Fatima Be\u0161i\u0107 (Razkrite roke), Sa\u0161a Nabrgoj, Anja Zver (Lo\u0161ki muzej \u0160kofja Loka), Maja Vun\u0161ek, Nina Svetelj (Mestna knji\u017enica Kranj), Mojca Sfiligoj (Doma\u010dija pr&#8217;Lenart), Brina Leber in ekipa kavarne Layer (Layerjeva hi\u0161a)<\/strong><\/div><div>\u00a0<\/div><div><p>Finan\u010dni in zakoniti zastopnik: <strong>Selman \u010corovi\u0107<\/strong> (direktor <a href=\"https:\/\/carnicainstitute.org\/\" target=\"_blank\" rel=\"noopener\">Zavoda Carnica<\/a>)<\/p><\/div><p>BIEN je pobuda Zavoda Carnica iz Kranja, ki bienale organizira skupaj s<a href=\"https:\/\/layer.si\/bien\/o-nas\/partnerji-2\/\"> \u0161tevilnimi partnerji<\/a>.\u00a0<\/p><p>BIEN sofinancirajo Ministrstvo za kulturo Republike Slovenije, javni zavod GO! 2025 \u2013 Evropska prestolnica kulture, Nova Gorica, Ob\u010dina Jesenice in Mestna ob\u010dina Kranj. BIEN je del programa Kultura za du\u0161evno zdravje, ki ga financira Ministrstvo za javno upravo Republike Slovenije. BIEN umetnike in projekte podpirajo Veleposlani\u0161tvo \u0160vedske, Veleposlani\u0161tvo Kosova, Culture Ireland, Learning Labs Program, Creative FLIP Project\u2013financira Evropska Unija, European Festival Fund for Emerging Artists\u2013sofinancira Evropska Unija.<\/p><p>Pri projektu sodelujejo visoko\u0161olski partnerji: Naravoslovnotehni\u0161ka fakulteta Univerze v Ljubljani, Oddelek za tekstilstvo, grafiko in oblikovanje, Fakulteta za dizajn, samostojni visoko\u0161olski zavod, Akademija Umetnosti Univerze v Novi Gorici, Oddelek za likovno pedagogiko, Pedago\u0161ka fakulteta Univerze v Ljubljani, Oddelek za krajinsko arhitekturo, Biotehni\u0161ka fakulteta Univerze v Ljubljani, \u00a0Veterinarska fakulteta Univerze v Ljubljani, P4-0092, R. L. Ber\u010di\u010d.<\/p>\t\t\t\t\t\t<\/div>\n\t\t\t\t<\/div>\n\t\t\t\t<div class=\"elementor-element elementor-element-b40c4bf elementor-icon-list--layout-traditional elementor-list-item-link-full_width elementor-widget elementor-widget-icon-list\" data-id=\"b40c4bf\" data-element_type=\"widget\" data-widget_type=\"icon-list.default\">\n\t\t\t\t<div class=\"elementor-widget-container\">\n\t\t\t<link rel=\"stylesheet\" href=\"https:\/\/layer.si\/bien\/wp-content\/plugins\/elementor\/assets\/css\/widget-icon-list.min.css\">\t\t<ul class=\"elementor-icon-list-items\">\n\t\t\t\t\t\t\t<li class=\"elementor-icon-list-item\">\n\t\t\t\t\t\t\t\t\t\t\t<a href=\"https:\/\/carnicainstitute.org\" target=\"_blank\" rel=\"noopener\">\n\n\t\t\t\t\t\t\t\t\t\t\t\t<span class=\"elementor-icon-list-icon\">\n\t\t\t\t\t\t\t<i aria-hidden=\"true\" class=\"fas fa-link\"><\/i>\t\t\t\t\t\t<\/span>\n\t\t\t\t\t\t\t\t\t\t<span class=\"elementor-icon-list-text\">www.carnicainstitute.org<\/span>\n\t\t\t\t\t\t\t\t\t\t\t<\/a>\n\t\t\t\t\t\t\t\t\t<\/li>\n\t\t\t\t\t\t<\/ul>\n\t\t\t\t<\/div>\n\t\t\t\t<\/div>\n\t\t\t\t<div class=\"elementor-element elementor-element-30a5382 elementor-widget elementor-widget-heading\" data-id=\"30a5382\" data-element_type=\"widget\" data-widget_type=\"heading.default\">\n\t\t\t\t<div class=\"elementor-widget-container\">\n\t\t\t<style>\/*! elementor - v3.17.0 - 25-10-2023 *\/\n.elementor-heading-title{padding:0;margin:0;line-height:1}.elementor-widget-heading .elementor-heading-title[class*=elementor-size-]>a{color:inherit;font-size:inherit;line-height:inherit}.elementor-widget-heading .elementor-heading-title.elementor-size-small{font-size:15px}.elementor-widget-heading .elementor-heading-title.elementor-size-medium{font-size:19px}.elementor-widget-heading .elementor-heading-title.elementor-size-large{font-size:29px}.elementor-widget-heading .elementor-heading-title.elementor-size-xl{font-size:39px}.elementor-widget-heading .elementor-heading-title.elementor-size-xxl{font-size:59px}<\/style><h2 class=\"elementor-heading-title elementor-size-default\">Kontakt<\/h2>\t\t<\/div>\n\t\t\t\t<\/div>\n\t\t\t\t<div class=\"elementor-element elementor-element-7f591d5 elementor-icon-list--layout-traditional elementor-list-item-link-full_width elementor-widget elementor-widget-icon-list\" data-id=\"7f591d5\" data-element_type=\"widget\" data-widget_type=\"icon-list.default\">\n\t\t\t\t<div class=\"elementor-widget-container\">\n\t\t\t\t\t<ul class=\"elementor-icon-list-items\">\n\t\t\t\t\t\t\t<li class=\"elementor-icon-list-item\">\n\t\t\t\t\t\t\t\t\t\t\t<a href=\"mailto:bien@layer.si\">\n\n\t\t\t\t\t\t\t\t\t\t\t\t<span class=\"elementor-icon-list-icon\">\n\t\t\t\t\t\t\t<i aria-hidden=\"true\" class=\"far fa-envelope-open\"><\/i>\t\t\t\t\t\t<\/span>\n\t\t\t\t\t\t\t\t\t\t<span class=\"elementor-icon-list-text\">bien@layer.si<\/span>\n\t\t\t\t\t\t\t\t\t\t\t<\/a>\n\t\t\t\t\t\t\t\t\t<\/li>\n\t\t\t\t\t\t<\/ul>\n\t\t\t\t<\/div>\n\t\t\t\t<\/div>\n\t\t\t\t\t<\/div>\n\t\t<\/div>\n\t\t\t\t\t\t\t<\/div>\n\t\t<\/section>\n\t\t\t\t\t\t\t<\/div>\n\t\t","protected":false},"excerpt":{"rendered":"<p>BIEN je preprost. BIEN se s programi tekstilne umetnosti in industrijskega oblikovanja bienalno predstavlja z razstavami in projekti, ki razmi\u0161ljajo o dedi\u0161\u010dini, ohranjanju in trajnosti. BIEN 2025: ZRAKBienale tekstilne umetnosti\u00a031. 5.\u201214. 8. 2025Kranj, Nova Gorica, Gorica\/Gorizia, Idrija, Jesenice, \u0160kofja Loka, Tr\u017ei\u010d, Belo \/ Slovenia BIEN je bienale tekstilne umetnosti, ki se odvija vsaki dve leti [&hellip;]<\/p>\n","protected":false},"author":3,"featured_media":0,"parent":357,"menu_order":9,"comment_status":"closed","ping_status":"closed","template":"","meta":{"footnotes":""},"class_list":["post-365","page","type-page","status-publish","hentry"],"_links":{"self":[{"href":"https:\/\/layer.si\/bien\/wp-json\/wp\/v2\/pages\/365","targetHints":{"allow":["GET"]}}],"collection":[{"href":"https:\/\/layer.si\/bien\/wp-json\/wp\/v2\/pages"}],"about":[{"href":"https:\/\/layer.si\/bien\/wp-json\/wp\/v2\/types\/page"}],"author":[{"embeddable":true,"href":"https:\/\/layer.si\/bien\/wp-json\/wp\/v2\/users\/3"}],"replies":[{"embeddable":true,"href":"https:\/\/layer.si\/bien\/wp-json\/wp\/v2\/comments?post=365"}],"version-history":[{"count":61,"href":"https:\/\/layer.si\/bien\/wp-json\/wp\/v2\/pages\/365\/revisions"}],"predecessor-version":[{"id":11084,"href":"https:\/\/layer.si\/bien\/wp-json\/wp\/v2\/pages\/365\/revisions\/11084"}],"up":[{"embeddable":true,"href":"https:\/\/layer.si\/bien\/wp-json\/wp\/v2\/pages\/357"}],"wp:attachment":[{"href":"https:\/\/layer.si\/bien\/wp-json\/wp\/v2\/media?parent=365"}],"curies":[{"name":"wp","href":"https:\/\/api.w.org\/{rel}","templated":true}]}}