{"id":367,"date":"2021-01-03T22:47:44","date_gmt":"2021-01-03T21:47:44","guid":{"rendered":"https:\/\/layer.si\/bien\/partnerji\/"},"modified":"2021-05-25T11:02:30","modified_gmt":"2021-05-25T09:02:30","slug":"partnerji","status":"publish","type":"page","link":"https:\/\/layer.si\/bien\/leto2021\/o-nas\/partnerji\/","title":{"rendered":"Partnerji"},"content":{"rendered":"\t\t<div data-elementor-type=\"wp-page\" data-elementor-id=\"367\" class=\"elementor elementor-367\">\n\t\t\t\t\t\t\t\t\t<section class=\"elementor-section elementor-top-section elementor-element elementor-element-37eab950 elementor-section-boxed elementor-section-height-default elementor-section-height-default\" data-id=\"37eab950\" data-element_type=\"section\">\n\t\t\t\t\t\t<div class=\"elementor-container elementor-column-gap-default\">\n\t\t\t\t\t<div class=\"elementor-column elementor-col-100 elementor-top-column elementor-element elementor-element-50d99581\" data-id=\"50d99581\" data-element_type=\"column\">\n\t\t\t<div class=\"elementor-widget-wrap elementor-element-populated\">\n\t\t\t\t\t\t\t\t<div class=\"elementor-element elementor-element-94dbea4 elementor-widget elementor-widget-image\" data-id=\"94dbea4\" data-element_type=\"widget\" data-widget_type=\"image.default\">\n\t\t\t\t<div class=\"elementor-widget-container\">\n\t\t\t<style>\/*! elementor - v3.17.0 - 25-10-2023 *\/\n.elementor-widget-image{text-align:center}.elementor-widget-image a{display:inline-block}.elementor-widget-image a img[src$=\".svg\"]{width:48px}.elementor-widget-image img{vertical-align:middle;display:inline-block}<\/style>\t\t\t\t\t\t\t\t\t\t\t\t<img loading=\"lazy\" decoding=\"async\" width=\"800\" height=\"985\" src=\"https:\/\/layer.si\/bien\/wp-content\/uploads\/2021\/05\/partnerji-bien-832x1024.jpg\" class=\"attachment-large size-large wp-image-1999\" alt=\"\" srcset=\"https:\/\/layer.si\/bien\/wp-content\/uploads\/2021\/05\/partnerji-bien-832x1024.jpg 832w, https:\/\/layer.si\/bien\/wp-content\/uploads\/2021\/05\/partnerji-bien-244x300.jpg 244w, https:\/\/layer.si\/bien\/wp-content\/uploads\/2021\/05\/partnerji-bien-768x945.jpg 768w, https:\/\/layer.si\/bien\/wp-content\/uploads\/2021\/05\/partnerji-bien-1249x1536.jpg 1249w, https:\/\/layer.si\/bien\/wp-content\/uploads\/2021\/05\/partnerji-bien-1665x2048.jpg 1665w, https:\/\/layer.si\/bien\/wp-content\/uploads\/2021\/05\/partnerji-bien.jpg 1951w\" sizes=\"auto, (max-width: 800px) 100vw, 800px\" \/>\t\t\t\t\t\t\t\t\t\t\t\t\t\t\t<\/div>\n\t\t\t\t<\/div>\n\t\t\t\t\t<\/div>\n\t\t<\/div>\n\t\t\t\t\t\t\t<\/div>\n\t\t<\/section>\n\t\t\t\t<section class=\"elementor-section elementor-top-section elementor-element elementor-element-d88c303 elementor-section-boxed elementor-section-height-default elementor-section-height-default\" data-id=\"d88c303\" data-element_type=\"section\">\n\t\t\t\t\t\t<div class=\"elementor-container elementor-column-gap-default\">\n\t\t\t\t\t<div class=\"elementor-column elementor-col-100 elementor-top-column elementor-element elementor-element-7d61ac9\" data-id=\"7d61ac9\" data-element_type=\"column\">\n\t\t\t<div class=\"elementor-widget-wrap elementor-element-populated\">\n\t\t\t\t\t\t\t\t<div class=\"elementor-element elementor-element-f18c0aa elementor-widget elementor-widget-text-editor\" data-id=\"f18c0aa\" data-element_type=\"widget\" data-widget_type=\"text-editor.default\">\n\t\t\t\t<div class=\"elementor-widget-container\">\n\t\t\t<style>\/*! elementor - v3.17.0 - 25-10-2023 *\/\n.elementor-widget-text-editor.elementor-drop-cap-view-stacked .elementor-drop-cap{background-color:#69727d;color:#fff}.elementor-widget-text-editor.elementor-drop-cap-view-framed .elementor-drop-cap{color:#69727d;border:3px solid;background-color:transparent}.elementor-widget-text-editor:not(.elementor-drop-cap-view-default) .elementor-drop-cap{margin-top:8px}.elementor-widget-text-editor:not(.elementor-drop-cap-view-default) .elementor-drop-cap-letter{width:1em;height:1em}.elementor-widget-text-editor .elementor-drop-cap{float:left;text-align:center;line-height:1;font-size:50px}.elementor-widget-text-editor .elementor-drop-cap-letter{display:inline-block}<\/style>\t\t\t\t<p style=\"color: #000000; font-family: Rajdhani, sans-serif; font-size: 22px;\"><b>Producent: <\/b>Zavod Carnica<\/p>\n<p style=\"color: #000000; font-family: Rajdhani, sans-serif; font-size: 22px;\"><b>Koproducenti in partnerji: <\/b>Naravoslovnotehni\u0161ka fakulteta Univerze v Ljubljani, Fakulteta za dizajn, pridru\u017eena \u010dlanica Univerze na Primorskem, K\u00e8lek\u00e8 Shop, Gorenjski muzej, Lo\u0161ki muzej \u0160kofja Loka, Muzeji radovlji\u0161ke ob\u010dine, Pre\u0161ernovo gledali\u0161\u010de Kranj, Mestna knji\u017enica Kranj, Pungert, Visit Kranj &#8211; Zavod za turizem in kulturo Kranj, Metalka zastopstva holding, Tekstilno tehnolo\u0161ki fakultet Zagreb, TAM-TAM In\u0161titut, Svetlobna gverila, Zavod za varstvo kulturne dedi\u0161\u010dine, enota Kranj, \u017eupni\u0161\u010de Kranj, Zavod za gradbeni\u0161tvo Slovenije, Pedago\u0161ka fakulteta Univerze v Ljubljani, BOWB &#8211; Biennale of Western Balkans, Oloop, RogLab, \u017dolna \u0160port, Luma, Inplet, Samson Kamnik<\/p>\n<p style=\"color: #000000; font-family: Rajdhani, sans-serif; font-size: 22px;\"><b>Donatorji:<\/b>&nbsp;AquafilSLO, 3FS, SLO CRO Poslovni klub, Odeja \u0160kofja Loka<\/p>\n<p style=\"color: #000000; font-family: Rajdhani, sans-serif; font-size: 22px;\"><b>Projekt sofinancirata: <\/b>Mestna ob\u010dina Kranj in Ministrstvo za kulturo RS<\/p>\t\t\t\t\t\t<\/div>\n\t\t\t\t<\/div>\n\t\t\t\t\t<\/div>\n\t\t<\/div>\n\t\t\t\t\t\t\t<\/div>\n\t\t<\/section>\n\t\t\t\t\t\t\t<\/div>\n\t\t","protected":false},"excerpt":{"rendered":"<p>Producent: Zavod Carnica Koproducenti in partnerji: Naravoslovnotehni\u0161ka fakulteta Univerze v Ljubljani, Fakulteta za dizajn, pridru\u017eena \u010dlanica Univerze na Primorskem, K\u00e8lek\u00e8 Shop, Gorenjski muzej, Lo\u0161ki muzej \u0160kofja Loka, Muzeji radovlji\u0161ke ob\u010dine, Pre\u0161ernovo gledali\u0161\u010de Kranj, Mestna knji\u017enica Kranj, Pungert, Visit Kranj &#8211; Zavod za turizem in kulturo Kranj, Metalka zastopstva holding, Tekstilno tehnolo\u0161ki fakultet Zagreb, TAM-TAM In\u0161titut, [&hellip;]<\/p>\n","protected":false},"author":3,"featured_media":0,"parent":4936,"menu_order":32,"comment_status":"closed","ping_status":"closed","template":"","meta":{"footnotes":""},"class_list":["post-367","page","type-page","status-publish","hentry"],"_links":{"self":[{"href":"https:\/\/layer.si\/bien\/wp-json\/wp\/v2\/pages\/367","targetHints":{"allow":["GET"]}}],"collection":[{"href":"https:\/\/layer.si\/bien\/wp-json\/wp\/v2\/pages"}],"about":[{"href":"https:\/\/layer.si\/bien\/wp-json\/wp\/v2\/types\/page"}],"author":[{"embeddable":true,"href":"https:\/\/layer.si\/bien\/wp-json\/wp\/v2\/users\/3"}],"replies":[{"embeddable":true,"href":"https:\/\/layer.si\/bien\/wp-json\/wp\/v2\/comments?post=367"}],"version-history":[{"count":26,"href":"https:\/\/layer.si\/bien\/wp-json\/wp\/v2\/pages\/367\/revisions"}],"predecessor-version":[{"id":2786,"href":"https:\/\/layer.si\/bien\/wp-json\/wp\/v2\/pages\/367\/revisions\/2786"}],"up":[{"embeddable":true,"href":"https:\/\/layer.si\/bien\/wp-json\/wp\/v2\/pages\/4936"}],"wp:attachment":[{"href":"https:\/\/layer.si\/bien\/wp-json\/wp\/v2\/media?parent=367"}],"curies":[{"name":"wp","href":"https:\/\/api.w.org\/{rel}","templated":true}]}}