{"id":4941,"date":"2022-11-21T23:03:15","date_gmt":"2022-11-21T22:03:57","guid":{"rendered":"https:\/\/layer.si\/bien\/simpozij-2\/"},"modified":"2023-06-22T12:38:01","modified_gmt":"2023-06-22T10:38:01","slug":"simpozij","status":"publish","type":"page","link":"https:\/\/layer.si\/bien\/simpozij\/","title":{"rendered":"Simpozij"},"content":{"rendered":"\t\t<div data-elementor-type=\"wp-page\" data-elementor-id=\"4941\" class=\"elementor elementor-4941\">\n\t\t\t\t\t\t\t\t\t<section class=\"elementor-section elementor-top-section elementor-element elementor-element-659050a elementor-section-full_width elementor-section-height-default elementor-section-height-default\" data-id=\"659050a\" data-element_type=\"section\">\n\t\t\t\t\t\t<div class=\"elementor-container elementor-column-gap-no\">\n\t\t\t\t\t<div class=\"elementor-column elementor-col-100 elementor-top-column elementor-element elementor-element-16cc382\" data-id=\"16cc382\" data-element_type=\"column\">\n\t\t\t<div class=\"elementor-widget-wrap elementor-element-populated\">\n\t\t\t\t\t\t\t\t<div class=\"elementor-element elementor-element-16101e9 elementor-widget elementor-widget-image\" data-id=\"16101e9\" data-element_type=\"widget\" data-widget_type=\"image.default\">\n\t\t\t\t<div class=\"elementor-widget-container\">\n\t\t\t<style>\/*! elementor - v3.17.0 - 25-10-2023 *\/\n.elementor-widget-image{text-align:center}.elementor-widget-image a{display:inline-block}.elementor-widget-image a img[src$=\".svg\"]{width:48px}.elementor-widget-image img{vertical-align:middle;display:inline-block}<\/style>\t\t\t\t\t\t\t\t\t\t\t\t<img loading=\"lazy\" decoding=\"async\" width=\"1184\" height=\"1776\" src=\"https:\/\/layer.si\/bien\/wp-content\/uploads\/2023\/05\/368D983A-DBDB-4E34-9BB6-BAFA72DEBF16-9489-0000025EC96457B7.jpg\" class=\"attachment-full size-full wp-image-6201\" alt=\"\" srcset=\"https:\/\/layer.si\/bien\/wp-content\/uploads\/2023\/05\/368D983A-DBDB-4E34-9BB6-BAFA72DEBF16-9489-0000025EC96457B7.jpg 1184w, https:\/\/layer.si\/bien\/wp-content\/uploads\/2023\/05\/368D983A-DBDB-4E34-9BB6-BAFA72DEBF16-9489-0000025EC96457B7-200x300.jpg 200w, https:\/\/layer.si\/bien\/wp-content\/uploads\/2023\/05\/368D983A-DBDB-4E34-9BB6-BAFA72DEBF16-9489-0000025EC96457B7-683x1024.jpg 683w, https:\/\/layer.si\/bien\/wp-content\/uploads\/2023\/05\/368D983A-DBDB-4E34-9BB6-BAFA72DEBF16-9489-0000025EC96457B7-768x1152.jpg 768w, https:\/\/layer.si\/bien\/wp-content\/uploads\/2023\/05\/368D983A-DBDB-4E34-9BB6-BAFA72DEBF16-9489-0000025EC96457B7-1024x1536.jpg 1024w\" sizes=\"auto, (max-width: 1184px) 100vw, 1184px\" \/>\t\t\t\t\t\t\t\t\t\t\t\t\t\t\t<\/div>\n\t\t\t\t<\/div>\n\t\t\t\t\t<\/div>\n\t\t<\/div>\n\t\t\t\t\t\t\t<\/div>\n\t\t<\/section>\n\t\t<div class=\"elementor-element elementor-element-a8ae13e e-flex e-con-boxed e-con e-parent\" data-id=\"a8ae13e\" data-element_type=\"container\" data-settings=\"{&quot;content_width&quot;:&quot;boxed&quot;}\" data-core-v316-plus=\"true\">\n\t\t\t\t\t<div class=\"e-con-inner\">\n\t\t\t\t<div class=\"elementor-element elementor-element-1827827 elementor-widget elementor-widget-text-editor\" data-id=\"1827827\" data-element_type=\"widget\" data-widget_type=\"text-editor.default\">\n\t\t\t\t<div class=\"elementor-widget-container\">\n\t\t\t<style>\/*! elementor - v3.17.0 - 25-10-2023 *\/\n.elementor-widget-text-editor.elementor-drop-cap-view-stacked .elementor-drop-cap{background-color:#69727d;color:#fff}.elementor-widget-text-editor.elementor-drop-cap-view-framed .elementor-drop-cap{color:#69727d;border:3px solid;background-color:transparent}.elementor-widget-text-editor:not(.elementor-drop-cap-view-default) .elementor-drop-cap{margin-top:8px}.elementor-widget-text-editor:not(.elementor-drop-cap-view-default) .elementor-drop-cap-letter{width:1em;height:1em}.elementor-widget-text-editor .elementor-drop-cap{float:left;text-align:center;line-height:1;font-size:50px}.elementor-widget-text-editor .elementor-drop-cap-letter{display:inline-block}<\/style>\t\t\t\t<p style=\"text-align: right;\">Naslovna fotografija: Brinas Studio, foto: Ma\u0161a Pirc<\/p>\t\t\t\t\t\t<\/div>\n\t\t\t\t<\/div>\n\t\t\t\t\t<\/div>\n\t\t\t\t<\/div>\n\t\t\t\t<section class=\"elementor-section elementor-top-section elementor-element elementor-element-1cc97e7 elementor-section-boxed elementor-section-height-default elementor-section-height-default\" data-id=\"1cc97e7\" data-element_type=\"section\">\n\t\t\t\t\t\t<div class=\"elementor-container elementor-column-gap-default\">\n\t\t\t\t\t<div class=\"elementor-column elementor-col-100 elementor-top-column elementor-element elementor-element-5561cf3\" data-id=\"5561cf3\" data-element_type=\"column\">\n\t\t\t<div class=\"elementor-widget-wrap elementor-element-populated\">\n\t\t\t\t\t\t\t\t<div class=\"elementor-element elementor-element-7663050 elementor-widget elementor-widget-heading\" data-id=\"7663050\" data-element_type=\"widget\" data-widget_type=\"heading.default\">\n\t\t\t\t<div class=\"elementor-widget-container\">\n\t\t\t<style>\/*! elementor - v3.17.0 - 25-10-2023 *\/\n.elementor-heading-title{padding:0;margin:0;line-height:1}.elementor-widget-heading .elementor-heading-title[class*=elementor-size-]>a{color:inherit;font-size:inherit;line-height:inherit}.elementor-widget-heading .elementor-heading-title.elementor-size-small{font-size:15px}.elementor-widget-heading .elementor-heading-title.elementor-size-medium{font-size:19px}.elementor-widget-heading .elementor-heading-title.elementor-size-large{font-size:29px}.elementor-widget-heading .elementor-heading-title.elementor-size-xl{font-size:39px}.elementor-widget-heading .elementor-heading-title.elementor-size-xxl{font-size:59px}<\/style><h2 class=\"elementor-heading-title elementor-size-default\">BIEN strokovni program<\/h2>\t\t<\/div>\n\t\t\t\t<\/div>\n\t\t\t\t\t<\/div>\n\t\t<\/div>\n\t\t\t\t\t\t\t<\/div>\n\t\t<\/section>\n\t\t<div class=\"elementor-element elementor-element-83bf666 e-flex e-con-boxed e-con e-parent\" data-id=\"83bf666\" data-element_type=\"container\" data-settings=\"{&quot;content_width&quot;:&quot;boxed&quot;}\" data-core-v316-plus=\"true\">\n\t\t\t\t\t<div class=\"e-con-inner\">\n\t\t\t\t<div class=\"elementor-element elementor-element-89f083b elementor-widget elementor-widget-text-editor\" data-id=\"89f083b\" data-element_type=\"widget\" data-widget_type=\"text-editor.default\">\n\t\t\t\t<div class=\"elementor-widget-container\">\n\t\t\t\t\t\t\t<p><span style=\"font-weight: bolder;\">PROSTORI TEKSTILNE PRODUKCIJE<\/span><br \/><span style=\"color: var( --e-global-color-text ); font-family: var( --e-global-typography-text-font-family ), Sans-serif; font-weight: var( --e-global-typography-text-font-weight ); text-align: var(--text-align); font-size: 1rem;\">torek, 6. junij, 10.00-12.00<br \/><\/span><\/p><p>Posnetek pogovora: <a href=\"https:\/\/www.youtube.com\/watch?v=iOU_KktM7xU\" target=\"_blank\" rel=\"noopener\">https:\/\/www.youtube.com\/watch?v=iOU_KktM7xU<\/a><\/p><p>Raziskovali bomo prostore tekstilne produkcije ter spoznavali mednarodne in slovenske primere. Kako so organizirani tekstilni prostori? Kak\u0161ne strategije razvoja skupnosti imajo? Kaj je njihov poseben poudarek? Kako financirajo svoje dejavnosti?<\/p><p><strong>Sodelujejo:<\/strong> Alessandra Tempesti (Lottozero, Prato), Maryliis Teinfeldt-Grins (Stuudio Labus, Talin), Margr\u00e9t Katr\u00edn Guttormsd\u00f3ttir (Iceland Textile Center \u2013 TextileLab, Bl\u00f6ndu\u00f3s), Kati Sekirnik (Kreativnice, sodobni tekstilni center \u0160kofja Loka), Lucija Jankovec (Center Rog, tekstilni lab, Ljubljana), Margareta \u010cali\u010d Vovk (Etno galerija Desetnica, Kranj)<\/p><p><strong><b>KARBONIZACIJA IN FRANCE MIHELI\u010c<br \/><\/b><\/strong>sreda, 14. junij, 18.00-19.30<br \/>Galerija Franceta Miheli\u010da, \u0160kofja Loka<\/p><p style=\"font-weight: 400;\">\u0160tudenti Oddelka za likovno pedagogiko UL PEF sodelujejo na BIEN 2023\u00a0s projektom Karbonizacija, ki ga bodo zaokro\u017eili s pogovormo o\u00a0ikonografskih, likovno-formalnih\u00a0in tehnolo\u0161kih\u00a0vidikih\u00a0Miheli\u010devih del skozi\u00a0svoja\u00a0likovna dela, \u00a0geotekstilom\u00a0kot nosilcem\u00a0slikarske podobe, starimi\u00a0in novimi\u00a0materiali v umetnosti in izzivi konserviranja\u00a0ter\u00a0restavriranja slikarskih del v sodobnosti<\/p><p style=\"font-weight: 400;\"><strong>Sodelujejo: <\/strong>izr. prof. mag. Anja Jer\u010di\u010d Jakob (UL PEF), dr. Mateja Gole\u017e (ZAG), \u0161tudenti UL PEF, asist. mag. Simona \u0160korja, konservatorsko-restavratorska svetovalka (MG+MSUM)<\/p><p><span style=\"font-weight: bolder;\">TEKSTILNA UMETNOST, OBLIKOVANJE IN OBRT, predstavitev dobrih praks in diskusija<br \/><\/span>\u010detrtek, 15. junij, 17.00-19.00<br \/>Kolpern, Jesenice<\/p><p>Posnetek pogovora: <a href=\"https:\/\/www.youtube.com\/watch?v=UrzpMCOsZuA\" target=\"_blank\" rel=\"noopener\">https:\/\/www.youtube.com\/watch?v=UrzpMCOsZuA<\/a><\/p><p>O\u017eivljanje tradicije kot orodje podjetni\u0161kega na\u010drta ter razli\u010dni pristopi trajnostnega marketinga bodo v sredi\u0161\u010du pogovora na Jesenicah. Kaj pomeni trajnostna znamka in kako jo razviti? Na dogodku se bodo predstavile tri dobre prakse iz razli\u010dnih krajev Slovenije, ki jim bo sledil pogovor s predstavniki lokalnih gospodarskih in razvojnih organizacij. Pogovor bo osredoto\u010den na prilo\u017enosti, ki jih predstavljata lokalna naravna in kulturna dedi\u0161\u010dina pri oblikovanju znamke, njene promocije in razvoja produktov. Dogodek je namenjen vsem, ki jih zanima vstop v podjetni\u0161tvo, obrtnikom, oblikovalkam in umetnikom.<\/p><p><strong>Sodelujejo:<\/strong> Rebeka Lucijana Ber\u010di\u010d (In\u0161titut za svilogojstvo in svilarstvo RLB), Tina Mentol (Slocks), Brina Romana Gobec (Brinas Studio), mag. Andreja \u0160trekelj (obmo\u010dna obrtno-podjetni\u0161ka zbornica Jesenice) in Eva \u0160travs Podlogar (Razvojne agencije RAGOR)<\/p><div class=\"group w-full text-gray-800 dark:text-gray-100 border-b border-black\/10 dark:border-gray-900\/50 bg-gray-50 dark:bg-[#444654]\"><div class=\"flex p-4 gap-4 text-base md:gap-6 md:max-w-2xl lg:max-w-xl xl:max-w-3xl md:py-6 lg:px-0 m-auto\"><div class=\"relative flex w-[calc(100%-50px)] flex-col gap-1 md:gap-3 lg:w-[calc(100%-115px)]\"><div class=\"flex flex-grow flex-col gap-3\"><p><strong>OPOLNOMO\u010cUJO\u010cE TEKSTILNE SKUPNOSTI IN NJIHOV DRU\u017dBENI POMEN<br \/><\/strong>\u010detrtek, 29. junij, 18.00-20.00<br \/>Stolp \u0160krlovec, Kranj<\/p><p>&#8220;Ro\u010dna dela so znak pripadnosti skupini, predvsem skupini \u017eensk, saj bri\u0161ejo socialne, kulturne in starostne razlike med njimi, jim dajejo mo\u010d in posebno avtoriteto.&#8221; Svetlana Slap\u0161ak<\/p><p>Na simpoziju bodo predstavnice razli\u010dnih slovenskih tekstilnih skupnosti spregovorile in delile svoja mnenja ter izku\u0161nje o pomenu dru\u017eenja ob tekstilnem ustvarjanju. Osredoto\u010dile se bomo na potrebo po povezanosti, kolektivni identiteti, zdravem \u017eivljenjskem okolju in pripadnosti, kar v dana\u0161nji dru\u017ebi pogosto primanjkuje. V prispevkih strokovnjakinj iz tujine bomo predstavili tekstilni aktivizem kot mehak in tih protest, pri katerem tekstilno ustvarjanje pomaga izra\u017eati mnenja ter \u0161iriti globoka, v\u010dasih tudi politi\u010dna sporo\u010dila.<\/p><\/div><p><strong>Sodelujejo:<\/strong> Svetlana Slap\u0161ak, Barbara Brinovec Pribakovi\u0107, Tja\u0161a Bavcon (Oloop), Hasnija Dugonji\u0107 (Razkrite roke), Anka Pintar (Breja preja), Martina Kali\u0161ek (No-Border Craft), Rachael Matthews (Rag School), Lisa Garlock (Storycloth Database), Savneet Talwar (Creatively Empowered Women), Katy Emck (Fine Cell Work)<\/p><\/div><\/div><\/div><p>Kurira: Jasmina Fer\u010dek<\/p><p>Ve\u010d informacij: <a href=\"https:\/\/layer.si\/bien\/kr\/opolnomocujoce-tekstilne-skupnosti-in-njihov-druzben-pomen\/\">https:\/\/layer.si\/bien\/kr\/opolnomocujoce-tekstilne-skupnosti-in-njihov-druzben-pomen\/<\/a><\/p><hr style=\"background-color: #ffffff;\" \/><p>Partnerji: kolektiv Oloop, Layerjeva hi\u0161a, Gornjesavski muzej Jesenice,\u00a0\u00a0Enterprise Europe Network, Lo\u0161ki muzej \u0160kofja Loka<\/p>\t\t\t\t\t\t<\/div>\n\t\t\t\t<\/div>\n\t\t\t\t\t<\/div>\n\t\t\t\t<\/div>\n\t\t<div class=\"elementor-element elementor-element-35ba708 e-flex e-con-boxed e-con e-parent\" data-id=\"35ba708\" data-element_type=\"container\" data-settings=\"{&quot;content_width&quot;:&quot;boxed&quot;}\" data-core-v316-plus=\"true\">\n\t\t\t\t\t<div class=\"e-con-inner\">\n\t\t\t\t\t<\/div>\n\t\t\t\t<\/div>\n\t\t\t\t\t\t\t<\/div>\n\t\t","protected":false},"excerpt":{"rendered":"<p>Naslovna fotografija: Brinas Studio, foto: Ma\u0161a Pirc BIEN strokovni program PROSTORI TEKSTILNE PRODUKCIJEtorek, 6. junij, 10.00-12.00 Posnetek pogovora: https:\/\/www.youtube.com\/watch?v=iOU_KktM7xU Raziskovali bomo prostore tekstilne produkcije ter spoznavali mednarodne in slovenske primere. Kako so organizirani tekstilni prostori? Kak\u0161ne strategije razvoja skupnosti imajo? Kaj je njihov poseben poudarek? Kako financirajo svoje dejavnosti? Sodelujejo: Alessandra Tempesti (Lottozero, Prato), Maryliis [&hellip;]<\/p>\n","protected":false},"author":3,"featured_media":2089,"parent":0,"menu_order":68,"comment_status":"closed","ping_status":"closed","template":"","meta":{"footnotes":""},"class_list":["post-4941","page","type-page","status-publish","has-post-thumbnail","hentry"],"_links":{"self":[{"href":"https:\/\/layer.si\/bien\/wp-json\/wp\/v2\/pages\/4941","targetHints":{"allow":["GET"]}}],"collection":[{"href":"https:\/\/layer.si\/bien\/wp-json\/wp\/v2\/pages"}],"about":[{"href":"https:\/\/layer.si\/bien\/wp-json\/wp\/v2\/types\/page"}],"author":[{"embeddable":true,"href":"https:\/\/layer.si\/bien\/wp-json\/wp\/v2\/users\/3"}],"replies":[{"embeddable":true,"href":"https:\/\/layer.si\/bien\/wp-json\/wp\/v2\/comments?post=4941"}],"version-history":[{"count":52,"href":"https:\/\/layer.si\/bien\/wp-json\/wp\/v2\/pages\/4941\/revisions"}],"predecessor-version":[{"id":7434,"href":"https:\/\/layer.si\/bien\/wp-json\/wp\/v2\/pages\/4941\/revisions\/7434"}],"wp:featuredmedia":[{"embeddable":true,"href":"https:\/\/layer.si\/bien\/wp-json\/wp\/v2\/media\/2089"}],"wp:attachment":[{"href":"https:\/\/layer.si\/bien\/wp-json\/wp\/v2\/media?parent=4941"}],"curies":[{"name":"wp","href":"https:\/\/api.w.org\/{rel}","templated":true}]}}