{"id":1070,"date":"2019-03-31T14:09:30","date_gmt":"2019-03-31T14:09:30","guid":{"rendered":"https:\/\/layer.si\/kaos\/?page_id=1070"},"modified":"2020-01-13T09:17:13","modified_gmt":"2020-01-13T09:17:13","slug":"all-events-2018-details","status":"publish","type":"page","link":"https:\/\/layer.si\/kaos\/en\/programme\/all-events\/all-events-2018\/all-events-2018-details\/","title":{"rendered":"ALL EVENTS 2018 DETAILS"},"content":{"rendered":"\t\t<div data-elementor-type=\"wp-post\" data-elementor-id=\"1070\" class=\"elementor elementor-1070\" data-elementor-settings=\"[]\">\n\t\t\t<div class=\"elementor-inner\">\n\t\t\t\t<div class=\"elementor-section-wrap\">\n\t\t\t\t\t\t\t<section class=\"elementor-element elementor-element-99f5017 elementor-section-full_width elementor-section-height-default elementor-section-height-default elementor-section elementor-top-section\" data-id=\"99f5017\" data-element_type=\"section\">\n\t\t\t\t\t\t<div class=\"elementor-container elementor-column-gap-no\">\n\t\t\t\t<div class=\"elementor-row\">\n\t\t\t\t<div class=\"elementor-element elementor-element-5c9ff67 elementor-column elementor-col-100 elementor-top-column\" data-id=\"5c9ff67\" data-element_type=\"column\">\n\t\t\t<div class=\"elementor-column-wrap  elementor-element-populated\">\n\t\t\t\t\t<div class=\"elementor-widget-wrap\">\n\t\t\t\t<div class=\"elementor-element elementor-element-83ee8cc elementor-nav-menu__align-center elementor-nav-menu__text-align-center elementor-nav-menu--indicator-classic elementor-nav-menu--dropdown-tablet elementor-widget elementor-widget-nav-menu\" data-id=\"83ee8cc\" data-element_type=\"widget\" data-settings=\"{&quot;layout&quot;:&quot;horizontal&quot;}\" data-widget_type=\"nav-menu.default\">\n\t\t\t\t<div class=\"elementor-widget-container\">\n\t\t\t\t\t\t<nav role=\"navigation\" class=\"elementor-nav-menu--main elementor-nav-menu__container elementor-nav-menu--layout-horizontal e--pointer-underline e--animation-fade\"><ul id=\"menu-1-83ee8cc\" class=\"elementor-nav-menu\"><li class=\"menu-item menu-item-type-post_type menu-item-object-page menu-item-5575\"><a href=\"https:\/\/layer.si\/kaos\/en\/programme\/all-events\/all-events-2024\/\" class=\"elementor-item\">2024<\/a><\/li>\n<li class=\"menu-item menu-item-type-post_type menu-item-object-page menu-item-4688\"><a href=\"https:\/\/layer.si\/kaos\/en\/programme\/all-events\/all-events-2022\/\" class=\"elementor-item\">2022<\/a><\/li>\n<li class=\"menu-item menu-item-type-post_type menu-item-object-page menu-item-4435\"><a href=\"https:\/\/layer.si\/kaos\/en\/programme\/all-events\/all-events-2021\/\" class=\"elementor-item\">2021<\/a><\/li>\n<li class=\"menu-item menu-item-type-post_type menu-item-object-page menu-item-3627\"><a href=\"https:\/\/layer.si\/kaos\/en\/programme\/all-events\/all-events-2020\/\" class=\"elementor-item\">2020<\/a><\/li>\n<li class=\"menu-item menu-item-type-post_type menu-item-object-page menu-item-1076\"><a href=\"https:\/\/layer.si\/kaos\/en\/programme\/all-events\/all-events-2019\/\" class=\"elementor-item\">2019<\/a><\/li>\n<li class=\"menu-item menu-item-type-post_type menu-item-object-page menu-item-1075\"><a href=\"https:\/\/layer.si\/kaos\/en\/programme\/all-events\/all-events-2018\/\" class=\"elementor-item\">2018<\/a><\/li>\n<\/ul><\/nav>\n\t\t\t\t\t<div class=\"elementor-menu-toggle\" role=\"button\" tabindex=\"0\" aria-label=\"Menu Toggle\" aria-expanded=\"false\">\n\t\t\t<i class=\"eicon-menu-bar\" aria-hidden=\"true\"><\/i>\n\t\t\t<span class=\"elementor-screen-only\">Menu<\/span>\n\t\t<\/div>\n\t\t\t<nav class=\"elementor-nav-menu--dropdown elementor-nav-menu__container\" role=\"navigation\" aria-hidden=\"true\"><ul id=\"menu-2-83ee8cc\" class=\"elementor-nav-menu\"><li class=\"menu-item menu-item-type-post_type menu-item-object-page menu-item-5575\"><a href=\"https:\/\/layer.si\/kaos\/en\/programme\/all-events\/all-events-2024\/\" class=\"elementor-item\">2024<\/a><\/li>\n<li class=\"menu-item menu-item-type-post_type menu-item-object-page menu-item-4688\"><a href=\"https:\/\/layer.si\/kaos\/en\/programme\/all-events\/all-events-2022\/\" class=\"elementor-item\">2022<\/a><\/li>\n<li class=\"menu-item menu-item-type-post_type menu-item-object-page menu-item-4435\"><a href=\"https:\/\/layer.si\/kaos\/en\/programme\/all-events\/all-events-2021\/\" class=\"elementor-item\">2021<\/a><\/li>\n<li class=\"menu-item menu-item-type-post_type menu-item-object-page menu-item-3627\"><a href=\"https:\/\/layer.si\/kaos\/en\/programme\/all-events\/all-events-2020\/\" class=\"elementor-item\">2020<\/a><\/li>\n<li class=\"menu-item menu-item-type-post_type menu-item-object-page menu-item-1076\"><a href=\"https:\/\/layer.si\/kaos\/en\/programme\/all-events\/all-events-2019\/\" class=\"elementor-item\">2019<\/a><\/li>\n<li class=\"menu-item menu-item-type-post_type menu-item-object-page menu-item-1075\"><a href=\"https:\/\/layer.si\/kaos\/en\/programme\/all-events\/all-events-2018\/\" class=\"elementor-item\">2018<\/a><\/li>\n<\/ul><\/nav>\n\t\t\t\t<\/div>\n\t\t\t\t<\/div>\n\t\t\t\t\t\t<\/div>\n\t\t\t<\/div>\n\t\t<\/div>\n\t\t\t\t\t\t<\/div>\n\t\t\t<\/div>\n\t\t<\/section>\n\t\t\t\t<section class=\"elementor-element elementor-element-50df672 elementor-section-boxed elementor-section-height-default elementor-section-height-default elementor-section elementor-top-section\" data-id=\"50df672\" data-element_type=\"section\">\n\t\t\t\t\t\t<div class=\"elementor-container elementor-column-gap-default\">\n\t\t\t\t<div class=\"elementor-row\">\n\t\t\t\t<div class=\"elementor-element elementor-element-a72a6d8 elementor-column elementor-col-100 elementor-top-column\" data-id=\"a72a6d8\" data-element_type=\"column\">\n\t\t\t<div class=\"elementor-column-wrap  elementor-element-populated\">\n\t\t\t\t\t<div class=\"elementor-widget-wrap\">\n\t\t\t\t<div class=\"elementor-element elementor-element-c26611e elementor-widget elementor-widget-text-editor\" data-id=\"c26611e\" data-element_type=\"widget\" data-widget_type=\"text-editor.default\">\n\t\t\t\t<div class=\"elementor-widget-container\">\n\t\t\t\t\t<div class=\"elementor-text-editor elementor-clearfix\"><h1>DETAILED PROGRAMME\u00a0<\/h1><p>KAOS Festival of Contemporary Collage<br \/><strong>Opening event<\/strong><br \/>Friday the 29th of June<\/p><p><strong>Viva Collagistas<\/strong>, opening of the exhibition in the Spot-on Street Galerry (Gregor\u010di\u010deva street, in front of City Library)<br \/>7 PM<br \/>International Festival Collagistas present selected collage works from previous editions of 16 artists.\u00a0\u00a0<\/p><p><strong>Mesto kaosa \/ The Chaos Point<\/strong>\u00a0by Maru\u0161a \u0160tibelj and David Almajer, opening of the art\u00a0installation in the Layer&#8217;s Backyard\u00a0<br \/>8 PM<\/p><hr \/><p>Pleska, Fine Arts and Music Festival<br \/><strong>Antropoloops, concert<\/strong><br \/>Friday the 29th of June, 9 PM<br \/>The Layer House<br \/>\u00a0<br \/>Antropoloops is one of the most unique proposals in the Andalusian scene, combining remix, ethnomusicology and data visualization. Rub\u00e9n Alonso generates new songs by mixing different samples from throughout the world geography. Also, in the process, he shows us the collage cover, the year and the place of origin of the sound sample, through a data visualization tool developed by Esperanza Moreno.<br \/>\u00a0<br \/>Antropoloops comes from Spain and is specialised in unique sound collage. He has done several project performances, mostly in Spain, but also abroad. This year, in february, he performed at The MENT festival in Ljubljana.<\/p><hr \/><p>Pleska, Fine Arts and Music Festival<br \/><strong>Nika Perunovi\u010d and Meta \u0160olar<\/strong><br \/>Saturday the 30th of June, 9 PM<br \/>The Layer House<br \/>\u00a0<br \/>In 2016 Nika Perunovi\u010d, the leading voice of the famous group Patetico, received the Vox Populi award for her singer-songwriter performance at the Kantfest festival. She upgrades her singing potential with guitarist Marko Zaletel. As Jani Kenda described Nika in Slovenske novice newspaper &#8211; &#8220;she is a natural and has emotional, sincere and heartfelt interpretation, her musical phrasing touches in the same way Billie Holiday as it does modern hip hop singers, her interpretation gives Slovene language a new sound so special that it cannot be described &#8211; you simply have to hear it.&#8221;<br \/>\u00a0<br \/>You also simply have to see the collage that Metka \u0160olar, painter from Radovljica, will create during the concert. Metka is an academic painter and in 2014 she graduated from the Academy of Fine Arts and Design. She is a member of the Slovenian Association of Fine Arts Societies and of the Fine Arts Association Kranj. She has participated in several collective and solo exhibitions in Slovenia and Europe. She explores primarily the female image, flattening the formless faces into a floral pattern or making it dynamic with fruit motifs. She is interested in what occurs and what is left when the individual character disappears.\u00a0<\/p><hr \/><p><strong>Lane collage: What\u00a0if I was\u00a0Plato?<\/strong><br \/>Workshop for young adults and adults<br \/>Sunday the 1st of July, 6 PM<br \/>The Layer House<br \/>\u00a0<br \/>In this workshop we will try to see how each one of us understands Plato\u2019s words and converts them to images using the collage technique. It will be a mental training with visualization; a sort of a game in which we will try to build an image around Plato\u2019s quotes.<\/p><hr \/><p>Pleska, Fine Arts and Music Festival<br \/><strong>Bordo vs Maru\u0161a: Live Soundscapes<\/strong><br \/>Sunday the 1st of July, 9 PM<br \/>The \u0160krlovec Tower<br \/>\u00a0<br \/>Bordo, the brand new music world of Toma\u017e \u0160tular, former lead singer of The Tide, will finally see the light of day on the stage. Since his first single Odple\u0161iva, recorded in 2016, to this day, when the 5th single Lai Lai Svet (production Peter Penko) can be heard all over the radio, the time has finally arrived for all the songs to fulfil their potential on the stage. \u00a0<br \/><br \/>For his last two singles Zvezde v mlaju and Lai Lai Svet Toma\u017e joined forces with a painter and collage maker Maru\u0161a \u0160tibelj, who created a unique video image for each musical composition. It is high time that Maru\u0161a and Bordo with guests take you, images and music to a special art painting-music event. \u00a0<br \/>\u00a0<br \/>It is not a concert, nor an exhibition, it is a performance. The interplay of Maru\u0161a\u2019s collage world and techniques will come alive on stage, next to the music, and it will raise questions such as: What is theatrical scenery and what stage? Who draws the line between the audience and the performer? Can we place it elsewhere? \u00a0\u00a0<br \/>\u00a0<br \/>Scissors, Canvas and Projection: Maru\u0161a \u0160tibelj<br \/>\u00a0<br \/>BORDO:<br \/>Toma\u017e \u0160tular \u2013 voice, acoustic guitar<br \/>Drejc Poga\u010dnik \u2013 keyboards<br \/>Miodrag Dimitrijevi\u0107 \u2013 bass guitar<br \/>David Almajer \u2013 caj\u00f3n, percussion<\/p><hr \/><p><strong>Kai Holland: Copyrights and Collage, discussion<\/strong><br \/>Monday the 2nd of July, 6 PM<br \/>The Cherry Tree Garden<br \/>\u00a0<br \/>Many collage artists feel uncertain about the violation of other authors\u2019 rights by using their already existing images. This issue is highly complicated and keeps many of lawyers busy all over the world. An overview of the legal bases could help avoid expansive mistakes and in the end the loss of creativity.<\/p><hr \/><p><strong>Claudio Beorchia: Collective Collage, workshop for young adults and adults<\/strong><br \/>Tuesday the 3rd of July, 6 PM<br \/>The Layer House<br \/>\u00a0<br \/>Usually collages are made individually but in this workshop we will combine our forces and create some collective collages. From the spinning wheel to beautiful creatures we will learn what the basic are when it comes to collage technique.<\/p><hr \/><p><strong>Simone Karl: Behind the Layers, discussion, and Houses of Memories, workshop for young adults and adults<\/strong><br \/>Wednesday the 4th of July, 6 PM (discussion), 7 PM (workshop)<br \/>The Layer House<br \/>\u00a0<br \/>Houses of Memories: Every house has a story. When we enter an old house, we often feel the weight of the past time, stories and life. Every room, piece of furniture and old photograph stores past times and lives. Every person experiences these impressions individually and connects them with their own memories.<br \/>\u00a0<br \/>Behind the Layers: In the artist talk \u201cBehind the layers\u201d Simone Karl talks about her layered collages and the artist\u2019s book It is not me. It is me. Both projects focus on the topic of human body and soul.<\/p><hr \/><p><strong>What if\u2026<br \/>The Opening of the Main Collage Exhibition<\/strong><br \/>Thursday the 5th of July, 6 PM<br \/>The Layer House, the Mahlerca Studio, the Mergentalerjeva, the \u0160krlovec Tower<br \/>\u00a0<br \/>The grand opening of the artist-in-residence exhibition, the collage illustration and design exhibition, the exhibition of the open call chosen artists and of the street collage exhibition.<\/p><hr \/><p><strong>Hobby &amp; Art workshop: What if\u2026 \u201cdecoupage\u201d becomes a collage?<\/strong><br \/>Friday the 6th of July, 6 PM<br \/>The Layer House<br \/>\u00a0<br \/>Zdravka Rihtar\u010di\u010d, professor of fine arts pedagogy and Hoby &amp; Art workshop programme leader, will host a workshop for all age groups. You will create colourful animals out of cartoon using the decoupage technique. Meet us at the collage ZOO!<\/p><hr \/><p><strong>Guidance through the \u201cWhat if\u2026\u201d exhibition with curator Maja Anton\u010di\u010d<\/strong><br \/>Saturday the 7th of July, 7 PM<br \/>The Layer House<\/p><hr \/><p><strong>What if\u2026 collage becomes a poster?<br \/>Workshop for youth (10+) with Petra Cerar<\/strong><br \/>Tuesday the 10th of July, 5 PM<br \/>The Layer House<br \/><br \/>The workshop will take us to the world of posters. We will learn the main principles and a brief history of poster design. In the practical part of the workshop we will search for some visual brainchildren and create a \u201cWhat if\u2026\u201d poster using collage technique.<\/p><hr \/><p><strong>What if\u2026 space was made out of surface?<br \/>Workshop for youth (15+) with Petra Cerar<\/strong><br \/>Wednesday the 11th of July, 5 PM\u00a0<br \/>\u00a0<br \/>In this workshop you will learn about the surface construction of the space and the colour spatial illusions. You will learn to create space using coloured surfaces as well as the colour properties and characteristics. Some of the time in the workshop will be dedicated to the photography, since it is closely related to the collage technique. Photography will also be used as a conceptual basis for the creation of your collage. \u00a0\u00a0<\/p><hr \/><p><strong>Barbara Dem\u0161ar: Life at Sea, workshop for children (5+)<\/strong><br \/>Thursday the 12th of July, 6 PM<br \/>The Layer House<br \/>\u00a0<br \/>In this workshop the participants will create using the collage technique, namely the paper tearing principle. We will try to portray all the creatures living at sea and what would sea look alike if it was made out of paper.<\/p><hr \/><p><strong>Urban Walk Through the the Kranj Cultural Quarter and Through the Exhibition \u201cWhat if\u2026\u201d with Zala Vidali<\/strong><br \/>Tuesday the 17th of July, 7 PM<br \/>The Urban Walk starts in front of the Layer House.<br \/>\u00a0<br \/>The urban walk focuses mainly on the street interventions on Tom\u0161i\u010deva ulica and on the current art exhibitions in the Kranj Cultural Quarter.<\/p><hr \/><p><strong>Ur\u0161ka Mazej: Transformation of the Street, workshop for young adults and adults<\/strong><br \/>Thursday the 19th of July, 6 PM<br \/><br \/>Using the collage technique we will translate the space reality and its contents into a new transformed, partly abstracted composition. Our starting point will be city photographs. The participants will try to combine them into a new image surface and create a new symbolic and mental world of a certain city restructuring the given material.<\/p><hr \/><p><strong>Brut Carniollus: Advanced Composite Techniques in Photoshop, workshop for young adults and adults<\/strong><br \/>Thursday the 26th of July, 6 PM<br \/>The Layer House<br \/>\u00a0<br \/>Advanced masking techniques used in digital collage and advanced image post processing, non-destructive image editing, occasional fortune telling, chaotic collaging, CC0 and public domain image resources, slow public entertainment.<\/p><hr \/><p><strong>Closure Guidance through the \u201cWhat if\u2026\u201d Exhibition with curator Maja Anton\u010di\u010d<\/strong><br \/>Tuesday the 14th of August, 7 PM<br \/>The Layer House<\/p><\/div>\n\t\t\t\t<\/div>\n\t\t\t\t<\/div>\n\t\t\t\t\t\t<\/div>\n\t\t\t<\/div>\n\t\t<\/div>\n\t\t\t\t\t\t<\/div>\n\t\t\t<\/div>\n\t\t<\/section>\n\t\t\t\t\t\t<\/div>\n\t\t\t<\/div>\n\t\t<\/div>\n\t\t","protected":false},"excerpt":{"rendered":"<p>DETAILED PROGRAMME\u00a0 KAOS Festival of Contemporary CollageOpening eventFriday the 29th of June Viva Collagistas, opening of the exhibition in the Spot-on Street Galerry (Gregor\u010di\u010deva street, in front of City Library)7 PMInternational Festival Collagistas present selected collage works from previous editions of 16 artists.\u00a0\u00a0 Mesto kaosa \/ The Chaos Point\u00a0by Maru\u0161a \u0160tibelj and David Almajer, opening [&hellip;]<\/p>\n","protected":false},"author":1,"featured_media":0,"parent":1067,"menu_order":0,"comment_status":"closed","ping_status":"closed","template":"","meta":[],"_links":{"self":[{"href":"https:\/\/layer.si\/kaos\/wp-json\/wp\/v2\/pages\/1070"}],"collection":[{"href":"https:\/\/layer.si\/kaos\/wp-json\/wp\/v2\/pages"}],"about":[{"href":"https:\/\/layer.si\/kaos\/wp-json\/wp\/v2\/types\/page"}],"author":[{"embeddable":true,"href":"https:\/\/layer.si\/kaos\/wp-json\/wp\/v2\/users\/1"}],"replies":[{"embeddable":true,"href":"https:\/\/layer.si\/kaos\/wp-json\/wp\/v2\/comments?post=1070"}],"version-history":[{"count":10,"href":"https:\/\/layer.si\/kaos\/wp-json\/wp\/v2\/pages\/1070\/revisions"}],"predecessor-version":[{"id":3634,"href":"https:\/\/layer.si\/kaos\/wp-json\/wp\/v2\/pages\/1070\/revisions\/3634"}],"up":[{"embeddable":true,"href":"https:\/\/layer.si\/kaos\/wp-json\/wp\/v2\/pages\/1067"}],"wp:attachment":[{"href":"https:\/\/layer.si\/kaos\/wp-json\/wp\/v2\/media?parent=1070"}],"curies":[{"name":"wp","href":"https:\/\/api.w.org\/{rel}","templated":true}]}}