{"id":120,"date":"2019-03-29T21:35:47","date_gmt":"2019-03-29T21:35:47","guid":{"rendered":"https:\/\/layer.si\/kaos\/?page_id=120"},"modified":"2024-02-15T13:15:34","modified_gmt":"2024-02-15T13:15:34","slug":"partnerji","status":"publish","type":"page","link":"https:\/\/layer.si\/kaos\/si\/festival\/partnerji\/","title":{"rendered":"Partnerji"},"content":{"rendered":"\t\t<div data-elementor-type=\"wp-post\" data-elementor-id=\"120\" class=\"elementor elementor-120\" data-elementor-settings=\"[]\">\n\t\t\t<div class=\"elementor-inner\">\n\t\t\t\t<div class=\"elementor-section-wrap\">\n\t\t\t\t\t\t\t<section class=\"elementor-element elementor-element-5252218 elementor-section-boxed elementor-section-height-default elementor-section-height-default elementor-section elementor-top-section\" data-id=\"5252218\" data-element_type=\"section\">\n\t\t\t\t\t\t<div class=\"elementor-container elementor-column-gap-default\">\n\t\t\t\t<div class=\"elementor-row\">\n\t\t\t\t<div class=\"elementor-element elementor-element-2320de6 elementor-column elementor-col-100 elementor-top-column\" data-id=\"2320de6\" data-element_type=\"column\">\n\t\t\t<div class=\"elementor-column-wrap  elementor-element-populated\">\n\t\t\t\t\t<div class=\"elementor-widget-wrap\">\n\t\t\t\t<div class=\"elementor-element elementor-element-11cd2c7 elementor-widget elementor-widget-text-editor\" data-id=\"11cd2c7\" data-element_type=\"widget\" data-widget_type=\"text-editor.default\">\n\t\t\t\t<div class=\"elementor-widget-container\">\n\t\t\t\t\t<div class=\"elementor-text-editor elementor-clearfix\"><h1>PARTNERJI \u00a0<img loading=\"lazy\" class=\"size-full wp-image-73 alignnone\" src=\"https:\/\/layer.si\/kaos\/wp-content\/uploads\/4.png\" alt=\"\" width=\"200\" height=\"45\" \/><\/h1><\/div>\n\t\t\t\t<\/div>\n\t\t\t\t<\/div>\n\t\t\t\t<div class=\"elementor-element elementor-element-300be3e elementor-widget elementor-widget-image\" data-id=\"300be3e\" data-element_type=\"widget\" data-widget_type=\"image.default\">\n\t\t\t\t<div class=\"elementor-widget-container\">\n\t\t\t\t\t<div class=\"elementor-image\">\n\t\t\t\t\t\t\t\t\t\t<img width=\"416\" height=\"120\" src=\"https:\/\/layer.si\/kaos\/wp-content\/uploads\/kaos2022-tag_SLO.png\" class=\"attachment-large size-large\" alt=\"\" loading=\"lazy\" srcset=\"https:\/\/layer.si\/kaos\/wp-content\/uploads\/kaos2022-tag_SLO.png 416w, https:\/\/layer.si\/kaos\/wp-content\/uploads\/kaos2022-tag_SLO-300x87.png 300w\" sizes=\"(max-width: 416px) 100vw, 416px\" \/>\t\t\t\t\t\t\t\t\t\t\t<\/div>\n\t\t\t\t<\/div>\n\t\t\t\t<\/div>\n\t\t\t\t<div class=\"elementor-element elementor-element-ad3d842 elementor-widget elementor-widget-text-editor\" data-id=\"ad3d842\" data-element_type=\"widget\" data-widget_type=\"text-editor.default\">\n\t\t\t\t<div class=\"elementor-widget-container\">\n\t\t\t\t\t<div class=\"elementor-text-editor elementor-clearfix\"><p>Kaos, mednarodni festival sodobnega kola\u017ea Kranj organizira Layerjeva hi\u0161a, ki jo upravlja:<br \/><br \/><\/p><p><a href=\"https:\/\/carnicainstitute.org\/\">Zavod Carnica, zavod za kulturo in turizem<\/a><br \/>Cankarjeva 18<br \/>4000 Kranj<br \/>ID za DDV: SI26681994<br \/>Mati\u010dna \u0161t.:\u00a03708489000<br \/>Direktor Zavoda Carnica: Selman \u010corovi\u0107<\/p><p>Organizatorja: Zavod Carnica, Dru\u0161tvo Aktivat<\/p><p>Soorganizatorja: Pre\u0161ernovo gledali\u0161\u010de, TAM-TAM<\/p><p>Projekt sofinancira Mestna ob\u010dina Kranj\u00a0<\/p><\/div>\n\t\t\t\t<\/div>\n\t\t\t\t<\/div>\n\t\t\t\t\t\t<\/div>\n\t\t\t<\/div>\n\t\t<\/div>\n\t\t\t\t\t\t<\/div>\n\t\t\t<\/div>\n\t\t<\/section>\n\t\t\t\t<section class=\"elementor-element elementor-element-d8546df elementor-section-boxed elementor-section-height-default elementor-section-height-default elementor-section elementor-top-section\" data-id=\"d8546df\" data-element_type=\"section\">\n\t\t\t\t\t\t<div class=\"elementor-container elementor-column-gap-default\">\n\t\t\t\t<div class=\"elementor-row\">\n\t\t\t\t<div class=\"elementor-element elementor-element-cce7813 elementor-column elementor-col-33 elementor-top-column\" data-id=\"cce7813\" data-element_type=\"column\">\n\t\t\t<div class=\"elementor-column-wrap  elementor-element-populated\">\n\t\t\t\t\t<div class=\"elementor-widget-wrap\">\n\t\t\t\t<div class=\"elementor-element elementor-element-ed6d7d5 elementor-widget elementor-widget-image\" data-id=\"ed6d7d5\" data-element_type=\"widget\" data-widget_type=\"image.default\">\n\t\t\t\t<div class=\"elementor-widget-container\">\n\t\t\t\t\t<div class=\"elementor-image\">\n\t\t\t\t\t\t\t\t\t\t\t<a href=\"http:\/\/www.layer.si\/si\">\n\t\t\t\t\t\t\t<img width=\"340\" height=\"180\" src=\"https:\/\/layer.si\/kaos\/wp-content\/uploads\/LAYER_logo-blk_rgb.png\" class=\"attachment-large size-large\" alt=\"\" loading=\"lazy\" srcset=\"https:\/\/layer.si\/kaos\/wp-content\/uploads\/LAYER_logo-blk_rgb.png 340w, https:\/\/layer.si\/kaos\/wp-content\/uploads\/LAYER_logo-blk_rgb-300x159.png 300w\" sizes=\"(max-width: 340px) 100vw, 340px\" \/>\t\t\t\t\t\t\t\t<\/a>\n\t\t\t\t\t\t\t\t\t\t\t<\/div>\n\t\t\t\t<\/div>\n\t\t\t\t<\/div>\n\t\t\t\t\t\t<\/div>\n\t\t\t<\/div>\n\t\t<\/div>\n\t\t\t\t<div class=\"elementor-element elementor-element-6f9e49b elementor-column elementor-col-33 elementor-top-column\" data-id=\"6f9e49b\" data-element_type=\"column\">\n\t\t\t<div class=\"elementor-column-wrap\">\n\t\t\t\t\t<div class=\"elementor-widget-wrap\">\n\t\t\t\t\t\t<\/div>\n\t\t\t<\/div>\n\t\t<\/div>\n\t\t\t\t<div class=\"elementor-element elementor-element-818604f elementor-column elementor-col-33 elementor-top-column\" data-id=\"818604f\" data-element_type=\"column\">\n\t\t\t<div class=\"elementor-column-wrap  elementor-element-populated\">\n\t\t\t\t\t<div class=\"elementor-widget-wrap\">\n\t\t\t\t<div class=\"elementor-element elementor-element-785c6e2 elementor-widget elementor-widget-image\" data-id=\"785c6e2\" data-element_type=\"widget\" data-widget_type=\"image.default\">\n\t\t\t\t<div class=\"elementor-widget-container\">\n\t\t\t\t\t<div class=\"elementor-image\">\n\t\t\t\t\t\t\t\t\t\t\t<a href=\"https:\/\/carnicainstitute.org\/\">\n\t\t\t\t\t\t\t<img width=\"800\" height=\"470\" src=\"https:\/\/layer.si\/kaos\/wp-content\/uploads\/CARNICA-INSTITUTE-1024x602.png\" class=\"attachment-large size-large\" alt=\"\" loading=\"lazy\" srcset=\"https:\/\/layer.si\/kaos\/wp-content\/uploads\/CARNICA-INSTITUTE-1024x602.png 1024w, https:\/\/layer.si\/kaos\/wp-content\/uploads\/CARNICA-INSTITUTE-300x176.png 300w, https:\/\/layer.si\/kaos\/wp-content\/uploads\/CARNICA-INSTITUTE-768x451.png 768w, https:\/\/layer.si\/kaos\/wp-content\/uploads\/CARNICA-INSTITUTE.png 1492w\" sizes=\"(max-width: 800px) 100vw, 800px\" \/>\t\t\t\t\t\t\t\t<\/a>\n\t\t\t\t\t\t\t\t\t\t\t<\/div>\n\t\t\t\t<\/div>\n\t\t\t\t<\/div>\n\t\t\t\t\t\t<\/div>\n\t\t\t<\/div>\n\t\t<\/div>\n\t\t\t\t\t\t<\/div>\n\t\t\t<\/div>\n\t\t<\/section>\n\t\t\t\t<section class=\"elementor-element elementor-element-97be749 elementor-section-boxed elementor-section-height-default elementor-section-height-default elementor-section elementor-top-section\" data-id=\"97be749\" data-element_type=\"section\">\n\t\t\t\t\t\t<div class=\"elementor-container elementor-column-gap-default\">\n\t\t\t\t<div class=\"elementor-row\">\n\t\t\t\t<div class=\"elementor-element elementor-element-bfc9c06 elementor-column elementor-col-33 elementor-top-column\" data-id=\"bfc9c06\" data-element_type=\"column\">\n\t\t\t<div class=\"elementor-column-wrap  elementor-element-populated\">\n\t\t\t\t\t<div class=\"elementor-widget-wrap\">\n\t\t\t\t<div class=\"elementor-element elementor-element-9cc6098 elementor-widget elementor-widget-image\" data-id=\"9cc6098\" data-element_type=\"widget\" data-widget_type=\"image.default\">\n\t\t\t\t<div class=\"elementor-widget-container\">\n\t\t\t\t\t<div class=\"elementor-image\">\n\t\t\t\t\t\t\t\t\t\t<img width=\"200\" height=\"200\" src=\"https:\/\/layer.si\/kaos\/wp-content\/uploads\/skrlovec.png\" class=\"attachment-large size-large\" alt=\"\" loading=\"lazy\" srcset=\"https:\/\/layer.si\/kaos\/wp-content\/uploads\/skrlovec.png 200w, https:\/\/layer.si\/kaos\/wp-content\/uploads\/skrlovec-150x150.png 150w\" sizes=\"(max-width: 200px) 100vw, 200px\" \/>\t\t\t\t\t\t\t\t\t\t\t<\/div>\n\t\t\t\t<\/div>\n\t\t\t\t<\/div>\n\t\t\t\t\t\t<\/div>\n\t\t\t<\/div>\n\t\t<\/div>\n\t\t\t\t<div class=\"elementor-element elementor-element-832ba76 elementor-column elementor-col-33 elementor-top-column\" data-id=\"832ba76\" data-element_type=\"column\">\n\t\t\t<div class=\"elementor-column-wrap\">\n\t\t\t\t\t<div class=\"elementor-widget-wrap\">\n\t\t\t\t\t\t<\/div>\n\t\t\t<\/div>\n\t\t<\/div>\n\t\t\t\t<div class=\"elementor-element elementor-element-ff11285 elementor-column elementor-col-33 elementor-top-column\" data-id=\"ff11285\" data-element_type=\"column\">\n\t\t\t<div class=\"elementor-column-wrap  elementor-element-populated\">\n\t\t\t\t\t<div class=\"elementor-widget-wrap\">\n\t\t\t\t<div class=\"elementor-element elementor-element-d27c71e elementor-widget elementor-widget-image\" data-id=\"d27c71e\" data-element_type=\"widget\" data-widget_type=\"image.default\">\n\t\t\t\t<div class=\"elementor-widget-container\">\n\t\t\t\t\t<div class=\"elementor-image\">\n\t\t\t\t\t\t\t\t\t\t<img width=\"200\" height=\"200\" src=\"https:\/\/layer.si\/kaos\/wp-content\/uploads\/tamtam.png\" class=\"attachment-large size-large\" alt=\"\" loading=\"lazy\" srcset=\"https:\/\/layer.si\/kaos\/wp-content\/uploads\/tamtam.png 200w, https:\/\/layer.si\/kaos\/wp-content\/uploads\/tamtam-150x150.png 150w\" sizes=\"(max-width: 200px) 100vw, 200px\" \/>\t\t\t\t\t\t\t\t\t\t\t<\/div>\n\t\t\t\t<\/div>\n\t\t\t\t<\/div>\n\t\t\t\t\t\t<\/div>\n\t\t\t<\/div>\n\t\t<\/div>\n\t\t\t\t\t\t<\/div>\n\t\t\t<\/div>\n\t\t<\/section>\n\t\t\t\t<section class=\"elementor-element elementor-element-3b73c3f elementor-section-boxed elementor-section-height-default elementor-section-height-default elementor-section elementor-top-section\" data-id=\"3b73c3f\" data-element_type=\"section\">\n\t\t\t\t\t\t<div class=\"elementor-container elementor-column-gap-default\">\n\t\t\t\t<div class=\"elementor-row\">\n\t\t\t\t<div class=\"elementor-element elementor-element-46b3c0d elementor-column elementor-col-33 elementor-top-column\" data-id=\"46b3c0d\" data-element_type=\"column\">\n\t\t\t<div class=\"elementor-column-wrap  elementor-element-populated\">\n\t\t\t\t\t<div class=\"elementor-widget-wrap\">\n\t\t\t\t<div class=\"elementor-element elementor-element-f34ff8e elementor-widget elementor-widget-image\" data-id=\"f34ff8e\" data-element_type=\"widget\" data-widget_type=\"image.default\">\n\t\t\t\t<div class=\"elementor-widget-container\">\n\t\t\t\t\t<div class=\"elementor-image\">\n\t\t\t\t\t\t\t\t\t\t<img width=\"200\" height=\"200\" src=\"https:\/\/layer.si\/kaos\/wp-content\/uploads\/pgk.png\" class=\"attachment-large size-large\" alt=\"\" loading=\"lazy\" srcset=\"https:\/\/layer.si\/kaos\/wp-content\/uploads\/pgk.png 200w, https:\/\/layer.si\/kaos\/wp-content\/uploads\/pgk-150x150.png 150w\" sizes=\"(max-width: 200px) 100vw, 200px\" \/>\t\t\t\t\t\t\t\t\t\t\t<\/div>\n\t\t\t\t<\/div>\n\t\t\t\t<\/div>\n\t\t\t\t\t\t<\/div>\n\t\t\t<\/div>\n\t\t<\/div>\n\t\t\t\t<div class=\"elementor-element elementor-element-6a16f26 elementor-column elementor-col-33 elementor-top-column\" data-id=\"6a16f26\" data-element_type=\"column\">\n\t\t\t<div class=\"elementor-column-wrap\">\n\t\t\t\t\t<div class=\"elementor-widget-wrap\">\n\t\t\t\t\t\t<\/div>\n\t\t\t<\/div>\n\t\t<\/div>\n\t\t\t\t<div class=\"elementor-element elementor-element-60e230e elementor-column elementor-col-33 elementor-top-column\" data-id=\"60e230e\" data-element_type=\"column\">\n\t\t\t<div class=\"elementor-column-wrap  elementor-element-populated\">\n\t\t\t\t\t<div class=\"elementor-widget-wrap\">\n\t\t\t\t<div class=\"elementor-element elementor-element-5874137 elementor-widget elementor-widget-image\" data-id=\"5874137\" data-element_type=\"widget\" data-widget_type=\"image.default\">\n\t\t\t\t<div class=\"elementor-widget-container\">\n\t\t\t\t\t<div class=\"elementor-image\">\n\t\t\t\t\t\t\t\t\t\t<img width=\"200\" height=\"200\" src=\"https:\/\/layer.si\/kaos\/wp-content\/uploads\/mok.png\" class=\"attachment-large size-large\" alt=\"\" loading=\"lazy\" srcset=\"https:\/\/layer.si\/kaos\/wp-content\/uploads\/mok.png 200w, https:\/\/layer.si\/kaos\/wp-content\/uploads\/mok-150x150.png 150w\" sizes=\"(max-width: 200px) 100vw, 200px\" \/>\t\t\t\t\t\t\t\t\t\t\t<\/div>\n\t\t\t\t<\/div>\n\t\t\t\t<\/div>\n\t\t\t\t\t\t<\/div>\n\t\t\t<\/div>\n\t\t<\/div>\n\t\t\t\t\t\t<\/div>\n\t\t\t<\/div>\n\t\t<\/section>\n\t\t\t\t\t\t<\/div>\n\t\t\t<\/div>\n\t\t<\/div>\n\t\t","protected":false},"excerpt":{"rendered":"<p>PARTNERJI \u00a0 Kaos, mednarodni festival sodobnega kola\u017ea Kranj organizira Layerjeva hi\u0161a, ki jo upravlja: Zavod Carnica, zavod za kulturo in turizemCankarjeva 184000 KranjID za DDV: SI26681994Mati\u010dna \u0161t.:\u00a03708489000Direktor Zavoda Carnica: Selman \u010corovi\u0107 Organizatorja: Zavod Carnica, Dru\u0161tvo Aktivat Soorganizatorja: Pre\u0161ernovo gledali\u0161\u010de, TAM-TAM Projekt sofinancira Mestna ob\u010dina Kranj\u00a0<\/p>\n","protected":false},"author":1,"featured_media":0,"parent":13,"menu_order":1,"comment_status":"closed","ping_status":"closed","template":"","meta":[],"_links":{"self":[{"href":"https:\/\/layer.si\/kaos\/wp-json\/wp\/v2\/pages\/120"}],"collection":[{"href":"https:\/\/layer.si\/kaos\/wp-json\/wp\/v2\/pages"}],"about":[{"href":"https:\/\/layer.si\/kaos\/wp-json\/wp\/v2\/types\/page"}],"author":[{"embeddable":true,"href":"https:\/\/layer.si\/kaos\/wp-json\/wp\/v2\/users\/1"}],"replies":[{"embeddable":true,"href":"https:\/\/layer.si\/kaos\/wp-json\/wp\/v2\/comments?post=120"}],"version-history":[{"count":32,"href":"https:\/\/layer.si\/kaos\/wp-json\/wp\/v2\/pages\/120\/revisions"}],"predecessor-version":[{"id":5495,"href":"https:\/\/layer.si\/kaos\/wp-json\/wp\/v2\/pages\/120\/revisions\/5495"}],"up":[{"embeddable":true,"href":"https:\/\/layer.si\/kaos\/wp-json\/wp\/v2\/pages\/13"}],"wp:attachment":[{"href":"https:\/\/layer.si\/kaos\/wp-json\/wp\/v2\/media?parent=120"}],"curies":[{"name":"wp","href":"https:\/\/api.w.org\/{rel}","templated":true}]}}