{"id":138,"date":"2019-03-29T21:52:41","date_gmt":"2019-03-29T21:52:41","guid":{"rendered":"https:\/\/layer.si\/kaos\/?page_id=138"},"modified":"2022-02-15T12:39:51","modified_gmt":"2022-02-15T12:39:51","slug":"lokacije","status":"publish","type":"page","link":"https:\/\/layer.si\/kaos\/si\/festival\/lokacije\/","title":{"rendered":"Lokacije"},"content":{"rendered":"\t\t<div data-elementor-type=\"wp-post\" data-elementor-id=\"138\" class=\"elementor elementor-138\" data-elementor-settings=\"[]\">\n\t\t\t<div class=\"elementor-inner\">\n\t\t\t\t<div class=\"elementor-section-wrap\">\n\t\t\t\t\t\t\t<section class=\"elementor-element elementor-element-412cf19 elementor-section-stretched elementor-section-full_width elementor-section-height-min-height elementor-section-items-stretch elementor-section-content-top elementor-section-height-default elementor-section elementor-top-section\" data-id=\"412cf19\" data-element_type=\"section\" data-settings=\"{&quot;stretch_section&quot;:&quot;section-stretched&quot;}\">\n\t\t\t\t\t\t<div class=\"elementor-container elementor-column-gap-no\">\n\t\t\t\t<div class=\"elementor-row\">\n\t\t\t\t<div class=\"elementor-element elementor-element-e92ef6a elementor-column elementor-col-50 elementor-top-column\" data-id=\"e92ef6a\" data-element_type=\"column\">\n\t\t\t<div class=\"elementor-column-wrap  elementor-element-populated\">\n\t\t\t\t\t<div class=\"elementor-widget-wrap\">\n\t\t\t\t<div class=\"elementor-element elementor-element-be5705d elementor-widget elementor-widget-heading\" data-id=\"be5705d\" data-element_type=\"widget\" data-widget_type=\"heading.default\">\n\t\t\t\t<div class=\"elementor-widget-container\">\n\t\t\t<h2 class=\"elementor-heading-title elementor-size-default\"><a href=\"https:\/\/www.google.com\/maps\/dir\/?api=1&#038;destination=%2046.2393792,14.3545085\" target=\"_blank\">Layerjeva hi\u0161a<\/a><\/h2>\t\t<\/div>\n\t\t\t\t<\/div>\n\t\t\t\t<div class=\"elementor-element elementor-element-37c88af elementor-widget elementor-widget-text-editor\" data-id=\"37c88af\" data-element_type=\"widget\" data-widget_type=\"text-editor.default\">\n\t\t\t\t<div class=\"elementor-widget-container\">\n\t\t\t\t\t<div class=\"elementor-text-editor elementor-clearfix\"><p>Tom\u0161i\u010deva 32, Kranj<br \/><a href=\"https:\/\/www.google.com\/maps\/dir\/?api=1&amp;destination= 46.2393792,14.3545085\" target=\"_blank\" rel=\"noopener\" data-wplink-url-error=\"true\">Poka\u017ei pot -&gt;<\/a><\/p><\/div>\n\t\t\t\t<\/div>\n\t\t\t\t<\/div>\n\t\t\t\t<div class=\"elementor-element elementor-element-869decd elementor-widget elementor-widget-divider\" data-id=\"869decd\" data-element_type=\"widget\" data-widget_type=\"divider.default\">\n\t\t\t\t<div class=\"elementor-widget-container\">\n\t\t\t\t\t<div class=\"elementor-divider\">\n\t\t\t<span class=\"elementor-divider-separator\">\n\t\t\t\t\t\t<\/span>\n\t\t<\/div>\n\t\t\t\t<\/div>\n\t\t\t\t<\/div>\n\t\t\t\t<div class=\"elementor-element elementor-element-7d15f67 elementor-widget elementor-widget-heading\" data-id=\"7d15f67\" data-element_type=\"widget\" data-widget_type=\"heading.default\">\n\t\t\t\t<div class=\"elementor-widget-container\">\n\t\t\t<h2 class=\"elementor-heading-title elementor-size-default\"><a href=\"https:\/\/www.google.com\/maps\/dir\/?api=1&#038;destination=%2046.239177,%2014.3547175\" target=\"_blank\">Mergentalerjeva galerija<\/a><\/h2>\t\t<\/div>\n\t\t\t\t<\/div>\n\t\t\t\t<div class=\"elementor-element elementor-element-f98ce05 elementor-widget elementor-widget-text-editor\" data-id=\"f98ce05\" data-element_type=\"widget\" data-widget_type=\"text-editor.default\">\n\t\t\t\t<div class=\"elementor-widget-container\">\n\t\t\t\t\t<div class=\"elementor-text-editor elementor-clearfix\"><p>Tom\u0161i\u010deva 19, Kranj<br \/><a href=\"https:\/\/www.google.com\/maps\/dir\/?api=1&amp;destination= 46.239177, 14.3547175\" target=\"_blank\" rel=\"noopener\" data-wplink-url-error=\"true\">Poka\u017ei pot -&gt;<\/a><\/p><\/div>\n\t\t\t\t<\/div>\n\t\t\t\t<\/div>\n\t\t\t\t<div class=\"elementor-element elementor-element-d44fcf2 elementor-widget elementor-widget-divider\" data-id=\"d44fcf2\" data-element_type=\"widget\" data-widget_type=\"divider.default\">\n\t\t\t\t<div class=\"elementor-widget-container\">\n\t\t\t\t\t<div class=\"elementor-divider\">\n\t\t\t<span class=\"elementor-divider-separator\">\n\t\t\t\t\t\t<\/span>\n\t\t<\/div>\n\t\t\t\t<\/div>\n\t\t\t\t<\/div>\n\t\t\t\t<div class=\"elementor-element elementor-element-4b853db elementor-widget elementor-widget-heading\" data-id=\"4b853db\" data-element_type=\"widget\" data-widget_type=\"heading.default\">\n\t\t\t\t<div class=\"elementor-widget-container\">\n\t\t\t<h2 class=\"elementor-heading-title elementor-size-default\"><a href=\"https:\/\/www.google.com\/maps\/dir\/?api=1&#038;destination=%2046.2392643,14.3542432\" target=\"_blank\">Stolp \u0160krlovec<\/a><\/h2>\t\t<\/div>\n\t\t\t\t<\/div>\n\t\t\t\t<div class=\"elementor-element elementor-element-487ac5f elementor-widget elementor-widget-text-editor\" data-id=\"487ac5f\" data-element_type=\"widget\" data-widget_type=\"text-editor.default\">\n\t\t\t\t<div class=\"elementor-widget-container\">\n\t\t\t\t\t<div class=\"elementor-text-editor elementor-clearfix\"><p>\u0160krlovec 3, Kranj<br \/><a href=\"https:\/\/www.google.com\/maps\/dir\/?api=1&amp;destination= 46.2392643,14.3542432\" target=\"_blank\" rel=\"noopener\" data-wplink-url-error=\"true\">Poka\u017ei pot -&gt;<\/a><\/p><\/div>\n\t\t\t\t<\/div>\n\t\t\t\t<\/div>\n\t\t\t\t<div class=\"elementor-element elementor-element-d28dbac elementor-widget elementor-widget-divider\" data-id=\"d28dbac\" data-element_type=\"widget\" data-widget_type=\"divider.default\">\n\t\t\t\t<div class=\"elementor-widget-container\">\n\t\t\t\t\t<div class=\"elementor-divider\">\n\t\t\t<span class=\"elementor-divider-separator\">\n\t\t\t\t\t\t<\/span>\n\t\t<\/div>\n\t\t\t\t<\/div>\n\t\t\t\t<\/div>\n\t\t\t\t<div class=\"elementor-element elementor-element-0428842 elementor-widget elementor-widget-heading\" data-id=\"0428842\" data-element_type=\"widget\" data-widget_type=\"heading.default\">\n\t\t\t\t<div class=\"elementor-widget-container\">\n\t\t\t<h2 class=\"elementor-heading-title elementor-size-default\"><a href=\"https:\/\/www.google.com\/maps\/dir\/?api=1&#038;destination=%2046.2392643,14.3542432\" target=\"_blank\">Medprostor<\/a><\/h2>\t\t<\/div>\n\t\t\t\t<\/div>\n\t\t\t\t<div class=\"elementor-element elementor-element-0e88aff elementor-widget elementor-widget-text-editor\" data-id=\"0e88aff\" data-element_type=\"widget\" data-widget_type=\"text-editor.default\">\n\t\t\t\t<div class=\"elementor-widget-container\">\n\t\t\t\t\t<div class=\"elementor-text-editor elementor-clearfix\"><p>\u0160krlovec 3, Kranj<br \/><a href=\"https:\/\/www.google.com\/maps\/dir\/?api=1&amp;destination= 46.2392643,14.3542432\" target=\"_blank\" rel=\"noopener\" data-wplink-url-error=\"true\">Poka\u017ei pot -&gt;<\/a><\/p><\/div>\n\t\t\t\t<\/div>\n\t\t\t\t<\/div>\n\t\t\t\t<div class=\"elementor-element elementor-element-69cc7ba elementor-widget elementor-widget-divider\" data-id=\"69cc7ba\" data-element_type=\"widget\" data-widget_type=\"divider.default\">\n\t\t\t\t<div class=\"elementor-widget-container\">\n\t\t\t\t\t<div class=\"elementor-divider\">\n\t\t\t<span class=\"elementor-divider-separator\">\n\t\t\t\t\t\t<\/span>\n\t\t<\/div>\n\t\t\t\t<\/div>\n\t\t\t\t<\/div>\n\t\t\t\t<div class=\"elementor-element elementor-element-74bd517 elementor-widget elementor-widget-heading\" data-id=\"74bd517\" data-element_type=\"widget\" data-widget_type=\"heading.default\">\n\t\t\t\t<div class=\"elementor-widget-container\">\n\t\t\t<h2 class=\"elementor-heading-title elementor-size-default\"><a href=\"https:\/\/www.google.com\/maps\/dir\/?api=1&#038;destination=%2046.2420433,%2014.3564695\" target=\"_blank\">Galerija Na mestu<\/a><\/h2>\t\t<\/div>\n\t\t\t\t<\/div>\n\t\t\t\t<div class=\"elementor-element elementor-element-29e800f elementor-widget elementor-widget-text-editor\" data-id=\"29e800f\" data-element_type=\"widget\" data-widget_type=\"text-editor.default\">\n\t\t\t\t<div class=\"elementor-widget-container\">\n\t\t\t\t\t<div class=\"elementor-text-editor elementor-clearfix\"><p style=\"text-align: left;\">Gregor\u010di\u010deva ulica 1, Kranj<br \/><a href=\"https:\/\/www.google.com\/maps\/dir\/?api=1&amp;destination= 46.2420433, 14.3564695\" target=\"_blank\" rel=\"noopener\" data-wplink-url-error=\"true\">Poka\u017ei pot -&gt;<\/a><\/p><\/div>\n\t\t\t\t<\/div>\n\t\t\t\t<\/div>\n\t\t\t\t<div class=\"elementor-element elementor-element-77edcba elementor-widget elementor-widget-divider\" data-id=\"77edcba\" data-element_type=\"widget\" data-widget_type=\"divider.default\">\n\t\t\t\t<div class=\"elementor-widget-container\">\n\t\t\t\t\t<div class=\"elementor-divider\">\n\t\t\t<span class=\"elementor-divider-separator\">\n\t\t\t\t\t\t<\/span>\n\t\t<\/div>\n\t\t\t\t<\/div>\n\t\t\t\t<\/div>\n\t\t\t\t<div class=\"elementor-element elementor-element-2625299 elementor-widget elementor-widget-text-editor\" data-id=\"2625299\" data-element_type=\"widget\" data-widget_type=\"text-editor.default\">\n\t\t\t\t<div class=\"elementor-widget-container\">\n\t\t\t\t\t<div class=\"elementor-text-editor elementor-clearfix\"><\/div>\n\t\t\t\t<\/div>\n\t\t\t\t<\/div>\n\t\t\t\t<div class=\"elementor-element elementor-element-a4a060f elementor-widget elementor-widget-text-editor\" data-id=\"a4a060f\" data-element_type=\"widget\" data-widget_type=\"text-editor.default\">\n\t\t\t\t<div class=\"elementor-widget-container\">\n\t\t\t\t\t<div class=\"elementor-text-editor elementor-clearfix\"><\/div>\n\t\t\t\t<\/div>\n\t\t\t\t<\/div>\n\t\t\t\t\t\t<\/div>\n\t\t\t<\/div>\n\t\t<\/div>\n\t\t\t\t<div class=\"elementor-element elementor-element-0b7260e elementor-column elementor-col-50 elementor-top-column\" data-id=\"0b7260e\" data-element_type=\"column\">\n\t\t\t<div class=\"elementor-column-wrap  elementor-element-populated\">\n\t\t\t\t\t<div class=\"elementor-widget-wrap\">\n\t\t\t\t<div class=\"elementor-element elementor-element-101ba73 elementor-widget elementor-widget-eb-google-map-extended\" data-id=\"101ba73\" data-element_type=\"widget\" data-widget_type=\"eb-google-map-extended.default\">\n\t\t\t\t<div class=\"elementor-widget-container\">\n\t\t\t\t\t<div id=\"eb-map-101ba73\" class=\"eb-map\" data-eb-map-gesture-handling=\"greedy\"  data-eb-map-zoom-control=\"true\" data-eb-map-zoom-control-position=\"RIGHT_CENTER\"  data-eb-map-defaultui=\"false\" data-eb-map-style=\"\" data-eb-map-type=\"roadmap\"  data-eb-map-type-control=\"false\"  data-eb-map-streetview-control=\"true\" data-eb-map-streetview-position=\"RIGHT_CENTER\" data-eb-map-lat=\"46.241\" data-eb-map-lng=\"14.356\" data-eb-map-zoom=\"9\" data-eb-map-infowindow-width=\"250\" data-eb-locations='[{\"lat\":\"46.2420433\",\"lng\":\"14.3564695\",\"title\":\"Galerija Na mestu\",\"content\":\"&lt;p&gt;Gregor\\u010di\\u010deva ulica 1, Kranj&lt;\\\/p&gt;\",\"pin_icon\":\"\"},{\"lat\":\"46.239177\",\"lng\":\"14.3547175\",\"title\":\"Mergentalerjeva galerija\",\"content\":\"&lt;p&gt;Tom\\u0161i\\u010deva 19, Kranj&lt;\\\/p&gt;\",\"pin_icon\":\"\"},{\"lat\":\"46.2392643\",\"lng\":\"14.3542432\",\"title\":\"Stolp \\u0160krlovec\",\"content\":\"&lt;p&gt;\\u0160krlovec 3, Kranj&lt;\\\/p&gt;\",\"pin_icon\":\"\"},{\"lat\":\"46.2392243\",\"lng\":\"14.3542432\",\"title\":\"Medprostor\",\"content\":\"&lt;p&gt;\\u0160krlovec 3, Kranj&lt;\\\/p&gt;\",\"pin_icon\":\"\"},{\"lat\":\"46.2393792\",\"lng\":\"14.3545085\",\"title\":\"Layerjeva hi\\u0161a\",\"content\":\"&lt;p&gt;Tom\\u0161i\\u010deva 32, Kranj&lt;\\\/p&gt;\",\"pin_icon\":\"\"},{\"lat\":\"45.985506\",\"lng\":\"13.5212507\",\"title\":\"Spominska hi\\u0161a Alojza Gradnika in Ludvika Zorzuta\",\"content\":\"&lt;p&gt;Medana 51, 5212 Dobrovo v Brdih&lt;\\\/p&gt;\",\"pin_icon\":\"\"},{\"lat\":\"45.98538420000001\",\"lng\":\"13.5208797\",\"title\":\"ALMINA HI\\u0160A, MEDANA\",\"content\":\"&lt;p&gt;Medana 3, 5212 Dobrovo v Brdih&lt;\\\/p&gt;\",\"pin_icon\":\"\"}]'><\/div>\n\n\t\t\t<\/div>\n\t\t\t\t<\/div>\n\t\t\t\t<div class=\"elementor-element elementor-element-1e221b3 elementor-widget elementor-widget-divider\" data-id=\"1e221b3\" data-element_type=\"widget\" data-widget_type=\"divider.default\">\n\t\t\t\t<div class=\"elementor-widget-container\">\n\t\t\t\t\t<div class=\"elementor-divider\">\n\t\t\t<span class=\"elementor-divider-separator\">\n\t\t\t\t\t\t<\/span>\n\t\t<\/div>\n\t\t\t\t<\/div>\n\t\t\t\t<\/div>\n\t\t\t\t\t\t<\/div>\n\t\t\t<\/div>\n\t\t<\/div>\n\t\t\t\t\t\t<\/div>\n\t\t\t<\/div>\n\t\t<\/section>\n\t\t\t\t\t\t<\/div>\n\t\t\t<\/div>\n\t\t<\/div>\n\t\t","protected":false},"excerpt":{"rendered":"<p>Layerjeva hi\u0161a Tom\u0161i\u010deva 32, KranjPoka\u017ei pot -&gt; Mergentalerjeva galerija Tom\u0161i\u010deva 19, KranjPoka\u017ei pot -&gt; Stolp \u0160krlovec \u0160krlovec 3, KranjPoka\u017ei pot -&gt; Medprostor \u0160krlovec 3, KranjPoka\u017ei pot -&gt; Galerija Na mestu Gregor\u010di\u010deva ulica 1, KranjPoka\u017ei pot -&gt;<\/p>\n","protected":false},"author":1,"featured_media":0,"parent":13,"menu_order":3,"comment_status":"closed","ping_status":"closed","template":"","meta":[],"_links":{"self":[{"href":"https:\/\/layer.si\/kaos\/wp-json\/wp\/v2\/pages\/138"}],"collection":[{"href":"https:\/\/layer.si\/kaos\/wp-json\/wp\/v2\/pages"}],"about":[{"href":"https:\/\/layer.si\/kaos\/wp-json\/wp\/v2\/types\/page"}],"author":[{"embeddable":true,"href":"https:\/\/layer.si\/kaos\/wp-json\/wp\/v2\/users\/1"}],"replies":[{"embeddable":true,"href":"https:\/\/layer.si\/kaos\/wp-json\/wp\/v2\/comments?post=138"}],"version-history":[{"count":30,"href":"https:\/\/layer.si\/kaos\/wp-json\/wp\/v2\/pages\/138\/revisions"}],"predecessor-version":[{"id":4548,"href":"https:\/\/layer.si\/kaos\/wp-json\/wp\/v2\/pages\/138\/revisions\/4548"}],"up":[{"embeddable":true,"href":"https:\/\/layer.si\/kaos\/wp-json\/wp\/v2\/pages\/13"}],"wp:attachment":[{"href":"https:\/\/layer.si\/kaos\/wp-json\/wp\/v2\/media?parent=138"}],"curies":[{"name":"wp","href":"https:\/\/api.w.org\/{rel}","templated":true}]}}