{"id":165,"date":"2019-03-29T23:08:44","date_gmt":"2019-03-29T23:08:44","guid":{"rendered":"https:\/\/layer.si\/kaos\/?page_id=165"},"modified":"2024-02-15T13:24:52","modified_gmt":"2024-02-15T13:24:52","slug":"kontakt-press","status":"publish","type":"page","link":"https:\/\/layer.si\/kaos\/si\/festival\/kontakt-press\/","title":{"rendered":"Kontakt &#038; Press"},"content":{"rendered":"\t\t<div data-elementor-type=\"wp-post\" data-elementor-id=\"165\" class=\"elementor elementor-165\" data-elementor-settings=\"[]\">\n\t\t\t<div class=\"elementor-inner\">\n\t\t\t\t<div class=\"elementor-section-wrap\">\n\t\t\t\t\t\t\t<section class=\"elementor-element elementor-element-713c584 elementor-section-boxed elementor-section-height-default elementor-section-height-default elementor-section elementor-top-section\" data-id=\"713c584\" data-element_type=\"section\">\n\t\t\t\t\t\t<div class=\"elementor-container elementor-column-gap-default\">\n\t\t\t\t<div class=\"elementor-row\">\n\t\t\t\t<div class=\"elementor-element elementor-element-136495e elementor-column elementor-col-100 elementor-top-column\" data-id=\"136495e\" data-element_type=\"column\">\n\t\t\t<div class=\"elementor-column-wrap  elementor-element-populated\">\n\t\t\t\t\t<div class=\"elementor-widget-wrap\">\n\t\t\t\t<div class=\"elementor-element elementor-element-e234fad elementor-widget elementor-widget-text-editor\" data-id=\"e234fad\" data-element_type=\"widget\" data-widget_type=\"text-editor.default\">\n\t\t\t\t<div class=\"elementor-widget-container\">\n\t\t\t\t\t<div class=\"elementor-text-editor elementor-clearfix\"><h1><span style=\"color: #2d9aa1;\">KONTAKT &amp; PRESS\u00a0<img loading=\"lazy\" src=\"https:\/\/layer.si\/kaos\/wp-content\/uploads\/4-1.png\" alt=\"\" width=\"200\" height=\"45\" \/><\/span><\/h1><p>Za vse informacije smo vam na voljo na\u00a0<a href=\"mailto:kaos@layer.si\" target=\"_blank\" rel=\"noopener\">kaos@layer.si.<\/a><\/p><p>_ _ _ _ _ _ _ _ _ _ _ _<\/p><p>Ekipa:<\/p><div><div><div>Selman \u010corovi\u0107, direktor Zavoda Carnica\u00a0<br \/><a href=\"mailto:selmanster@gmail.com\">selmanster@gmail.com\u00a0<\/a><br \/><br \/><\/div><div>Maru\u0161a \u0160tibelj, umetni\u0161ka vodja festivala KAOS<\/div><div><a href=\"mailto:kaos@layer.si\" target=\"_blank\" rel=\"noopener\">kaos@layer.si<\/a><\/div><\/div><div>\u00a0<\/div><div>Danaja Batini\u010d, producentka festivala KAOS<\/div><div><a href=\"mailto:danaja.batinic@layer.si\">danaja.batinic@layer.si<\/a><br \/><br \/>Ne\u017ea Travnik, vodja promocije\u00a0<br \/><a href=\"mailto:neza.travnik@layer.si\">neza.travnik@layer.si\u00a0<\/a><br \/><br \/>Ma\u0161a Pirc, fotografija<br \/><a href=\"mailto:strikula.info@gmail.com\">strikula.info@gmail.com<\/a> <br \/><br \/>Gal Grobov\u0161ek, oblikovanje\u00a0<br \/><a href=\"mailto:gal.grobovsek@t-2.net\">gal.grobovsek@t-2.net<\/a> <br \/><br \/><\/div><div>\u00a0<\/div><\/div><\/div>\n\t\t\t\t<\/div>\n\t\t\t\t<\/div>\n\t\t\t\t\t\t<\/div>\n\t\t\t<\/div>\n\t\t<\/div>\n\t\t\t\t\t\t<\/div>\n\t\t\t<\/div>\n\t\t<\/section>\n\t\t\t\t\t\t<\/div>\n\t\t\t<\/div>\n\t\t<\/div>\n\t\t","protected":false},"excerpt":{"rendered":"<p>KONTAKT &amp; PRESS\u00a0 Za vse informacije smo vam na voljo na\u00a0kaos@layer.si. _ _ _ _ _ _ _ _ _ _ _ _ Ekipa: Selman \u010corovi\u0107, direktor Zavoda Carnica\u00a0selmanster@gmail.com\u00a0 Maru\u0161a \u0160tibelj, umetni\u0161ka vodja festivala KAOSkaos@layer.si\u00a0Danaja Batini\u010d, producentka festivala KAOSdanaja.batinic@layer.si Ne\u017ea Travnik, vodja promocije\u00a0neza.travnik@layer.si\u00a0 Ma\u0161a Pirc, fotografijastrikula.info@gmail.com Gal Grobov\u0161ek, oblikovanje\u00a0gal.grobovsek@t-2.net \u00a0<\/p>\n","protected":false},"author":1,"featured_media":0,"parent":13,"menu_order":4,"comment_status":"closed","ping_status":"closed","template":"","meta":[],"_links":{"self":[{"href":"https:\/\/layer.si\/kaos\/wp-json\/wp\/v2\/pages\/165"}],"collection":[{"href":"https:\/\/layer.si\/kaos\/wp-json\/wp\/v2\/pages"}],"about":[{"href":"https:\/\/layer.si\/kaos\/wp-json\/wp\/v2\/types\/page"}],"author":[{"embeddable":true,"href":"https:\/\/layer.si\/kaos\/wp-json\/wp\/v2\/users\/1"}],"replies":[{"embeddable":true,"href":"https:\/\/layer.si\/kaos\/wp-json\/wp\/v2\/comments?post=165"}],"version-history":[{"count":35,"href":"https:\/\/layer.si\/kaos\/wp-json\/wp\/v2\/pages\/165\/revisions"}],"predecessor-version":[{"id":5501,"href":"https:\/\/layer.si\/kaos\/wp-json\/wp\/v2\/pages\/165\/revisions\/5501"}],"up":[{"embeddable":true,"href":"https:\/\/layer.si\/kaos\/wp-json\/wp\/v2\/pages\/13"}],"wp:attachment":[{"href":"https:\/\/layer.si\/kaos\/wp-json\/wp\/v2\/media?parent=165"}],"curies":[{"name":"wp","href":"https:\/\/api.w.org\/{rel}","templated":true}]}}