{"id":21,"date":"2019-03-29T13:22:43","date_gmt":"2019-03-29T13:22:43","guid":{"rendered":"https:\/\/layer.si\/kaos\/?page_id=21"},"modified":"2024-10-15T07:25:19","modified_gmt":"2024-10-15T07:25:19","slug":"o-festivalu","status":"publish","type":"page","link":"https:\/\/layer.si\/kaos\/si\/festival\/o-festivalu\/","title":{"rendered":"O festivalu"},"content":{"rendered":"\t\t<div data-elementor-type=\"wp-post\" data-elementor-id=\"21\" class=\"elementor elementor-21\" data-elementor-settings=\"[]\">\n\t\t\t<div class=\"elementor-inner\">\n\t\t\t\t<div class=\"elementor-section-wrap\">\n\t\t\t\t\t\t\t<section class=\"elementor-element elementor-element-28df268 elementor-section-boxed elementor-section-height-default elementor-section-height-default elementor-section elementor-top-section\" data-id=\"28df268\" data-element_type=\"section\">\n\t\t\t\t\t\t<div class=\"elementor-container elementor-column-gap-default\">\n\t\t\t\t<div class=\"elementor-row\">\n\t\t\t\t<div class=\"elementor-element elementor-element-7d88eb0 elementor-column elementor-col-100 elementor-top-column\" data-id=\"7d88eb0\" data-element_type=\"column\">\n\t\t\t<div class=\"elementor-column-wrap  elementor-element-populated\">\n\t\t\t\t\t<div class=\"elementor-widget-wrap\">\n\t\t\t\t<div class=\"elementor-element elementor-element-ddecbee elementor-widget elementor-widget-text-editor\" data-id=\"ddecbee\" data-element_type=\"widget\" data-widget_type=\"text-editor.default\">\n\t\t\t\t<div class=\"elementor-widget-container\">\n\t\t\t\t\t<div class=\"elementor-text-editor elementor-clearfix\"><h1><span style=\"color: #2d9aa1;\">O FESTIVALU<\/span> \u00a0<img loading=\"lazy\" class=\"size-full wp-image-73 alignnone\" src=\"https:\/\/layer.si\/kaos\/wp-content\/uploads\/4.png\" alt=\"\" width=\"200\" height=\"45\" \/><\/h1><\/div>\n\t\t\t\t<\/div>\n\t\t\t\t<\/div>\n\t\t\t\t<div class=\"elementor-element elementor-element-76f2445 elementor-widget elementor-widget-image\" data-id=\"76f2445\" data-element_type=\"widget\" data-widget_type=\"image.default\">\n\t\t\t\t<div class=\"elementor-widget-container\">\n\t\t\t\t\t<div class=\"elementor-image\">\n\t\t\t\t\t\t\t\t\t\t<img width=\"416\" height=\"120\" src=\"https:\/\/layer.si\/kaos\/wp-content\/uploads\/kaos2022-tag_SLO.png\" class=\"attachment-large size-large\" alt=\"\" loading=\"lazy\" srcset=\"https:\/\/layer.si\/kaos\/wp-content\/uploads\/kaos2022-tag_SLO.png 416w, https:\/\/layer.si\/kaos\/wp-content\/uploads\/kaos2022-tag_SLO-300x87.png 300w\" sizes=\"(max-width: 416px) 100vw, 416px\" \/>\t\t\t\t\t\t\t\t\t\t\t<\/div>\n\t\t\t\t<\/div>\n\t\t\t\t<\/div>\n\t\t\t\t<div class=\"elementor-element elementor-element-e812e9c elementor-widget elementor-widget-text-editor\" data-id=\"e812e9c\" data-element_type=\"widget\" data-widget_type=\"text-editor.default\">\n\t\t\t\t<div class=\"elementor-widget-container\">\n\t\t\t\t\t<div class=\"elementor-text-editor elementor-clearfix\"><h1>\u00a0<\/h1><h5><span style=\"font-family: inherit; font-size: 2rem;\"><span style=\"color: #008080;\">31. 5.-10. 8. 2024<\/span><br \/><span style=\"color: #000000;\">Kranj, Slovenija<\/span><\/span><\/h5><p><strong>\u00a0<\/strong><\/p><p>Mednarodni festival kola\u017ea bienalno v Kranju prika\u017ee sodobno ustvarjalnost kola\u017ea. V sklopu reziden\u010dnega programa v Layerjevi hi\u0161i ustvarjajo umetniki, na odprtem pozivu se pove\u017eemo s kola\u017eisti z vsega sveta, vsaki\u010d znova povezujemo kola\u017e z drugimi umetni\u0161kimi tehnikami. KAOS predstavlja sve\u017ee pristope k zdru\u017eevanju razli\u010dnih \u017eanrov, od vizualnih, oblikovalskih, celo glasbenih. Odvija se poleti in predstavlja eno od pomembnej\u0161ih likovnih razstav v regiji. Cilj festivala je vplivati na likovno estetiko poletnega dogajanja v Kranju in okolici ter Kranj profilirati kot \u201emesto kola\u017ea\u201c.<\/p><p>Producent festivala KAOS je <a href=\"https:\/\/carnicainstitute.org\/\">Zavod Carnica<\/a>.\u00a0<br \/><br \/>KATALOG KAOS 2024 je dostopen <a href=\"https:\/\/drive.google.com\/file\/d\/19SSR3U23Tmfp552Jf40mIjS5mnpIDylS\/view?usp=drive_link\">na povezavi<\/a>.\u00a0<\/p><\/div>\n\t\t\t\t<\/div>\n\t\t\t\t<\/div>\n\t\t\t\t\t\t<\/div>\n\t\t\t<\/div>\n\t\t<\/div>\n\t\t\t\t\t\t<\/div>\n\t\t\t<\/div>\n\t\t<\/section>\n\t\t\t\t\t\t<\/div>\n\t\t\t<\/div>\n\t\t<\/div>\n\t\t","protected":false},"excerpt":{"rendered":"<p>O FESTIVALU \u00a0 \u00a0 31. 5.-10. 8. 2024Kranj, Slovenija \u00a0 Mednarodni festival kola\u017ea bienalno v Kranju prika\u017ee sodobno ustvarjalnost kola\u017ea. V sklopu reziden\u010dnega programa v Layerjevi hi\u0161i ustvarjajo umetniki, na odprtem pozivu se pove\u017eemo s kola\u017eisti z vsega sveta, vsaki\u010d znova povezujemo kola\u017e z drugimi umetni\u0161kimi tehnikami. KAOS predstavlja sve\u017ee pristope k zdru\u017eevanju razli\u010dnih \u017eanrov, [&hellip;]<\/p>\n","protected":false},"author":1,"featured_media":0,"parent":13,"menu_order":0,"comment_status":"closed","ping_status":"closed","template":"","meta":[],"_links":{"self":[{"href":"https:\/\/layer.si\/kaos\/wp-json\/wp\/v2\/pages\/21"}],"collection":[{"href":"https:\/\/layer.si\/kaos\/wp-json\/wp\/v2\/pages"}],"about":[{"href":"https:\/\/layer.si\/kaos\/wp-json\/wp\/v2\/types\/page"}],"author":[{"embeddable":true,"href":"https:\/\/layer.si\/kaos\/wp-json\/wp\/v2\/users\/1"}],"replies":[{"embeddable":true,"href":"https:\/\/layer.si\/kaos\/wp-json\/wp\/v2\/comments?post=21"}],"version-history":[{"count":35,"href":"https:\/\/layer.si\/kaos\/wp-json\/wp\/v2\/pages\/21\/revisions"}],"predecessor-version":[{"id":6728,"href":"https:\/\/layer.si\/kaos\/wp-json\/wp\/v2\/pages\/21\/revisions\/6728"}],"up":[{"embeddable":true,"href":"https:\/\/layer.si\/kaos\/wp-json\/wp\/v2\/pages\/13"}],"wp:attachment":[{"href":"https:\/\/layer.si\/kaos\/wp-json\/wp\/v2\/media?parent=21"}],"curies":[{"name":"wp","href":"https:\/\/api.w.org\/{rel}","templated":true}]}}