{"id":214,"date":"2019-03-30T21:25:22","date_gmt":"2019-03-30T21:25:22","guid":{"rendered":"https:\/\/layer.si\/kaos\/?page_id=214"},"modified":"2020-07-08T20:03:43","modified_gmt":"2020-07-08T20:03:43","slug":"umetniki-na-rezidenci-2018","status":"publish","type":"page","link":"https:\/\/layer.si\/kaos\/si\/umetniki\/umetniki-na-rezidenci\/umetniki-na-rezidenci-2018\/","title":{"rendered":"Umetniki na rezidenci 2018"},"content":{"rendered":"\t\t<div data-elementor-type=\"wp-post\" data-elementor-id=\"214\" class=\"elementor elementor-214\" data-elementor-settings=\"[]\">\n\t\t\t<div class=\"elementor-inner\">\n\t\t\t\t<div class=\"elementor-section-wrap\">\n\t\t\t\t\t\t\t<section class=\"elementor-element elementor-element-1c9c383 elementor-section-boxed elementor-section-height-default elementor-section-height-default elementor-section elementor-top-section\" data-id=\"1c9c383\" data-element_type=\"section\">\n\t\t\t\t\t\t<div class=\"elementor-container elementor-column-gap-default\">\n\t\t\t\t<div class=\"elementor-row\">\n\t\t\t\t<div class=\"elementor-element elementor-element-0144820 elementor-column elementor-col-100 elementor-top-column\" data-id=\"0144820\" data-element_type=\"column\">\n\t\t\t<div class=\"elementor-column-wrap  elementor-element-populated\">\n\t\t\t\t\t<div class=\"elementor-widget-wrap\">\n\t\t\t\t<div class=\"elementor-element elementor-element-18c6682 elementor-nav-menu__align-center elementor-nav-menu__text-align-center elementor-nav-menu--indicator-classic elementor-nav-menu--dropdown-tablet elementor-widget elementor-widget-nav-menu\" data-id=\"18c6682\" data-element_type=\"widget\" data-settings=\"{&quot;layout&quot;:&quot;horizontal&quot;}\" data-widget_type=\"nav-menu.default\">\n\t\t\t\t<div class=\"elementor-widget-container\">\n\t\t\t\t\t\t<nav role=\"navigation\" class=\"elementor-nav-menu--main elementor-nav-menu__container elementor-nav-menu--layout-horizontal e--pointer-underline e--animation-fade\"><ul id=\"menu-1-18c6682\" class=\"elementor-nav-menu\"><li class=\"menu-item menu-item-type-post_type menu-item-object-page menu-item-5574\"><a href=\"https:\/\/layer.si\/kaos\/si\/umetniki\/umetniki-na-rezidenci\/umetniki-na-rezidenci-2024\/\" class=\"elementor-item\">2024<\/a><\/li>\n<li class=\"menu-item menu-item-type-post_type menu-item-object-page menu-item-4634\"><a href=\"https:\/\/layer.si\/kaos\/si\/umetniki\/umetniki-na-rezidenci\/umetniki-na-rezidenci-2022\/\" class=\"elementor-item\">2022<\/a><\/li>\n<li class=\"menu-item menu-item-type-post_type menu-item-object-page menu-item-3832\"><a href=\"https:\/\/layer.si\/kaos\/si\/umetniki\/umetniki-na-rezidenci\/umetniki-na-rezidenci-2020\/\" class=\"elementor-item\">2020<\/a><\/li>\n<li class=\"menu-item menu-item-type-post_type menu-item-object-page menu-item-992\"><a href=\"https:\/\/layer.si\/kaos\/si\/umetniki\/umetniki-na-rezidenci\/umetniki-na-rezidenci-2019\/\" class=\"elementor-item\">2019<\/a><\/li>\n<li class=\"menu-item menu-item-type-post_type menu-item-object-page menu-item-993\"><a href=\"https:\/\/layer.si\/kaos\/si\/umetniki\/umetniki-na-rezidenci\/umetniki-na-rezidenci-2018\/\" class=\"elementor-item\">2018<\/a><\/li>\n<\/ul><\/nav>\n\t\t\t\t\t<div class=\"elementor-menu-toggle\" role=\"button\" tabindex=\"0\" aria-label=\"Menu Toggle\" aria-expanded=\"false\">\n\t\t\t<i class=\"eicon-menu-bar\" aria-hidden=\"true\"><\/i>\n\t\t\t<span class=\"elementor-screen-only\">Menu<\/span>\n\t\t<\/div>\n\t\t\t<nav class=\"elementor-nav-menu--dropdown elementor-nav-menu__container\" role=\"navigation\" aria-hidden=\"true\"><ul id=\"menu-2-18c6682\" class=\"elementor-nav-menu\"><li class=\"menu-item menu-item-type-post_type menu-item-object-page menu-item-5574\"><a href=\"https:\/\/layer.si\/kaos\/si\/umetniki\/umetniki-na-rezidenci\/umetniki-na-rezidenci-2024\/\" class=\"elementor-item\">2024<\/a><\/li>\n<li class=\"menu-item menu-item-type-post_type menu-item-object-page menu-item-4634\"><a href=\"https:\/\/layer.si\/kaos\/si\/umetniki\/umetniki-na-rezidenci\/umetniki-na-rezidenci-2022\/\" class=\"elementor-item\">2022<\/a><\/li>\n<li class=\"menu-item menu-item-type-post_type menu-item-object-page menu-item-3832\"><a href=\"https:\/\/layer.si\/kaos\/si\/umetniki\/umetniki-na-rezidenci\/umetniki-na-rezidenci-2020\/\" class=\"elementor-item\">2020<\/a><\/li>\n<li class=\"menu-item menu-item-type-post_type menu-item-object-page menu-item-992\"><a href=\"https:\/\/layer.si\/kaos\/si\/umetniki\/umetniki-na-rezidenci\/umetniki-na-rezidenci-2019\/\" class=\"elementor-item\">2019<\/a><\/li>\n<li class=\"menu-item menu-item-type-post_type menu-item-object-page menu-item-993\"><a href=\"https:\/\/layer.si\/kaos\/si\/umetniki\/umetniki-na-rezidenci\/umetniki-na-rezidenci-2018\/\" class=\"elementor-item\">2018<\/a><\/li>\n<\/ul><\/nav>\n\t\t\t\t<\/div>\n\t\t\t\t<\/div>\n\t\t\t\t\t\t<\/div>\n\t\t\t<\/div>\n\t\t<\/div>\n\t\t\t\t\t\t<\/div>\n\t\t\t<\/div>\n\t\t<\/section>\n\t\t\t\t<section class=\"elementor-element elementor-element-9f837ff elementor-section-stretched elementor-section-full_width elementor-section-height-default elementor-section-height-default elementor-section elementor-top-section\" data-id=\"9f837ff\" data-element_type=\"section\" data-settings=\"{&quot;stretch_section&quot;:&quot;section-stretched&quot;}\">\n\t\t\t\t\t\t<div class=\"elementor-container elementor-column-gap-default\">\n\t\t\t\t<div class=\"elementor-row\">\n\t\t\t\t<div class=\"elementor-element elementor-element-724bd2d elementor-column elementor-col-100 elementor-top-column\" data-id=\"724bd2d\" data-element_type=\"column\">\n\t\t\t<div class=\"elementor-column-wrap  elementor-element-populated\">\n\t\t\t\t\t<div class=\"elementor-widget-wrap\">\n\t\t\t\t<div class=\"elementor-element elementor-element-d43714f elementor-grid-4 elementor-posts--align-left elementor-grid-tablet-2 elementor-grid-mobile-1 elementor-posts--thumbnail-top elementor-widget elementor-widget-posts\" data-id=\"d43714f\" data-element_type=\"widget\" data-settings=\"{&quot;classic_columns&quot;:&quot;4&quot;,&quot;classic_row_gap&quot;:{&quot;unit&quot;:&quot;px&quot;,&quot;size&quot;:20,&quot;sizes&quot;:[]},&quot;classic_columns_tablet&quot;:&quot;2&quot;,&quot;classic_columns_mobile&quot;:&quot;1&quot;}\" data-widget_type=\"posts.classic\">\n\t\t\t\t<div class=\"elementor-widget-container\">\n\t\t\t\t\t<div class=\"elementor-posts-container elementor-posts elementor-posts--skin-classic elementor-grid\">\n\t\t\t\t<article class=\"elementor-post elementor-grid-item post-174 umetniki type-umetniki status-publish has-post-thumbnail hentry leto-11 jezik-slo umetnik-kategorija-umetniki-na-rezidenci\">\n\t\t\t\t<a class=\"elementor-post__thumbnail__link\" href=\"https:\/\/layer.si\/kaos\/umetniki\/urska-mazej\/\" >\n\t\t\t<div class=\"elementor-post__thumbnail\"><img width=\"800\" height=\"600\" src=\"https:\/\/layer.si\/kaos\/wp-content\/uploads\/22284123-25058531-1024x768.jpg\" class=\"attachment-large size-large\" alt=\"\" loading=\"lazy\" srcset=\"https:\/\/layer.si\/kaos\/wp-content\/uploads\/22284123-25058531-1024x768.jpg 1024w, https:\/\/layer.si\/kaos\/wp-content\/uploads\/22284123-25058531-300x225.jpg 300w, https:\/\/layer.si\/kaos\/wp-content\/uploads\/22284123-25058531-768x576.jpg 768w, https:\/\/layer.si\/kaos\/wp-content\/uploads\/22284123-25058531.jpg 1200w\" sizes=\"(max-width: 800px) 100vw, 800px\" \/><\/div>\n\t\t<\/a>\n\t\t\t\t<div class=\"elementor-post__text\">\n\t\t\t\t<h1 class=\"elementor-post__title\">\n\t\t\t<a href=\"https:\/\/layer.si\/kaos\/umetniki\/urska-mazej\/\" >\n\t\t\t\tUr\u0161ka Mazej\t\t\t<\/a>\n\t\t<\/h1>\n\t\t\t\t<div class=\"elementor-post__excerpt\">\n\t\t\t<p>Ur\u0161ka Mazej&nbsp;(Slovenija, 1988) je diplomirala na Likovni akademiji v Ljubljani, smer slikarstvo. Razstavljala je na \u0161tevilnih skupinskih in samostojnih razstavah in bila za svoje delo<\/p>\n\t\t<\/div>\n\t\t\t\t<\/div>\n\t\t\t\t<\/article>\n\t\t\t\t<article class=\"elementor-post elementor-grid-item post-176 umetniki type-umetniki status-publish has-post-thumbnail hentry leto-11 jezik-slo umetnik-kategorija-umetniki-na-rezidenci\">\n\t\t\t\t<a class=\"elementor-post__thumbnail__link\" href=\"https:\/\/layer.si\/kaos\/umetniki\/lane\/\" >\n\t\t\t<div class=\"elementor-post__thumbnail\"><img width=\"800\" height=\"450\" src=\"https:\/\/layer.si\/kaos\/wp-content\/uploads\/22284052-25058506-1024x576.jpg\" class=\"attachment-large size-large\" alt=\"\" loading=\"lazy\" srcset=\"https:\/\/layer.si\/kaos\/wp-content\/uploads\/22284052-25058506-1024x576.jpg 1024w, https:\/\/layer.si\/kaos\/wp-content\/uploads\/22284052-25058506-300x169.jpg 300w, https:\/\/layer.si\/kaos\/wp-content\/uploads\/22284052-25058506-768x432.jpg 768w, https:\/\/layer.si\/kaos\/wp-content\/uploads\/22284052-25058506.jpg 1200w\" sizes=\"(max-width: 800px) 100vw, 800px\" \/><\/div>\n\t\t<\/a>\n\t\t\t\t<div class=\"elementor-post__text\">\n\t\t\t\t<h1 class=\"elementor-post__title\">\n\t\t\t<a href=\"https:\/\/layer.si\/kaos\/umetniki\/lane\/\" >\n\t\t\t\tLane\t\t\t<\/a>\n\t\t<\/h1>\n\t\t\t\t<div class=\"elementor-post__excerpt\">\n\t\t\t<p>Lane&nbsp;(Gr\u010dija, 1983) se je sama izu\u010dila tehnike kola\u017ea, pri ustvarjanju katerega uporablja predvsem papir. Sodelovala je na skupinskih razstavah v Gr\u010diji, Italiji, Nem\u010diji in ZDA.<\/p>\n\t\t<\/div>\n\t\t\t\t<\/div>\n\t\t\t\t<\/article>\n\t\t\t\t<article class=\"elementor-post elementor-grid-item post-178 umetniki type-umetniki status-publish has-post-thumbnail hentry leto-11 jezik-slo umetnik-kategorija-umetniki-na-rezidenci\">\n\t\t\t\t<a class=\"elementor-post__thumbnail__link\" href=\"https:\/\/layer.si\/kaos\/umetniki\/simone-karl\/\" >\n\t\t\t<div class=\"elementor-post__thumbnail\"><img width=\"800\" height=\"534\" src=\"https:\/\/layer.si\/kaos\/wp-content\/uploads\/22284041-25058485-1024x683.jpg\" class=\"attachment-large size-large\" alt=\"\" loading=\"lazy\" srcset=\"https:\/\/layer.si\/kaos\/wp-content\/uploads\/22284041-25058485-1024x683.jpg 1024w, https:\/\/layer.si\/kaos\/wp-content\/uploads\/22284041-25058485-300x200.jpg 300w, https:\/\/layer.si\/kaos\/wp-content\/uploads\/22284041-25058485-768x512.jpg 768w, https:\/\/layer.si\/kaos\/wp-content\/uploads\/22284041-25058485.jpg 1200w\" sizes=\"(max-width: 800px) 100vw, 800px\" \/><\/div>\n\t\t<\/a>\n\t\t\t\t<div class=\"elementor-post__text\">\n\t\t\t\t<h1 class=\"elementor-post__title\">\n\t\t\t<a href=\"https:\/\/layer.si\/kaos\/umetniki\/simone-karl\/\" >\n\t\t\t\tSimone Karl\t\t\t<\/a>\n\t\t<\/h1>\n\t\t\t\t<div class=\"elementor-post__excerpt\">\n\t\t\t<p>Simone Karl&nbsp;(Nem\u010dija, 1989) je kon\u010dala \u0161tudij oblikovanja na Technische Hochschule v N\u00fcrnbergu in magisterij iz oblikovanja na univerzi uporabnih umetnosti (HAW) v Hamburgu. Njena umetni\u0161ka<\/p>\n\t\t<\/div>\n\t\t\t\t<\/div>\n\t\t\t\t<\/article>\n\t\t\t\t<article class=\"elementor-post elementor-grid-item post-180 umetniki type-umetniki status-publish has-post-thumbnail hentry leto-11 jezik-slo umetnik-kategorija-umetniki-na-rezidenci\">\n\t\t\t\t<a class=\"elementor-post__thumbnail__link\" href=\"https:\/\/layer.si\/kaos\/umetniki\/kai-holland\/\" >\n\t\t\t<div class=\"elementor-post__thumbnail\"><img width=\"800\" height=\"600\" src=\"https:\/\/layer.si\/kaos\/wp-content\/uploads\/22283973-25102996-1024x768.jpg\" class=\"attachment-large size-large\" alt=\"\" loading=\"lazy\" srcset=\"https:\/\/layer.si\/kaos\/wp-content\/uploads\/22283973-25102996-1024x768.jpg 1024w, https:\/\/layer.si\/kaos\/wp-content\/uploads\/22283973-25102996-300x225.jpg 300w, https:\/\/layer.si\/kaos\/wp-content\/uploads\/22283973-25102996-768x576.jpg 768w, https:\/\/layer.si\/kaos\/wp-content\/uploads\/22283973-25102996.jpg 1200w\" sizes=\"(max-width: 800px) 100vw, 800px\" \/><\/div>\n\t\t<\/a>\n\t\t\t\t<div class=\"elementor-post__text\">\n\t\t\t\t<h1 class=\"elementor-post__title\">\n\t\t\t<a href=\"https:\/\/layer.si\/kaos\/umetniki\/kai-holland\/\" >\n\t\t\t\tKai Holland\t\t\t<\/a>\n\t\t<\/h1>\n\t\t\t\t<div class=\"elementor-post__excerpt\">\n\t\t\t<p>Kai Holland&nbsp;(Nem\u010dija, 1965) je umetnik, ki je svoje ustvarjanje za\u010del na podro\u010dju fotografije, predvsem dokumentarne. \u0160tudiral je vizualno komunikacijo ter fotografijo in film na univerzi<\/p>\n\t\t<\/div>\n\t\t\t\t<\/div>\n\t\t\t\t<\/article>\n\t\t\t\t<article class=\"elementor-post elementor-grid-item post-182 umetniki type-umetniki status-publish has-post-thumbnail hentry leto-11 jezik-slo umetnik-kategorija-umetniki-na-rezidenci\">\n\t\t\t\t<a class=\"elementor-post__thumbnail__link\" href=\"https:\/\/layer.si\/kaos\/umetniki\/claudio-beorchia\/\" >\n\t\t\t<div class=\"elementor-post__thumbnail\"><img width=\"800\" height=\"535\" src=\"https:\/\/layer.si\/kaos\/wp-content\/uploads\/22251631-25058332-1024x685.jpg\" class=\"attachment-large size-large\" alt=\"\" loading=\"lazy\" srcset=\"https:\/\/layer.si\/kaos\/wp-content\/uploads\/22251631-25058332-1024x685.jpg 1024w, https:\/\/layer.si\/kaos\/wp-content\/uploads\/22251631-25058332-300x201.jpg 300w, https:\/\/layer.si\/kaos\/wp-content\/uploads\/22251631-25058332-768x514.jpg 768w, https:\/\/layer.si\/kaos\/wp-content\/uploads\/22251631-25058332.jpg 1200w\" sizes=\"(max-width: 800px) 100vw, 800px\" \/><\/div>\n\t\t<\/a>\n\t\t\t\t<div class=\"elementor-post__text\">\n\t\t\t\t<h1 class=\"elementor-post__title\">\n\t\t\t<a href=\"https:\/\/layer.si\/kaos\/umetniki\/claudio-beorchia\/\" >\n\t\t\t\tClaudio Beorchia\t\t\t<\/a>\n\t\t<\/h1>\n\t\t\t\t<div class=\"elementor-post__excerpt\">\n\t\t\t<p>Claudio Beorchia&nbsp;(Italija, 1979) je umetnik, ki se ukvarja s skulpturo, instalacijo in kola\u017eem. \u0160tudiral je oblikovanje in vizualno umetnost na univerzi&nbsp;Universit\u00e0 Iuav di Venezia&nbsp;v Benetkah,<\/p>\n\t\t<\/div>\n\t\t\t\t<\/div>\n\t\t\t\t<\/article>\n\t\t\t\t<article class=\"elementor-post elementor-grid-item post-184 umetniki type-umetniki status-publish has-post-thumbnail hentry leto-11 jezik-slo umetnik-kategorija-umetniki-na-rezidenci\">\n\t\t\t\t<a class=\"elementor-post__thumbnail__link\" href=\"https:\/\/layer.si\/kaos\/umetniki\/brut-carniollus\/\" >\n\t\t\t<div class=\"elementor-post__thumbnail\"><img width=\"800\" height=\"600\" src=\"https:\/\/layer.si\/kaos\/wp-content\/uploads\/22251586-25058410-1024x768.jpg\" class=\"attachment-large size-large\" alt=\"\" loading=\"lazy\" srcset=\"https:\/\/layer.si\/kaos\/wp-content\/uploads\/22251586-25058410-1024x768.jpg 1024w, https:\/\/layer.si\/kaos\/wp-content\/uploads\/22251586-25058410-300x225.jpg 300w, https:\/\/layer.si\/kaos\/wp-content\/uploads\/22251586-25058410-768x576.jpg 768w, https:\/\/layer.si\/kaos\/wp-content\/uploads\/22251586-25058410.jpg 1200w\" sizes=\"(max-width: 800px) 100vw, 800px\" \/><\/div>\n\t\t<\/a>\n\t\t\t\t<div class=\"elementor-post__text\">\n\t\t\t\t<h1 class=\"elementor-post__title\">\n\t\t\t<a href=\"https:\/\/layer.si\/kaos\/umetniki\/brut-carniollus\/\" >\n\t\t\t\tBrut Carniollus\t\t\t<\/a>\n\t\t<\/h1>\n\t\t\t\t<div class=\"elementor-post__excerpt\">\n\t\t\t<p>Brut Carniollus&nbsp;(Slovenija, 1959) je vizualni umetnik in fotograf, ki se usmerja predvsem v tehniko digitalnega kola\u017ea, pri katerem porablja fotografijo kot njen glavni sestavni del<\/p>\n\t\t<\/div>\n\t\t\t\t<\/div>\n\t\t\t\t<\/article>\n\t\t\t\t<article class=\"elementor-post elementor-grid-item post-186 umetniki type-umetniki status-publish has-post-thumbnail hentry leto-11 jezik-slo umetnik-kategorija-umetniki-na-rezidenci\">\n\t\t\t\t<a class=\"elementor-post__thumbnail__link\" href=\"https:\/\/layer.si\/kaos\/umetniki\/giorgos-chronis\/\" >\n\t\t\t<div class=\"elementor-post__thumbnail\"><img width=\"800\" height=\"533\" src=\"https:\/\/layer.si\/kaos\/wp-content\/uploads\/22251578-25058429-1024x682.jpg\" class=\"attachment-large size-large\" alt=\"\" loading=\"lazy\" srcset=\"https:\/\/layer.si\/kaos\/wp-content\/uploads\/22251578-25058429-1024x682.jpg 1024w, https:\/\/layer.si\/kaos\/wp-content\/uploads\/22251578-25058429-300x200.jpg 300w, https:\/\/layer.si\/kaos\/wp-content\/uploads\/22251578-25058429-768x511.jpg 768w, https:\/\/layer.si\/kaos\/wp-content\/uploads\/22251578-25058429.jpg 1200w\" sizes=\"(max-width: 800px) 100vw, 800px\" \/><\/div>\n\t\t<\/a>\n\t\t\t\t<div class=\"elementor-post__text\">\n\t\t\t\t<h1 class=\"elementor-post__title\">\n\t\t\t<a href=\"https:\/\/layer.si\/kaos\/umetniki\/giorgos-chronis\/\" >\n\t\t\t\tGiorgos Chronis\t\t\t<\/a>\n\t\t<\/h1>\n\t\t\t\t<div class=\"elementor-post__excerpt\">\n\t\t\t<p>Giorgos Chronis&nbsp;(Gr\u010dija, 1986) je kon\u010dal \u0161tudij uporabnih umetnosti na visoki tehni\u010dni \u0161oli v Rethymno (Kreta) in grafi\u010dnega oblikovanja na AKTO College v Atenah. Umetnik se<\/p>\n\t\t<\/div>\n\t\t\t\t<\/div>\n\t\t\t\t<\/article>\n\t\t\t\t<article class=\"elementor-post elementor-grid-item post-188 umetniki type-umetniki status-publish has-post-thumbnail hentry leto-11 jezik-slo umetnik-kategorija-umetniki-na-rezidenci\">\n\t\t\t\t<a class=\"elementor-post__thumbnail__link\" href=\"https:\/\/layer.si\/kaos\/umetniki\/barbara-demsar\/\" >\n\t\t\t<div class=\"elementor-post__thumbnail\"><img width=\"800\" height=\"449\" src=\"https:\/\/layer.si\/kaos\/wp-content\/uploads\/22251528-25058449-1024x575.jpg\" class=\"attachment-large size-large\" alt=\"\" loading=\"lazy\" srcset=\"https:\/\/layer.si\/kaos\/wp-content\/uploads\/22251528-25058449-1024x575.jpg 1024w, https:\/\/layer.si\/kaos\/wp-content\/uploads\/22251528-25058449-300x169.jpg 300w, https:\/\/layer.si\/kaos\/wp-content\/uploads\/22251528-25058449-768x431.jpg 768w, https:\/\/layer.si\/kaos\/wp-content\/uploads\/22251528-25058449.jpg 1200w\" sizes=\"(max-width: 800px) 100vw, 800px\" \/><\/div>\n\t\t<\/a>\n\t\t\t\t<div class=\"elementor-post__text\">\n\t\t\t\t<h1 class=\"elementor-post__title\">\n\t\t\t<a href=\"https:\/\/layer.si\/kaos\/umetniki\/barbara-demsar\/\" >\n\t\t\t\tBarbara Dem\u0161ar\t\t\t<\/a>\n\t\t<\/h1>\n\t\t\t\t<div class=\"elementor-post__excerpt\">\n\t\t\t<p>Barbara Dem\u0161ar&nbsp;(Slovenija, 1969) je diplomirala iz likovne pedagogike pri prof. H. Gvardjan\u010di\u010du na Pedago\u0161ki fakulteti v Ljubljani. \u0160tudijsko se je izpopolnjevala v Franciji, ZDA in<\/p>\n\t\t<\/div>\n\t\t\t\t<\/div>\n\t\t\t\t<\/article>\n\t\t\t\t<\/div>\n\t\t\t\t<\/div>\n\t\t\t\t<\/div>\n\t\t\t\t\t\t<\/div>\n\t\t\t<\/div>\n\t\t<\/div>\n\t\t\t\t\t\t<\/div>\n\t\t\t<\/div>\n\t\t<\/section>\n\t\t\t\t\t\t<\/div>\n\t\t\t<\/div>\n\t\t<\/div>\n\t\t","protected":false},"excerpt":{"rendered":"","protected":false},"author":1,"featured_media":0,"parent":330,"menu_order":4,"comment_status":"closed","ping_status":"closed","template":"","meta":[],"_links":{"self":[{"href":"https:\/\/layer.si\/kaos\/wp-json\/wp\/v2\/pages\/214"}],"collection":[{"href":"https:\/\/layer.si\/kaos\/wp-json\/wp\/v2\/pages"}],"about":[{"href":"https:\/\/layer.si\/kaos\/wp-json\/wp\/v2\/types\/page"}],"author":[{"embeddable":true,"href":"https:\/\/layer.si\/kaos\/wp-json\/wp\/v2\/users\/1"}],"replies":[{"embeddable":true,"href":"https:\/\/layer.si\/kaos\/wp-json\/wp\/v2\/comments?post=214"}],"version-history":[{"count":32,"href":"https:\/\/layer.si\/kaos\/wp-json\/wp\/v2\/pages\/214\/revisions"}],"predecessor-version":[{"id":4198,"href":"https:\/\/layer.si\/kaos\/wp-json\/wp\/v2\/pages\/214\/revisions\/4198"}],"up":[{"embeddable":true,"href":"https:\/\/layer.si\/kaos\/wp-json\/wp\/v2\/pages\/330"}],"wp:attachment":[{"href":"https:\/\/layer.si\/kaos\/wp-json\/wp\/v2\/media?parent=214"}],"curies":[{"name":"wp","href":"https:\/\/api.w.org\/{rel}","templated":true}]}}