{"id":239,"date":"2019-03-30T22:28:56","date_gmt":"2019-03-30T22:28:56","guid":{"rendered":"https:\/\/layer.si\/kaos\/?page_id=239"},"modified":"2020-07-08T20:03:11","modified_gmt":"2020-07-08T20:03:11","slug":"umetniki-na-rezidenci-2019","status":"publish","type":"page","link":"https:\/\/layer.si\/kaos\/si\/umetniki\/umetniki-na-rezidenci\/umetniki-na-rezidenci-2019\/","title":{"rendered":"Umetniki na rezidenci 2019"},"content":{"rendered":"\t\t<div data-elementor-type=\"wp-post\" data-elementor-id=\"239\" class=\"elementor elementor-239\" data-elementor-settings=\"[]\">\n\t\t\t<div class=\"elementor-inner\">\n\t\t\t\t<div class=\"elementor-section-wrap\">\n\t\t\t\t\t\t\t<section class=\"elementor-element elementor-element-48f6cc5 elementor-section-boxed elementor-section-height-default elementor-section-height-default elementor-section elementor-top-section\" data-id=\"48f6cc5\" data-element_type=\"section\">\n\t\t\t\t\t\t<div class=\"elementor-container elementor-column-gap-default\">\n\t\t\t\t<div class=\"elementor-row\">\n\t\t\t\t<div class=\"elementor-element elementor-element-513500a elementor-column elementor-col-100 elementor-top-column\" data-id=\"513500a\" data-element_type=\"column\">\n\t\t\t<div class=\"elementor-column-wrap  elementor-element-populated\">\n\t\t\t\t\t<div class=\"elementor-widget-wrap\">\n\t\t\t\t<div class=\"elementor-element elementor-element-be94158 elementor-nav-menu__align-center elementor-nav-menu__text-align-center elementor-nav-menu--indicator-classic elementor-nav-menu--dropdown-tablet elementor-widget elementor-widget-nav-menu\" data-id=\"be94158\" data-element_type=\"widget\" data-settings=\"{&quot;layout&quot;:&quot;horizontal&quot;}\" data-widget_type=\"nav-menu.default\">\n\t\t\t\t<div class=\"elementor-widget-container\">\n\t\t\t\t\t\t<nav role=\"navigation\" class=\"elementor-nav-menu--main elementor-nav-menu__container elementor-nav-menu--layout-horizontal e--pointer-underline e--animation-fade\"><ul id=\"menu-1-be94158\" class=\"elementor-nav-menu\"><li class=\"menu-item menu-item-type-post_type menu-item-object-page menu-item-5574\"><a href=\"https:\/\/layer.si\/kaos\/si\/umetniki\/umetniki-na-rezidenci\/umetniki-na-rezidenci-2024\/\" class=\"elementor-item\">2024<\/a><\/li>\n<li class=\"menu-item menu-item-type-post_type menu-item-object-page menu-item-4634\"><a href=\"https:\/\/layer.si\/kaos\/si\/umetniki\/umetniki-na-rezidenci\/umetniki-na-rezidenci-2022\/\" class=\"elementor-item\">2022<\/a><\/li>\n<li class=\"menu-item menu-item-type-post_type menu-item-object-page menu-item-3832\"><a href=\"https:\/\/layer.si\/kaos\/si\/umetniki\/umetniki-na-rezidenci\/umetniki-na-rezidenci-2020\/\" class=\"elementor-item\">2020<\/a><\/li>\n<li class=\"menu-item menu-item-type-post_type menu-item-object-page menu-item-992\"><a href=\"https:\/\/layer.si\/kaos\/si\/umetniki\/umetniki-na-rezidenci\/umetniki-na-rezidenci-2019\/\" class=\"elementor-item\">2019<\/a><\/li>\n<li class=\"menu-item menu-item-type-post_type menu-item-object-page menu-item-993\"><a href=\"https:\/\/layer.si\/kaos\/si\/umetniki\/umetniki-na-rezidenci\/umetniki-na-rezidenci-2018\/\" class=\"elementor-item\">2018<\/a><\/li>\n<\/ul><\/nav>\n\t\t\t\t\t<div class=\"elementor-menu-toggle\" role=\"button\" tabindex=\"0\" aria-label=\"Menu Toggle\" aria-expanded=\"false\">\n\t\t\t<i class=\"eicon-menu-bar\" aria-hidden=\"true\"><\/i>\n\t\t\t<span class=\"elementor-screen-only\">Menu<\/span>\n\t\t<\/div>\n\t\t\t<nav class=\"elementor-nav-menu--dropdown elementor-nav-menu__container\" role=\"navigation\" aria-hidden=\"true\"><ul id=\"menu-2-be94158\" class=\"elementor-nav-menu\"><li class=\"menu-item menu-item-type-post_type menu-item-object-page menu-item-5574\"><a href=\"https:\/\/layer.si\/kaos\/si\/umetniki\/umetniki-na-rezidenci\/umetniki-na-rezidenci-2024\/\" class=\"elementor-item\">2024<\/a><\/li>\n<li class=\"menu-item menu-item-type-post_type menu-item-object-page menu-item-4634\"><a href=\"https:\/\/layer.si\/kaos\/si\/umetniki\/umetniki-na-rezidenci\/umetniki-na-rezidenci-2022\/\" class=\"elementor-item\">2022<\/a><\/li>\n<li class=\"menu-item menu-item-type-post_type menu-item-object-page menu-item-3832\"><a href=\"https:\/\/layer.si\/kaos\/si\/umetniki\/umetniki-na-rezidenci\/umetniki-na-rezidenci-2020\/\" class=\"elementor-item\">2020<\/a><\/li>\n<li class=\"menu-item menu-item-type-post_type menu-item-object-page menu-item-992\"><a href=\"https:\/\/layer.si\/kaos\/si\/umetniki\/umetniki-na-rezidenci\/umetniki-na-rezidenci-2019\/\" class=\"elementor-item\">2019<\/a><\/li>\n<li class=\"menu-item menu-item-type-post_type menu-item-object-page menu-item-993\"><a href=\"https:\/\/layer.si\/kaos\/si\/umetniki\/umetniki-na-rezidenci\/umetniki-na-rezidenci-2018\/\" class=\"elementor-item\">2018<\/a><\/li>\n<\/ul><\/nav>\n\t\t\t\t<\/div>\n\t\t\t\t<\/div>\n\t\t\t\t\t\t<\/div>\n\t\t\t<\/div>\n\t\t<\/div>\n\t\t\t\t\t\t<\/div>\n\t\t\t<\/div>\n\t\t<\/section>\n\t\t\t\t<section class=\"elementor-element elementor-element-3386c58 elementor-section-stretched elementor-section-full_width elementor-section-height-default elementor-section-height-default elementor-section elementor-top-section\" data-id=\"3386c58\" data-element_type=\"section\" data-settings=\"{&quot;stretch_section&quot;:&quot;section-stretched&quot;}\">\n\t\t\t\t\t\t<div class=\"elementor-container elementor-column-gap-default\">\n\t\t\t\t<div class=\"elementor-row\">\n\t\t\t\t<div class=\"elementor-element elementor-element-27c2980 elementor-column elementor-col-100 elementor-top-column\" data-id=\"27c2980\" data-element_type=\"column\">\n\t\t\t<div class=\"elementor-column-wrap  elementor-element-populated\">\n\t\t\t\t\t<div class=\"elementor-widget-wrap\">\n\t\t\t\t<div class=\"elementor-element elementor-element-2f2a50f elementor-grid-4 elementor-posts--align-left elementor-grid-tablet-2 elementor-grid-mobile-1 elementor-posts--thumbnail-top elementor-widget elementor-widget-posts\" data-id=\"2f2a50f\" data-element_type=\"widget\" data-settings=\"{&quot;classic_columns&quot;:&quot;4&quot;,&quot;classic_row_gap&quot;:{&quot;unit&quot;:&quot;px&quot;,&quot;size&quot;:20,&quot;sizes&quot;:[]},&quot;classic_columns_tablet&quot;:&quot;2&quot;,&quot;classic_columns_mobile&quot;:&quot;1&quot;}\" data-widget_type=\"posts.classic\">\n\t\t\t\t<div class=\"elementor-widget-container\">\n\t\t\t\t\t<div class=\"elementor-posts-container elementor-posts elementor-posts--skin-classic elementor-grid\">\n\t\t\t\t<article class=\"elementor-post elementor-grid-item post-1150 umetniki type-umetniki status-publish has-post-thumbnail hentry leto-12 jezik-slo umetnik-kategorija-umetniki-na-rezidenci\">\n\t\t\t\t<a class=\"elementor-post__thumbnail__link\" href=\"https:\/\/layer.si\/kaos\/umetniki\/eugenia-conde\/\" >\n\t\t\t<div class=\"elementor-post__thumbnail\"><img width=\"736\" height=\"1024\" src=\"https:\/\/layer.si\/kaos\/wp-content\/uploads\/eugenia_conde-736x1024.jpg\" class=\"attachment-large size-large\" alt=\"\" loading=\"lazy\" srcset=\"https:\/\/layer.si\/kaos\/wp-content\/uploads\/eugenia_conde-736x1024.jpg 736w, https:\/\/layer.si\/kaos\/wp-content\/uploads\/eugenia_conde-216x300.jpg 216w, https:\/\/layer.si\/kaos\/wp-content\/uploads\/eugenia_conde-768x1068.jpg 768w\" sizes=\"(max-width: 736px) 100vw, 736px\" \/><\/div>\n\t\t<\/a>\n\t\t\t\t<div class=\"elementor-post__text\">\n\t\t\t\t<h1 class=\"elementor-post__title\">\n\t\t\t<a href=\"https:\/\/layer.si\/kaos\/umetniki\/eugenia-conde\/\" >\n\t\t\t\tEugenia Conde\t\t\t<\/a>\n\t\t<\/h1>\n\t\t\t\t<div class=\"elementor-post__excerpt\">\n\t\t\t<p>Rojena v Argentini leta 1972. Grafi\u010dna oblikovalka, ilustratorka in kola\u017eistka, ki \u017eivi in dela v Madridu. Kola\u017e razume kot potrebo po odkrivanju zgodb, ki se<\/p>\n\t\t<\/div>\n\t\t\t\t<\/div>\n\t\t\t\t<\/article>\n\t\t\t\t<article class=\"elementor-post elementor-grid-item post-1153 umetniki type-umetniki status-publish has-post-thumbnail hentry leto-12 jezik-slo umetnik-kategorija-umetniki-na-rezidenci\">\n\t\t\t\t<a class=\"elementor-post__thumbnail__link\" href=\"https:\/\/layer.si\/kaos\/umetniki\/bill-noir\/\" >\n\t\t\t<div class=\"elementor-post__thumbnail\"><img width=\"764\" height=\"1024\" src=\"https:\/\/layer.si\/kaos\/wp-content\/uploads\/Bill-Noir-764x1024.jpg\" class=\"attachment-large size-large\" alt=\"\" loading=\"lazy\" srcset=\"https:\/\/layer.si\/kaos\/wp-content\/uploads\/Bill-Noir-764x1024.jpg 764w, https:\/\/layer.si\/kaos\/wp-content\/uploads\/Bill-Noir-224x300.jpg 224w, https:\/\/layer.si\/kaos\/wp-content\/uploads\/Bill-Noir-768x1029.jpg 768w, https:\/\/layer.si\/kaos\/wp-content\/uploads\/Bill-Noir.jpg 1642w\" sizes=\"(max-width: 764px) 100vw, 764px\" \/><\/div>\n\t\t<\/a>\n\t\t\t\t<div class=\"elementor-post__text\">\n\t\t\t\t<h1 class=\"elementor-post__title\">\n\t\t\t<a href=\"https:\/\/layer.si\/kaos\/umetniki\/bill-noir\/\" >\n\t\t\t\tBill Noir\t\t\t<\/a>\n\t\t<\/h1>\n\t\t\t\t<div class=\"elementor-post__excerpt\">\n\t\t\t<p>Bill Noir je vzdevek in besedna igra, za katerima se skriva navdu\u0161enec nad vizualnimi podobami, rojen 1981 v Franciji. Po kon\u010danem \u0161tudiji na Epinalu v<\/p>\n\t\t<\/div>\n\t\t\t\t<\/div>\n\t\t\t\t<\/article>\n\t\t\t\t<article class=\"elementor-post elementor-grid-item post-1156 umetniki type-umetniki status-publish has-post-thumbnail hentry leto-12 jezik-slo umetnik-kategorija-umetniki-na-rezidenci\">\n\t\t\t\t<a class=\"elementor-post__thumbnail__link\" href=\"https:\/\/layer.si\/kaos\/umetniki\/tinca-veerman\/\" >\n\t\t\t<div class=\"elementor-post__thumbnail\"><img width=\"800\" height=\"800\" src=\"https:\/\/layer.si\/kaos\/wp-content\/uploads\/tinca-1024x1024.jpg\" class=\"attachment-large size-large\" alt=\"\" loading=\"lazy\" srcset=\"https:\/\/layer.si\/kaos\/wp-content\/uploads\/tinca-1024x1024.jpg 1024w, https:\/\/layer.si\/kaos\/wp-content\/uploads\/tinca-150x150.jpg 150w, https:\/\/layer.si\/kaos\/wp-content\/uploads\/tinca-300x300.jpg 300w, https:\/\/layer.si\/kaos\/wp-content\/uploads\/tinca-768x768.jpg 768w\" sizes=\"(max-width: 800px) 100vw, 800px\" \/><\/div>\n\t\t<\/a>\n\t\t\t\t<div class=\"elementor-post__text\">\n\t\t\t\t<h1 class=\"elementor-post__title\">\n\t\t\t<a href=\"https:\/\/layer.si\/kaos\/umetniki\/tinca-veerman\/\" >\n\t\t\t\tTinca Veerman\t\t\t<\/a>\n\t\t<\/h1>\n\t\t\t\t<div class=\"elementor-post__excerpt\">\n\t\t\t<p>Rojena 1964 na Nizozemskem. \u0160tudirala je na ARTez v Arnhemu na Nizozemskem. Po diplomi leta 1990 je delala na grafi\u010dnem centru Frans Masereel v Belgiji,<\/p>\n\t\t<\/div>\n\t\t\t\t<\/div>\n\t\t\t\t<\/article>\n\t\t\t\t<article class=\"elementor-post elementor-grid-item post-1159 umetniki type-umetniki status-publish has-post-thumbnail hentry leto-12 jezik-slo umetnik-kategorija-umetniki-na-rezidenci\">\n\t\t\t\t<a class=\"elementor-post__thumbnail__link\" href=\"https:\/\/layer.si\/kaos\/umetniki\/susana-blasco\/\" >\n\t\t\t<div class=\"elementor-post__thumbnail\"><img width=\"800\" height=\"979\" src=\"https:\/\/layer.si\/kaos\/wp-content\/uploads\/susanablasco_virginia-837x1024.jpeg\" class=\"attachment-large size-large\" alt=\"\" loading=\"lazy\" srcset=\"https:\/\/layer.si\/kaos\/wp-content\/uploads\/susanablasco_virginia-837x1024.jpeg 837w, https:\/\/layer.si\/kaos\/wp-content\/uploads\/susanablasco_virginia-245x300.jpeg 245w, https:\/\/layer.si\/kaos\/wp-content\/uploads\/susanablasco_virginia-768x939.jpeg 768w, https:\/\/layer.si\/kaos\/wp-content\/uploads\/susanablasco_virginia.jpeg 960w\" sizes=\"(max-width: 800px) 100vw, 800px\" \/><\/div>\n\t\t<\/a>\n\t\t\t\t<div class=\"elementor-post__text\">\n\t\t\t\t<h1 class=\"elementor-post__title\">\n\t\t\t<a href=\"https:\/\/layer.si\/kaos\/umetniki\/susana-blasco\/\" >\n\t\t\t\tSusana Blasco\t\t\t<\/a>\n\t\t<\/h1>\n\t\t\t\t<div class=\"elementor-post__excerpt\">\n\t\t\t<p>Rojena leta 1972 v \u0160paniji. Grafi\u010dna oblikovalka, ilustratorka in kola\u017eistka. Vse delo, tako grafi\u010dno kot umetni\u0161ko, izra\u017ea mo\u010dno simboli\u010dno mo\u010d s poudarkom na konceptu. Vsako<\/p>\n\t\t<\/div>\n\t\t\t\t<\/div>\n\t\t\t\t<\/article>\n\t\t\t\t<article class=\"elementor-post elementor-grid-item post-1162 umetniki type-umetniki status-publish has-post-thumbnail hentry leto-12 jezik-slo umetnik-kategorija-umetniki-na-rezidenci\">\n\t\t\t\t<a class=\"elementor-post__thumbnail__link\" href=\"https:\/\/layer.si\/kaos\/umetniki\/marta-zivicnjak\/\" >\n\t\t\t<div class=\"elementor-post__thumbnail\"><img width=\"800\" height=\"644\" src=\"https:\/\/layer.si\/kaos\/wp-content\/uploads\/Marta-Zivicnjak-1024x824.jpg\" class=\"attachment-large size-large\" alt=\"\" loading=\"lazy\" srcset=\"https:\/\/layer.si\/kaos\/wp-content\/uploads\/Marta-Zivicnjak-1024x824.jpg 1024w, https:\/\/layer.si\/kaos\/wp-content\/uploads\/Marta-Zivicnjak-300x241.jpg 300w, https:\/\/layer.si\/kaos\/wp-content\/uploads\/Marta-Zivicnjak-768x618.jpg 768w, https:\/\/layer.si\/kaos\/wp-content\/uploads\/Marta-Zivicnjak.jpg 1080w\" sizes=\"(max-width: 800px) 100vw, 800px\" \/><\/div>\n\t\t<\/a>\n\t\t\t\t<div class=\"elementor-post__text\">\n\t\t\t\t<h1 class=\"elementor-post__title\">\n\t\t\t<a href=\"https:\/\/layer.si\/kaos\/umetniki\/marta-zivicnjak\/\" >\n\t\t\t\tMarta \u017divi\u010dnjak\t\t\t<\/a>\n\t\t<\/h1>\n\t\t\t\t<div class=\"elementor-post__excerpt\">\n\t\t\t<p>Rojena leta 1987 v Zagrebu, kjer je tudi najprej dokon\u010dala srednjo \u0161olo za uporabne umetnosti, nato pa se vpisala \u0161e na Akademijo za likovno umetnost,<\/p>\n\t\t<\/div>\n\t\t\t\t<\/div>\n\t\t\t\t<\/article>\n\t\t\t\t<article class=\"elementor-post elementor-grid-item post-1143 umetniki type-umetniki status-publish has-post-thumbnail hentry leto-12 jezik-slo umetnik-kategorija-umetniki-na-rezidenci\">\n\t\t\t\t<a class=\"elementor-post__thumbnail__link\" href=\"https:\/\/layer.si\/kaos\/umetniki\/andrej-stular\/\" >\n\t\t\t<div class=\"elementor-post__thumbnail\"><img width=\"800\" height=\"800\" src=\"https:\/\/layer.si\/kaos\/wp-content\/uploads\/Andrej-Stular-Bezimo-naslovka-1-1024x1024.jpg\" class=\"attachment-large size-large\" alt=\"\" loading=\"lazy\" srcset=\"https:\/\/layer.si\/kaos\/wp-content\/uploads\/Andrej-Stular-Bezimo-naslovka-1-1024x1024.jpg 1024w, https:\/\/layer.si\/kaos\/wp-content\/uploads\/Andrej-Stular-Bezimo-naslovka-1-150x150.jpg 150w, https:\/\/layer.si\/kaos\/wp-content\/uploads\/Andrej-Stular-Bezimo-naslovka-1-300x300.jpg 300w, https:\/\/layer.si\/kaos\/wp-content\/uploads\/Andrej-Stular-Bezimo-naslovka-1-768x768.jpg 768w\" sizes=\"(max-width: 800px) 100vw, 800px\" \/><\/div>\n\t\t<\/a>\n\t\t\t\t<div class=\"elementor-post__text\">\n\t\t\t\t<h1 class=\"elementor-post__title\">\n\t\t\t<a href=\"https:\/\/layer.si\/kaos\/umetniki\/andrej-stular\/\" >\n\t\t\t\tAndrej \u0160tular\t\t\t<\/a>\n\t\t<\/h1>\n\t\t\t\t<div class=\"elementor-post__excerpt\">\n\t\t\t<p>Je multimedijski umetnik, ki je aktiven na razli\u010dnih podro\u010djih vizualne umetnosti: ilustraciji, stripih, videu, filmu, kiparstvu, slikarstvu, lutkarstvu in fotografiji. Je \u010dlan striparskega kolektiva Strip<\/p>\n\t\t<\/div>\n\t\t\t\t<\/div>\n\t\t\t\t<\/article>\n\t\t\t\t<\/div>\n\t\t\t\t<\/div>\n\t\t\t\t<\/div>\n\t\t\t\t\t\t<\/div>\n\t\t\t<\/div>\n\t\t<\/div>\n\t\t\t\t\t\t<\/div>\n\t\t\t<\/div>\n\t\t<\/section>\n\t\t\t\t\t\t<\/div>\n\t\t\t<\/div>\n\t\t<\/div>\n\t\t","protected":false},"excerpt":{"rendered":"","protected":false},"author":1,"featured_media":0,"parent":330,"menu_order":3,"comment_status":"closed","ping_status":"closed","template":"","meta":[],"_links":{"self":[{"href":"https:\/\/layer.si\/kaos\/wp-json\/wp\/v2\/pages\/239"}],"collection":[{"href":"https:\/\/layer.si\/kaos\/wp-json\/wp\/v2\/pages"}],"about":[{"href":"https:\/\/layer.si\/kaos\/wp-json\/wp\/v2\/types\/page"}],"author":[{"embeddable":true,"href":"https:\/\/layer.si\/kaos\/wp-json\/wp\/v2\/users\/1"}],"replies":[{"embeddable":true,"href":"https:\/\/layer.si\/kaos\/wp-json\/wp\/v2\/comments?post=239"}],"version-history":[{"count":18,"href":"https:\/\/layer.si\/kaos\/wp-json\/wp\/v2\/pages\/239\/revisions"}],"predecessor-version":[{"id":4197,"href":"https:\/\/layer.si\/kaos\/wp-json\/wp\/v2\/pages\/239\/revisions\/4197"}],"up":[{"embeddable":true,"href":"https:\/\/layer.si\/kaos\/wp-json\/wp\/v2\/pages\/330"}],"wp:attachment":[{"href":"https:\/\/layer.si\/kaos\/wp-json\/wp\/v2\/media?parent=239"}],"curies":[{"name":"wp","href":"https:\/\/api.w.org\/{rel}","templated":true}]}}