{"id":3135,"date":"2019-06-14T12:20:36","date_gmt":"2019-06-14T12:20:36","guid":{"rendered":"https:\/\/layer.si\/kaos\/?page_id=3135"},"modified":"2019-07-01T10:46:47","modified_gmt":"2019-07-01T10:46:47","slug":"vsi-dogodki-2019-podrobnosti","status":"publish","type":"page","link":"https:\/\/layer.si\/kaos\/si\/program\/vsi-dogodki\/vsi-dogodki-2019\/vsi-dogodki-2019-podrobnosti\/","title":{"rendered":"VSI DOGODKI 2019 Podrobnosti"},"content":{"rendered":"\t\t<div data-elementor-type=\"wp-post\" data-elementor-id=\"3135\" class=\"elementor elementor-3135\" data-elementor-settings=\"[]\">\n\t\t\t<div class=\"elementor-inner\">\n\t\t\t\t<div class=\"elementor-section-wrap\">\n\t\t\t\t\t\t\t<section class=\"elementor-element elementor-element-42946fa elementor-section-boxed elementor-section-height-default elementor-section-height-default elementor-section elementor-top-section\" data-id=\"42946fa\" data-element_type=\"section\">\n\t\t\t\t\t\t<div class=\"elementor-container elementor-column-gap-no\">\n\t\t\t\t<div class=\"elementor-row\">\n\t\t\t\t<div class=\"elementor-element elementor-element-63561fd elementor-column elementor-col-100 elementor-top-column\" data-id=\"63561fd\" data-element_type=\"column\">\n\t\t\t<div class=\"elementor-column-wrap  elementor-element-populated\">\n\t\t\t\t\t<div class=\"elementor-widget-wrap\">\n\t\t\t\t<div class=\"elementor-element elementor-element-6667ce6 elementor-nav-menu__align-center elementor-nav-menu__text-align-center elementor-nav-menu--indicator-classic elementor-nav-menu--dropdown-tablet elementor-widget elementor-widget-nav-menu\" data-id=\"6667ce6\" data-element_type=\"widget\" data-settings=\"{&quot;layout&quot;:&quot;horizontal&quot;}\" data-widget_type=\"nav-menu.default\">\n\t\t\t\t<div class=\"elementor-widget-container\">\n\t\t\t\t\t\t<nav role=\"navigation\" class=\"elementor-nav-menu--main elementor-nav-menu__container elementor-nav-menu--layout-horizontal e--pointer-underline e--animation-fade\"><ul id=\"menu-1-6667ce6\" class=\"elementor-nav-menu\"><li class=\"menu-item menu-item-type-post_type menu-item-object-page menu-item-5576\"><a href=\"https:\/\/layer.si\/kaos\/si\/program\/vsi-dogodki\/vsi-dogodki-2024\/\" class=\"elementor-item\">2024<\/a><\/li>\n<li class=\"menu-item menu-item-type-post_type menu-item-object-page menu-item-4687\"><a href=\"https:\/\/layer.si\/kaos\/si\/program\/vsi-dogodki\/vsi-dogodki-2022\/\" class=\"elementor-item\">2022<\/a><\/li>\n<li class=\"menu-item menu-item-type-post_type menu-item-object-page menu-item-4434\"><a href=\"https:\/\/layer.si\/kaos\/si\/program\/vsi-dogodki\/vsi-dogodki-2021\/\" class=\"elementor-item\">2021<\/a><\/li>\n<li class=\"menu-item menu-item-type-post_type menu-item-object-page menu-item-3626\"><a href=\"https:\/\/layer.si\/kaos\/si\/program\/vsi-dogodki\/vsi-dogodki-2020\/\" class=\"elementor-item\">2020<\/a><\/li>\n<li class=\"menu-item menu-item-type-post_type menu-item-object-page menu-item-1059\"><a href=\"https:\/\/layer.si\/kaos\/si\/program\/vsi-dogodki\/vsi-dogodki-2019\/\" class=\"elementor-item\">2019<\/a><\/li>\n<li class=\"menu-item menu-item-type-post_type menu-item-object-page menu-item-1058\"><a href=\"https:\/\/layer.si\/kaos\/si\/program\/vsi-dogodki\/vsi-dogodki-2018\/\" class=\"elementor-item\">2018<\/a><\/li>\n<\/ul><\/nav>\n\t\t\t\t\t<div class=\"elementor-menu-toggle\" role=\"button\" tabindex=\"0\" aria-label=\"Menu Toggle\" aria-expanded=\"false\">\n\t\t\t<i class=\"eicon-menu-bar\" aria-hidden=\"true\"><\/i>\n\t\t\t<span class=\"elementor-screen-only\">Menu<\/span>\n\t\t<\/div>\n\t\t\t<nav class=\"elementor-nav-menu--dropdown elementor-nav-menu__container\" role=\"navigation\" aria-hidden=\"true\"><ul id=\"menu-2-6667ce6\" class=\"elementor-nav-menu\"><li class=\"menu-item menu-item-type-post_type menu-item-object-page menu-item-5576\"><a href=\"https:\/\/layer.si\/kaos\/si\/program\/vsi-dogodki\/vsi-dogodki-2024\/\" class=\"elementor-item\">2024<\/a><\/li>\n<li class=\"menu-item menu-item-type-post_type menu-item-object-page menu-item-4687\"><a href=\"https:\/\/layer.si\/kaos\/si\/program\/vsi-dogodki\/vsi-dogodki-2022\/\" class=\"elementor-item\">2022<\/a><\/li>\n<li class=\"menu-item menu-item-type-post_type menu-item-object-page menu-item-4434\"><a href=\"https:\/\/layer.si\/kaos\/si\/program\/vsi-dogodki\/vsi-dogodki-2021\/\" class=\"elementor-item\">2021<\/a><\/li>\n<li class=\"menu-item menu-item-type-post_type menu-item-object-page menu-item-3626\"><a href=\"https:\/\/layer.si\/kaos\/si\/program\/vsi-dogodki\/vsi-dogodki-2020\/\" class=\"elementor-item\">2020<\/a><\/li>\n<li class=\"menu-item menu-item-type-post_type menu-item-object-page menu-item-1059\"><a href=\"https:\/\/layer.si\/kaos\/si\/program\/vsi-dogodki\/vsi-dogodki-2019\/\" class=\"elementor-item\">2019<\/a><\/li>\n<li class=\"menu-item menu-item-type-post_type menu-item-object-page menu-item-1058\"><a href=\"https:\/\/layer.si\/kaos\/si\/program\/vsi-dogodki\/vsi-dogodki-2018\/\" class=\"elementor-item\">2018<\/a><\/li>\n<\/ul><\/nav>\n\t\t\t\t<\/div>\n\t\t\t\t<\/div>\n\t\t\t\t\t\t<\/div>\n\t\t\t<\/div>\n\t\t<\/div>\n\t\t\t\t\t\t<\/div>\n\t\t\t<\/div>\n\t\t<\/section>\n\t\t\t\t<section class=\"elementor-element elementor-element-b9d5e1d elementor-section-boxed elementor-section-height-default elementor-section-height-default elementor-section elementor-top-section\" data-id=\"b9d5e1d\" data-element_type=\"section\">\n\t\t\t\t\t\t<div class=\"elementor-container elementor-column-gap-default\">\n\t\t\t\t<div class=\"elementor-row\">\n\t\t\t\t<div class=\"elementor-element elementor-element-42e047c elementor-column elementor-col-100 elementor-top-column\" data-id=\"42e047c\" data-element_type=\"column\">\n\t\t\t<div class=\"elementor-column-wrap  elementor-element-populated\">\n\t\t\t\t\t<div class=\"elementor-widget-wrap\">\n\t\t\t\t<div class=\"elementor-element elementor-element-3fa88da elementor-widget elementor-widget-text-editor\" data-id=\"3fa88da\" data-element_type=\"widget\" data-widget_type=\"text-editor.default\">\n\t\t\t\t<div class=\"elementor-widget-container\">\n\t\t\t\t\t<div class=\"elementor-text-editor elementor-clearfix\"><h1><strong>KAOS<br \/>2. mednarodni festival sodobnega kola\u017ea<br \/><\/strong><strong>Kranj, Slovenija<\/strong><\/h1><h3><strong>Razstava \/ 28. 6. &#8211; 13. 8.<br \/><\/strong><\/h3><p style=\"padding-left: 40px;\"><strong>Odpiralni \u010das<\/strong><\/p><p style=\"padding-left: 120px;\">28. 6. 2019 \u2192 18.00\u201323.00<br \/>29. 6.\u2013 4. 7. 2019 \u2192 tor\u2013sob 10.00\u201323.00, ned 16.00\u201323.00, pon zaprto\u00a0\u00a0<br \/>5. 7.\u2013 13. 8. 2019 \u2192 tor\u2013sob 11.00\u201319.00, ned 16.00\u201319.00, pon zaprto<\/p><h3><strong>Festivalski program \/ 28. 6. &#8211; 4. 7. <br \/><\/strong><\/h3><p style=\"padding-left: 80px;\">Petek, 28. 6.<\/p><p style=\"padding-left: 120px;\">18.00 <strong>Odprtje <a href=\"https:\/\/layer.si\/kaos\/si\/razstave\/razstave-2019\/\" target=\"_blank\" rel=\"noopener\">razstave<\/a> sodobnega kola\u017ea KAOS: Leftovers <\/strong>\/ Layerjeva hi\u0161a, Stolp \u0160krlovec, Medprostor<\/p><p style=\"padding-left: 120px;\">21.00 <a href=\"http:\/\/www.layer.si\/si\/projekti-in-dejavnosti\/dogodki\/dogodek\/1039\/futurski-ft-tatjana-kotnik-live-collage\" target=\"_blank\" rel=\"noopener\"><strong>Futurski ft. Tatjana Kotnik<\/strong><\/a>, koncert + kola\u017e v \u017eivo \/ Terasa Layerjeve hi\u0161e<\/p><p style=\"padding-left: 120px;\">Futurski in vizualna umetnica Tatjana Kotnik predstavljajo plod glasbeno-likovnega sodelovanja na glasbeni rezidenci v Layerjevi hi\u0161i, ljubljanski koncert v Klubu re\u010dnih kapitanov pa bo obenem tudi promocija novega albuma FUTURSKI \u201cEmotional Tourist\u201d, ki bo iz\u0161el letos junija.<\/p><p style=\"padding-left: 120px;\"><a href=\"https:\/\/www.facebook.com\/events\/315781079358725\/\" target=\"_blank\" rel=\"noopener\">After party @ Trainstation SubArt<\/a>: Dj Ogi (Hrva\u0161ka), Veztax, Lilson, Prio, techno \/ Trainstation SubArt<\/p><p style=\"padding-left: 80px;\">Sobota, 29. 6.<\/p><p style=\"padding-left: 120px;\">10.00 <a href=\"https:\/\/layer.si\/kaos\/delavnice-kolaza-kaos\/\" target=\"_blank\" rel=\"noopener\"><strong>Bill Noir: Chaosmos<\/strong>,<\/a> delavnica \/ Medprostor \/ primerno za otroke (5+) in odrasle<\/p><p style=\"padding-left: 120px;\">Igra, kola\u017e, improvizacija. Na tej delavnici bomo h kola\u017eu pristopili na na\u010din improvizacije. Izhajali bomo iz svojih fascinacij nad tak\u0161nimi slikami, barvami in teksturami in nato predlagali kola\u017ee, ki ustrezajo na\u0161i poeti\u010dni verziji sveta. Najve\u010dje \u0161t. udele\u017eencev: 10.<\/p><p style=\"padding-left: 120px;\">12.00 <a href=\"https:\/\/layer.si\/kaos\/razstave\/balada-o-filmu-in-kolazu-ballad-about-film-and-collage\/\"><strong>Balada o filmu in kola\u017eu<\/strong><\/a>, odprtje razstave kola\u017eev filmskih plakatov in originalnih plakatov za filme Franceta \u0160tiglica\u00a0 \/ Galerija Na mestu<\/p><p style=\"padding-left: 120px;\">18.30 <a href=\"https:\/\/layer.si\/kaos\/delavnice-kolaza-kaos\/\" target=\"_blank\" rel=\"noopener\"><strong>Lula Valletta: Dadaisti\u010dna poezija in kola\u017e<\/strong><\/a>, delavnica \/ Medprostor (14+)<\/p><p style=\"padding-left: 120px;\">Na tej delavnici bomo skupaj ustvarjali dadaisti\u010dno poezijo. Osredoto\u010dili se bomo na eksperimentalno pisanje z uporabo raznih tehnik cut-up-a, kot so jih razvili umetniki Dade in William S. Burroughs. Delali bomo z najdenimi besedili, novo ustvarjenimi teksti, kola\u017eem, avtomatizmom nadrealistov, humorjem in, kar je najpomembneje, z naklju\u010dji.<\/p><p style=\"padding-left: 120px;\">21.00 <a href=\"http:\/\/www.layer.si\/si\/projekti-in-dejavnosti\/dogodki\/dogodek\/1052\/lorca,-ti-in-jaz-%E2%88%A3-festival-kaos\" target=\"_blank\" rel=\"noopener\"><strong>Lorca, ti in jaz <\/strong><\/a>&#8211; poezija, glasba in ples \/ Terasa Layerjeve hi\u0161e<\/p><p style=\"padding-left: 120px;\">Lorca, ti in jaz je preplet poezije, glasbe in plesa iz romskega podro\u010dja \u0160panije, Balkana in Vzhodne Evrope, v katerem se sre\u010dujeta vokalistka in glasbenica Katja \u0160ulc in plesalka flamenka Ur\u0161ka Centa, na kontrabasu se jima pridru\u017euje priznani slovenski jazzovski glasbenik Robert Juki\u010d.<\/p><p>\u00a0\u00a0\u00a0\u00a0\u00a0\u00a0\u00a0\u00a0\u00a0\u00a0\u00a0\u00a0\u00a0\u00a0\u00a0\u00a0\u00a0 Nedelja, 30. 6.<\/p><p style=\"padding-left: 120px;\">18.00\u00a0 <strong>Produkcija Laute: Otro\u0161ki avtorski animirani filmi<\/strong> \/ Stolp \u0160krlovec \/ primerno za otroke in odrasle (5+)<\/p><p style=\"padding-left: 120px;\"><b>STOP.GREMO!<br \/><\/b>Animirani film, narejen z animacijo predmetov v tehniki \u00bbstop motion\u00ab. Film je inspiriran s Heraklitovo filozofijo, predvsem z izrekom \u00bbPanta Rei\u00ab. Vse se giblje, vse se menja, stvarnost je sestavljena iz boja nasprotij, ki so vselej v medsebojni napetosti.<\/p><p style=\"padding-left: 120px;\">Re\u017eija: skupinsko delo<br \/>Avtorji: Rebeka Aljan\u010di\u010d, Bine Pra\u010dek, Eva Julija Rozman, Ana \u0160tular, Ne\u017ea \u0160tular<br \/>Mentorji: Andrej \u0160tular, Andreja Goetz<br \/>Trajanje: 3&#8242;<br \/>Producent: Produkcija Laute \/ KD Nebo, Dru\u0161tvo Slon, September 2017<\/p><p style=\"padding-left: 120px;\"><b>BESEDA NI KONJ<br \/><\/b>Animirani film na temo slovenskih ljudskih pregovorov, narejen z animacijo predmetov v tehniki \u00bbstop motion\u00ab. Pregovori so povzetek ljudske modrosti, zdrave pameti, ki nam vedno pride prav. V filmu \u00bbBeseda ni konj\u00ab ustvarjalci \u00bbo\u017eivijo\u00ab nekaj slovenskih pregovorov in jih morda prav zato naredijo \u0161e bolj razumljive in zabavne.<\/p><p style=\"padding-left: 120px;\">Re\u017eija: skupinsko delo<br \/>Avtorji: Sabina N. Bogoev, Ema Hostar, Bine Pra\u010dek, Eva J. Rozman, Ana \u0160tular, Ne\u017ea \u0160tular<br \/>Mentorji: Andrej \u0160tular, Petra Stare, Andreja Goetz, Katja Stare<br \/>Trajanje: 4&#8217;8&#8221;<br \/>Producent: Produkcija Laute \/ KD Nebo, Dru\u0161tvo Slon, Maj 2019<\/p><p style=\"padding-left: 120px;\">18.30 <a href=\"https:\/\/layer.si\/kaos\/delavnice-kolaza-kaos\/\" target=\"_blank\" rel=\"noopener\"><strong>Tinca Veerman: Homo Sapiens 2064<\/strong><\/a>, delavnica \/ Medprostor \/ primerno za otroke (5+) in odrasle<\/p><p style=\"padding-left: 120px;\">Kako bo videti nek pti\u010d leta 2064? Ali bodo ribe hodile po plo\u010dnikih, bomo imeli krila in z njimi leteli? Ali se nam bo telo v na\u0161em okolju prilagodilo na vse te ekstremne klimatske spremembe? Kako momo takrat \u017eiveli in kak\u0161no bo na\u0161e kosilo leta 2064? Na tej delavnici bomo preu\u010devali svojo vizijo prihodnosti, in sicer s \u0161karjami, papirjem, knjigami, revijami in navsezadnje predvsem: Z LEPILOM! Najve\u010dje \u0161t. udele\u017eencev: 10<\/p><p style=\"padding-left: 120px;\">20.00<strong> Voden ogled <a href=\"https:\/\/layer.si\/kaos\/si\/razstave\/razstave-2019\/\" target=\"_blank\" rel=\"noopener\">razstav<\/a> s kuratorko Petro \u010ceh<\/strong> \/ Layerjeva hi\u0161a<\/p><p style=\"padding-left: 120px;\">21.00 <a href=\"http:\/\/www.layer.si\/si\/projekti-in-dejavnosti\/dogodki\/dogodek\/1053\/lullabies-for-daydreamers-%E2%88%A3-festival-kaos\" target=\"_blank\" rel=\"noopener\"><strong>Lullabies for Daydreamers<\/strong><\/a>, jazz koncert \/ Terasa Layerjeve hi\u0161e<\/p><p style=\"padding-left: 120px;\">Uspavanke za sanja\u010de so avtorski projekt kitaristke Ur\u0161ke Supej, tokrat v sodelovanju z vokalistko Ma\u0161o But. Projekt, ki gradi most med glasbo in poezijo Ur\u0161ke in Ma\u0161e, plava v standardnih jazzovskih, pop ter folk vodah in \u017eeli peljati sanja\u010de tja, kjer se po\u010dutijo doma. Na odru se jima pridru\u017eijo \u0161e kontrabas, bobni, trobenta\/saksofon.<\/p><p style=\"padding-left: 80px;\">Ponedeljek, 1. 7.<\/p><p style=\"padding-left: 120px;\">21.00 <a href=\"http:\/\/www.layer.si\/si\/projekti-in-dejavnosti\/dogodki\/dogodek\/1039\/futurski-ft-tatjana-kotnik-live-collage\" target=\"_blank\" rel=\"noopener\"><strong>Futurski ft. Tatjana Kotnik<\/strong><\/a>, koncert + kola\u017e v \u017eivo \/ Klub re\u010dnih kapitanov, Opekarska 8, Ljubljana<\/p><p style=\"padding-left: 80px;\">Torek, 2. 7.<\/p><p style=\"padding-left: 120px;\">18.00 <a href=\"https:\/\/layer.si\/kaos\/delavnice-kolaza-kaos\/\" target=\"_blank\" rel=\"noopener\"><strong>Eugenia Conde: Kola\u017e je odgovor \u2026 prej ali slej<\/strong><\/a>, delavnica \/ Medprostor (14+)<\/p><p style=\"padding-left: 120px;\">\u00bbDa lahko najdemo odgovor, moramo najprej postaviti pravo vpra\u0161anje \u2026\u00ab Namen te delavnice je eksperimentiranje s slu\u010dajnostjo, naklju\u010dji in spontanostjo. To bomo po\u010deli z igro,ki je podobna tisti, ki so jo igrali dadaisti in nadrealisti, da so domi\u0161ljijo osvobodili nadzora zavesti in tako na\u0161li nove in nepri\u010dakovane povezave. V na\u0161em primeru bo ta \u00bbodgovor\u00ab \u00a0kola\u017e.<\/p><p style=\"padding-left: 120px;\">19.30 <a href=\"https:\/\/layer.si\/kaos\/razstave\/pustimo-odprto\/\"><strong>Odprtje kola\u017eev velikih formatov na ulicah<\/strong> <\/a>\/ Mergentalerjeva uli\u010dna galerija, Podrtina, Trainstation SubArt<\/p><p style=\"padding-left: 120px;\">21.00 <a href=\"http:\/\/www.layer.si\/si\/projekti-in-dejavnosti\/dogodki\/dogodek\/1044\/compe-25-let-%E2%88%A3-11-festival-subart\" target=\"_blank\" rel=\"noopener\"><strong>\u010compe (25 let)<\/strong><\/a>, koncert \/ Terasa Layerjeve hi\u0161e<\/p><p style=\"padding-left: 120px;\">Veliko obele\u017eje, polovica Abrahama in okrogla obletnica. Veli\u010dasten spomenik ali koncert ob 25 letih delovanja \u010comp, najve\u010djega doma\u010dega benda z najmanj\u0161o diskografijo. \u010cetrt stoletja hrupanja in to\u010dno en posneti album. 25 let \u010dlove\u0161kih ribic, vranov, potepuhov, ro\u017e no\u010di, repe, Francozov \u2026 in krompirja!<\/p><p style=\"padding-left: 80px;\">Sreda, 3. 7.<\/p><p style=\"padding-left: 120px;\">18.30 <a href=\"https:\/\/layer.si\/kaos\/delavnice-kolaza-kaos\/\" target=\"_blank\" rel=\"noopener\"><strong>Marta \u017divi\u010dnjak: Decollage, <\/strong><\/a>delavnica \/ Medprostor (14+)<\/p><p style=\"padding-left: 120px;\">Tema delavnice je dekola\u017eiranje tehnik uporabe vise\u010dih materialov, kot so to po\u010deli dadaisti, nadrealisti, futuristi in umetniki pop arta, in sicer sprva z ustvarjanjem kola\u017eev, zavedno in nezavedno, torej v duhu novih realistov. Elemente kola\u017ea razstavimo ali razbarvamo v novo obliko z rezanjem ali trganjem in ponovnim sestavljanjem v novo kompozicijo.<\/p><p style=\"padding-left: 120px;\">21.00 <a href=\"http:\/\/www.layer.si\/si\/projekti-in-dejavnosti\/dogodki\/dogodek\/1043\/james-blood-ulmer-%E2%88%A3-11-festival-subart\" target=\"_blank\" rel=\"noopener\"><strong>James Blood Ulmer<\/strong><\/a>, blues koncert \/ Terasa Layerjeve hi\u0161e &#8211; ODPOVEDANO! <\/p><p style=\"padding-left: 120px;\">Eden najpomembnej\u0161ih kitaristov zadnjih \u0161tirih dekad, ki se \u0161teje tudi za enega najve\u010djih svetovnih blues glasbenikov. Njegov opus je veli\u010dasten, njegova glasbena metamorfoza pa sega od zgodnjega avantgardnega jazz vizionarja iz \u0161ole Ornettea Colemana do starej\u0161ih protagonistov afro-ameri\u0161kega glasbenega nare\u010dja, in zajema afri\u0161ke ritme, urbani jazz, country-blues, psihedeli\u010dni rock, funk ter zvoke, ki bi mu jih lahko mirno zavidali tudi ljubitelji te\u017ekega metala.<\/p><p style=\"padding-left: 80px;\">\u010cetrtek, 4. 7.<\/p><p style=\"padding-left: 120px;\">18.30 <strong>Voden ogled<\/strong><a href=\"https:\/\/layer.si\/kaos\/\"><strong> razstav<\/strong><\/a><strong> z<\/strong> <strong>Maru\u0161o \u0160tibelj in Zalo Orel <\/strong><\/p><p style=\"padding-left: 120px;\">21.00 <a href=\"http:\/\/www.layer.si\/si\/projekti-in-dejavnosti\/dogodki\/dogodek\/1056\/tinariwen-ml-%E2%88%A3-11-festival-subart\" target=\"_blank\" rel=\"noopener\"><strong>Tinariwen<\/strong><\/a>, koncert \/ Trainstation SubArt<\/p><p style=\"padding-left: 120px;\">Tinariwen je eden najbolj priznanih pu\u0161\u010davskih blues rock bendov v svetu. Malijska zasedba ustvarja \u017ee 40 let in prihaja iz severnega dela te velike dr\u017eave. Sestavljajo jo Tuaregi, ki so pobegnili pred nasiljem vladnih sil z juga in se zatekli v razli\u010dna begunska tabori\u0161\u010da sosednjih dr\u017eav. Svetovno znani septet \u00a0je prejel presti\u017eno glasbeno nagrado Grammy.<\/p><hr \/><h3 style=\"padding-left: 80px;\"><strong>SubArt Festival<\/strong> \/ Trainstation SubArt<\/h3><p style=\"padding-left: 120px;\">Petek, 5. 7., ob 20.00 \u2192 \u00a0Brkovi, Valter Svira Parafe, Sere\u0161, Wasted Time<br \/>Sobota, 6. 7., ob 19.00 \u2192 \u00a0Lokalna scena: Raggalution, Nature, Didge, Neuromancer, Grimase, Nesit, March of War + techno\/psy DJ-i SkokniPaLokni, Necropsi, Ofnana_pesa, Douchean<br \/>Ponedeljek, 8. 7., ob 20.00 \u2192 \u00a0Siberian Meat Grinder, Total Chaos<\/p><hr \/><p style=\"padding-left: 80px;\">Torek, 13. 8.<\/p><p style=\"padding-left: 120px;\">15.30 <strong>Kola\u017e x sitotisk, Squeegee delavnica<\/strong> \/ Layerjeva hi\u0161a<\/p><p style=\"padding-left: 120px;\">19.00 <strong>Voden ogled razstav s kuratorko Petro \u010ceh ob zaklju\u010dku razstave<\/strong><\/p><p style=\"padding-left: 80px;\">Torek, 3. 9.<\/p><p style=\"padding-left: 120px;\">20.00 <a href=\"https:\/\/layer.si\/kaos\/razstave\/gorski-in-morski-zini-mountain-and-sea-zines\/\" target=\"_blank\" rel=\"noopener\"><strong>Morski in gorski zini<\/strong><\/a>, gostovanje razstave na Reki \/ Galerija SKC Rijeka<\/p><\/div>\n\t\t\t\t<\/div>\n\t\t\t\t<\/div>\n\t\t\t\t\t\t<\/div>\n\t\t\t<\/div>\n\t\t<\/div>\n\t\t\t\t\t\t<\/div>\n\t\t\t<\/div>\n\t\t<\/section>\n\t\t\t\t\t\t<\/div>\n\t\t\t<\/div>\n\t\t<\/div>\n\t\t","protected":false},"excerpt":{"rendered":"<p>KAOS2. mednarodni festival sodobnega kola\u017eaKranj, Slovenija Razstava \/ 28. 6. &#8211; 13. 8. Odpiralni \u010das 28. 6. 2019 \u2192 18.00\u201323.0029. 6.\u2013 4. 7. 2019 \u2192 tor\u2013sob 10.00\u201323.00, ned 16.00\u201323.00, pon zaprto\u00a0\u00a05. 7.\u2013 13. 8. 2019 \u2192 tor\u2013sob 11.00\u201319.00, ned 16.00\u201319.00, pon zaprto Festivalski program \/ 28. 6. &#8211; 4. 7. Petek, 28. 6. 18.00 Odprtje [&hellip;]<\/p>\n","protected":false},"author":1,"featured_media":0,"parent":529,"menu_order":0,"comment_status":"closed","ping_status":"closed","template":"","meta":[],"_links":{"self":[{"href":"https:\/\/layer.si\/kaos\/wp-json\/wp\/v2\/pages\/3135"}],"collection":[{"href":"https:\/\/layer.si\/kaos\/wp-json\/wp\/v2\/pages"}],"about":[{"href":"https:\/\/layer.si\/kaos\/wp-json\/wp\/v2\/types\/page"}],"author":[{"embeddable":true,"href":"https:\/\/layer.si\/kaos\/wp-json\/wp\/v2\/users\/1"}],"replies":[{"embeddable":true,"href":"https:\/\/layer.si\/kaos\/wp-json\/wp\/v2\/comments?post=3135"}],"version-history":[{"count":25,"href":"https:\/\/layer.si\/kaos\/wp-json\/wp\/v2\/pages\/3135\/revisions"}],"predecessor-version":[{"id":3470,"href":"https:\/\/layer.si\/kaos\/wp-json\/wp\/v2\/pages\/3135\/revisions\/3470"}],"up":[{"embeddable":true,"href":"https:\/\/layer.si\/kaos\/wp-json\/wp\/v2\/pages\/529"}],"wp:attachment":[{"href":"https:\/\/layer.si\/kaos\/wp-json\/wp\/v2\/media?parent=3135"}],"curies":[{"name":"wp","href":"https:\/\/api.w.org\/{rel}","templated":true}]}}