{"id":3141,"date":"2019-06-14T12:20:36","date_gmt":"2019-06-14T12:20:36","guid":{"rendered":"https:\/\/layer.si\/kaos\/?page_id=3141"},"modified":"2019-07-01T14:33:46","modified_gmt":"2019-07-01T14:33:46","slug":"all-events-2019-details","status":"publish","type":"page","link":"https:\/\/layer.si\/kaos\/en\/programme\/all-events\/all-events-2019\/all-events-2019-details\/","title":{"rendered":"ALL EVENTS 2019 DETAILS"},"content":{"rendered":"\t\t<div data-elementor-type=\"wp-post\" data-elementor-id=\"3141\" class=\"elementor elementor-3141\" data-elementor-settings=\"[]\">\n\t\t\t<div class=\"elementor-inner\">\n\t\t\t\t<div class=\"elementor-section-wrap\">\n\t\t\t\t\t\t\t<section class=\"elementor-element elementor-element-99f5017 elementor-section-full_width elementor-section-height-default elementor-section-height-default elementor-section elementor-top-section\" data-id=\"99f5017\" data-element_type=\"section\">\n\t\t\t\t\t\t<div class=\"elementor-container elementor-column-gap-no\">\n\t\t\t\t<div class=\"elementor-row\">\n\t\t\t\t<div class=\"elementor-element elementor-element-5c9ff67 elementor-column elementor-col-100 elementor-top-column\" data-id=\"5c9ff67\" data-element_type=\"column\">\n\t\t\t<div class=\"elementor-column-wrap  elementor-element-populated\">\n\t\t\t\t\t<div class=\"elementor-widget-wrap\">\n\t\t\t\t<div class=\"elementor-element elementor-element-83ee8cc elementor-nav-menu__align-center elementor-nav-menu__text-align-center elementor-nav-menu--indicator-classic elementor-nav-menu--dropdown-tablet elementor-widget elementor-widget-nav-menu\" data-id=\"83ee8cc\" data-element_type=\"widget\" data-settings=\"{&quot;layout&quot;:&quot;horizontal&quot;}\" data-widget_type=\"nav-menu.default\">\n\t\t\t\t<div class=\"elementor-widget-container\">\n\t\t\t\t\t\t<nav role=\"navigation\" class=\"elementor-nav-menu--main elementor-nav-menu__container elementor-nav-menu--layout-horizontal e--pointer-underline e--animation-fade\"><ul id=\"menu-1-83ee8cc\" class=\"elementor-nav-menu\"><li class=\"menu-item menu-item-type-post_type menu-item-object-page menu-item-5575\"><a href=\"https:\/\/layer.si\/kaos\/en\/programme\/all-events\/all-events-2024\/\" class=\"elementor-item\">2024<\/a><\/li>\n<li class=\"menu-item menu-item-type-post_type menu-item-object-page menu-item-4688\"><a href=\"https:\/\/layer.si\/kaos\/en\/programme\/all-events\/all-events-2022\/\" class=\"elementor-item\">2022<\/a><\/li>\n<li class=\"menu-item menu-item-type-post_type menu-item-object-page menu-item-4435\"><a href=\"https:\/\/layer.si\/kaos\/en\/programme\/all-events\/all-events-2021\/\" class=\"elementor-item\">2021<\/a><\/li>\n<li class=\"menu-item menu-item-type-post_type menu-item-object-page menu-item-3627\"><a href=\"https:\/\/layer.si\/kaos\/en\/programme\/all-events\/all-events-2020\/\" class=\"elementor-item\">2020<\/a><\/li>\n<li class=\"menu-item menu-item-type-post_type menu-item-object-page menu-item-1076\"><a href=\"https:\/\/layer.si\/kaos\/en\/programme\/all-events\/all-events-2019\/\" class=\"elementor-item\">2019<\/a><\/li>\n<li class=\"menu-item menu-item-type-post_type menu-item-object-page menu-item-1075\"><a href=\"https:\/\/layer.si\/kaos\/en\/programme\/all-events\/all-events-2018\/\" class=\"elementor-item\">2018<\/a><\/li>\n<\/ul><\/nav>\n\t\t\t\t\t<div class=\"elementor-menu-toggle\" role=\"button\" tabindex=\"0\" aria-label=\"Menu Toggle\" aria-expanded=\"false\">\n\t\t\t<i class=\"eicon-menu-bar\" aria-hidden=\"true\"><\/i>\n\t\t\t<span class=\"elementor-screen-only\">Menu<\/span>\n\t\t<\/div>\n\t\t\t<nav class=\"elementor-nav-menu--dropdown elementor-nav-menu__container\" role=\"navigation\" aria-hidden=\"true\"><ul id=\"menu-2-83ee8cc\" class=\"elementor-nav-menu\"><li class=\"menu-item menu-item-type-post_type menu-item-object-page menu-item-5575\"><a href=\"https:\/\/layer.si\/kaos\/en\/programme\/all-events\/all-events-2024\/\" class=\"elementor-item\">2024<\/a><\/li>\n<li class=\"menu-item menu-item-type-post_type menu-item-object-page menu-item-4688\"><a href=\"https:\/\/layer.si\/kaos\/en\/programme\/all-events\/all-events-2022\/\" class=\"elementor-item\">2022<\/a><\/li>\n<li class=\"menu-item menu-item-type-post_type menu-item-object-page menu-item-4435\"><a href=\"https:\/\/layer.si\/kaos\/en\/programme\/all-events\/all-events-2021\/\" class=\"elementor-item\">2021<\/a><\/li>\n<li class=\"menu-item menu-item-type-post_type menu-item-object-page menu-item-3627\"><a href=\"https:\/\/layer.si\/kaos\/en\/programme\/all-events\/all-events-2020\/\" class=\"elementor-item\">2020<\/a><\/li>\n<li class=\"menu-item menu-item-type-post_type menu-item-object-page menu-item-1076\"><a href=\"https:\/\/layer.si\/kaos\/en\/programme\/all-events\/all-events-2019\/\" class=\"elementor-item\">2019<\/a><\/li>\n<li class=\"menu-item menu-item-type-post_type menu-item-object-page menu-item-1075\"><a href=\"https:\/\/layer.si\/kaos\/en\/programme\/all-events\/all-events-2018\/\" class=\"elementor-item\">2018<\/a><\/li>\n<\/ul><\/nav>\n\t\t\t\t<\/div>\n\t\t\t\t<\/div>\n\t\t\t\t\t\t<\/div>\n\t\t\t<\/div>\n\t\t<\/div>\n\t\t\t\t\t\t<\/div>\n\t\t\t<\/div>\n\t\t<\/section>\n\t\t\t\t<section class=\"elementor-element elementor-element-4b5dadd elementor-section-boxed elementor-section-height-default elementor-section-height-default elementor-section elementor-top-section\" data-id=\"4b5dadd\" data-element_type=\"section\">\n\t\t\t\t\t\t<div class=\"elementor-container elementor-column-gap-default\">\n\t\t\t\t<div class=\"elementor-row\">\n\t\t\t\t<div class=\"elementor-element elementor-element-9509bdd elementor-column elementor-col-100 elementor-top-column\" data-id=\"9509bdd\" data-element_type=\"column\">\n\t\t\t<div class=\"elementor-column-wrap  elementor-element-populated\">\n\t\t\t\t\t<div class=\"elementor-widget-wrap\">\n\t\t\t\t<div class=\"elementor-element elementor-element-49c2f88 elementor-widget elementor-widget-text-editor\" data-id=\"49c2f88\" data-element_type=\"widget\" data-widget_type=\"text-editor.default\">\n\t\t\t\t<div class=\"elementor-widget-container\">\n\t\t\t\t\t<div class=\"elementor-text-editor elementor-clearfix\"><h1><strong>KAOS<br \/><\/strong><\/h1><h3><strong>2nd International Contemporary Collage Festival <br \/><\/strong><\/h3><h3><strong>Kranj, Slovenia<\/strong><\/h3><h3><strong>Exhibition \/ June 28th &#8211; August 13th<\/strong><\/h3><p style=\"padding-left: 80px;\"><strong>Opening times<\/strong><\/p><p style=\"padding-left: 120px;\">28 June 2019 \u2192 6pm\u201311pm<br \/>28 June\u20134 July 2019 \u2192 Tue\u2013Sat 10am\u201311pm,\u00a0 Sun 4pm\u201311pm, Mon. closed<br \/>5 July \u201313 August 2019 \u2192 Tue\u2013Sat 11am\u20137pm, Sun 4pm\u20137pm, Mon. closed<\/p><p style=\"padding-left: 80px;\"><strong><strong>Daily programme \/ June 28th &#8211; July 4th<br \/><\/strong><\/strong><strong><br \/><\/strong><\/p><p style=\"padding-left: 80px;\">Friday 28 June<\/p><p style=\"padding-left: 120px;\">6pm <strong>KAOS <a href=\"https:\/\/layer.si\/kaos\/si\/razstave\/razstave-2019\/\" target=\"_blank\" rel=\"noopener\">Exhibition<\/a> Opening: Leftovers<\/strong> \/ Layer House, \u0160krlovec Tower, In-between Space<\/p><p style=\"padding-left: 120px;\">9pm concert <a href=\"http:\/\/www.layer.si\/si\/projekti-in-dejavnosti\/dogodki\/dogodek\/1039\/futurski-ft-tatjana-kotnik-live-collage\" target=\"_blank\" rel=\"noopener\"><strong>Futurski ft Tatjana Kotnik<\/strong><\/a> + live collage \/ Layer House Terrace<\/p><p style=\"padding-left: 120px;\">The band Futurski and the visual artist Tatjana Kotnik will be presenting the results of their musical and artistic collaboration during their residence at the Layer House. The concert in Ljubljana, at the Club of River Captains, will be the premiere for the latest album by Futurski, \u201cEmotional Tourist\u201d that will come out this June.<\/p><p style=\"padding-left: 120px;\"><a href=\"https:\/\/www.facebook.com\/events\/315781079358725\/\" target=\"_blank\" rel=\"noopener\">After party<\/a> @ Trainstation SubArt: Dj Ogi (Hrva\u0161ka), Veztax, Lilson, Prio, techno \/ Trainstation SubArt<\/p><p style=\"padding-left: 80px;\">Saturday 29 June<\/p><p style=\"padding-left: 120px;\">10 am <a href=\"https:\/\/layer.si\/kaos\/delavnice-kolaza-kaos\/\" target=\"_blank\" rel=\"noopener\"><strong>Bill Noir: Chaosmos<\/strong><\/a>, workshop \/ In-between Space \/ for children and adults (5+)<\/p><p style=\"padding-left: 120px;\">Play, collage, improvisation. At this workshop, we will approach the collage in an improvised way. We will start from our fascinations by such images, colours and textures, and propose collages that fit into our poetic version of the world. Max. participants: 10<\/p><p style=\"padding-left: 120px;\">12am <a href=\"https:\/\/layer.si\/kaos\/en\/razstave\/ballad-about-film-and-collage-balada-o-filmu-in-kolazu\/\"><strong>Ballad of film and collage<\/strong><\/a>, opening of the exhibition with movie poster collages and original posters for movies by France \u0160tiglic \/ Spot on Street Gallery<\/p><p style=\"padding-left: 120px;\">6:30pm <a href=\"https:\/\/layer.si\/kaos\/delavnice-kolaza-kaos\/\" target=\"_blank\" rel=\"noopener\"><strong>Lula Valletta: Get gaga with dada<\/strong><\/a>, workshop \/ In-between Space (14+)<\/p><p style=\"padding-left: 120px;\">In this workshop, we will collaboratively create Dadaist poetry. Together we will focus on experimental writing using the different cut-up techniques of the Dadaists and William S. Burroughs. We will be working with found texts, new texts, collage, surrealist automatism, humour, and most important of all: coincidence. Max. participants: 10<\/p><p style=\"padding-left: 120px;\">9pm <a href=\"http:\/\/www.layer.si\/si\/projekti-in-dejavnosti\/dogodki\/dogodek\/1052\/lorca,-ti-in-jaz-%E2%88%A3-festival-kaos\" target=\"_blank\" rel=\"noopener\"><strong>Lorca, me and you<\/strong><\/a> \u2013 poetry, music and dance \/ Layer House Terrace<\/p><p style=\"padding-left: 120px;\">Poetry, music and dance by the Roma from Spain, the Balkans and Eastern Europe will be interwoven in this encounter by the vocalist and musician Katja \u0160ulc and the flamenco dancer Ur\u0161ka Centa, as they will be joined by the accomplished Slovenian jazz musician Robert Juki\u010d on double bass.<\/p><p style=\"padding-left: 80px;\">Sunday 30 June<\/p><p style=\"padding-left: 120px;\">6pm <strong>Laute production: Original animated films made by children<\/strong> \/ \u0160krlovec Tower \/ for children and adults (5+)<\/p><p style=\"padding-left: 120px;\"><b>STOP. GO!<\/b><\/p><p style=\"padding-left: 120px;\">This animated stop-motion film is inspired by Heraclites\u2019 philosophy, especially with his utterance: \u201cPanta rhei.\u201d Everything moves, everything changes and our reality is made up of a struggle between opposites that always exist in a mutual tension.<\/p><p style=\"padding-left: 120px;\">Directed by: Rebeka Aljan\u010di\u010d, Bine Pra\u010dek, Eva Julija Rozman, Ana \u0160tular, Ne\u017ea \u0160tular as group work<br \/>Mentors: Andrej \u0160tular, Andreja Goetz<br \/>Duration: 3&#8242;<br \/>Produced by: Produkcija Laute \/ KD Nebo, Dru\u0161tvo Slon,<br \/>September 2017<\/p><p style=\"padding-left: 120px;\"><b>A WORD IS NOT A HORSE or It couldn&#8217;t hurt to ask<\/b><\/p><p style=\"padding-left: 120px;\">Animated stop-motion film about Slovenian folk proverbs, using found objects. Proverbs are a like a summary of folk wisdom, common sense that can be useful anytime. In this film, the kids brought some Slovenian proverbs \u201cto life\u201d and in doing so, they might have made them even more understandable and fun.<\/p><p style=\"padding-left: 120px;\">Directed by: Sabina N. Bogoev, Bine Pra\u010dek, Eva J. Rozman, Ana \u0160tular, Ne\u017ea \u0160tular as group work<br \/>Mentors: Andrej \u0160tular, Petra Stare, Andreja Goetz, Katja Stare<br \/>Duration: 4&#8217;8&#8221;<br \/>Produced by: Produkcija Laute \/ KD Nebo, Dru\u0161tvo Slon<br \/>May 2019<\/p><p style=\"padding-left: 120px;\">6.30pm <a href=\"https:\/\/layer.si\/kaos\/delavnice-kolaza-kaos\/\" target=\"_blank\" rel=\"noopener\"><strong>Tinca Veerman: Homo Sapiens 2064<\/strong><\/a>, workshop \/ In-between Space \/ for children and adults<\/p><p style=\"padding-left: 120px;\">What will a bird look like in the year 2064? Will fish walk on the pavement, will we have wings and fly? Will our body and our environment adapt to all these extreme climate changes? How do we live then and what does a meal look like in 2064? In this workshop, we will explore our own vision of the future with scissors, paper, books, magazines and last but not least: GLUE! Max. participants: 10<\/p><p style=\"padding-left: 120px;\">8pm <strong><a href=\"https:\/\/layer.si\/kaos\/en\/exhibitions\/exhibitions-2019\/\" target=\"_blank\" rel=\"noopener\">Guided tour<\/a> with the curator<\/strong> <strong>Petra \u010ceh <\/strong>\/ Layer House<\/p><p style=\"padding-left: 120px;\">9pm <a href=\"http:\/\/www.layer.si\/si\/projekti-in-dejavnosti\/dogodki\/dogodek\/1053\/lullabies-for-daydreamers-%E2%88%A3-festival-kaos\" target=\"_blank\" rel=\"noopener\"><strong>Lullabies for Daydreamers<\/strong><\/a>, jazz concert \/ Layer House terrace<\/p><p style=\"padding-left: 120px;\">This project by the guitarist Ur\u0161ka Supej, building bridges between music and poetry, will this time be created together with the vocalist Ma\u0161a But. Their original music and poetry will be swimming in the waters of standard jazz, pop and folk music, wishing to bring daydreamers where they can feel at home. On the stage, they will be joined by double bass, drums, trumpet and saxophone.<\/p><p style=\"padding-left: 80px;\">Monday 1 July<\/p><p style=\"padding-left: 120px;\">9pm <strong>Futurski ft. Tatjana Kotnik<\/strong>, concert + live collage \u2192 Klub re\u010dnih kapitanov, Opekarska 8, Ljubljana<\/p><p style=\"padding-left: 80px;\">Tuesday 2 July<\/p><p style=\"padding-left: 120px;\">6pm <a href=\"https:\/\/layer.si\/kaos\/en\/kaos-collage-workshops\/\" target=\"_blank\" rel=\"noopener\"><strong>Eugenia Conde: Collage is the answer \u2026 eventually<\/strong><\/a>, workshop \/ In-between Space (14+)<\/p><p style=\"padding-left: 120px;\">\u201cIn order to find the answer, you have to ask the right question first\u2026\u201d The goal of this workshop is to experiment with chance, randomness and spontaneity. We will do so by playing a game similar to the games Dadaists and surrealists played in order to free imagination from conscious control and thus find new and unexpected connections; in our case, to end up with a collage, \u201cthe answer\u201d. Max. participants: 10<\/p><p style=\"padding-left: 120px;\">7:30pm <a href=\"https:\/\/layer.si\/kaos\/en\/razstave\/left-in-the-open\/\"><strong>Opening of large-size collage murals<\/strong> <\/a>\/ Mergentaler Street Gallery, Podrtina, Trainstation Subart<\/p><p style=\"padding-left: 120px;\">9 pm <a href=\"http:\/\/www.layer.si\/si\/projekti-in-dejavnosti\/dogodki\/dogodek\/1044\/compe-25-let-%E2%88%A3-11-festival-subart\" target=\"_blank\" rel=\"noopener\"><strong>\u010compe (25 years)<\/strong><\/a>, concert \/ Layer House Terrace<\/p><p style=\"padding-left: 120px;\">A great anniversary, quarter of a century, requires a great monument. This concert will be a glorious memorial to the greatest Slovenian band with the smallest amount of records published. They\u2019ve been making noise through all these years but recorded exactly one album. 25 years of songs about the Human Fish, crows, vagrants, flowers of the night, turnips, Frenchmen &#8230; and potatoes!<\/p><p style=\"padding-left: 80px;\">Wednesday 3 July<\/p><p style=\"padding-left: 120px;\">6:30pm <a href=\"https:\/\/layer.si\/kaos\/en\/kaos-collage-workshops\/\" target=\"_blank\" rel=\"noopener\"><strong>Marta \u017divi\u010dnjak: Decollage<\/strong><\/a>, workshop \/ In- between Space (14+)<\/p><p style=\"padding-left: 120px;\">The theme of the workshop is precisely the goal of knowingly and unconsciously, that is to say, in the spirit of new realists, by making collages, to decollage the techniques of dangling materials used by various artistic lines of Dadaism, Surrealism, Futurism and Pop Art. The elements will be disassembled or decolorized in a new form by cutting or shredding and re-composing into a new composition.<\/p><p style=\"padding-left: 120px;\">Max. participants: 10<\/p><p style=\"padding-left: 120px;\">9pm <a href=\"http:\/\/www.layer.si\/si\/projekti-in-dejavnosti\/dogodki\/dogodek\/1043\/james-blood-ulmer-%E2%88%A3-11-festival-subart\" target=\"_blank\" rel=\"noopener\"><strong>James Blood Ulmer<\/strong><\/a>, blues concert \/ Layer House Terrace &#8211; CANCELLED! <\/p><p style=\"padding-left: 120px;\">He\u2019s one of the greatest guitarists of the past four decades and is also considered to be one of the finest blues musicians in the world. His body of work is tremendous and his metamorphoses reach from an early avant-garde jazz visionary of Ornette Coleman\u2019s school to older protagonists of Afro-American music dialects, bringing together African rhythms, urban jazz, country blues, psychedelic rock, funk and sounds that even heavy metal fans would be jealous of.<\/p><p style=\"padding-left: 80px;\">Thursday 4 July<\/p><p style=\"padding-left: 120px;\">6:30pm <strong><a href=\"https:\/\/layer.si\/kaos\/en\/exhibitions\/exhibitions-2019\/\" target=\"_blank\" rel=\"noopener\">Guided tour<\/a> of the exhibition with<\/strong> <strong>Maru\u0161a \u0160tibelj and Zala Orel <br \/><\/strong><\/p><p style=\"padding-left: 120px;\">9pm <a href=\"http:\/\/www.layer.si\/si\/projekti-in-dejavnosti\/dogodki\/dogodek\/1056\/tinariwen-ml-%E2%88%A3-11-festival-subart\" target=\"_blank\" rel=\"noopener\"><strong>Tinariwen<\/strong><\/a>, concert \/ Trainstation Subart<\/p><p style=\"padding-left: 120px;\">Tinariwen are the most accomplished desert blues rock band in the world and has been creating music for 40 years already. The band comes from the Northern part of Mali and its seven members are the Tuareg who escaped the violence of government forces from the South and found shelter in various refugee camps in the neighbouring countries. They are famous world-wide and have won the prestigious Grammy award.<\/p><hr \/><p style=\"padding-left: 80px;\"><a href=\"https:\/\/www.facebook.com\/events\/364118647553900\/\" target=\"_blank\" rel=\"noopener\"><strong>SubArt Festival<\/strong> <\/a>\/ Trainstation Subart<\/p><p style=\"padding-left: 120px;\">Friday 5 July 8pm \u2192 \u00a0Brkovi, Valter Svira Parafe, Sere\u0161, Wasted Time<br \/>Saturday 6 July 7pm\u2192 \u00a0Lokalna scena: Raggalution, Nature, Didge, Neuromancer, Grimase, Nesit, March of War + techno\/psy DJ-i SkokniPaLokni, Necropsi, Ofnana_pesa, Douchean<br \/>Monday 8 July 8pm\u00a0 \u2192 \u00a0Siberian Meat Grinder, Total Chaos<\/p><hr \/><p style=\"padding-left: 80px;\">Tuesday 13 August <strong><br \/><\/strong><\/p><p style=\"padding-left: 120px;\">\u00a07 pm <strong><a href=\"https:\/\/layer.si\/kaos\/en\/exhibitions\/exhibitions-2019\/\" target=\"_blank\" rel=\"noopener\">Guided tour<\/a> with the curator Petra \u010ceh on the last day of the exhibition<\/strong><\/p><p style=\"padding-left: 80px;\">Tuesday 3 September<\/p><p style=\"padding-left: 120px;\">8pm <strong><a href=\"https:\/\/layer.si\/kaos\/en\/razstave\/mountain-and-sea-zines-gorski-in-morski-zini\/\" target=\"_blank\" rel=\"noopener\">Mountain and Sea Zines<\/a>, <\/strong>exhibition hosting at Rijeka \/\u00a0 Gallery SKC Rijeka, Croatia<\/p><\/div>\n\t\t\t\t<\/div>\n\t\t\t\t<\/div>\n\t\t\t\t\t\t<\/div>\n\t\t\t<\/div>\n\t\t<\/div>\n\t\t\t\t\t\t<\/div>\n\t\t\t<\/div>\n\t\t<\/section>\n\t\t\t\t\t\t<\/div>\n\t\t\t<\/div>\n\t\t<\/div>\n\t\t","protected":false},"excerpt":{"rendered":"<p>KAOS 2nd International Contemporary Collage Festival Kranj, Slovenia Exhibition \/ June 28th &#8211; August 13th Opening times 28 June 2019 \u2192 6pm\u201311pm28 June\u20134 July 2019 \u2192 Tue\u2013Sat 10am\u201311pm,\u00a0 Sun 4pm\u201311pm, Mon. closed5 July \u201313 August 2019 \u2192 Tue\u2013Sat 11am\u20137pm, Sun 4pm\u20137pm, Mon. closed Daily programme \/ June 28th &#8211; July 4th Friday 28 June 6pm [&hellip;]<\/p>\n","protected":false},"author":2,"featured_media":0,"parent":1073,"menu_order":0,"comment_status":"closed","ping_status":"closed","template":"","meta":[],"_links":{"self":[{"href":"https:\/\/layer.si\/kaos\/wp-json\/wp\/v2\/pages\/3141"}],"collection":[{"href":"https:\/\/layer.si\/kaos\/wp-json\/wp\/v2\/pages"}],"about":[{"href":"https:\/\/layer.si\/kaos\/wp-json\/wp\/v2\/types\/page"}],"author":[{"embeddable":true,"href":"https:\/\/layer.si\/kaos\/wp-json\/wp\/v2\/users\/2"}],"replies":[{"embeddable":true,"href":"https:\/\/layer.si\/kaos\/wp-json\/wp\/v2\/comments?post=3141"}],"version-history":[{"count":24,"href":"https:\/\/layer.si\/kaos\/wp-json\/wp\/v2\/pages\/3141\/revisions"}],"predecessor-version":[{"id":3474,"href":"https:\/\/layer.si\/kaos\/wp-json\/wp\/v2\/pages\/3141\/revisions\/3474"}],"up":[{"embeddable":true,"href":"https:\/\/layer.si\/kaos\/wp-json\/wp\/v2\/pages\/1073"}],"wp:attachment":[{"href":"https:\/\/layer.si\/kaos\/wp-json\/wp\/v2\/media?parent=3141"}],"curies":[{"name":"wp","href":"https:\/\/api.w.org\/{rel}","templated":true}]}}