{"id":33,"date":"2019-04-02T11:29:19","date_gmt":"2019-04-02T11:29:19","guid":{"rendered":"https:\/\/layer.si\/kaos\/?page_id=33"},"modified":"2024-05-09T11:28:32","modified_gmt":"2024-05-09T11:28:32","slug":"domov","status":"publish","type":"page","link":"https:\/\/layer.si\/kaos\/","title":{"rendered":"DOMOV"},"content":{"rendered":"\t\t<div data-elementor-type=\"wp-post\" data-elementor-id=\"33\" class=\"elementor elementor-33\" data-elementor-settings=\"[]\">\n\t\t\t<div class=\"elementor-inner\">\n\t\t\t\t<div class=\"elementor-section-wrap\">\n\t\t\t\t\t\t\t<section class=\"elementor-element elementor-element-2d35477 elementor-section-stretched elementor-section-full_width elementor-section-height-min-height elementor-section-items-stretch elementor-section-content-middle elementor-section-height-default elementor-invisible elementor-section elementor-top-section\" data-id=\"2d35477\" data-element_type=\"section\" data-settings=\"{&quot;stretch_section&quot;:&quot;section-stretched&quot;,&quot;background_background&quot;:&quot;classic&quot;,&quot;animation&quot;:&quot;fadeIn&quot;}\">\n\t\t\t\t\t\t<div class=\"elementor-container elementor-column-gap-no\">\n\t\t\t\t<div class=\"elementor-row\">\n\t\t\t\t<div class=\"elementor-element elementor-element-7749522 elementor-column elementor-col-100 elementor-top-column\" data-id=\"7749522\" data-element_type=\"column\">\n\t\t\t<div class=\"elementor-column-wrap\">\n\t\t\t\t\t<div class=\"elementor-widget-wrap\">\n\t\t\t\t\t\t<\/div>\n\t\t\t<\/div>\n\t\t<\/div>\n\t\t\t\t\t\t<\/div>\n\t\t\t<\/div>\n\t\t<\/section>\n\t\t\t\t<section class=\"elementor-element elementor-element-9b3719b elementor-section-stretched elementor-section-full_width elementor-section-content-middle elementor-section-height-default elementor-section-height-default elementor-section elementor-top-section\" data-id=\"9b3719b\" data-element_type=\"section\" data-settings=\"{&quot;stretch_section&quot;:&quot;section-stretched&quot;,&quot;background_background&quot;:&quot;classic&quot;}\">\n\t\t\t\t\t\t<div class=\"elementor-container elementor-column-gap-no\">\n\t\t\t\t<div class=\"elementor-row\">\n\t\t\t\t<div class=\"elementor-element elementor-element-a2fed76 elementor-column elementor-col-100 elementor-top-column\" data-id=\"a2fed76\" data-element_type=\"column\">\n\t\t\t<div class=\"elementor-column-wrap  elementor-element-populated\">\n\t\t\t\t\t<div class=\"elementor-widget-wrap\">\n\t\t\t\t<div class=\"elementor-element elementor-element-9962e52 elementor-grid-tablet-1 elementor-grid-3 elementor-grid-mobile-1 elementor-posts--thumbnail-top elementor-posts--show-avatar elementor-card-shadow-yes elementor-posts__hover-gradient elementor-widget elementor-widget-posts\" data-id=\"9962e52\" data-element_type=\"widget\" data-settings=\"{&quot;cards_row_gap&quot;:{&quot;unit&quot;:&quot;px&quot;,&quot;size&quot;:10,&quot;sizes&quot;:[]},&quot;cards_columns_tablet&quot;:&quot;1&quot;,&quot;cards_columns&quot;:&quot;3&quot;,&quot;cards_columns_mobile&quot;:&quot;1&quot;}\" data-widget_type=\"posts.cards\">\n\t\t\t\t<div class=\"elementor-widget-container\">\n\t\t\t\t\t<div class=\"elementor-posts-container elementor-posts elementor-posts--skin-cards elementor-grid\">\n\t\t\t\t<article class=\"elementor-post elementor-grid-item post-6714 post type-post status-publish format-standard has-post-thumbnail hentry category-slo\">\n\t\t\t<div class=\"elementor-post__card\">\n\t\t\t\t<a class=\"elementor-post__thumbnail__link\" href=\"https:\/\/layer.si\/kaos\/kaos-x-cutout-kijev-pod-povrsjem-beneath-the-surface-%d0%bf%d1%96%d0%b4-%d0%bf%d0%be%d0%b2%d0%b5%d1%80%d1%85%d0%bd%d0%b5%d1%8e\/\" >\n\t\t\t<div class=\"elementor-post__thumbnail\"><img width=\"768\" height=\"337\" src=\"https:\/\/layer.si\/kaos\/wp-content\/uploads\/CUTOUT_KAOS-2024_WEB_FB-BANNER-768x337.png\" class=\"attachment-medium_large size-medium_large\" alt=\"\" loading=\"lazy\" srcset=\"https:\/\/layer.si\/kaos\/wp-content\/uploads\/CUTOUT_KAOS-2024_WEB_FB-BANNER-768x337.png 768w, https:\/\/layer.si\/kaos\/wp-content\/uploads\/CUTOUT_KAOS-2024_WEB_FB-BANNER-300x132.png 300w, https:\/\/layer.si\/kaos\/wp-content\/uploads\/CUTOUT_KAOS-2024_WEB_FB-BANNER-1024x450.png 1024w, https:\/\/layer.si\/kaos\/wp-content\/uploads\/CUTOUT_KAOS-2024_WEB_FB-BANNER-1536x674.png 1536w, https:\/\/layer.si\/kaos\/wp-content\/uploads\/CUTOUT_KAOS-2024_WEB_FB-BANNER.png 1640w\" sizes=\"(max-width: 768px) 100vw, 768px\" \/><\/div>\n\t\t<\/a>\n\t\t\t\t<div class=\"elementor-post__avatar\">\n\t\t\t<img data-del=\"avatar\" alt=\"Festival KAOS\" src='https:\/\/layer.si\/kaos\/wp-content\/uploads\/sq_profilna-150x150.jpg' class='avatar pp-user-avatar avatar-128 photo ' height='128' width='128'\/>\t\t<\/div>\n\t\t\t\t<div class=\"elementor-post__text\">\n\t\t\t\t<h1 class=\"elementor-post__title\">\n\t\t\t<a href=\"https:\/\/layer.si\/kaos\/kaos-x-cutout-kijev-pod-povrsjem-beneath-the-surface-%d0%bf%d1%96%d0%b4-%d0%bf%d0%be%d0%b2%d0%b5%d1%80%d1%85%d0%bd%d0%b5%d1%8e\/\" >\n\t\t\t\tKAOS X CUTOUT KIJEV: POD POVR\u0160JEM \/ \u041f\u0456\u0434 \u043f\u043e\u0432\u0435\u0440\u0445\u043d\u0435\u044e\t\t\t<\/a>\n\t\t<\/h1>\n\t\t\t\t<div class=\"elementor-post__excerpt\">\n\t\t\t<p>Umetnost ostrega reza je strokovni program pomo\u010di z umetnostjo, namenjen pedago\u0161kim delavcem, ter program delavnic za ukrajinske dru\u017eine  <\/p>\n\t\t<\/div>\n\t\t\t\t\t<a class=\"elementor-post__read-more\" href=\"https:\/\/layer.si\/kaos\/kaos-x-cutout-kijev-pod-povrsjem-beneath-the-surface-%d0%bf%d1%96%d0%b4-%d0%bf%d0%be%d0%b2%d0%b5%d1%80%d1%85%d0%bd%d0%b5%d1%8e\/\" >\n\t\t\t\tPreberi ve\u010d \u00bb\t\t\t<\/a>\n\t\t\t\t<\/div>\n\t\t\t\t<div class=\"elementor-post__meta-data\">\n\t\t\t\t\t<span class=\"elementor-post-author\">\n\t\t\tFestival KAOS\t\t<\/span>\n\t\t\t\t<span class=\"elementor-post-date\">\n\t\t\t14. oktobra, 2024\t\t<\/span>\n\t\t\t\t<\/div>\n\t\t\t\t\t<\/div>\n\t\t<\/article>\n\t\t\t\t<article class=\"elementor-post elementor-grid-item post-6700 post type-post status-publish format-standard has-post-thumbnail hentry category-slo\">\n\t\t\t<div class=\"elementor-post__card\">\n\t\t\t\t<a class=\"elementor-post__thumbnail__link\" href=\"https:\/\/layer.si\/kaos\/dogodki-v-zadnjem-tednu-festivala\/\" >\n\t\t\t<div class=\"elementor-post__thumbnail\"><img width=\"768\" height=\"576\" src=\"https:\/\/layer.si\/kaos\/wp-content\/uploads\/KiKi_03_By_Lila_Zervanov-2-1-768x576.jpg\" class=\"attachment-medium_large size-medium_large\" alt=\"\" loading=\"lazy\" srcset=\"https:\/\/layer.si\/kaos\/wp-content\/uploads\/KiKi_03_By_Lila_Zervanov-2-1-768x576.jpg 768w, https:\/\/layer.si\/kaos\/wp-content\/uploads\/KiKi_03_By_Lila_Zervanov-2-1-300x225.jpg 300w, https:\/\/layer.si\/kaos\/wp-content\/uploads\/KiKi_03_By_Lila_Zervanov-2-1-1024x768.jpg 1024w, https:\/\/layer.si\/kaos\/wp-content\/uploads\/KiKi_03_By_Lila_Zervanov-2-1-1536x1152.jpg 1536w, https:\/\/layer.si\/kaos\/wp-content\/uploads\/KiKi_03_By_Lila_Zervanov-2-1-2048x1536.jpg 2048w, https:\/\/layer.si\/kaos\/wp-content\/uploads\/KiKi_03_By_Lila_Zervanov-2-1-scaled.jpg 2000w\" sizes=\"(max-width: 768px) 100vw, 768px\" \/><\/div>\n\t\t<\/a>\n\t\t\t\t<div class=\"elementor-post__avatar\">\n\t\t\t<img data-del=\"avatar\" alt=\"Festival KAOS\" src='https:\/\/layer.si\/kaos\/wp-content\/uploads\/sq_profilna-150x150.jpg' class='avatar pp-user-avatar avatar-128 photo ' height='128' width='128'\/>\t\t<\/div>\n\t\t\t\t<div class=\"elementor-post__text\">\n\t\t\t\t<h1 class=\"elementor-post__title\">\n\t\t\t<a href=\"https:\/\/layer.si\/kaos\/dogodki-v-zadnjem-tednu-festivala\/\" >\n\t\t\t\tDogodki v zadnjem tednu festivala\t\t\t<\/a>\n\t\t<\/h1>\n\t\t\t\t<div class=\"elementor-post__excerpt\">\n\t\t\t<p>Zadnja prilo\u017enost, da vas odnese leto\u0161nji KAOS. <\/p>\n\t\t<\/div>\n\t\t\t\t\t<a class=\"elementor-post__read-more\" href=\"https:\/\/layer.si\/kaos\/dogodki-v-zadnjem-tednu-festivala\/\" >\n\t\t\t\tPreberi ve\u010d \u00bb\t\t\t<\/a>\n\t\t\t\t<\/div>\n\t\t\t\t<div class=\"elementor-post__meta-data\">\n\t\t\t\t\t<span class=\"elementor-post-author\">\n\t\t\tFestival KAOS\t\t<\/span>\n\t\t\t\t<span class=\"elementor-post-date\">\n\t\t\t6. avgusta, 2024\t\t<\/span>\n\t\t\t\t<\/div>\n\t\t\t\t\t<\/div>\n\t\t<\/article>\n\t\t\t\t<article class=\"elementor-post elementor-grid-item post-5879 post type-post status-publish format-standard has-post-thumbnail hentry category-slo\">\n\t\t\t<div class=\"elementor-post__card\">\n\t\t\t\t<a class=\"elementor-post__thumbnail__link\" href=\"https:\/\/layer.si\/kaos\/spletni-pogovor-z-rebeko-elizegi\/\" >\n\t\t\t<div class=\"elementor-post__thumbnail\"><img width=\"768\" height=\"768\" src=\"https:\/\/layer.si\/kaos\/wp-content\/uploads\/INSTAGARM_0007_Capa-1-copia-8-768x768.jpg\" class=\"attachment-medium_large size-medium_large\" alt=\"\" loading=\"lazy\" srcset=\"https:\/\/layer.si\/kaos\/wp-content\/uploads\/INSTAGARM_0007_Capa-1-copia-8-768x768.jpg 768w, https:\/\/layer.si\/kaos\/wp-content\/uploads\/INSTAGARM_0007_Capa-1-copia-8-300x300.jpg 300w, https:\/\/layer.si\/kaos\/wp-content\/uploads\/INSTAGARM_0007_Capa-1-copia-8-1024x1024.jpg 1024w, https:\/\/layer.si\/kaos\/wp-content\/uploads\/INSTAGARM_0007_Capa-1-copia-8-150x150.jpg 150w, https:\/\/layer.si\/kaos\/wp-content\/uploads\/INSTAGARM_0007_Capa-1-copia-8-1536x1536.jpg 1536w, https:\/\/layer.si\/kaos\/wp-content\/uploads\/INSTAGARM_0007_Capa-1-copia-8.jpg 1641w\" sizes=\"(max-width: 768px) 100vw, 768px\" \/><\/div>\n\t\t<\/a>\n\t\t\t\t<div class=\"elementor-post__avatar\">\n\t\t\t<img data-del=\"avatar\" alt=\"Festival KAOS\" src='https:\/\/layer.si\/kaos\/wp-content\/uploads\/sq_profilna-150x150.jpg' class='avatar pp-user-avatar avatar-128 photo ' height='128' width='128'\/>\t\t<\/div>\n\t\t\t\t<div class=\"elementor-post__text\">\n\t\t\t\t<h1 class=\"elementor-post__title\">\n\t\t\t<a href=\"https:\/\/layer.si\/kaos\/spletni-pogovor-z-rebeko-elizegi\/\" >\n\t\t\t\tSpletni pogovor z Rebeko Elizegi\t\t\t<\/a>\n\t\t<\/h1>\n\t\t\t\t<div class=\"elementor-post__excerpt\">\n\t\t\t<p>Udele\u017eite se pogovora o terapevtskih zmo\u017enostih kola\u017ene tehnike<\/p>\n\t\t<\/div>\n\t\t\t\t\t<a class=\"elementor-post__read-more\" href=\"https:\/\/layer.si\/kaos\/spletni-pogovor-z-rebeko-elizegi\/\" >\n\t\t\t\tPreberi ve\u010d \u00bb\t\t\t<\/a>\n\t\t\t\t<\/div>\n\t\t\t\t<div class=\"elementor-post__meta-data\">\n\t\t\t\t\t<span class=\"elementor-post-author\">\n\t\t\tFestival KAOS\t\t<\/span>\n\t\t\t\t<span class=\"elementor-post-date\">\n\t\t\t28. junija, 2024\t\t<\/span>\n\t\t\t\t<\/div>\n\t\t\t\t\t<\/div>\n\t\t<\/article>\n\t\t\t\t<\/div>\n\t\t\t\t<nav class=\"elementor-pagination\" role=\"navigation\" aria-label=\"Pagination\">\n\t\t\t<span class=\"page-numbers prev\">&laquo;<\/span>\n<span aria-current=\"page\" class=\"page-numbers current\"><span class=\"elementor-screen-only\">Page<\/span>1<\/span>\n<a class=\"page-numbers\" href=\"https:\/\/layer.si\/kaos\/wp-json\/wp\/v2\/pages\/33\/page\/2\/\"><span class=\"elementor-screen-only\">Page<\/span>2<\/a>\n<a class=\"page-numbers\" href=\"https:\/\/layer.si\/kaos\/wp-json\/wp\/v2\/pages\/33\/page\/3\/\"><span class=\"elementor-screen-only\">Page<\/span>3<\/a>\n<span class=\"page-numbers dots\">&hellip;<\/span>\n<a class=\"page-numbers\" href=\"https:\/\/layer.si\/kaos\/wp-json\/wp\/v2\/pages\/33\/page\/10\/\"><span class=\"elementor-screen-only\">Page<\/span>10<\/a>\n<a class=\"page-numbers next\" href=\"https:\/\/layer.si\/kaos\/wp-json\/wp\/v2\/pages\/33\/page\/2\/\">&raquo;<\/a>\t\t<\/nav>\n\t\t\t\t<\/div>\n\t\t\t\t<\/div>\n\t\t\t\t<div class=\"elementor-element elementor-element-9ab5334 elementor-widget elementor-widget-text-editor\" data-id=\"9ab5334\" data-element_type=\"widget\" data-widget_type=\"text-editor.default\">\n\t\t\t\t<div class=\"elementor-widget-container\">\n\t\t\t\t\t<div class=\"elementor-text-editor elementor-clearfix\"><p style=\"text-align: right;\"><a href=\"https:\/\/layer.si\/kaos\/si\/novice\/\">ARHIV NOVIC &gt;&gt;<\/a><\/p><\/div>\n\t\t\t\t<\/div>\n\t\t\t\t<\/div>\n\t\t\t\t\t\t<\/div>\n\t\t\t<\/div>\n\t\t<\/div>\n\t\t\t\t\t\t<\/div>\n\t\t\t<\/div>\n\t\t<\/section>\n\t\t\t\t\t\t<\/div>\n\t\t\t<\/div>\n\t\t<\/div>\n\t\t","protected":false},"excerpt":{"rendered":"<p>ARHIV NOVIC &gt;&gt;<\/p>\n","protected":false},"author":1,"featured_media":0,"parent":9,"menu_order":0,"comment_status":"closed","ping_status":"closed","template":"","meta":[],"_links":{"self":[{"href":"https:\/\/layer.si\/kaos\/wp-json\/wp\/v2\/pages\/33"}],"collection":[{"href":"https:\/\/layer.si\/kaos\/wp-json\/wp\/v2\/pages"}],"about":[{"href":"https:\/\/layer.si\/kaos\/wp-json\/wp\/v2\/types\/page"}],"author":[{"embeddable":true,"href":"https:\/\/layer.si\/kaos\/wp-json\/wp\/v2\/users\/1"}],"replies":[{"embeddable":true,"href":"https:\/\/layer.si\/kaos\/wp-json\/wp\/v2\/comments?post=33"}],"version-history":[{"count":54,"href":"https:\/\/layer.si\/kaos\/wp-json\/wp\/v2\/pages\/33\/revisions"}],"predecessor-version":[{"id":5652,"href":"https:\/\/layer.si\/kaos\/wp-json\/wp\/v2\/pages\/33\/revisions\/5652"}],"up":[{"embeddable":true,"href":"https:\/\/layer.si\/kaos\/wp-json\/wp\/v2\/pages\/9"}],"wp:attachment":[{"href":"https:\/\/layer.si\/kaos\/wp-json\/wp\/v2\/media?parent=33"}],"curies":[{"name":"wp","href":"https:\/\/api.w.org\/{rel}","templated":true}]}}