{"id":3520,"date":"2019-07-02T09:02:21","date_gmt":"2019-07-02T09:02:21","guid":{"rendered":"https:\/\/layer.si\/kaos\/?page_id=3520"},"modified":"2019-07-04T18:24:29","modified_gmt":"2019-07-04T18:24:29","slug":"air2020","status":"publish","type":"page","link":"https:\/\/layer.si\/kaos\/si\/air2020\/","title":{"rendered":"AIR 2020"},"content":{"rendered":"\t\t<div data-elementor-type=\"wp-post\" data-elementor-id=\"3520\" class=\"elementor elementor-3520\" data-elementor-settings=\"[]\">\n\t\t\t<div class=\"elementor-inner\">\n\t\t\t\t<div class=\"elementor-section-wrap\">\n\t\t\t\t\t\t\t<section class=\"elementor-element elementor-element-0d2b405 elementor-section-boxed elementor-section-height-default elementor-section-height-default elementor-section elementor-top-section\" data-id=\"0d2b405\" data-element_type=\"section\">\n\t\t\t\t\t\t<div class=\"elementor-container elementor-column-gap-default\">\n\t\t\t\t<div class=\"elementor-row\">\n\t\t\t\t<div class=\"elementor-element elementor-element-ce66de8 elementor-column elementor-col-100 elementor-top-column\" data-id=\"ce66de8\" data-element_type=\"column\">\n\t\t\t<div class=\"elementor-column-wrap  elementor-element-populated\">\n\t\t\t\t\t<div class=\"elementor-widget-wrap\">\n\t\t\t\t<div class=\"elementor-element elementor-element-20f240b elementor-widget elementor-widget-heading\" data-id=\"20f240b\" data-element_type=\"widget\" data-widget_type=\"heading.default\">\n\t\t\t\t<div class=\"elementor-widget-container\">\n\t\t\t<h4 class=\"elementor-heading-title elementor-size-default\">POZIV NA UMETNI\u0160KO REZIDENCO LAYERJEVE HI\u0160E<\/h4>\t\t<\/div>\n\t\t\t\t<\/div>\n\t\t\t\t<div class=\"elementor-element elementor-element-3b5301d elementor-widget elementor-widget-heading\" data-id=\"3b5301d\" data-element_type=\"widget\" data-widget_type=\"heading.default\">\n\t\t\t\t<div class=\"elementor-widget-container\">\n\t\t\t<h1 class=\"elementor-heading-title elementor-size-default\">LETO KOLA\u017dA 2020<\/h1>\t\t<\/div>\n\t\t\t\t<\/div>\n\t\t\t\t<div class=\"elementor-element elementor-element-9b8697f elementor-widget elementor-widget-image\" data-id=\"9b8697f\" data-element_type=\"widget\" data-widget_type=\"image.default\">\n\t\t\t\t<div class=\"elementor-widget-container\">\n\t\t\t\t\t<div class=\"elementor-image\">\n\t\t\t\t\t\t\t\t\t\t<img width=\"800\" height=\"534\" src=\"https:\/\/layer.si\/kaos\/wp-content\/uploads\/leto-kola\u017ea-napis-1024x683.jpg\" class=\"attachment-large size-large\" alt=\"\" loading=\"lazy\" srcset=\"https:\/\/layer.si\/kaos\/wp-content\/uploads\/leto-kola\u017ea-napis-1024x683.jpg 1024w, https:\/\/layer.si\/kaos\/wp-content\/uploads\/leto-kola\u017ea-napis-300x200.jpg 300w, https:\/\/layer.si\/kaos\/wp-content\/uploads\/leto-kola\u017ea-napis-768x512.jpg 768w\" sizes=\"(max-width: 800px) 100vw, 800px\" \/>\t\t\t\t\t\t\t\t\t\t\t<\/div>\n\t\t\t\t<\/div>\n\t\t\t\t<\/div>\n\t\t\t\t<div class=\"elementor-element elementor-element-434db01 elementor-widget elementor-widget-text-editor\" data-id=\"434db01\" data-element_type=\"widget\" data-widget_type=\"text-editor.default\">\n\t\t\t\t<div class=\"elementor-widget-container\">\n\t\t\t\t\t<div class=\"elementor-text-editor elementor-clearfix\"><p>KAOS festival sodobnega kola\u017ea najavlja Leto kola\u017ea!<\/p><p><span style=\"font-weight: 400;\">Umetnice in umetnike kola\u017ea vabimo, da se nam v letu 2020 pridru\u017eite na umetni\u0161ki rezidenci v Kranju. Ko KAOSa v Kranju ni, ima nebo pod Alpami samo dve barvi &#8211; modro ali sivo. Kola\u017e pa okolico pobarva v vse barve tega sveta (in \u0161e kak\u0161nega novega) in jo spremeni za vedno. Zato si \u017eelimo, da ste prav vi del tega podviga, ki bo na\u0161e ljubo mesto dokon\u010dno spremenilo v mesto kola\u017ea.<\/span><\/p><p><span style=\"font-weight: 400;\">Layerjeva hi\u0161a ponuja bivalne in ustvarjalne pogoje za umetnike, rezidenca se lahko zaklju\u010di z razstavo, \u010de si prijavitelj to \u017eeli. <\/span><span style=\"font-weight: 400;\">Umetnike vzpodbujamo in jim omogo\u010damo, da ustvarjajo neposredno na stene in pustijo trajni kola\u017e v hi\u0161i ali na mestnih ulicah.<\/span><span style=\"font-weight: 400;\"> Prijave so odprte do zapolnitve mest. Rezidence kola\u017ea trajajo od januarja do decembra 2020.<\/span><\/p><p><span style=\"font-weight: 400;\">Pogoji rezidence:<\/span><\/p><ul><li style=\"font-weight: 400;\"><span style=\"font-weight: 400;\">Leto kola\u017ea je iniciativa organizatorja Festivala KAOS, Zavoda Carnica. Program ni sofinanciran z javnimi sredstvi. Za tedensko bivanje ra\u010dunamo 125,00 EUR. Najdalj\u0161e obdobje bivanja je 4 tedne.<\/span><\/li><li style=\"font-weight: 400;\"><span style=\"font-weight: 400;\">\u010ce \u017eeli prijavitelj pridobiti dodatna sredstva za stro\u0161ke mobilnosti, bomo z veseljem v pomo\u010d pri pridobivanju potrebnih dokumentov.\u00a0<\/span><\/li><li style=\"font-weight: 400;\"><span style=\"font-weight: 400;\">Nastanitev se nahaja v drugem nadstropju Layerjeve hi\u0161e, kulturnega centra v starem mestnem jedru Kranja. Garsonjera je v celoti opremljena.<\/span><\/li><li style=\"font-weight: 400;\"><span style=\"font-weight: 400;\">Delovni atelje se nahaja v pritli\u010dju hi\u0161e in meri 20m2.<\/span><\/li><\/ul><p><\/p><div>\u00a0<\/div><\/div>\n\t\t\t\t<\/div>\n\t\t\t\t<\/div>\n\t\t\t\t<div class=\"elementor-element elementor-element-efaeda7 elementor-button-align-stretch elementor-widget elementor-widget-form\" data-id=\"efaeda7\" data-element_type=\"widget\" data-settings=\"{&quot;button_width&quot;:&quot;100&quot;,&quot;step_next_label&quot;:&quot;Next&quot;,&quot;step_previous_label&quot;:&quot;Previous&quot;,&quot;step_type&quot;:&quot;number_text&quot;,&quot;step_icon_shape&quot;:&quot;circle&quot;}\" data-widget_type=\"form.default\">\n\t\t\t\t<div class=\"elementor-widget-container\">\n\t\t\t\t\t<form class=\"elementor-form\" method=\"post\" id=\"air_2020_kaos\" name=\"AIR 2020\">\n\t\t\t<input type=\"hidden\" name=\"post_id\" value=\"3520\"\/>\n\t\t\t<input type=\"hidden\" name=\"form_id\" value=\"efaeda7\"\/>\n\n\t\t\t\n\t\t\t<div class=\"elementor-form-fields-wrapper elementor-labels-above\">\n\t\t\t\t\t\t\t\t<div class=\"elementor-field-type-text elementor-field-group elementor-column elementor-field-group-name elementor-col-50 elementor-field-required\">\n\t\t\t\t\t<input size=\"1\" type=\"text\" name=\"form_fields[name]\" id=\"form-field-name\" class=\"elementor-field elementor-size-lg  elementor-field-textual\" placeholder=\"Ime\" required=\"required\" aria-required=\"true\">\t\t\t\t<\/div>\n\t\t\t\t\t\t\t\t<div class=\"elementor-field-type-text elementor-field-group elementor-column elementor-field-group-surname elementor-col-50 elementor-field-required\">\n\t\t\t\t\t<input size=\"1\" type=\"text\" name=\"form_fields[surname]\" id=\"form-field-surname\" class=\"elementor-field elementor-size-lg  elementor-field-textual\" placeholder=\"Priimek\" required=\"required\" aria-required=\"true\">\t\t\t\t<\/div>\n\t\t\t\t\t\t\t\t<div class=\"elementor-field-type-text elementor-field-group elementor-column elementor-field-group-artist_name elementor-col-100 elementor-field-required\">\n\t\t\t\t\t<input size=\"1\" type=\"text\" name=\"form_fields[artist_name]\" id=\"form-field-artist_name\" class=\"elementor-field elementor-size-lg  elementor-field-textual\" placeholder=\"Umetni\u0161ko ime\" required=\"required\" aria-required=\"true\">\t\t\t\t<\/div>\n\t\t\t\t\t\t\t\t<div class=\"elementor-field-type-url elementor-field-group elementor-column elementor-field-group-website elementor-col-100\">\n\t\t\t\t\t<input size=\"1\" type=\"url\" name=\"form_fields[website]\" id=\"form-field-website\" class=\"elementor-field elementor-size-lg  elementor-field-textual\" placeholder=\"Splet\/Instagram\">\t\t\t\t<\/div>\n\t\t\t\t\t\t\t\t<div class=\"elementor-field-type-email elementor-field-group elementor-column elementor-field-group-email elementor-col-50 elementor-field-required\">\n\t\t\t\t\t<input size=\"1\" type=\"email\" name=\"form_fields[email]\" id=\"form-field-email\" class=\"elementor-field elementor-size-lg  elementor-field-textual\" placeholder=\"Email\" required=\"required\" aria-required=\"true\">\t\t\t\t<\/div>\n\t\t\t\t\t\t\t\t<div class=\"elementor-field-type-text elementor-field-group elementor-column elementor-field-group-telephone elementor-col-50 elementor-field-required\">\n\t\t\t\t\t<input size=\"1\" type=\"text\" name=\"form_fields[telephone]\" id=\"form-field-telephone\" class=\"elementor-field elementor-size-lg  elementor-field-textual\" placeholder=\"Telefon\" required=\"required\" aria-required=\"true\">\t\t\t\t<\/div>\n\t\t\t\t\t\t\t\t<div class=\"elementor-field-type-text elementor-field-group elementor-column elementor-field-group-date_of_birth elementor-col-33 elementor-field-required\">\n\t\t\t\t\t<input size=\"1\" type=\"text\" name=\"form_fields[date_of_birth]\" id=\"form-field-date_of_birth\" class=\"elementor-field elementor-size-lg  elementor-field-textual\" placeholder=\"Datum rojstva\" required=\"required\" aria-required=\"true\">\t\t\t\t<\/div>\n\t\t\t\t\t\t\t\t<div class=\"elementor-field-type-text elementor-field-group elementor-column elementor-field-group-place_of_residence elementor-col-33 elementor-field-required\">\n\t\t\t\t\t<input size=\"1\" type=\"text\" name=\"form_fields[place_of_residence]\" id=\"form-field-place_of_residence\" class=\"elementor-field elementor-size-lg  elementor-field-textual\" placeholder=\"Kraj bivanja\" required=\"required\" aria-required=\"true\">\t\t\t\t<\/div>\n\t\t\t\t\t\t\t\t<div class=\"elementor-field-type-text elementor-field-group elementor-column elementor-field-group-Nationality elementor-col-33 elementor-field-required\">\n\t\t\t\t\t<input size=\"1\" type=\"text\" name=\"form_fields[Nationality]\" id=\"form-field-Nationality\" class=\"elementor-field elementor-size-lg  elementor-field-textual\" placeholder=\"Nacionalnost\" required=\"required\" aria-required=\"true\">\t\t\t\t<\/div>\n\t\t\t\t\t\t\t\t<div class=\"elementor-field-type-text elementor-field-group elementor-column elementor-field-group-field_1 elementor-col-33 elementor-field-required\">\n\t\t\t\t\t<input size=\"1\" type=\"text\" name=\"form_fields[field_1]\" id=\"form-field-field_1\" class=\"elementor-field elementor-size-lg  elementor-field-textual\" placeholder=\"\u010cas obiska - 1. \u017eelja:\" required=\"required\" aria-required=\"true\">\t\t\t\t<\/div>\n\t\t\t\t\t\t\t\t<div class=\"elementor-field-type-text elementor-field-group elementor-column elementor-field-group-field_2 elementor-col-33 elementor-field-required\">\n\t\t\t\t\t<input size=\"1\" type=\"text\" name=\"form_fields[field_2]\" id=\"form-field-field_2\" class=\"elementor-field elementor-size-lg  elementor-field-textual\" placeholder=\"\u010cas obiska - 2. \u017eelja:\" required=\"required\" aria-required=\"true\">\t\t\t\t<\/div>\n\t\t\t\t\t\t\t\t<div class=\"elementor-field-type-text elementor-field-group elementor-column elementor-field-group-field_3 elementor-col-33 elementor-field-required\">\n\t\t\t\t\t<input size=\"1\" type=\"text\" name=\"form_fields[field_3]\" id=\"form-field-field_3\" class=\"elementor-field elementor-size-lg  elementor-field-textual\" placeholder=\"\u010cas obiska - 3. \u017eelja:\" required=\"required\" aria-required=\"true\">\t\t\t\t<\/div>\n\t\t\t\t\t\t\t\t<div class=\"elementor-field-type-upload elementor-field-group elementor-column elementor-field-group-field_4 elementor-col-33 elementor-field-required\">\n\t\t\t\t\t<label for=\"form-field-field_4\" class=\"elementor-field-label\">Curriculum Vitae <br>(1 stran max, 1MB max.)<\/label><input type=\"file\" name=\"form_fields[field_4]\" id=\"form-field-field_4\" class=\"elementor-field elementor-size-lg  elementor-upload-field\" required=\"required\" aria-required=\"true\">\t\t\t\t<\/div>\n\t\t\t\t\t\t\t\t<div class=\"elementor-field-type-upload elementor-field-group elementor-column elementor-field-group-field_5 elementor-col-33 elementor-field-required\">\n\t\t\t\t\t<label for=\"form-field-field_5\" class=\"elementor-field-label\">Portfelj <br>(10 strani max, 10MB max.)<\/label><input type=\"file\" name=\"form_fields[field_5]\" id=\"form-field-field_5\" class=\"elementor-field elementor-size-lg  elementor-upload-field\" required=\"required\" aria-required=\"true\" data-maxsize=\"10\" data-maxsize-message=\"This file exceeds the maximum allowed size.\">\t\t\t\t<\/div>\n\t\t\t\t\t\t\t\t<div class=\"elementor-field-type-upload elementor-field-group elementor-column elementor-field-group-field_6 elementor-col-33 elementor-field-required\">\n\t\t\t\t\t<label for=\"form-field-field_6\" class=\"elementor-field-label\">Predlog projekta <br>(1 stran max, 1MB max.)<\/label><input type=\"file\" name=\"form_fields[field_6]\" id=\"form-field-field_6\" class=\"elementor-field elementor-size-lg  elementor-upload-field\" required=\"required\" aria-required=\"true\" data-maxsize=\"1\" data-maxsize-message=\"This file exceeds the maximum allowed size.\">\t\t\t\t<\/div>\n\t\t\t\t\t\t\t\t<div class=\"elementor-field-type-checkbox elementor-field-group elementor-column elementor-field-group-field_7 elementor-col-33\">\n\t\t\t\t\t<label for=\"form-field-field_7\" class=\"elementor-field-label\">Zanima me:<\/label><div class=\"elementor-field-subgroup  elementor-subgroup-inline\"><span class=\"elementor-field-option\"><input type=\"checkbox\" value=\"my_proj\" id=\"form-field-field_7-0\" name=\"form_fields[field_7][]\"> <label for=\"form-field-field_7-0\">delo na lastnem projektu<\/label><\/span><span class=\"elementor-field-option\"><input type=\"checkbox\" value=\"studio\" id=\"form-field-field_7-1\" name=\"form_fields[field_7][]\"> <label for=\"form-field-field_7-1\">studio in razstava<\/label><\/span><span class=\"elementor-field-option\"><input type=\"checkbox\" value=\"collab\" id=\"form-field-field_7-2\" name=\"form_fields[field_7][]\"> <label for=\"form-field-field_7-2\">sodelovanje<\/label><\/span><span class=\"elementor-field-option\"><input type=\"checkbox\" value=\"netw\" id=\"form-field-field_7-3\" name=\"form_fields[field_7][]\"> <label for=\"form-field-field_7-3\">mre\u017eenje<\/label><\/span><span class=\"elementor-field-option\"><input type=\"checkbox\" value=\"street\" id=\"form-field-field_7-4\" name=\"form_fields[field_7][]\"> <label for=\"form-field-field_7-4\">uli\u010dne intervencije<\/label><\/span><span class=\"elementor-field-option\"><input type=\"checkbox\" value=\"workshops\" id=\"form-field-field_7-5\" name=\"form_fields[field_7][]\"> <label for=\"form-field-field_7-5\">delavnice<\/label><\/span><\/div>\t\t\t\t<\/div>\n\t\t\t\t\t\t\t\t<div class=\"elementor-field-type-checkbox elementor-field-group elementor-column elementor-field-group-field_8 elementor-col-33\">\n\t\t\t\t\t<label for=\"form-field-field_8\" class=\"elementor-field-label\">Zvrsti kola\u017ea:<\/label><div class=\"elementor-field-subgroup  elementor-subgroup-inline\"><span class=\"elementor-field-option\"><input type=\"checkbox\" value=\"paper\" id=\"form-field-field_8-0\" name=\"form_fields[field_8][]\"> <label for=\"form-field-field_8-0\">papir<\/label><\/span><span class=\"elementor-field-option\"><input type=\"checkbox\" value=\"digital\" id=\"form-field-field_8-1\" name=\"form_fields[field_8][]\"> <label for=\"form-field-field_8-1\">digital<\/label><\/span><span class=\"elementor-field-option\"><input type=\"checkbox\" value=\"ceramics\" id=\"form-field-field_8-2\" name=\"form_fields[field_8][]\"> <label for=\"form-field-field_8-2\">keramika<\/label><\/span><span class=\"elementor-field-option\"><input type=\"checkbox\" value=\"textile\" id=\"form-field-field_8-3\" name=\"form_fields[field_8][]\"> <label for=\"form-field-field_8-3\">tekstil<\/label><\/span><span class=\"elementor-field-option\"><input type=\"checkbox\" value=\"sculpture\" id=\"form-field-field_8-4\" name=\"form_fields[field_8][]\"> <label for=\"form-field-field_8-4\">skulpture<\/label><\/span><span class=\"elementor-field-option\"><input type=\"checkbox\" value=\"animation-video\" id=\"form-field-field_8-5\" name=\"form_fields[field_8][]\"> <label for=\"form-field-field_8-5\">animacija\/video<\/label><\/span><span class=\"elementor-field-option\"><input type=\"checkbox\" value=\"illustration\" id=\"form-field-field_8-6\" name=\"form_fields[field_8][]\"> <label for=\"form-field-field_8-6\">ilustracija<\/label><\/span><span class=\"elementor-field-option\"><input type=\"checkbox\" value=\"performance\" id=\"form-field-field_8-7\" name=\"form_fields[field_8][]\"> <label for=\"form-field-field_8-7\">performans<\/label><\/span><span class=\"elementor-field-option\"><input type=\"checkbox\" value=\"other\" id=\"form-field-field_8-8\" name=\"form_fields[field_8][]\"> <label for=\"form-field-field_8-8\">ostalo<\/label><\/span><\/div>\t\t\t\t<\/div>\n\t\t\t\t\t\t\t\t<div class=\"elementor-field-type-text elementor-field-group elementor-column elementor-field-group-field_9 elementor-col-33\">\n\t\t\t\t\t<input size=\"1\" type=\"text\" name=\"form_fields[field_9]\" id=\"form-field-field_9\" class=\"elementor-field elementor-size-lg  elementor-field-textual\" placeholder=\"ostalo?\">\t\t\t\t<\/div>\n\t\t\t\t\t\t\t\t<div class=\"elementor-field-type-radio elementor-field-group elementor-column elementor-field-group-field_10 elementor-col-100 elementor-field-required\">\n\t\t\t\t\t<label for=\"form-field-field_10\" class=\"elementor-field-label\">Izberite eno:<\/label><div class=\"elementor-field-subgroup  \"><span class=\"elementor-field-option\"><input type=\"radio\" value=\"Strinjam se, da bom zbirki Layerjeve hi\u0161e podaril eno od svojih umetni\u0161kih del. \" id=\"form-field-field_10-0\" name=\"form_fields[field_10]\" required=\"required\" aria-required=\"true\"> <label for=\"form-field-field_10-0\">Strinjam se, da bom zbirki Layerjeve hi\u0161e podaril eno od svojih umetni\u0161kih del. <\/label><\/span><span class=\"elementor-field-option\"><input type=\"radio\" value=\"Rad bi pustil v hi\u0161i ali v mestu stalno umetni\u0161ko delo.\" id=\"form-field-field_10-1\" name=\"form_fields[field_10]\" required=\"required\" aria-required=\"true\"> <label for=\"form-field-field_10-1\">Rad bi pustil v hi\u0161i ali v mestu stalno umetni\u0161ko delo.<\/label><\/span><\/div>\t\t\t\t<\/div>\n\t\t\t\t\t\t\t\t<div class=\"elementor-field-type-upload elementor-field-group elementor-column elementor-field-group-field_11 elementor-col-100 elementor-field-required\">\n\t\t\t\t\t<label for=\"form-field-field_11\" class=\"elementor-field-label\">Nalo\u017eite eno svoje delo<br>(max. 10MB)<\/label><input type=\"file\" name=\"form_fields[field_11]\" id=\"form-field-field_11\" class=\"elementor-field elementor-size-lg  elementor-upload-field\" required=\"required\" aria-required=\"true\" data-maxsize=\"10\" data-maxsize-message=\"This file exceeds the maximum allowed size.\">\t\t\t\t<\/div>\n\t\t\t\t\t\t\t\t<div class=\"elementor-field-type-text elementor-field-group elementor-column elementor-field-group-field_12 elementor-col-33 elementor-field-required\">\n\t\t\t\t\t<input size=\"1\" type=\"text\" name=\"form_fields[field_12]\" id=\"form-field-field_12\" class=\"elementor-field elementor-size-lg  elementor-field-textual\" placeholder=\"Naslov:\" required=\"required\" aria-required=\"true\">\t\t\t\t<\/div>\n\t\t\t\t\t\t\t\t<div class=\"elementor-field-type-text elementor-field-group elementor-column elementor-field-group-field_13 elementor-col-33 elementor-field-required\">\n\t\t\t\t\t<input size=\"1\" type=\"text\" name=\"form_fields[field_13]\" id=\"form-field-field_13\" class=\"elementor-field elementor-size-lg  elementor-field-textual\" placeholder=\"Tehnika:\" required=\"required\" aria-required=\"true\">\t\t\t\t<\/div>\n\t\t\t\t\t\t\t\t<div class=\"elementor-field-type-text elementor-field-group elementor-column elementor-field-group-field_14 elementor-col-33 elementor-field-required\">\n\t\t\t\t\t<input size=\"1\" type=\"text\" name=\"form_fields[field_14]\" id=\"form-field-field_14\" class=\"elementor-field elementor-size-lg  elementor-field-textual\" placeholder=\"Leto:\" required=\"required\" aria-required=\"true\">\t\t\t\t<\/div>\n\t\t\t\t\t\t\t\t<div class=\"elementor-field-group elementor-column elementor-field-type-submit elementor-col-100 e-form__buttons\">\n\t\t\t\t\t<button type=\"submit\" class=\"elementor-button elementor-size-lg\" id=\"air2020\">\n\t\t\t\t\t\t<span >\n\t\t\t\t\t\t\t\t\t\t\t\t\t\t\t<span class=\" elementor-button-icon\">\n\t\t\t\t\t\t\t\t\t\t\t\t\t\t\t\t\t\t\t\t\t\t\t\t\t\t<\/span>\n\t\t\t\t\t\t\t\t\t\t\t\t\t\t\t\t\t\t\t\t\t\t<span class=\"elementor-button-text\">PO\u0160LJI<\/span>\n\t\t\t\t\t\t\t\t\t\t\t\t\t<\/span>\n\t\t\t\t\t<\/button>\n\t\t\t\t<\/div>\n\t\t\t<\/div>\n\t\t<\/form>\n\t\t\t\t<\/div>\n\t\t\t\t<\/div>\n\t\t\t\t\t\t<\/div>\n\t\t\t<\/div>\n\t\t<\/div>\n\t\t\t\t\t\t<\/div>\n\t\t\t<\/div>\n\t\t<\/section>\n\t\t\t\t\t\t<\/div>\n\t\t\t<\/div>\n\t\t<\/div>\n\t\t","protected":false},"excerpt":{"rendered":"<p>POZIV NA UMETNI\u0160KO REZIDENCO LAYERJEVE HI\u0160E LETO KOLA\u017dA 2020 KAOS festival sodobnega kola\u017ea najavlja Leto kola\u017ea! Umetnice in umetnike kola\u017ea vabimo, da se nam v letu 2020 pridru\u017eite na umetni\u0161ki rezidenci v Kranju. Ko KAOSa v Kranju ni, ima nebo pod Alpami samo dve barvi &#8211; modro ali sivo. Kola\u017e pa okolico pobarva v vse [&hellip;]<\/p>\n","protected":false},"author":1,"featured_media":3516,"parent":9,"menu_order":7,"comment_status":"closed","ping_status":"closed","template":"","meta":[],"_links":{"self":[{"href":"https:\/\/layer.si\/kaos\/wp-json\/wp\/v2\/pages\/3520"}],"collection":[{"href":"https:\/\/layer.si\/kaos\/wp-json\/wp\/v2\/pages"}],"about":[{"href":"https:\/\/layer.si\/kaos\/wp-json\/wp\/v2\/types\/page"}],"author":[{"embeddable":true,"href":"https:\/\/layer.si\/kaos\/wp-json\/wp\/v2\/users\/1"}],"replies":[{"embeddable":true,"href":"https:\/\/layer.si\/kaos\/wp-json\/wp\/v2\/comments?post=3520"}],"version-history":[{"count":9,"href":"https:\/\/layer.si\/kaos\/wp-json\/wp\/v2\/pages\/3520\/revisions"}],"predecessor-version":[{"id":3548,"href":"https:\/\/layer.si\/kaos\/wp-json\/wp\/v2\/pages\/3520\/revisions\/3548"}],"up":[{"embeddable":true,"href":"https:\/\/layer.si\/kaos\/wp-json\/wp\/v2\/pages\/9"}],"wp:featuredmedia":[{"embeddable":true,"href":"https:\/\/layer.si\/kaos\/wp-json\/wp\/v2\/media\/3516"}],"wp:attachment":[{"href":"https:\/\/layer.si\/kaos\/wp-json\/wp\/v2\/media?parent=3520"}],"curies":[{"name":"wp","href":"https:\/\/api.w.org\/{rel}","templated":true}]}}