{"id":3662,"date":"2021-09-09T12:29:13","date_gmt":"2021-09-09T12:29:17","guid":{"rendered":"https:\/\/layer.si\/kaos\/?page_id=3662"},"modified":"2021-09-16T10:36:34","modified_gmt":"2021-09-16T10:36:34","slug":"exhibitions-2020","status":"publish","type":"page","link":"https:\/\/layer.si\/kaos\/en\/exhibitions\/exhibitions-2020\/","title":{"rendered":"Exhibitions 2020"},"content":{"rendered":"\t\t<div data-elementor-type=\"wp-post\" data-elementor-id=\"3662\" class=\"elementor elementor-3662\" data-elementor-settings=\"[]\">\n\t\t\t<div class=\"elementor-inner\">\n\t\t\t\t<div class=\"elementor-section-wrap\">\n\t\t\t\t\t\t\t<section class=\"elementor-element elementor-element-926ee1c elementor-section-boxed elementor-section-height-default elementor-section-height-default elementor-section elementor-top-section\" data-id=\"926ee1c\" data-element_type=\"section\">\n\t\t\t\t\t\t<div class=\"elementor-container elementor-column-gap-default\">\n\t\t\t\t<div class=\"elementor-row\">\n\t\t\t\t<div class=\"elementor-element elementor-element-5b82480 elementor-column elementor-col-100 elementor-top-column\" data-id=\"5b82480\" data-element_type=\"column\">\n\t\t\t<div class=\"elementor-column-wrap  elementor-element-populated\">\n\t\t\t\t\t<div class=\"elementor-widget-wrap\">\n\t\t\t\t<div class=\"elementor-element elementor-element-3c1c9da elementor-nav-menu__align-center elementor-nav-menu__text-align-center elementor-nav-menu--indicator-classic elementor-nav-menu--dropdown-tablet elementor-widget elementor-widget-nav-menu\" data-id=\"3c1c9da\" data-element_type=\"widget\" data-settings=\"{&quot;layout&quot;:&quot;horizontal&quot;}\" data-widget_type=\"nav-menu.default\">\n\t\t\t\t<div class=\"elementor-widget-container\">\n\t\t\t\t\t\t<nav role=\"navigation\" class=\"elementor-nav-menu--main elementor-nav-menu__container elementor-nav-menu--layout-horizontal e--pointer-underline e--animation-fade\"><ul id=\"menu-1-3c1c9da\" class=\"elementor-nav-menu\"><li class=\"menu-item menu-item-type-post_type menu-item-object-page menu-item-5571\"><a href=\"https:\/\/layer.si\/kaos\/en\/exhibitions\/exhibitions-2024\/\" class=\"elementor-item\">2024<\/a><\/li>\n<li class=\"menu-item menu-item-type-post_type menu-item-object-page menu-item-4667\"><a href=\"https:\/\/layer.si\/kaos\/en\/exhibitions\/exhibitions-2022\/\" class=\"elementor-item\">2022<\/a><\/li>\n<li class=\"menu-item menu-item-type-post_type menu-item-object-page menu-item-4433\"><a href=\"https:\/\/layer.si\/kaos\/en\/exhibitions\/exhibitions-2021\/\" class=\"elementor-item\">2021<\/a><\/li>\n<li class=\"menu-item menu-item-type-post_type menu-item-object-page menu-item-3666\"><a href=\"https:\/\/layer.si\/kaos\/en\/exhibitions\/exhibitions-2020\/\" class=\"elementor-item\">2020<\/a><\/li>\n<li class=\"menu-item menu-item-type-post_type menu-item-object-page menu-item-918\"><a href=\"https:\/\/layer.si\/kaos\/en\/exhibitions\/exhibitions-2019\/\" class=\"elementor-item\">2019<\/a><\/li>\n<li class=\"menu-item menu-item-type-post_type menu-item-object-page menu-item-913\"><a href=\"https:\/\/layer.si\/kaos\/en\/exhibitions\/exhibitions-2018\/\" class=\"elementor-item\">2018<\/a><\/li>\n<\/ul><\/nav>\n\t\t\t\t\t<div class=\"elementor-menu-toggle\" role=\"button\" tabindex=\"0\" aria-label=\"Menu Toggle\" aria-expanded=\"false\">\n\t\t\t<i class=\"eicon-menu-bar\" aria-hidden=\"true\"><\/i>\n\t\t\t<span class=\"elementor-screen-only\">Menu<\/span>\n\t\t<\/div>\n\t\t\t<nav class=\"elementor-nav-menu--dropdown elementor-nav-menu__container\" role=\"navigation\" aria-hidden=\"true\"><ul id=\"menu-2-3c1c9da\" class=\"elementor-nav-menu\"><li class=\"menu-item menu-item-type-post_type menu-item-object-page menu-item-5571\"><a href=\"https:\/\/layer.si\/kaos\/en\/exhibitions\/exhibitions-2024\/\" class=\"elementor-item\">2024<\/a><\/li>\n<li class=\"menu-item menu-item-type-post_type menu-item-object-page menu-item-4667\"><a href=\"https:\/\/layer.si\/kaos\/en\/exhibitions\/exhibitions-2022\/\" class=\"elementor-item\">2022<\/a><\/li>\n<li class=\"menu-item menu-item-type-post_type menu-item-object-page menu-item-4433\"><a href=\"https:\/\/layer.si\/kaos\/en\/exhibitions\/exhibitions-2021\/\" class=\"elementor-item\">2021<\/a><\/li>\n<li class=\"menu-item menu-item-type-post_type menu-item-object-page menu-item-3666\"><a href=\"https:\/\/layer.si\/kaos\/en\/exhibitions\/exhibitions-2020\/\" class=\"elementor-item\">2020<\/a><\/li>\n<li class=\"menu-item menu-item-type-post_type menu-item-object-page menu-item-918\"><a href=\"https:\/\/layer.si\/kaos\/en\/exhibitions\/exhibitions-2019\/\" class=\"elementor-item\">2019<\/a><\/li>\n<li class=\"menu-item menu-item-type-post_type menu-item-object-page menu-item-913\"><a href=\"https:\/\/layer.si\/kaos\/en\/exhibitions\/exhibitions-2018\/\" class=\"elementor-item\">2018<\/a><\/li>\n<\/ul><\/nav>\n\t\t\t\t<\/div>\n\t\t\t\t<\/div>\n\t\t\t\t\t\t<\/div>\n\t\t\t<\/div>\n\t\t<\/div>\n\t\t\t\t\t\t<\/div>\n\t\t\t<\/div>\n\t\t<\/section>\n\t\t\t\t<section class=\"elementor-element elementor-element-3ac0871 elementor-section-stretched elementor-section-full_width elementor-section-height-default elementor-section-height-default elementor-section elementor-top-section\" data-id=\"3ac0871\" data-element_type=\"section\" data-settings=\"{&quot;stretch_section&quot;:&quot;section-stretched&quot;}\">\n\t\t\t\t\t\t<div class=\"elementor-container elementor-column-gap-default\">\n\t\t\t\t<div class=\"elementor-row\">\n\t\t\t\t<div class=\"elementor-element elementor-element-a8d282b elementor-column elementor-col-100 elementor-top-column\" data-id=\"a8d282b\" data-element_type=\"column\">\n\t\t\t<div class=\"elementor-column-wrap  elementor-element-populated\">\n\t\t\t\t\t<div class=\"elementor-widget-wrap\">\n\t\t\t\t<div class=\"elementor-element elementor-element-339e430 elementor-grid-4 elementor-posts--align-left elementor-grid-tablet-2 elementor-grid-mobile-1 elementor-posts--thumbnail-top elementor-widget elementor-widget-posts\" data-id=\"339e430\" data-element_type=\"widget\" data-settings=\"{&quot;classic_columns&quot;:&quot;4&quot;,&quot;classic_row_gap&quot;:{&quot;unit&quot;:&quot;px&quot;,&quot;size&quot;:20,&quot;sizes&quot;:[]},&quot;classic_columns_tablet&quot;:&quot;2&quot;,&quot;classic_columns_mobile&quot;:&quot;1&quot;}\" data-widget_type=\"posts.classic\">\n\t\t\t\t<div class=\"elementor-widget-container\">\n\t\t\t\t\t<div class=\"elementor-posts-container elementor-posts elementor-posts--skin-classic elementor-grid\">\n\t\t\t\t<article class=\"elementor-post elementor-grid-item post-3768 razstave type-razstave status-publish has-post-thumbnail hentry tip-razstave-exhibitions tip-razstave-residence leto-2020-en jezik-eng\">\n\t\t\t\t<a class=\"elementor-post__thumbnail__link\" href=\"https:\/\/layer.si\/kaos\/en\/razstave\/memories\/\" >\n\t\t\t<div class=\"elementor-post__thumbnail\"><img width=\"800\" height=\"450\" src=\"https:\/\/layer.si\/kaos\/wp-content\/uploads\/Memories-wide-1024x576.jpg\" class=\"attachment-large size-large\" alt=\"\" loading=\"lazy\" srcset=\"https:\/\/layer.si\/kaos\/wp-content\/uploads\/Memories-wide-1024x576.jpg 1024w, https:\/\/layer.si\/kaos\/wp-content\/uploads\/Memories-wide-300x169.jpg 300w, https:\/\/layer.si\/kaos\/wp-content\/uploads\/Memories-wide-768x432.jpg 768w\" sizes=\"(max-width: 800px) 100vw, 800px\" \/><\/div>\n\t\t<\/a>\n\t\t\t\t<div class=\"elementor-post__text\">\n\t\t\t\t<h1 class=\"elementor-post__title\">\n\t\t\t<a href=\"https:\/\/layer.si\/kaos\/en\/razstave\/memories\/\" >\n\t\t\t\tMemories\t\t\t<\/a>\n\t\t<\/h1>\n\t\t\t\t<div class=\"elementor-post__excerpt\">\n\t\t\t<p>Artists\u2013in\u2013residence, Layer House and public space | This year, KAOS art residencies is hosting three local artists who tend to combine collage with other techniques,<\/p>\n\t\t<\/div>\n\t\t\t\t<\/div>\n\t\t\t\t<\/article>\n\t\t\t\t<article class=\"elementor-post elementor-grid-item post-3781 razstave type-razstave status-publish has-post-thumbnail hentry tip-razstave-exhibitions leto-2020-en jezik-eng\">\n\t\t\t\t<a class=\"elementor-post__thumbnail__link\" href=\"https:\/\/layer.si\/kaos\/en\/razstave\/fractures\/\" >\n\t\t\t<div class=\"elementor-post__thumbnail\"><img width=\"800\" height=\"450\" src=\"https:\/\/layer.si\/kaos\/wp-content\/uploads\/Fractures-wide-1024x576.jpg\" class=\"attachment-large size-large\" alt=\"\" loading=\"lazy\" srcset=\"https:\/\/layer.si\/kaos\/wp-content\/uploads\/Fractures-wide-1024x576.jpg 1024w, https:\/\/layer.si\/kaos\/wp-content\/uploads\/Fractures-wide-300x169.jpg 300w, https:\/\/layer.si\/kaos\/wp-content\/uploads\/Fractures-wide-768x432.jpg 768w\" sizes=\"(max-width: 800px) 100vw, 800px\" \/><\/div>\n\t\t<\/a>\n\t\t\t\t<div class=\"elementor-post__text\">\n\t\t\t\t<h1 class=\"elementor-post__title\">\n\t\t\t<a href=\"https:\/\/layer.si\/kaos\/en\/razstave\/fractures\/\" >\n\t\t\t\tFractures\t\t\t<\/a>\n\t\t<\/h1>\n\t\t\t\t<div class=\"elementor-post__excerpt\">\n\t\t\t<p>Solo exhibitions, Layer House, Medprostor and street | Anna Rosa Tom\u0161i\u010d Jacobs: Consciousness of the Land Anka Ko\u010devar: Illustrations of Trees Lucia Rosc: Games Hana<\/p>\n\t\t<\/div>\n\t\t\t\t<\/div>\n\t\t\t\t<\/article>\n\t\t\t\t<article class=\"elementor-post elementor-grid-item post-3788 razstave type-razstave status-publish has-post-thumbnail hentry tip-razstave-exhibitions leto-2020-en jezik-eng\">\n\t\t\t\t<a class=\"elementor-post__thumbnail__link\" href=\"https:\/\/layer.si\/kaos\/en\/razstave\/art-installation-in-space\/\" >\n\t\t\t<div class=\"elementor-post__thumbnail\"><img width=\"800\" height=\"443\" src=\"https:\/\/layer.si\/kaos\/wp-content\/uploads\/Lara-Papov-detajl-foto11-1024x567.jpg\" class=\"attachment-large size-large\" alt=\"\" loading=\"lazy\" srcset=\"https:\/\/layer.si\/kaos\/wp-content\/uploads\/Lara-Papov-detajl-foto11-1024x567.jpg 1024w, https:\/\/layer.si\/kaos\/wp-content\/uploads\/Lara-Papov-detajl-foto11-300x166.jpg 300w, https:\/\/layer.si\/kaos\/wp-content\/uploads\/Lara-Papov-detajl-foto11-768x425.jpg 768w\" sizes=\"(max-width: 800px) 100vw, 800px\" \/><\/div>\n\t\t<\/a>\n\t\t\t\t<div class=\"elementor-post__text\">\n\t\t\t\t<h1 class=\"elementor-post__title\">\n\t\t\t<a href=\"https:\/\/layer.si\/kaos\/en\/razstave\/art-installation-in-space\/\" >\n\t\t\t\tArt installation in space\t\t\t<\/a>\n\t\t<\/h1>\n\t\t\t\t<div class=\"elementor-post__excerpt\">\n\t\t\t<p>Lara Papov: When You See Me Again It Won&#8217;t Be Me, \u0160krlovec Tower | In her installation of a photographic collage, which occupies a part<\/p>\n\t\t<\/div>\n\t\t\t\t<\/div>\n\t\t\t\t<\/article>\n\t\t\t\t<article class=\"elementor-post elementor-grid-item post-3793 razstave type-razstave status-publish has-post-thumbnail hentry tip-razstave-exhibitions leto-2020-en jezik-eng\">\n\t\t\t\t<a class=\"elementor-post__thumbnail__link\" href=\"https:\/\/layer.si\/kaos\/en\/razstave\/drowning-culture-2\/\" >\n\t\t\t<div class=\"elementor-post__thumbnail\"><img width=\"800\" height=\"450\" src=\"https:\/\/layer.si\/kaos\/wp-content\/uploads\/Drowning-culture-wide-1024x576.jpg\" class=\"attachment-large size-large\" alt=\"\" loading=\"lazy\" srcset=\"https:\/\/layer.si\/kaos\/wp-content\/uploads\/Drowning-culture-wide-1024x576.jpg 1024w, https:\/\/layer.si\/kaos\/wp-content\/uploads\/Drowning-culture-wide-300x169.jpg 300w, https:\/\/layer.si\/kaos\/wp-content\/uploads\/Drowning-culture-wide-768x432.jpg 768w\" sizes=\"(max-width: 800px) 100vw, 800px\" \/><\/div>\n\t\t<\/a>\n\t\t\t\t<div class=\"elementor-post__text\">\n\t\t\t\t<h1 class=\"elementor-post__title\">\n\t\t\t<a href=\"https:\/\/layer.si\/kaos\/en\/razstave\/drowning-culture-2\/\" >\n\t\t\t\tDrowning Culture\t\t\t<\/a>\n\t\t<\/h1>\n\t\t\t\t<div class=\"elementor-post__excerpt\">\n\t\t\t<p>Selected collages of the open call, Spot-on Gallery (Galerija Na mestu) | Kai Holland in Taher Jaoui, Anna Sandalaki, Clive Knights, Filipa Valen\u010di\u0107, Jorge Chamorro,<\/p>\n\t\t<\/div>\n\t\t\t\t<\/div>\n\t\t\t\t<\/article>\n\t\t\t\t<article class=\"elementor-post elementor-grid-item post-3798 razstave type-razstave status-publish has-post-thumbnail hentry tip-razstave-exhibitions leto-2020-en jezik-eng\">\n\t\t\t\t<a class=\"elementor-post__thumbnail__link\" href=\"https:\/\/layer.si\/kaos\/en\/razstave\/about-tomorrow\/\" >\n\t\t\t<div class=\"elementor-post__thumbnail\"><img width=\"800\" height=\"450\" src=\"https:\/\/layer.si\/kaos\/wp-content\/uploads\/About-tomorrow-wide-1-1024x576.jpg\" class=\"attachment-large size-large\" alt=\"\" loading=\"lazy\" srcset=\"https:\/\/layer.si\/kaos\/wp-content\/uploads\/About-tomorrow-wide-1-1024x576.jpg 1024w, https:\/\/layer.si\/kaos\/wp-content\/uploads\/About-tomorrow-wide-1-300x169.jpg 300w, https:\/\/layer.si\/kaos\/wp-content\/uploads\/About-tomorrow-wide-1-768x432.jpg 768w\" sizes=\"(max-width: 800px) 100vw, 800px\" \/><\/div>\n\t\t<\/a>\n\t\t\t\t<div class=\"elementor-post__text\">\n\t\t\t\t<h1 class=\"elementor-post__title\">\n\t\t\t<a href=\"https:\/\/layer.si\/kaos\/en\/razstave\/about-tomorrow\/\" >\n\t\t\t\tAbout Tomorrow\t\t\t<\/a>\n\t\t<\/h1>\n\t\t\t\t<div class=\"elementor-post__excerpt\">\n\t\t\t<p>Selected collages of the open call, \u0160krlovec Tower | Emilio Fuentes Traverso, Brut Carniollus, Bep Broos, Steve Braun, Laura Quevedo, Taty Arruda, Hilal Tursoluk, Barbara<\/p>\n\t\t<\/div>\n\t\t\t\t<\/div>\n\t\t\t\t<\/article>\n\t\t\t\t<article class=\"elementor-post elementor-grid-item post-3805 razstave type-razstave status-publish has-post-thumbnail hentry tip-razstave-exhibitions leto-2020-en jezik-eng\">\n\t\t\t\t<a class=\"elementor-post__thumbnail__link\" href=\"https:\/\/layer.si\/kaos\/en\/razstave\/collagistas-festival-2019-brussels-2\/\" >\n\t\t\t<div class=\"elementor-post__thumbnail\"><img width=\"800\" height=\"450\" src=\"https:\/\/layer.si\/kaos\/wp-content\/uploads\/Universal-language-wide-1024x576.jpg\" class=\"attachment-large size-large\" alt=\"\" loading=\"lazy\" srcset=\"https:\/\/layer.si\/kaos\/wp-content\/uploads\/Universal-language-wide-1024x576.jpg 1024w, https:\/\/layer.si\/kaos\/wp-content\/uploads\/Universal-language-wide-300x169.jpg 300w, https:\/\/layer.si\/kaos\/wp-content\/uploads\/Universal-language-wide-768x432.jpg 768w\" sizes=\"(max-width: 800px) 100vw, 800px\" \/><\/div>\n\t\t<\/a>\n\t\t\t\t<div class=\"elementor-post__text\">\n\t\t\t\t<h1 class=\"elementor-post__title\">\n\t\t\t<a href=\"https:\/\/layer.si\/kaos\/en\/razstave\/collagistas-festival-2019-brussels-2\/\" >\n\t\t\t\tCollagistas Festival\/2019\/Brussels\t\t\t<\/a>\n\t\t<\/h1>\n\t\t\t\t<div class=\"elementor-post__excerpt\">\n\t\t\t<p>Selected collages of our friends from Collagistas Festival | A selection of collages from last year&#8217;s edition of our beloved Collagistas festival, which took place<\/p>\n\t\t<\/div>\n\t\t\t\t<\/div>\n\t\t\t\t<\/article>\n\t\t\t\t<\/div>\n\t\t\t\t<\/div>\n\t\t\t\t<\/div>\n\t\t\t\t\t\t<\/div>\n\t\t\t<\/div>\n\t\t<\/div>\n\t\t\t\t\t\t<\/div>\n\t\t\t<\/div>\n\t\t<\/section>\n\t\t\t\t\t\t<\/div>\n\t\t\t<\/div>\n\t\t<\/div>\n\t\t","protected":false},"excerpt":{"rendered":"","protected":false},"author":1,"featured_media":0,"parent":677,"menu_order":3,"comment_status":"closed","ping_status":"closed","template":"","meta":[],"_links":{"self":[{"href":"https:\/\/layer.si\/kaos\/wp-json\/wp\/v2\/pages\/3662"}],"collection":[{"href":"https:\/\/layer.si\/kaos\/wp-json\/wp\/v2\/pages"}],"about":[{"href":"https:\/\/layer.si\/kaos\/wp-json\/wp\/v2\/types\/page"}],"author":[{"embeddable":true,"href":"https:\/\/layer.si\/kaos\/wp-json\/wp\/v2\/users\/1"}],"replies":[{"embeddable":true,"href":"https:\/\/layer.si\/kaos\/wp-json\/wp\/v2\/comments?post=3662"}],"version-history":[{"count":4,"href":"https:\/\/layer.si\/kaos\/wp-json\/wp\/v2\/pages\/3662\/revisions"}],"predecessor-version":[{"id":4477,"href":"https:\/\/layer.si\/kaos\/wp-json\/wp\/v2\/pages\/3662\/revisions\/4477"}],"up":[{"embeddable":true,"href":"https:\/\/layer.si\/kaos\/wp-json\/wp\/v2\/pages\/677"}],"wp:attachment":[{"href":"https:\/\/layer.si\/kaos\/wp-json\/wp\/v2\/media?parent=3662"}],"curies":[{"name":"wp","href":"https:\/\/api.w.org\/{rel}","templated":true}]}}