{"id":372,"date":"2019-03-31T13:43:16","date_gmt":"2019-03-31T13:43:16","guid":{"rendered":"https:\/\/layer.si\/kaos\/?page_id=372"},"modified":"2020-07-07T14:57:41","modified_gmt":"2020-07-07T14:57:41","slug":"vsi-dogodki-2018","status":"publish","type":"page","link":"https:\/\/layer.si\/kaos\/si\/program\/vsi-dogodki\/vsi-dogodki-2018\/","title":{"rendered":"VSI DOGODKI 2018"},"content":{"rendered":"\t\t<div data-elementor-type=\"wp-post\" data-elementor-id=\"372\" class=\"elementor elementor-372\" data-elementor-settings=\"[]\">\n\t\t\t<div class=\"elementor-inner\">\n\t\t\t\t<div class=\"elementor-section-wrap\">\n\t\t\t\t\t\t\t<section class=\"elementor-element elementor-element-c371332 elementor-section-boxed elementor-section-height-default elementor-section-height-default elementor-section elementor-top-section\" data-id=\"c371332\" data-element_type=\"section\">\n\t\t\t\t\t\t<div class=\"elementor-container elementor-column-gap-default\">\n\t\t\t\t<div class=\"elementor-row\">\n\t\t\t\t<div class=\"elementor-element elementor-element-3834afd elementor-column elementor-col-100 elementor-top-column\" data-id=\"3834afd\" data-element_type=\"column\">\n\t\t\t<div class=\"elementor-column-wrap  elementor-element-populated\">\n\t\t\t\t\t<div class=\"elementor-widget-wrap\">\n\t\t\t\t<div class=\"elementor-element elementor-element-b9035b1 elementor-nav-menu__text-align-center elementor-nav-menu__align-center elementor-nav-menu--indicator-classic elementor-nav-menu--dropdown-tablet elementor-widget elementor-widget-nav-menu\" data-id=\"b9035b1\" data-element_type=\"widget\" data-settings=\"{&quot;layout&quot;:&quot;horizontal&quot;}\" data-widget_type=\"nav-menu.default\">\n\t\t\t\t<div class=\"elementor-widget-container\">\n\t\t\t\t\t\t<nav role=\"navigation\" class=\"elementor-nav-menu--main elementor-nav-menu__container elementor-nav-menu--layout-horizontal e--pointer-underline e--animation-fade\"><ul id=\"menu-1-b9035b1\" class=\"elementor-nav-menu\"><li class=\"menu-item menu-item-type-post_type menu-item-object-page menu-item-5576\"><a href=\"https:\/\/layer.si\/kaos\/si\/program\/vsi-dogodki\/vsi-dogodki-2024\/\" class=\"elementor-item\">2024<\/a><\/li>\n<li class=\"menu-item menu-item-type-post_type menu-item-object-page menu-item-4687\"><a href=\"https:\/\/layer.si\/kaos\/si\/program\/vsi-dogodki\/vsi-dogodki-2022\/\" class=\"elementor-item\">2022<\/a><\/li>\n<li class=\"menu-item menu-item-type-post_type menu-item-object-page menu-item-4434\"><a href=\"https:\/\/layer.si\/kaos\/si\/program\/vsi-dogodki\/vsi-dogodki-2021\/\" class=\"elementor-item\">2021<\/a><\/li>\n<li class=\"menu-item menu-item-type-post_type menu-item-object-page menu-item-3626\"><a href=\"https:\/\/layer.si\/kaos\/si\/program\/vsi-dogodki\/vsi-dogodki-2020\/\" class=\"elementor-item\">2020<\/a><\/li>\n<li class=\"menu-item menu-item-type-post_type menu-item-object-page menu-item-1059\"><a href=\"https:\/\/layer.si\/kaos\/si\/program\/vsi-dogodki\/vsi-dogodki-2019\/\" class=\"elementor-item\">2019<\/a><\/li>\n<li class=\"menu-item menu-item-type-post_type menu-item-object-page menu-item-1058\"><a href=\"https:\/\/layer.si\/kaos\/si\/program\/vsi-dogodki\/vsi-dogodki-2018\/\" class=\"elementor-item\">2018<\/a><\/li>\n<\/ul><\/nav>\n\t\t\t\t\t<div class=\"elementor-menu-toggle\" role=\"button\" tabindex=\"0\" aria-label=\"Menu Toggle\" aria-expanded=\"false\">\n\t\t\t<i class=\"eicon-menu-bar\" aria-hidden=\"true\"><\/i>\n\t\t\t<span class=\"elementor-screen-only\">Menu<\/span>\n\t\t<\/div>\n\t\t\t<nav class=\"elementor-nav-menu--dropdown elementor-nav-menu__container\" role=\"navigation\" aria-hidden=\"true\"><ul id=\"menu-2-b9035b1\" class=\"elementor-nav-menu\"><li class=\"menu-item menu-item-type-post_type menu-item-object-page menu-item-5576\"><a href=\"https:\/\/layer.si\/kaos\/si\/program\/vsi-dogodki\/vsi-dogodki-2024\/\" class=\"elementor-item\">2024<\/a><\/li>\n<li class=\"menu-item menu-item-type-post_type menu-item-object-page menu-item-4687\"><a href=\"https:\/\/layer.si\/kaos\/si\/program\/vsi-dogodki\/vsi-dogodki-2022\/\" class=\"elementor-item\">2022<\/a><\/li>\n<li class=\"menu-item menu-item-type-post_type menu-item-object-page menu-item-4434\"><a href=\"https:\/\/layer.si\/kaos\/si\/program\/vsi-dogodki\/vsi-dogodki-2021\/\" class=\"elementor-item\">2021<\/a><\/li>\n<li class=\"menu-item menu-item-type-post_type menu-item-object-page menu-item-3626\"><a href=\"https:\/\/layer.si\/kaos\/si\/program\/vsi-dogodki\/vsi-dogodki-2020\/\" class=\"elementor-item\">2020<\/a><\/li>\n<li class=\"menu-item menu-item-type-post_type menu-item-object-page menu-item-1059\"><a href=\"https:\/\/layer.si\/kaos\/si\/program\/vsi-dogodki\/vsi-dogodki-2019\/\" class=\"elementor-item\">2019<\/a><\/li>\n<li class=\"menu-item menu-item-type-post_type menu-item-object-page menu-item-1058\"><a href=\"https:\/\/layer.si\/kaos\/si\/program\/vsi-dogodki\/vsi-dogodki-2018\/\" class=\"elementor-item\">2018<\/a><\/li>\n<\/ul><\/nav>\n\t\t\t\t<\/div>\n\t\t\t\t<\/div>\n\t\t\t\t\t\t<\/div>\n\t\t\t<\/div>\n\t\t<\/div>\n\t\t\t\t\t\t<\/div>\n\t\t\t<\/div>\n\t\t<\/section>\n\t\t\t\t<section class=\"elementor-element elementor-element-7354f3d2 elementor-section-boxed elementor-section-height-default elementor-section-height-default elementor-section elementor-top-section\" data-id=\"7354f3d2\" data-element_type=\"section\">\n\t\t\t\t\t\t<div class=\"elementor-container elementor-column-gap-default\">\n\t\t\t\t<div class=\"elementor-row\">\n\t\t\t\t<div class=\"elementor-element elementor-element-51513945 elementor-column elementor-col-100 elementor-top-column\" data-id=\"51513945\" data-element_type=\"column\">\n\t\t\t<div class=\"elementor-column-wrap  elementor-element-populated\">\n\t\t\t\t\t<div class=\"elementor-widget-wrap\">\n\t\t\t\t<div class=\"elementor-element elementor-element-40469c69 elementor-widget elementor-widget-text-editor\" data-id=\"40469c69\" data-element_type=\"widget\" data-widget_type=\"text-editor.default\">\n\t\t\t\t<div class=\"elementor-widget-container\">\n\t\t\t\t\t<div class=\"elementor-text-editor elementor-clearfix\"><!-- wp:heading {\"level\":3} -->\n<h3><u><a href=\"https:\/\/layer.si\/kaos\/si\/program\/vsi-dogodki\/vsi-dogodki-2018\/vsi-dogodki-2018-podrobnosti\/\" data-cke-saved-href=\"kaos:\/\/#!section=22894267\"><img loading=\"lazy\" class=\"alignnone size-full wp-image-73\" src=\"https:\/\/layer.si\/kaos\/wp-content\/uploads\/4.png\" alt=\"\" width=\"200\" height=\"45\" \/>PODROBNEJ\u0160I OPISI DOGODKOV<\/a><\/u><\/h3>\n<h1>PROGRAM\u00a0<\/h1>\n<p><strong>KAOS festival sodobnega kola\u017ea<\/strong><br \/>Odprtje festivala\u00a0<br \/>petek, 29. junij<\/p>\n<p>ob 19. uri<br \/><strong>Viva Collagistas<\/strong>, odprtje razstave v uli\u010dni\u00a0galeriji\u00a0Na mestu (Gregori\u010di\u010deva ulica, pred Mestno knji\u017enico Kranj)<\/p>\n<p>ob 20. uri<br \/><strong>Mesto kaosa<\/strong> avtorjev Maru\u0161a \u0160tibelj in Davida Almajerja, odprtje 3D kola\u017ea &#8211; zidne postavitve na dvori\u0161\u010du Layerjeve hi\u0161e<\/p>\n<hr \/>\n<p><strong>Pleska, likovno-glasbeni festival<\/strong><br \/><strong>Antropoloops, glasbeni kola\u017e<\/strong><br \/>petek, 29. junij, ob 21. uri<\/p>\n<hr \/>\n<p><strong>Pleska, likovno-glasbeni festival<\/strong><br \/><strong>Koncert\u00a0Nike\u00a0Perunovi\u010d &amp; Marka\u00a0Zaletelja in kola\u017e v \u017eivo Mete\u00a0\u0160olar<\/strong><br \/>sobota, 30. junij, ob 21. uri<\/p>\n<hr \/>\n<p><strong>Lane Collage: Kdo je Platon?<\/strong>, delavnica za mlade in odrasle<br \/>nedelja, 1. julij,\u00a0ob 18. uri<\/p>\n<hr \/>\n<p><strong>Pleska, likovno-glasbeni festival<\/strong><br \/><a href=\"kaos:\/\/#!section=22878818\" data-cke-saved-href=\"kaos:\/\/#!section=22878818\"><strong>Bordo in\u00a0Maru\u0161a \u0160tibelj: \u017eive zvo\u010dne podobe<\/strong><\/a><br \/>nedelja, 1. julij,\u00a0ob 21. uri<\/p>\n<hr \/>\n<p><strong>Kai Holland: Avtorske pravice v kola\u017eu<\/strong>, pogovor<br \/>ponedeljek, 2. julij, ob 18. uri<\/p>\n<hr \/>\n<p><strong>Claudio Beorchia: Skupinski kola\u017e<\/strong>, delavnica za mlade in odrasle<br \/>torek, 3. julij, ob 18. uri<\/p>\n<hr \/>\n<p><strong>Simone Karl: Za plastmi<\/strong>, pogovor in <strong>Hi\u0161e spomina<\/strong>, delavnica za mlade in odrasle<br \/>sreda, 4. julij, ob 18. uri\u00a0(pogovor), ob 19. uri\u00a0(delavnica)<\/p>\n<hr \/>\n<p><strong>What if \u2026<\/strong><br \/>odprtje osrednje razstave festivala sodobnega kola\u017ea KAOS\u00a0<br \/><strong>\u010detrtek, 5. julij, ob 18. uri<\/strong><br \/>Layerjeva hi\u0161a, Mahlerca, Mergentalerjeva, stolp \u0160krlovec<\/p>\n<hr \/>\n<p><strong>Vodstvo po razstavi What if \u2026 <\/strong>s kuratorico Majo Anton\u010di\u010d<br \/>sobota, 7. julij, ob 19. uri<\/p>\n<hr \/>\n<p><strong>Hobby &amp; Art delavnica: Kaj \u010de \u2026 \u201cdekupa\u017e\u201d postane kola\u017e<\/strong><br \/>petek, 6. julij, ob 18. uri<\/p>\n<hr \/>\n<p><strong>Kaj \u010de &#8230; kola\u017e postane plakat<\/strong> <br \/>Delavnica za mlade (10+) s Petro Cerar<br \/>torek, 10. julij, ob 17. uri<\/p>\n<hr \/>\n<p><strong>Kaj \u010de &#8230; iz ploskve nastane prostor <\/strong><br \/>Delavnica za mlade (15+) s Petro Cerar<br \/>sreda, 11. julij, ob 17. uri<\/p>\n<hr \/>\n<p><strong>Barbara Dem\u0161ar: \u017divljenje v morju<\/strong>, delavnica za otroke (5+)<br \/>\u010detrtek, 12. julij, ob 18. uri<\/p>\n<hr \/>\n<p><strong>Urbani sprehod po kulturni \u010detrti Kranja in razstavi What if \u2026 <\/strong>z Zalo Vidali <br \/>torek, 17. julij, ob 19. uri<br \/>Zbirno mesto: pred Layerjevo hi\u0161o<\/p>\n<hr \/>\n<p><strong>Ur\u0161ka Mazej: Transformacija ulice<\/strong>, delavnica za mlade in odrasle<br \/>\u010detrtek, 19. julij, ob 18. uri<\/p>\n<hr \/>\n<p><strong>Brut Carniollus: Napredne kompozitne tehnike v Photoshopu<\/strong>, delavnica za mlade in odrasle<br \/>\u010detrtek, 26. julij, ob 18. uri<\/p>\n<hr \/>\n<p><strong>Zaklju\u010dno vodstvo po razstavi What if \u2026 <\/strong>s kuratorico razstave Majo Anton\u010di\u010d<br \/>torek, 14. avgust, ob 19. uri<\/p>\n<!-- \/wp:paragraph --><\/div>\n\t\t\t\t<\/div>\n\t\t\t\t<\/div>\n\t\t\t\t\t\t<\/div>\n\t\t\t<\/div>\n\t\t<\/div>\n\t\t\t\t\t\t<\/div>\n\t\t\t<\/div>\n\t\t<\/section>\n\t\t\t\t\t\t<\/div>\n\t\t\t<\/div>\n\t\t<\/div>\n\t\t","protected":false},"excerpt":{"rendered":"<p>PODROBNEJ\u0160I OPISI DOGODKOV PROGRAM\u00a0 KAOS festival sodobnega kola\u017eaOdprtje festivala\u00a0petek, 29. junij ob 19. uriViva Collagistas, odprtje razstave v uli\u010dni\u00a0galeriji\u00a0Na mestu (Gregori\u010di\u010deva ulica, pred Mestno knji\u017enico Kranj) ob 20. uriMesto kaosa avtorjev Maru\u0161a \u0160tibelj in Davida Almajerja, odprtje 3D kola\u017ea &#8211; zidne postavitve na dvori\u0161\u010du Layerjeve hi\u0161e Pleska, likovno-glasbeni festivalAntropoloops, glasbeni kola\u017epetek, 29. junij, ob 21. [&hellip;]<\/p>\n","protected":false},"author":1,"featured_media":0,"parent":1050,"menu_order":5,"comment_status":"closed","ping_status":"closed","template":"","meta":[],"_links":{"self":[{"href":"https:\/\/layer.si\/kaos\/wp-json\/wp\/v2\/pages\/372"}],"collection":[{"href":"https:\/\/layer.si\/kaos\/wp-json\/wp\/v2\/pages"}],"about":[{"href":"https:\/\/layer.si\/kaos\/wp-json\/wp\/v2\/types\/page"}],"author":[{"embeddable":true,"href":"https:\/\/layer.si\/kaos\/wp-json\/wp\/v2\/users\/1"}],"replies":[{"embeddable":true,"href":"https:\/\/layer.si\/kaos\/wp-json\/wp\/v2\/comments?post=372"}],"version-history":[{"count":21,"href":"https:\/\/layer.si\/kaos\/wp-json\/wp\/v2\/pages\/372\/revisions"}],"predecessor-version":[{"id":3838,"href":"https:\/\/layer.si\/kaos\/wp-json\/wp\/v2\/pages\/372\/revisions\/3838"}],"up":[{"embeddable":true,"href":"https:\/\/layer.si\/kaos\/wp-json\/wp\/v2\/pages\/1050"}],"wp:attachment":[{"href":"https:\/\/layer.si\/kaos\/wp-json\/wp\/v2\/media?parent=372"}],"curies":[{"name":"wp","href":"https:\/\/api.w.org\/{rel}","templated":true}]}}