{"id":407,"date":"2019-03-31T14:09:30","date_gmt":"2019-03-31T14:09:30","guid":{"rendered":"https:\/\/layer.si\/kaos\/?page_id=407"},"modified":"2020-01-13T09:19:06","modified_gmt":"2020-01-13T09:19:06","slug":"vsi-dogodki-2018-podrobnosti","status":"publish","type":"page","link":"https:\/\/layer.si\/kaos\/si\/program\/vsi-dogodki\/vsi-dogodki-2018\/vsi-dogodki-2018-podrobnosti\/","title":{"rendered":"VSI DOGODKI 2018 Podrobnosti"},"content":{"rendered":"\t\t<div data-elementor-type=\"wp-post\" data-elementor-id=\"407\" class=\"elementor elementor-407\" data-elementor-settings=\"[]\">\n\t\t\t<div class=\"elementor-inner\">\n\t\t\t\t<div class=\"elementor-section-wrap\">\n\t\t\t\t\t\t\t<section class=\"elementor-element elementor-element-42946fa elementor-section-boxed elementor-section-height-default elementor-section-height-default elementor-section elementor-top-section\" data-id=\"42946fa\" data-element_type=\"section\">\n\t\t\t\t\t\t<div class=\"elementor-container elementor-column-gap-no\">\n\t\t\t\t<div class=\"elementor-row\">\n\t\t\t\t<div class=\"elementor-element elementor-element-63561fd elementor-column elementor-col-100 elementor-top-column\" data-id=\"63561fd\" data-element_type=\"column\">\n\t\t\t<div class=\"elementor-column-wrap  elementor-element-populated\">\n\t\t\t\t\t<div class=\"elementor-widget-wrap\">\n\t\t\t\t<div class=\"elementor-element elementor-element-6667ce6 elementor-nav-menu__align-center elementor-nav-menu__text-align-center elementor-nav-menu--indicator-classic elementor-nav-menu--dropdown-tablet elementor-widget elementor-widget-nav-menu\" data-id=\"6667ce6\" data-element_type=\"widget\" data-settings=\"{&quot;layout&quot;:&quot;horizontal&quot;}\" data-widget_type=\"nav-menu.default\">\n\t\t\t\t<div class=\"elementor-widget-container\">\n\t\t\t\t\t\t<nav role=\"navigation\" class=\"elementor-nav-menu--main elementor-nav-menu__container elementor-nav-menu--layout-horizontal e--pointer-underline e--animation-fade\"><ul id=\"menu-1-6667ce6\" class=\"elementor-nav-menu\"><li class=\"menu-item menu-item-type-post_type menu-item-object-page menu-item-5576\"><a href=\"https:\/\/layer.si\/kaos\/si\/program\/vsi-dogodki\/vsi-dogodki-2024\/\" class=\"elementor-item\">2024<\/a><\/li>\n<li class=\"menu-item menu-item-type-post_type menu-item-object-page menu-item-4687\"><a href=\"https:\/\/layer.si\/kaos\/si\/program\/vsi-dogodki\/vsi-dogodki-2022\/\" class=\"elementor-item\">2022<\/a><\/li>\n<li class=\"menu-item menu-item-type-post_type menu-item-object-page menu-item-4434\"><a href=\"https:\/\/layer.si\/kaos\/si\/program\/vsi-dogodki\/vsi-dogodki-2021\/\" class=\"elementor-item\">2021<\/a><\/li>\n<li class=\"menu-item menu-item-type-post_type menu-item-object-page menu-item-3626\"><a href=\"https:\/\/layer.si\/kaos\/si\/program\/vsi-dogodki\/vsi-dogodki-2020\/\" class=\"elementor-item\">2020<\/a><\/li>\n<li class=\"menu-item menu-item-type-post_type menu-item-object-page menu-item-1059\"><a href=\"https:\/\/layer.si\/kaos\/si\/program\/vsi-dogodki\/vsi-dogodki-2019\/\" class=\"elementor-item\">2019<\/a><\/li>\n<li class=\"menu-item menu-item-type-post_type menu-item-object-page menu-item-1058\"><a href=\"https:\/\/layer.si\/kaos\/si\/program\/vsi-dogodki\/vsi-dogodki-2018\/\" class=\"elementor-item\">2018<\/a><\/li>\n<\/ul><\/nav>\n\t\t\t\t\t<div class=\"elementor-menu-toggle\" role=\"button\" tabindex=\"0\" aria-label=\"Menu Toggle\" aria-expanded=\"false\">\n\t\t\t<i class=\"eicon-menu-bar\" aria-hidden=\"true\"><\/i>\n\t\t\t<span class=\"elementor-screen-only\">Menu<\/span>\n\t\t<\/div>\n\t\t\t<nav class=\"elementor-nav-menu--dropdown elementor-nav-menu__container\" role=\"navigation\" aria-hidden=\"true\"><ul id=\"menu-2-6667ce6\" class=\"elementor-nav-menu\"><li class=\"menu-item menu-item-type-post_type menu-item-object-page menu-item-5576\"><a href=\"https:\/\/layer.si\/kaos\/si\/program\/vsi-dogodki\/vsi-dogodki-2024\/\" class=\"elementor-item\">2024<\/a><\/li>\n<li class=\"menu-item menu-item-type-post_type menu-item-object-page menu-item-4687\"><a href=\"https:\/\/layer.si\/kaos\/si\/program\/vsi-dogodki\/vsi-dogodki-2022\/\" class=\"elementor-item\">2022<\/a><\/li>\n<li class=\"menu-item menu-item-type-post_type menu-item-object-page menu-item-4434\"><a href=\"https:\/\/layer.si\/kaos\/si\/program\/vsi-dogodki\/vsi-dogodki-2021\/\" class=\"elementor-item\">2021<\/a><\/li>\n<li class=\"menu-item menu-item-type-post_type menu-item-object-page menu-item-3626\"><a href=\"https:\/\/layer.si\/kaos\/si\/program\/vsi-dogodki\/vsi-dogodki-2020\/\" class=\"elementor-item\">2020<\/a><\/li>\n<li class=\"menu-item menu-item-type-post_type menu-item-object-page menu-item-1059\"><a href=\"https:\/\/layer.si\/kaos\/si\/program\/vsi-dogodki\/vsi-dogodki-2019\/\" class=\"elementor-item\">2019<\/a><\/li>\n<li class=\"menu-item menu-item-type-post_type menu-item-object-page menu-item-1058\"><a href=\"https:\/\/layer.si\/kaos\/si\/program\/vsi-dogodki\/vsi-dogodki-2018\/\" class=\"elementor-item\">2018<\/a><\/li>\n<\/ul><\/nav>\n\t\t\t\t<\/div>\n\t\t\t\t<\/div>\n\t\t\t\t\t\t<\/div>\n\t\t\t<\/div>\n\t\t<\/div>\n\t\t\t\t\t\t<\/div>\n\t\t\t<\/div>\n\t\t<\/section>\n\t\t\t\t<section class=\"elementor-element elementor-element-50df672 elementor-section-boxed elementor-section-height-default elementor-section-height-default elementor-section elementor-top-section\" data-id=\"50df672\" data-element_type=\"section\">\n\t\t\t\t\t\t<div class=\"elementor-container elementor-column-gap-default\">\n\t\t\t\t<div class=\"elementor-row\">\n\t\t\t\t<div class=\"elementor-element elementor-element-a72a6d8 elementor-column elementor-col-100 elementor-top-column\" data-id=\"a72a6d8\" data-element_type=\"column\">\n\t\t\t<div class=\"elementor-column-wrap  elementor-element-populated\">\n\t\t\t\t\t<div class=\"elementor-widget-wrap\">\n\t\t\t\t<div class=\"elementor-element elementor-element-c26611e elementor-widget elementor-widget-text-editor\" data-id=\"c26611e\" data-element_type=\"widget\" data-widget_type=\"text-editor.default\">\n\t\t\t\t<div class=\"elementor-widget-container\">\n\t\t\t\t\t<div class=\"elementor-text-editor elementor-clearfix\"><h1>PROGRAM\u00a0<\/h1><p><strong>KAOS festival sodobnega kola\u017ea<\/strong><br \/>Odprtje festivala\u00a0<br \/>petek, 29. junij<\/p><p>ob 19. uri<br \/><strong>Viva Collagistas<\/strong>, odprtje razstave v uli\u010dni\u00a0galeriji\u00a0Na mestu (Gregori\u010di\u010deva ulica, pred Mestno knji\u017enico Kranj)<\/p><p>ob 20. uri<br \/><strong>Mesto kaosa<\/strong>\u00a0avtorjev Maru\u0161a \u0160tibelj in Davida Almajerja, odprtje 3D kola\u017ea &#8211; zidne postavitve na dvori\u0161\u010du Layerjeve hi\u0161e<\/p><hr \/><p><strong>Pleska, likovno-glasbeni festival<\/strong><br \/><strong>Antropoloops, koncert<\/strong><br \/>petek, 29. 6., ob 21.00<br \/>Layerjeva hi\u0161a<\/p><p>Antropoloops je ena najbolj edinstvenih manifestacij andaluzijske panorame, ki zdru\u017euje remiksiranje, etnomuzikologijo in vizualizacijo podatkov. Rub\u00e9n Alonso nove skladbe ustvarja z uporabo semplov razli\u010dnih tem s celega sveta. Med postopkom nam prika\u017ee kola\u017eirano naslovnico, leto in kraj nastanka zvoka s pomo\u010djo orodja za vizualizacijo podatkov, ki ga je ustvarila Esperanza Moreno.<\/p><p>Antropoloops prihaja iz \u0160panije in se na unikaten na\u010din ukvarja s kola\u017eiranjem zvoka. Za seboj ima projekt \u0161tevilne nastope, najve\u010d v \u0160paniji pa tudi v tujini. Letos februarja je nastopil na ljubljanskem festivalu MENT.<\/p><hr \/><p><strong>Pleska, likovno-glasbeni festival<\/strong><br \/><strong>Nika Perunovi\u010d in Meta \u0160olar<\/strong><br \/>sobota, 30. 6., ob 21.00<br \/>Layerjeva hi\u0161a<\/p><p>Nika Perunovi\u010d, prvi glas znamenite zasedbe Patetico, je leta 2016 s svojim kantavtorskim nastopom prejela nagrado Vox Populi na festivalu Kantfest. Svoj pevski potencial nadgrajuje s kitaristom Markom Zaletelom. Kot jo je opisal Jani Kenda v Slovenskih novicah je Nika \u201cnatur\u0161\u010dik s \u010dustveno nabito, iskreno in nenarejeno interpretacijo, s fraziranjem, ki se enako dotika tako Billie Holiday kot sodobnih hiphoperic, s podajanjem, ki daje sloven\u0161\u010dini nov zven in ki je nekaj tako posebnega, da ga ni mogo\u010de kar tako opisovati &#8211; to preprosto morate sli\u0161ati.\u201d<\/p><p>Preprosto videti pa morate tudi kola\u017e, ki ga bo na koncertu v svoji likovni interpretaciji upodabljala Meta \u0160olar, slikarka iz Radovljice. Meta je akademska slikarka, diplomirala l. 2014 na ALUO. \u00a0Je \u010dlanica ZDSLU in Likovnega dru\u0161tva Kranj. Sodelovala je na ve\u010d skupinskih in samostojnih razstavah po Sloveniji in Evropi. Raziskuje predvsem \u017eensko podobo, kjer brezli\u010dni obraz splo\u0161\u010di v cvetli\u010dni vzorec ali ga razgiba z motivom sadja. Zanima jo, kaj se zgodi, kaj ostane, ko izgine individualni karakter.<\/p><hr \/><p><strong>Lane Collage: Kaj \u010de bi bila Platon?<\/strong>, delavnica za mlade in odrasle<br \/>nedelja, 1. 7, ob 18. 00<br \/>Layerjeva hi\u0161a<\/p><p>Na delavnici bomo poskusili spoznati va\u0161a osebna razumevanja Platonovega dela in ga spremenili v slike s pomo\u010djo kola\u017ene tehnike. S pomo\u010djo vizualizacije bomo izvedli umski trening, ki je neke vrste igra, v kateri bomo poskusili zgraditi sliko povezano s Platonovimi izreki.<\/p><hr \/><p><strong>Pleska, likovno-glasbeni festival<\/strong><br \/><strong>Bordo vs Maru\u0161a: \u017eive zvo\u010dne podobe<\/strong><br \/>nedelja, 1. 7., ob 21.00<br \/>Stolp \u0160krlovec<\/p><p>Bordo, novi glasbeni svet Toma\u017ea \u0160tularja, ki se je pred tem kalil v zasedbi The Tide, bo kon\u010dno premierno ugledal odrsko lu\u010d. Od nastanka prvega singla <em>Odple\u0161iva<\/em> leta 2016 in vse do danes, ko se je na radijske valove lepo zasidrala \u017ee peta pesem <em>Lai Lai Svet<\/em> v produkciji Petra Penkota, je kon\u010dno napo\u010dil \u010das, da vse sli\u0161ane in nesli\u0161ane pesmi prvi\u010d za\u017eivijo na odru.<\/p><p>Pri zadnjih dveh singlih<em> Zvezde v mlaju in Lai Lai Svet<\/em> je Toma\u017e zdru\u017eil mo\u010di s slikarko in kola\u017eistko Maru\u0161o \u0160tibelj, ki je skladbam dala unikatno video podobo. \u010cas je zrel, da Maru\u0161a in Bordo z gosti poskrbijo, da bodo podobe, glasba in vi dele\u017eni posebnega slikarsko-glasbenega dogodka.<\/p><p>Ne gre za koncert, niti za razstavo, ampak za predstavo. Preplet Maru\u0161inega kola\u017enega sveta in tehnik, ki bodo za\u017eivele na samem odru ob glasbi, bo odpiral vpra\u0161anja: <em>Kaj je kulisa in kaj oder? Kdo nam postavlja mejo med ob\u010dinstvom in izvajalcem? Jo lahko prestavimo med nas\/vas? <\/em><\/p><p>\u0160karje, platno in projekcija: Maru\u0161a \u0160tibelj<\/p><p>BORDO:<\/p><p>Toma\u017e \u0160tular &#8211; glas, akusti\u010dna kitara<br \/>Drejc Poga\u010dnik &#8211; klaviature<br \/>Miodrag Dimitrijevi\u0107 &#8211; bas kitara<br \/>David Almajer &#8211; cajon, tolkala<\/p><hr \/><p><strong>Kai Holland: Avtorske pravice v kola\u017eu<\/strong>, pogovor<br \/>ponedeljek, 2. 7, ob 18. 00<br \/>\u010ce\u0161njev vrt<\/p><p>Mnogo ustvarjalcev kola\u017ea se soo\u010da z negotovostjo glede kr\u0161enja avtorskih pravic drugih avtorjev, katerih \u017ee obstoje\u010de slike uporabljajo pri svojem delu. To zapleteno vpra\u0161anje zaposluje mnoge odvetnike po vsem svetu. Vpogled v pravne okvire bi lahko pripomogel k prepre\u010devanju dragih napak in posledi\u010dno izgube kreativnosti.<\/p><hr \/><p><strong>Claudio Beorchia: Skupinski kola\u017e<\/strong>, delavnica za mlade in odrasle<br \/>torek, 3. 7, ob 18. 00<br \/>Layerjeva hi\u0161a<\/p><p>Ponavadi kola\u017ee izdelujemo individualno, na tej delavnici pa bomo zdru\u017eili na\u0161e mo\u010di in ustvarili nekaj skupinskih. Od kolovrata do \u010dudovitih bitij, spoznali bomo osnove kola\u017ene tehnike.<\/p><hr \/><p>\u00a0<strong>Simone Karl: Za plastmi<\/strong>, pogovor in <strong>Hi\u0161e spomina<\/strong>, delavnica za mlade in odrasle<br \/>sreda, 4. 7, ob 18.00 (pogovor), ob 19.00 (delavnica)<br \/>Layerjeva hi\u0161a<\/p><p>Hi\u0161e spomina: Vsaka hi\u0161a ima svojo zgodbo. Ko vstopimo v staro hi\u0161o, pogosto ob\u010dutimo te\u017eo, zgodbe in \u017eivljenja preteklega \u010dasa. Vsaka soba, kos pohi\u0161tva in stara fotografija hrani v sebi preteklost in \u017eivljenja. Vsaka oseba do\u017eivlja te impresije individualno in jih povezuje s svojimi spomini.<\/p><p>Za plastmi: V pogovoru z umetnico, naslovljenim <em>Za plastmi,<\/em> bo Simone Karl govorila svojih ve\u010dplastnih kola\u017eih in o knjigi umetnika \u00a0<em>It is not me. It is me. <\/em>Oba projekta se osredoto\u010data na vpra\u0161anje \u010dlovekovega telesa in du\u0161e.<\/p><hr \/><p><strong>What if \u2026<\/strong>, odprtje osrednje razstave kola\u017ea <br \/>\u010detrtek, 5. 7., ob 18.00<br \/>Layerjeva hi\u0161a, Mahlerca, Mergentalerjeva, stolp \u0160krlovec<\/p><p>Veliko odprtje razstave reziden\u010dnih umetnikov, razstave ilustracije in oblikovanja v kola\u017eu, razstave izbranih umetnikov z odprtega poziva in uli\u010dne razstave kola\u017ea.<\/p><hr \/><p><strong>Hobby &amp; Art delavnica: Kaj \u010de \u2026 \u201cdekupa\u017e\u201d postane kola\u017e<\/strong><br \/>petek, 6. julij, ob 18. 00<\/p><p><span style=\"color: #000000;\">Zdravka Rihtar\u010di\u010d, prof. likovne pedagogike in vodja programa delavnic pri Hobby &amp;\u00a0<\/span>Art, pripravlja delavnico za vse starosti. \u017divali iz kartona, ki jih boste ustvarili sami,\u00a0<span style=\"color: #000000;\">boste v tehniki decopatcha oblekli v \u017eivopisane barve. Pri\u010dakujte kola\u017eiran \u017eivalski\u00a0vrt!<\/span><\/p><hr \/><p><strong>Vodstvo po razstavi What if \u2026 <\/strong>s kuratorico Majo Anton\u010di\u010d<br \/>sobota, 7. 7., ob 19.00<br \/>Layerjeva hi\u0161a<\/p><hr \/><p><strong>Kaj \u010de &#8230; kola\u017e postane plakat<\/strong> <br \/>Delavnica za mlade (10+) s Petro Cerar<br \/>torek, 10. 7., ob 17.00<br \/>Layerjeva hi\u0161a<\/p><p>Delavnica nas bo popeljala v svet plakata. Spoznali se bomo z zakonitostmi oblikovanja plakata in kraj\u0161o zgodovino njegovega nastanka. V prakti\u010dnem delu se bomo posvetili iskanju vizualnih domislic in v tehniki kola\u017ea izdelali plakat na temo Kaj \u010de &#8230;<\/p><hr \/><p><strong>Kaj \u010de &#8230; iz ploskve nastane prostor <\/strong><br \/>Delavnica za mlade (15+) s Petro Cerar<br \/>sreda, 11. 7., ob 17.00<br \/>Layerjeva hi\u0161a<\/p><p>Na delavnici se bomo spoznali s ploskovno gradnjo prostora in prostorskimi u\u010dinki barve. Spoznali bomo, kako lahko z barvnimi ploskvami gradimo prostor in se pri tem osredoto\u010dili na lastnosti in zakonitosti barve. Nekaj besed bomo namenili tudi fotografiji, ki je s tehniko kola\u017ea tesno povezana, na delavnici pa jo bomo uporabili kot idejno osnovo za ustvarjanje avtorskega kola\u017ea.<\/p><hr \/><p><strong>Barbara Dem\u0161ar: \u017divljenje v morju<\/strong>, delavnica za otroke (5+)<br \/>\u010detrtek, 12. 7., ob 18.00<br \/>Layerjeva hi\u0161a<\/p><p>Na delavnici bodo udele\u017eenci ustvarjali v \u00a0tehniki kola\u017ea in sicer po principu trganja papirja. Posku\u0161ali bodo prikazati kdo vse \u017eivi v morju in kako bi morje izgledalo, \u010de bi bilo narejeno iz papirja.<\/p><hr \/><p><strong>Urbani sprehod po kulturni \u010detrti Kranja in razstavi What if \u2026 <\/strong>z Zalo Vidali <br \/>torek, 17. 7., ob 19.00<br \/>Zbirno mesto: pred Layerjevo hi\u0161o<\/p><p>Urbani sprehod se osredoto\u010da na uli\u010dne intervencije Tom\u0161i\u010deve ulice in aktualne umetni\u0161ke razstave kulturne \u010detrti Kranja.<\/p><hr \/><p><strong>Ur\u0161ka Mazej: Transformacija ulice<\/strong>, delavnica za mlade in odrasle<br \/>\u010detrtek, 19. 7, ob 18.00<br \/><br \/>S kola\u017eno tehniko bomo prevajali realnost prostora in njegove vsebine v novo transformirano in delno abstrahirano kompozicijo. Izhodi\u0161\u010dna to\u010dka kola\u017enega materiala bodo zapisi, fotografije mesta, ki pa jih bodo udele\u017eenci delavnice posku\u0161ali zdru\u017eiti na novo slikovno ploskev, ob tem pa bodo primorani oblikovati nov simbolni in miselni svet dolo\u010denega kraja s prestrukturiranjem danega vizualnega materiala.<\/p><hr \/><p><strong>Brut Carniollus: Napredne kompozitne tehnike v Photoshopu<\/strong>, delavnica za mlade in odrasle<br \/>\u010detrtek, 26. 7, ob 18.00<br \/>Layerjeva hi\u0161a<\/p><p>Napredne prekrivalne tehnike, ki se uporabljajo pri digitalnem kola\u017eu, in napredne slikovne po-obdelovalne tehnike, ne\u0161kodljivo urejanje slik, ob\u010dasno vede\u017eevanje, kaoti\u010dno kola\u017eiranje, slikovni viri, ki niso pod avtorskimi pravicami in so javno dostopni, umirjeno zabavanje.<\/p><hr \/><p><strong>Zaklju\u010dno vodstvo po razstavi What if \u2026 <\/strong>s kuratorico Majo Anton\u010di\u010d<br \/>torek, 14. 8., ob 19.00<br \/>Layerjeva hi\u0161a<\/p><\/div>\n\t\t\t\t<\/div>\n\t\t\t\t<\/div>\n\t\t\t\t\t\t<\/div>\n\t\t\t<\/div>\n\t\t<\/div>\n\t\t\t\t\t\t<\/div>\n\t\t\t<\/div>\n\t\t<\/section>\n\t\t\t\t\t\t<\/div>\n\t\t\t<\/div>\n\t\t<\/div>\n\t\t","protected":false},"excerpt":{"rendered":"<p>PROGRAM\u00a0 KAOS festival sodobnega kola\u017eaOdprtje festivala\u00a0petek, 29. junij ob 19. uriViva Collagistas, odprtje razstave v uli\u010dni\u00a0galeriji\u00a0Na mestu (Gregori\u010di\u010deva ulica, pred Mestno knji\u017enico Kranj) ob 20. uriMesto kaosa\u00a0avtorjev Maru\u0161a \u0160tibelj in Davida Almajerja, odprtje 3D kola\u017ea &#8211; zidne postavitve na dvori\u0161\u010du Layerjeve hi\u0161e Pleska, likovno-glasbeni festivalAntropoloops, koncertpetek, 29. 6., ob 21.00Layerjeva hi\u0161a Antropoloops je ena najbolj [&hellip;]<\/p>\n","protected":false},"author":1,"featured_media":0,"parent":372,"menu_order":0,"comment_status":"closed","ping_status":"closed","template":"","meta":[],"_links":{"self":[{"href":"https:\/\/layer.si\/kaos\/wp-json\/wp\/v2\/pages\/407"}],"collection":[{"href":"https:\/\/layer.si\/kaos\/wp-json\/wp\/v2\/pages"}],"about":[{"href":"https:\/\/layer.si\/kaos\/wp-json\/wp\/v2\/types\/page"}],"author":[{"embeddable":true,"href":"https:\/\/layer.si\/kaos\/wp-json\/wp\/v2\/users\/1"}],"replies":[{"embeddable":true,"href":"https:\/\/layer.si\/kaos\/wp-json\/wp\/v2\/comments?post=407"}],"version-history":[{"count":15,"href":"https:\/\/layer.si\/kaos\/wp-json\/wp\/v2\/pages\/407\/revisions"}],"predecessor-version":[{"id":3636,"href":"https:\/\/layer.si\/kaos\/wp-json\/wp\/v2\/pages\/407\/revisions\/3636"}],"up":[{"embeddable":true,"href":"https:\/\/layer.si\/kaos\/wp-json\/wp\/v2\/pages\/372"}],"wp:attachment":[{"href":"https:\/\/layer.si\/kaos\/wp-json\/wp\/v2\/media?parent=407"}],"curies":[{"name":"wp","href":"https:\/\/api.w.org\/{rel}","templated":true}]}}