{"id":4424,"date":"2021-09-09T12:29:13","date_gmt":"2021-09-09T12:29:17","guid":{"rendered":"https:\/\/layer.si\/kaos\/si\/razstave\/razstave-2020-2\/"},"modified":"2022-06-23T12:26:43","modified_gmt":"2022-06-23T12:26:43","slug":"razstave-2021","status":"publish","type":"page","link":"https:\/\/layer.si\/kaos\/si\/razstave\/razstave-2021\/","title":{"rendered":"Razstave 2021"},"content":{"rendered":"\t\t<div data-elementor-type=\"wp-post\" data-elementor-id=\"4424\" class=\"elementor elementor-4424\" data-elementor-settings=\"[]\">\n\t\t\t<div class=\"elementor-inner\">\n\t\t\t\t<div class=\"elementor-section-wrap\">\n\t\t\t\t\t\t\t<section class=\"elementor-element elementor-element-926ee1c elementor-section-boxed elementor-section-height-default elementor-section-height-default elementor-section elementor-top-section\" data-id=\"926ee1c\" data-element_type=\"section\">\n\t\t\t\t\t\t<div class=\"elementor-container elementor-column-gap-default\">\n\t\t\t\t<div class=\"elementor-row\">\n\t\t\t\t<div class=\"elementor-element elementor-element-5b82480 elementor-column elementor-col-100 elementor-top-column\" data-id=\"5b82480\" data-element_type=\"column\">\n\t\t\t<div class=\"elementor-column-wrap  elementor-element-populated\">\n\t\t\t\t\t<div class=\"elementor-widget-wrap\">\n\t\t\t\t<div class=\"elementor-element elementor-element-3c1c9da elementor-nav-menu__align-center elementor-nav-menu__text-align-center elementor-nav-menu--indicator-classic elementor-nav-menu--dropdown-tablet elementor-widget elementor-widget-nav-menu\" data-id=\"3c1c9da\" data-element_type=\"widget\" data-settings=\"{&quot;layout&quot;:&quot;horizontal&quot;}\" data-widget_type=\"nav-menu.default\">\n\t\t\t\t<div class=\"elementor-widget-container\">\n\t\t\t\t\t\t<nav role=\"navigation\" class=\"elementor-nav-menu--main elementor-nav-menu__container elementor-nav-menu--layout-horizontal e--pointer-underline e--animation-fade\"><ul id=\"menu-1-3c1c9da\" class=\"elementor-nav-menu\"><li class=\"menu-item menu-item-type-post_type menu-item-object-page menu-item-5572\"><a href=\"https:\/\/layer.si\/kaos\/si\/razstave\/razstave-2024\/\" class=\"elementor-item\">2024<\/a><\/li>\n<li class=\"menu-item menu-item-type-post_type menu-item-object-page menu-item-4666\"><a href=\"https:\/\/layer.si\/kaos\/si\/razstave\/razstave-2022\/\" class=\"elementor-item\">2022<\/a><\/li>\n<li class=\"menu-item menu-item-type-post_type menu-item-object-page menu-item-4432\"><a href=\"https:\/\/layer.si\/kaos\/si\/razstave\/razstave-2021\/\" class=\"elementor-item\">2021<\/a><\/li>\n<li class=\"menu-item menu-item-type-post_type menu-item-object-page menu-item-3665\"><a href=\"https:\/\/layer.si\/kaos\/si\/razstave\/razstave-2020\/\" class=\"elementor-item\">2020<\/a><\/li>\n<li class=\"menu-item menu-item-type-post_type menu-item-object-page menu-item-949\"><a href=\"https:\/\/layer.si\/kaos\/si\/razstave\/razstave-2019\/\" class=\"elementor-item\">2019<\/a><\/li>\n<li class=\"menu-item menu-item-type-post_type menu-item-object-page menu-item-948\"><a href=\"https:\/\/layer.si\/kaos\/si\/razstave\/razstave-2018\/\" class=\"elementor-item\">2018<\/a><\/li>\n<\/ul><\/nav>\n\t\t\t\t\t<div class=\"elementor-menu-toggle\" role=\"button\" tabindex=\"0\" aria-label=\"Menu Toggle\" aria-expanded=\"false\">\n\t\t\t<i class=\"eicon-menu-bar\" aria-hidden=\"true\"><\/i>\n\t\t\t<span class=\"elementor-screen-only\">Menu<\/span>\n\t\t<\/div>\n\t\t\t<nav class=\"elementor-nav-menu--dropdown elementor-nav-menu__container\" role=\"navigation\" aria-hidden=\"true\"><ul id=\"menu-2-3c1c9da\" class=\"elementor-nav-menu\"><li class=\"menu-item menu-item-type-post_type menu-item-object-page menu-item-5572\"><a href=\"https:\/\/layer.si\/kaos\/si\/razstave\/razstave-2024\/\" class=\"elementor-item\">2024<\/a><\/li>\n<li class=\"menu-item menu-item-type-post_type menu-item-object-page menu-item-4666\"><a href=\"https:\/\/layer.si\/kaos\/si\/razstave\/razstave-2022\/\" class=\"elementor-item\">2022<\/a><\/li>\n<li class=\"menu-item menu-item-type-post_type menu-item-object-page menu-item-4432\"><a href=\"https:\/\/layer.si\/kaos\/si\/razstave\/razstave-2021\/\" class=\"elementor-item\">2021<\/a><\/li>\n<li class=\"menu-item menu-item-type-post_type menu-item-object-page menu-item-3665\"><a href=\"https:\/\/layer.si\/kaos\/si\/razstave\/razstave-2020\/\" class=\"elementor-item\">2020<\/a><\/li>\n<li class=\"menu-item menu-item-type-post_type menu-item-object-page menu-item-949\"><a href=\"https:\/\/layer.si\/kaos\/si\/razstave\/razstave-2019\/\" class=\"elementor-item\">2019<\/a><\/li>\n<li class=\"menu-item menu-item-type-post_type menu-item-object-page menu-item-948\"><a href=\"https:\/\/layer.si\/kaos\/si\/razstave\/razstave-2018\/\" class=\"elementor-item\">2018<\/a><\/li>\n<\/ul><\/nav>\n\t\t\t\t<\/div>\n\t\t\t\t<\/div>\n\t\t\t\t\t\t<\/div>\n\t\t\t<\/div>\n\t\t<\/div>\n\t\t\t\t\t\t<\/div>\n\t\t\t<\/div>\n\t\t<\/section>\n\t\t\t\t<section class=\"elementor-element elementor-element-3ac0871 elementor-section-stretched elementor-section-full_width elementor-section-height-default elementor-section-height-default elementor-section elementor-top-section\" data-id=\"3ac0871\" data-element_type=\"section\" data-settings=\"{&quot;stretch_section&quot;:&quot;section-stretched&quot;}\">\n\t\t\t\t\t\t<div class=\"elementor-container elementor-column-gap-default\">\n\t\t\t\t<div class=\"elementor-row\">\n\t\t\t\t<div class=\"elementor-element elementor-element-a8d282b elementor-column elementor-col-100 elementor-top-column\" data-id=\"a8d282b\" data-element_type=\"column\">\n\t\t\t<div class=\"elementor-column-wrap  elementor-element-populated\">\n\t\t\t\t\t<div class=\"elementor-widget-wrap\">\n\t\t\t\t\t\t<\/div>\n\t\t\t<\/div>\n\t\t<\/div>\n\t\t\t\t\t\t<\/div>\n\t\t\t<\/div>\n\t\t<\/section>\n\t\t\t\t<section class=\"elementor-element elementor-element-f1b86e1 elementor-section-boxed elementor-section-height-default elementor-section-height-default elementor-section elementor-top-section\" data-id=\"f1b86e1\" data-element_type=\"section\">\n\t\t\t\t\t\t<div class=\"elementor-container elementor-column-gap-default\">\n\t\t\t\t<div class=\"elementor-row\">\n\t\t\t\t<div class=\"elementor-element elementor-element-d8ec2c5 elementor-column elementor-col-100 elementor-top-column\" data-id=\"d8ec2c5\" data-element_type=\"column\">\n\t\t\t<div class=\"elementor-column-wrap  elementor-element-populated\">\n\t\t\t\t\t<div class=\"elementor-widget-wrap\">\n\t\t\t\t<div class=\"elementor-element elementor-element-4ed9766 elementor-widget elementor-widget-image\" data-id=\"4ed9766\" data-element_type=\"widget\" data-widget_type=\"image.default\">\n\t\t\t\t<div class=\"elementor-widget-container\">\n\t\t\t\t\t<div class=\"elementor-image\">\n\t\t\t\t\t\t\t\t\t\t<img width=\"800\" height=\"445\" src=\"https:\/\/layer.si\/kaos\/wp-content\/uploads\/fb-1024x569.jpg\" class=\"attachment-large size-large\" alt=\"\" loading=\"lazy\" srcset=\"https:\/\/layer.si\/kaos\/wp-content\/uploads\/fb-1024x569.jpg 1024w, https:\/\/layer.si\/kaos\/wp-content\/uploads\/fb-300x167.jpg 300w, https:\/\/layer.si\/kaos\/wp-content\/uploads\/fb-768x427.jpg 768w, https:\/\/layer.si\/kaos\/wp-content\/uploads\/fb.jpg 2000w\" sizes=\"(max-width: 800px) 100vw, 800px\" \/>\t\t\t\t\t\t\t\t\t\t\t<\/div>\n\t\t\t\t<\/div>\n\t\t\t\t<\/div>\n\t\t\t\t\t\t<\/div>\n\t\t\t<\/div>\n\t\t<\/div>\n\t\t\t\t\t\t<\/div>\n\t\t\t<\/div>\n\t\t<\/section>\n\t\t\t\t<section class=\"elementor-element elementor-element-83345b6 elementor-section-boxed elementor-section-height-default elementor-section-height-default elementor-section elementor-top-section\" data-id=\"83345b6\" data-element_type=\"section\">\n\t\t\t\t\t\t<div class=\"elementor-container elementor-column-gap-default\">\n\t\t\t\t<div class=\"elementor-row\">\n\t\t\t\t<div class=\"elementor-element elementor-element-08cc04c elementor-column elementor-col-100 elementor-top-column\" data-id=\"08cc04c\" data-element_type=\"column\">\n\t\t\t<div class=\"elementor-column-wrap  elementor-element-populated\">\n\t\t\t\t\t<div class=\"elementor-widget-wrap\">\n\t\t\t\t<div class=\"elementor-element elementor-element-cef0dde elementor-widget elementor-widget-text-editor\" data-id=\"cef0dde\" data-element_type=\"widget\" data-widget_type=\"text-editor.default\">\n\t\t\t\t<div class=\"elementor-widget-container\">\n\t\t\t\t\t<div class=\"elementor-text-editor elementor-clearfix\"><div><p><span style=\"color: #000000;\"><strong>KAOS X ALMA<\/strong><\/span><br \/><span style=\"color: #000000;\"><strong>Gostujo\u010da razstava festivala sodobnega kola\u017ea KAOS<\/strong><\/span><br \/><span style=\"color: #000000;\"><strong>16. 9.\u201316. 11. 2021<\/strong><\/span><br \/><span style=\"color: #000000;\"><strong>Hi\u0161a Alma in Spominska hi\u0161a Alojza Gradnika in Ludvika Zorzuta, Medana, Gori\u0161ka Brda<\/strong><br \/><br \/><\/span><\/p><\/div><div><p><span style=\"color: #000000;\"><strong>Ur\u0161ka Mazej, Brut Carniollus, Barbara Dem\u0161ar, Andrej \u0160tular, Eva Mlinar, Anja Kranjc, Karol Kuhar<\/strong><\/span><br \/><br \/><\/p><\/div><div><p><span style=\"color: #000000;\"><b>HI\u0160A ALMA<\/b><\/span><\/p><br \/><p><span style=\"color: #000000;\"><span style=\"color: #993300;\"><a style=\"color: #993300;\" href=\"https:\/\/layer.si\/kaos\/umetniki\/eva-mlinar-3\/\"><b>Eva Mlinar<\/b><\/a><\/span><span style=\"font-weight: 400;\"> (1985) je kon\u010dala \u0161tudij umetnostne zgodovine na Filozofski fakulteti ter \u0161tudij vizualnih komunikacij na Akademiji za likovno umetnost in oblikovanje v Ljubljani. Deluje na razli\u010dnih podro\u010djih umetnosti, s poudarkom na knji\u017eni ilustraciji in gledali\u0161\u010du. Oblikovala je plakate za gledali\u0161ke odre v New Yorku, snovala naslovnice Knji\u017enice MGL, trenutno pa skrbi za vizualno podobo predstav Teatra Anton Podbev\u0161ek v Novem mestu. Svoje ilustracije je prispevala za \u0161tevilne knjige in revije, redno pa sodeluje tudi z zalo\u017ebo VigeVageKnjige, Mestnim gledali\u0161\u010dem ljubljanskim ter muzejem Wellcome Collection v Londonu. V ilustracijo pogosto vna\u0161a elemente kola\u017ea in je ljubiteljica starih zemljevidov, Bli\u017enjega vzhoda in srednjega veka. Na festivalu KAOS je kot reziden\u010dna umetnica gostovala leta 2020.<\/span><\/span><\/p><p><span style=\"color: #000000;\"><span style=\"color: #993300;\"><a style=\"color: #993300;\" href=\"https:\/\/layer.si\/kaos\/umetniki\/anja-kranjc-3\/\"><b>Anja Kranjc<\/b><\/a><\/span><span style=\"font-weight: 400;\"> (1982) je \u0161tudirala kiparstvo na Akademiji za likovno umetnost in oblikovanje v Ljubljani, kjer je leta 2008 diplomirala in leta 2011 magistrirala z magistrsko nalogo Medprostor bivanja in razstavo V Belo pri red. prof. Matja\u017eu Po\u010divav\u0161ku in doc. dr. Igorju \u0160kamperletu na Filozofski fakulteti v Ljubljani. Od leta 2005 je imela ve\u010d samostojnih razstav in je sodelovala na \u0161tevilnih skupinskih razstavah doma in v tujini. Doslej je ustvarila pet javnih kiparskih postavitev. Za svoje delo je prejela ve\u010d nominacij in nagrad, med drugimi \u0161tudentsko Pre\u0161ernovo nagrado (2006). Ukvarja se s slikarstvom, risbo, ilustracijo in pedago\u0161kim delom. Je \u010dlanica Dru\u0161tva likovnih umetnikov Ljubljana in Dru\u0161tva likovnih umetnikov Severne Primorske. \u017divi in dela v Vipavi. <\/span><span style=\"font-weight: 400;\">Na festivalu KAOS je kot reziden\u010dna umetnica gostovala leta 2020.<\/span><span style=\"font-weight: 400;\"><br \/><\/span><\/span><\/p><p><span style=\"color: #000000;\"><span style=\"color: #993300;\"><a style=\"color: #993300;\" href=\"https:\/\/layer.si\/kaos\/umetniki\/andrej-stular\/\"><b>Andrej \u0160tular<\/b><\/a><\/span><span style=\"font-weight: 400;\"><span style=\"color: #993300;\"> (<\/span>1967) je multimedijski umetnik, ki je aktiven na razli\u010dnih podro\u010djih vizualne umetnosti: ilustraciji, stripih, videu, filmu, kiparstvu, slikarstvu, lutkarstvu in fotografiji. Je \u010dlan striparskega kolektiva Strip Core in lutkovnega gledali\u0161\u010da Nebo ter deluje na polju umetnosti od sredine 80. let. Svoja dela redno razstavlja doma in v tujini, tako na skupinskih, kot solo razstavah, udele\u017euje pa se tudi \u0161tevilnih umetni\u0161kih festivalov po svetu.<\/span> <span style=\"font-weight: 400;\">Je avtor ve\u010d stripovskih albumov:\u00a0Lustri (2000), Kompost (2008), \u017diva sem (2011), Be\u017eimo, svet se podira! (2014), Kronike (2015). Na festivalu KAOS je kot reziden\u010dni umetnik gostoval leta 2019.<\/span><span style=\"font-weight: 400;\"><br \/><\/span><span style=\"font-weight: 400;\"><br \/><\/span><a style=\"color: #000000;\" href=\"https:\/\/layer.si\/kaos\/umetniki\/barbara-demsar\/\"><b><span style=\"color: #993300;\">Barbara Dem\u0161ar<\/span><\/b><\/a><span style=\"font-weight: 400;\">\u00a0(1969) je diplomirala iz likovne pedagogike pri prof. H. Gvardjan\u010di\u010du na Pedago\u0161ki fakulteti v Ljubljani. \u0160tudijsko se je izpopolnjevala v Franciji, ZDA in ZAE. Sodelovala je na mnogih slovenskih in mednarodnih skupinskih razstavah. Predstavljala se je na ve\u010d samostojnih razstavah in za svoje delo prejela nagrade v Sloveniji, Hrva\u0161ki in ZDA. Je \u010dlanica Zveze dru\u0161tev likovnih umetnikov Slovenije. \u017divi in dela kot svobodna umetnica v \u0160kofji Loki. Na festivalu KAOS je kot reziden\u010dna umetnica gostovala leta 2018.<\/span><span style=\"font-weight: 400;\"><br \/><br \/><\/span><b><\/b><span style=\"color: #993300;\"><a style=\"color: #993300;\" href=\"https:\/\/layer.si\/kaos\/umetniki\/brut-carniollus\/\"><b>Brut Carniollus<\/b><\/a><\/span><span style=\"font-weight: 400;\"><span style=\"color: #993300;\">\u00a0<\/span>(1959) je vizualni umetnik in fotograf, ki se usmerja predvsem v tehniko digitalnega kola\u017ea, pri katerem porablja fotografijo kot njen glavni sestavni del in se poslu\u017euje digitalne grafike z UV tiskom. V preteklosti se je veliko poglabljal v dokumentarno fotografijo in sodeloval z najbolj\u0161imi slovenskimi fotografi. Je \u010dlan Zveze dru\u0161tev slovenskih likovnih umetnikov. Razstavlja doma in na tujem. \u017divi in dela v Radovljici. Na festivalu KAOS je kot reziden\u010dni umetnik gostoval leta 2018.<\/span><span style=\"font-weight: 400;\"><br \/><\/span><i><span style=\"font-weight: 400;\"><br \/><\/span><\/i><span style=\"color: #993300;\"><a style=\"color: #993300;\" href=\"https:\/\/layer.si\/kaos\/umetniki\/urska-mazej\/\"><b>Ur\u0161ka Mazej<\/b><\/a><\/span><span style=\"font-weight: 400;\"> (1988) je diplomirala na Likovni akademiji v Ljubljani, smer slikarstvo. Razstavljala je na \u0161tevilnih skupinskih in samostojnih razstavah in bila za svoje delo nekajkrat nagrajena. Kot scenografinja in kostumografinja sodeluje pri gledali\u0161kih in filmskih projektih. Je soustanoviteljica kulturno umetni\u0161kega dru\u0161tva Koncentrat, ki deluje v Velenju. \u017divi in dela v Ljubljani in Velenju. Na festivalu KAOS je kot reziden\u010dna umetnica gostovala leta 2018.<\/span><\/span><\/p><p><span style=\"color: #000000;\"><b><br \/>SPOMINSKA HI\u0160A ALOJZA GRADNIKA IN LUDVIKA ZORZUTA <\/b><b><br \/><\/b><b><br \/><\/b><span style=\"color: #993300;\"><a style=\"color: #993300;\" href=\"https:\/\/layer.si\/kaos\/umetniki\/karol-kuhar\/\"><b>Karol Kuhar<\/b><\/a><\/span><span style=\"font-weight: 400;\"> (1952) od leta 1972 razstavlja doma in v tujini. Imel je ve\u010d kot 62 samostojnih in ve\u010d kot 100 skupinskih razstav v Sloveniji in tujini. Prejel je \u0161tevilne nagrade in priznanja, med drugim je leta 1987 v Kranju prejel Veliko Pre\u0161ernovo plaketo mesta Kranja, leta 1995 in leta 2006 nagrado na Slovenskem bienalu mesta Kranja, leta 2014 pa priznanje za kvaliteto likovnih del na 3. mednarodnem festivalu likovnih umetnosti Kranj \u2013 ZDSLU in kot zadnjo, odkupno nagrado mestne ob\u010dine Ptuj \u2013 mednarodno likovno nagrado Ex tempore karneval, 2020. \u017divi in ustvarja v Spodnji Besnici pri Kranju. <\/span><span style=\"font-weight: 400;\">Na festivalu KAOS je kot reziden\u010dni umetnik gostoval leta 2020.<\/span><\/span><\/p><\/div><\/div>\n\t\t\t\t<\/div>\n\t\t\t\t<\/div>\n\t\t\t\t\t\t<\/div>\n\t\t\t<\/div>\n\t\t<\/div>\n\t\t\t\t\t\t<\/div>\n\t\t\t<\/div>\n\t\t<\/section>\n\t\t\t\t\t\t<\/div>\n\t\t\t<\/div>\n\t\t<\/div>\n\t\t","protected":false},"excerpt":{"rendered":"<p>KAOS X ALMA Gostujo\u010da razstava festivala sodobnega kola\u017ea KAOS 16. 9.\u201316. 11. 2021 Hi\u0161a Alma in Spominska hi\u0161a Alojza Gradnika in Ludvika Zorzuta, Medana, Gori\u0161ka Brda Ur\u0161ka Mazej, Brut Carniollus, Barbara Dem\u0161ar, Andrej \u0160tular, Eva Mlinar, Anja Kranjc, Karol Kuhar HI\u0160A ALMA Eva Mlinar (1985) je kon\u010dala \u0161tudij umetnostne zgodovine na Filozofski fakulteti ter \u0161tudij [&hellip;]<\/p>\n","protected":false},"author":3,"featured_media":0,"parent":17,"menu_order":2,"comment_status":"closed","ping_status":"closed","template":"","meta":[],"_links":{"self":[{"href":"https:\/\/layer.si\/kaos\/wp-json\/wp\/v2\/pages\/4424"}],"collection":[{"href":"https:\/\/layer.si\/kaos\/wp-json\/wp\/v2\/pages"}],"about":[{"href":"https:\/\/layer.si\/kaos\/wp-json\/wp\/v2\/types\/page"}],"author":[{"embeddable":true,"href":"https:\/\/layer.si\/kaos\/wp-json\/wp\/v2\/users\/3"}],"replies":[{"embeddable":true,"href":"https:\/\/layer.si\/kaos\/wp-json\/wp\/v2\/comments?post=4424"}],"version-history":[{"count":9,"href":"https:\/\/layer.si\/kaos\/wp-json\/wp\/v2\/pages\/4424\/revisions"}],"predecessor-version":[{"id":5202,"href":"https:\/\/layer.si\/kaos\/wp-json\/wp\/v2\/pages\/4424\/revisions\/5202"}],"up":[{"embeddable":true,"href":"https:\/\/layer.si\/kaos\/wp-json\/wp\/v2\/pages\/17"}],"wp:attachment":[{"href":"https:\/\/layer.si\/kaos\/wp-json\/wp\/v2\/media?parent=4424"}],"curies":[{"name":"wp","href":"https:\/\/api.w.org\/{rel}","templated":true}]}}