{"id":4426,"date":"2021-09-09T12:29:13","date_gmt":"2021-09-09T12:29:49","guid":{"rendered":"https:\/\/layer.si\/kaos\/si\/program\/vsi-dogodki\/vsi-dogodki-2020-2\/"},"modified":"2022-05-24T23:29:56","modified_gmt":"2022-05-24T23:29:56","slug":"vsi-dogodki-2021","status":"publish","type":"page","link":"https:\/\/layer.si\/kaos\/si\/program\/vsi-dogodki\/vsi-dogodki-2021\/","title":{"rendered":"VSI DOGODKI 2021"},"content":{"rendered":"\t\t<div data-elementor-type=\"wp-post\" data-elementor-id=\"4426\" class=\"elementor elementor-4426\" data-elementor-settings=\"[]\">\n\t\t\t<div class=\"elementor-inner\">\n\t\t\t\t<div class=\"elementor-section-wrap\">\n\t\t\t\t\t\t\t<section class=\"elementor-element elementor-element-64c189d elementor-section-boxed elementor-section-height-default elementor-section-height-default elementor-section elementor-top-section\" data-id=\"64c189d\" data-element_type=\"section\">\n\t\t\t\t\t\t<div class=\"elementor-container elementor-column-gap-default\">\n\t\t\t\t<div class=\"elementor-row\">\n\t\t\t\t<div class=\"elementor-element elementor-element-5748df1 elementor-column elementor-col-100 elementor-top-column\" data-id=\"5748df1\" data-element_type=\"column\">\n\t\t\t<div class=\"elementor-column-wrap  elementor-element-populated\">\n\t\t\t\t\t<div class=\"elementor-widget-wrap\">\n\t\t\t\t<div class=\"elementor-element elementor-element-e452379 elementor-nav-menu__text-align-center elementor-nav-menu__align-center elementor-nav-menu--indicator-classic elementor-nav-menu--dropdown-tablet elementor-widget elementor-widget-nav-menu\" data-id=\"e452379\" data-element_type=\"widget\" data-settings=\"{&quot;layout&quot;:&quot;horizontal&quot;}\" data-widget_type=\"nav-menu.default\">\n\t\t\t\t<div class=\"elementor-widget-container\">\n\t\t\t\t\t\t<nav role=\"navigation\" class=\"elementor-nav-menu--main elementor-nav-menu__container elementor-nav-menu--layout-horizontal e--pointer-underline e--animation-fade\"><ul id=\"menu-1-e452379\" class=\"elementor-nav-menu\"><li class=\"menu-item menu-item-type-post_type menu-item-object-page menu-item-5576\"><a href=\"https:\/\/layer.si\/kaos\/si\/program\/vsi-dogodki\/vsi-dogodki-2024\/\" class=\"elementor-item\">2024<\/a><\/li>\n<li class=\"menu-item menu-item-type-post_type menu-item-object-page menu-item-4687\"><a href=\"https:\/\/layer.si\/kaos\/si\/program\/vsi-dogodki\/vsi-dogodki-2022\/\" class=\"elementor-item\">2022<\/a><\/li>\n<li class=\"menu-item menu-item-type-post_type menu-item-object-page menu-item-4434\"><a href=\"https:\/\/layer.si\/kaos\/si\/program\/vsi-dogodki\/vsi-dogodki-2021\/\" class=\"elementor-item\">2021<\/a><\/li>\n<li class=\"menu-item menu-item-type-post_type menu-item-object-page menu-item-3626\"><a href=\"https:\/\/layer.si\/kaos\/si\/program\/vsi-dogodki\/vsi-dogodki-2020\/\" class=\"elementor-item\">2020<\/a><\/li>\n<li class=\"menu-item menu-item-type-post_type menu-item-object-page menu-item-1059\"><a href=\"https:\/\/layer.si\/kaos\/si\/program\/vsi-dogodki\/vsi-dogodki-2019\/\" class=\"elementor-item\">2019<\/a><\/li>\n<li class=\"menu-item menu-item-type-post_type menu-item-object-page menu-item-1058\"><a href=\"https:\/\/layer.si\/kaos\/si\/program\/vsi-dogodki\/vsi-dogodki-2018\/\" class=\"elementor-item\">2018<\/a><\/li>\n<\/ul><\/nav>\n\t\t\t\t\t<div class=\"elementor-menu-toggle\" role=\"button\" tabindex=\"0\" aria-label=\"Menu Toggle\" aria-expanded=\"false\">\n\t\t\t<i class=\"eicon-menu-bar\" aria-hidden=\"true\"><\/i>\n\t\t\t<span class=\"elementor-screen-only\">Menu<\/span>\n\t\t<\/div>\n\t\t\t<nav class=\"elementor-nav-menu--dropdown elementor-nav-menu__container\" role=\"navigation\" aria-hidden=\"true\"><ul id=\"menu-2-e452379\" class=\"elementor-nav-menu\"><li class=\"menu-item menu-item-type-post_type menu-item-object-page menu-item-5576\"><a href=\"https:\/\/layer.si\/kaos\/si\/program\/vsi-dogodki\/vsi-dogodki-2024\/\" class=\"elementor-item\">2024<\/a><\/li>\n<li class=\"menu-item menu-item-type-post_type menu-item-object-page menu-item-4687\"><a href=\"https:\/\/layer.si\/kaos\/si\/program\/vsi-dogodki\/vsi-dogodki-2022\/\" class=\"elementor-item\">2022<\/a><\/li>\n<li class=\"menu-item menu-item-type-post_type menu-item-object-page menu-item-4434\"><a href=\"https:\/\/layer.si\/kaos\/si\/program\/vsi-dogodki\/vsi-dogodki-2021\/\" class=\"elementor-item\">2021<\/a><\/li>\n<li class=\"menu-item menu-item-type-post_type menu-item-object-page menu-item-3626\"><a href=\"https:\/\/layer.si\/kaos\/si\/program\/vsi-dogodki\/vsi-dogodki-2020\/\" class=\"elementor-item\">2020<\/a><\/li>\n<li class=\"menu-item menu-item-type-post_type menu-item-object-page menu-item-1059\"><a href=\"https:\/\/layer.si\/kaos\/si\/program\/vsi-dogodki\/vsi-dogodki-2019\/\" class=\"elementor-item\">2019<\/a><\/li>\n<li class=\"menu-item menu-item-type-post_type menu-item-object-page menu-item-1058\"><a href=\"https:\/\/layer.si\/kaos\/si\/program\/vsi-dogodki\/vsi-dogodki-2018\/\" class=\"elementor-item\">2018<\/a><\/li>\n<\/ul><\/nav>\n\t\t\t\t<\/div>\n\t\t\t\t<\/div>\n\t\t\t\t\t\t<\/div>\n\t\t\t<\/div>\n\t\t<\/div>\n\t\t\t\t\t\t<\/div>\n\t\t\t<\/div>\n\t\t<\/section>\n\t\t\t\t<section class=\"elementor-element elementor-element-c00dbcf elementor-section-boxed elementor-section-height-default elementor-section-height-default elementor-section elementor-top-section\" data-id=\"c00dbcf\" data-element_type=\"section\">\n\t\t\t\t\t\t<div class=\"elementor-container elementor-column-gap-default\">\n\t\t\t\t<div class=\"elementor-row\">\n\t\t\t\t<div class=\"elementor-element elementor-element-60ef503 elementor-column elementor-col-100 elementor-top-column\" data-id=\"60ef503\" data-element_type=\"column\">\n\t\t\t<div class=\"elementor-column-wrap  elementor-element-populated\">\n\t\t\t\t\t<div class=\"elementor-widget-wrap\">\n\t\t\t\t<div class=\"elementor-element elementor-element-a8a5205 elementor-widget elementor-widget-text-editor\" data-id=\"a8a5205\" data-element_type=\"widget\" data-widget_type=\"text-editor.default\">\n\t\t\t\t<div class=\"elementor-widget-container\">\n\t\t\t\t\t<div class=\"elementor-text-editor elementor-clearfix\"><h1><strong>KAOS X ALMA<\/strong><\/h1><h2><strong>16. 9.-16. 11. 2021<\/strong><br \/><strong>Gostujo\u010da razstava sodobnega kola\u017ea KAOS<\/strong><br \/><strong>Hi\u0161a Alma in Spominska hi\u0161a Alojza Gradnika in Ludvika Zorzuta, Medana<\/strong><\/h2><h2><strong>\u00a0<\/strong><\/h2><p><strong>Ur\u0161ka Mazej, Brut Carniollus, Barbara Dem\u0161ar, Andrej \u0160tular, Eva Mlinar, Anja Kranjc, Karol Kuhar<\/strong><\/p><p><a href=\"https:\/\/layer.si\/kaos\/si\/razstave\/razstave-2021\/\">https:\/\/layer.si\/kaos\/si\/razstave\/razstave-2021\/<\/a><br \/><br \/>ODPIRALNI \u010cAS GALERIJ: \u010cet\/Pet\/Sob: 13h-16h<\/p><\/div>\n\t\t\t\t<\/div>\n\t\t\t\t<\/div>\n\t\t\t\t\t\t<\/div>\n\t\t\t<\/div>\n\t\t<\/div>\n\t\t\t\t\t\t<\/div>\n\t\t\t<\/div>\n\t\t<\/section>\n\t\t\t\t<section class=\"elementor-element elementor-element-9acea63 elementor-section-boxed elementor-section-height-default elementor-section-height-default elementor-section elementor-top-section\" data-id=\"9acea63\" data-element_type=\"section\">\n\t\t\t\t\t\t<div class=\"elementor-container elementor-column-gap-default\">\n\t\t\t\t<div class=\"elementor-row\">\n\t\t\t\t<div class=\"elementor-element elementor-element-83ee5c0 elementor-column elementor-col-50 elementor-top-column\" data-id=\"83ee5c0\" data-element_type=\"column\">\n\t\t\t<div class=\"elementor-column-wrap  elementor-element-populated\">\n\t\t\t\t\t<div class=\"elementor-widget-wrap\">\n\t\t\t\t<div class=\"elementor-element elementor-element-926bbd7 elementor-widget elementor-widget-image\" data-id=\"926bbd7\" data-element_type=\"widget\" data-widget_type=\"image.default\">\n\t\t\t\t<div class=\"elementor-widget-container\">\n\t\t\t\t\t<div class=\"elementor-image\">\n\t\t\t\t\t\t\t\t\t\t<img width=\"200\" height=\"45\" src=\"https:\/\/layer.si\/kaos\/wp-content\/uploads\/4.png\" class=\"attachment-large size-large\" alt=\"\" loading=\"lazy\" \/>\t\t\t\t\t\t\t\t\t\t\t<\/div>\n\t\t\t\t<\/div>\n\t\t\t\t<\/div>\n\t\t\t\t\t\t<\/div>\n\t\t\t<\/div>\n\t\t<\/div>\n\t\t\t\t<div class=\"elementor-element elementor-element-be5d734 elementor-column elementor-col-50 elementor-top-column\" data-id=\"be5d734\" data-element_type=\"column\">\n\t\t\t<div class=\"elementor-column-wrap\">\n\t\t\t\t\t<div class=\"elementor-widget-wrap\">\n\t\t\t\t\t\t<\/div>\n\t\t\t<\/div>\n\t\t<\/div>\n\t\t\t\t\t\t<\/div>\n\t\t\t<\/div>\n\t\t<\/section>\n\t\t\t\t\t\t<\/div>\n\t\t\t<\/div>\n\t\t<\/div>\n\t\t","protected":false},"excerpt":{"rendered":"<p>KAOS X ALMA 16. 9.-16. 11. 2021 Gostujo\u010da razstava sodobnega kola\u017ea KAOS Hi\u0161a Alma in Spominska hi\u0161a Alojza Gradnika in Ludvika Zorzuta, Medana \u00a0 Ur\u0161ka Mazej, Brut Carniollus, Barbara Dem\u0161ar, Andrej \u0160tular, Eva Mlinar, Anja Kranjc, Karol Kuhar https:\/\/layer.si\/kaos\/si\/razstave\/razstave-2021\/ ODPIRALNI \u010cAS GALERIJ: \u010cet\/Pet\/Sob: 13h-16h<\/p>\n","protected":false},"author":3,"featured_media":0,"parent":1050,"menu_order":2,"comment_status":"closed","ping_status":"closed","template":"","meta":[],"_links":{"self":[{"href":"https:\/\/layer.si\/kaos\/wp-json\/wp\/v2\/pages\/4426"}],"collection":[{"href":"https:\/\/layer.si\/kaos\/wp-json\/wp\/v2\/pages"}],"about":[{"href":"https:\/\/layer.si\/kaos\/wp-json\/wp\/v2\/types\/page"}],"author":[{"embeddable":true,"href":"https:\/\/layer.si\/kaos\/wp-json\/wp\/v2\/users\/3"}],"replies":[{"embeddable":true,"href":"https:\/\/layer.si\/kaos\/wp-json\/wp\/v2\/comments?post=4426"}],"version-history":[{"count":9,"href":"https:\/\/layer.si\/kaos\/wp-json\/wp\/v2\/pages\/4426\/revisions"}],"predecessor-version":[{"id":4831,"href":"https:\/\/layer.si\/kaos\/wp-json\/wp\/v2\/pages\/4426\/revisions\/4831"}],"up":[{"embeddable":true,"href":"https:\/\/layer.si\/kaos\/wp-json\/wp\/v2\/pages\/1050"}],"wp:attachment":[{"href":"https:\/\/layer.si\/kaos\/wp-json\/wp\/v2\/media?parent=4426"}],"curies":[{"name":"wp","href":"https:\/\/api.w.org\/{rel}","templated":true}]}}