{"id":4428,"date":"2021-09-09T12:29:13","date_gmt":"2021-09-09T12:29:17","guid":{"rendered":"https:\/\/layer.si\/kaos\/exhibitions\/exhibitions-2020-2\/"},"modified":"2021-09-16T10:37:14","modified_gmt":"2021-09-16T10:37:14","slug":"exhibitions-2021","status":"publish","type":"page","link":"https:\/\/layer.si\/kaos\/en\/exhibitions\/exhibitions-2021\/","title":{"rendered":"Exhibitions 2021"},"content":{"rendered":"\t\t<div data-elementor-type=\"wp-post\" data-elementor-id=\"4428\" class=\"elementor elementor-4428\" data-elementor-settings=\"[]\">\n\t\t\t<div class=\"elementor-inner\">\n\t\t\t\t<div class=\"elementor-section-wrap\">\n\t\t\t\t\t\t\t<section class=\"elementor-element elementor-element-926ee1c elementor-section-boxed elementor-section-height-default elementor-section-height-default elementor-section elementor-top-section\" data-id=\"926ee1c\" data-element_type=\"section\">\n\t\t\t\t\t\t<div class=\"elementor-container elementor-column-gap-default\">\n\t\t\t\t<div class=\"elementor-row\">\n\t\t\t\t<div class=\"elementor-element elementor-element-5b82480 elementor-column elementor-col-100 elementor-top-column\" data-id=\"5b82480\" data-element_type=\"column\">\n\t\t\t<div class=\"elementor-column-wrap  elementor-element-populated\">\n\t\t\t\t\t<div class=\"elementor-widget-wrap\">\n\t\t\t\t<div class=\"elementor-element elementor-element-3c1c9da elementor-nav-menu__align-center elementor-nav-menu__text-align-center elementor-nav-menu--indicator-classic elementor-nav-menu--dropdown-tablet elementor-widget elementor-widget-nav-menu\" data-id=\"3c1c9da\" data-element_type=\"widget\" data-settings=\"{&quot;layout&quot;:&quot;horizontal&quot;}\" data-widget_type=\"nav-menu.default\">\n\t\t\t\t<div class=\"elementor-widget-container\">\n\t\t\t\t\t\t<nav role=\"navigation\" class=\"elementor-nav-menu--main elementor-nav-menu__container elementor-nav-menu--layout-horizontal e--pointer-underline e--animation-fade\"><ul id=\"menu-1-3c1c9da\" class=\"elementor-nav-menu\"><li class=\"menu-item menu-item-type-post_type menu-item-object-page menu-item-5571\"><a href=\"https:\/\/layer.si\/kaos\/en\/exhibitions\/exhibitions-2024\/\" class=\"elementor-item\">2024<\/a><\/li>\n<li class=\"menu-item menu-item-type-post_type menu-item-object-page menu-item-4667\"><a href=\"https:\/\/layer.si\/kaos\/en\/exhibitions\/exhibitions-2022\/\" class=\"elementor-item\">2022<\/a><\/li>\n<li class=\"menu-item menu-item-type-post_type menu-item-object-page menu-item-4433\"><a href=\"https:\/\/layer.si\/kaos\/en\/exhibitions\/exhibitions-2021\/\" class=\"elementor-item\">2021<\/a><\/li>\n<li class=\"menu-item menu-item-type-post_type menu-item-object-page menu-item-3666\"><a href=\"https:\/\/layer.si\/kaos\/en\/exhibitions\/exhibitions-2020\/\" class=\"elementor-item\">2020<\/a><\/li>\n<li class=\"menu-item menu-item-type-post_type menu-item-object-page menu-item-918\"><a href=\"https:\/\/layer.si\/kaos\/en\/exhibitions\/exhibitions-2019\/\" class=\"elementor-item\">2019<\/a><\/li>\n<li class=\"menu-item menu-item-type-post_type menu-item-object-page menu-item-913\"><a href=\"https:\/\/layer.si\/kaos\/en\/exhibitions\/exhibitions-2018\/\" class=\"elementor-item\">2018<\/a><\/li>\n<\/ul><\/nav>\n\t\t\t\t\t<div class=\"elementor-menu-toggle\" role=\"button\" tabindex=\"0\" aria-label=\"Menu Toggle\" aria-expanded=\"false\">\n\t\t\t<i class=\"eicon-menu-bar\" aria-hidden=\"true\"><\/i>\n\t\t\t<span class=\"elementor-screen-only\">Menu<\/span>\n\t\t<\/div>\n\t\t\t<nav class=\"elementor-nav-menu--dropdown elementor-nav-menu__container\" role=\"navigation\" aria-hidden=\"true\"><ul id=\"menu-2-3c1c9da\" class=\"elementor-nav-menu\"><li class=\"menu-item menu-item-type-post_type menu-item-object-page menu-item-5571\"><a href=\"https:\/\/layer.si\/kaos\/en\/exhibitions\/exhibitions-2024\/\" class=\"elementor-item\">2024<\/a><\/li>\n<li class=\"menu-item menu-item-type-post_type menu-item-object-page menu-item-4667\"><a href=\"https:\/\/layer.si\/kaos\/en\/exhibitions\/exhibitions-2022\/\" class=\"elementor-item\">2022<\/a><\/li>\n<li class=\"menu-item menu-item-type-post_type menu-item-object-page menu-item-4433\"><a href=\"https:\/\/layer.si\/kaos\/en\/exhibitions\/exhibitions-2021\/\" class=\"elementor-item\">2021<\/a><\/li>\n<li class=\"menu-item menu-item-type-post_type menu-item-object-page menu-item-3666\"><a href=\"https:\/\/layer.si\/kaos\/en\/exhibitions\/exhibitions-2020\/\" class=\"elementor-item\">2020<\/a><\/li>\n<li class=\"menu-item menu-item-type-post_type menu-item-object-page menu-item-918\"><a href=\"https:\/\/layer.si\/kaos\/en\/exhibitions\/exhibitions-2019\/\" class=\"elementor-item\">2019<\/a><\/li>\n<li class=\"menu-item menu-item-type-post_type menu-item-object-page menu-item-913\"><a href=\"https:\/\/layer.si\/kaos\/en\/exhibitions\/exhibitions-2018\/\" class=\"elementor-item\">2018<\/a><\/li>\n<\/ul><\/nav>\n\t\t\t\t<\/div>\n\t\t\t\t<\/div>\n\t\t\t\t\t\t<\/div>\n\t\t\t<\/div>\n\t\t<\/div>\n\t\t\t\t\t\t<\/div>\n\t\t\t<\/div>\n\t\t<\/section>\n\t\t\t\t<section class=\"elementor-element elementor-element-3ac0871 elementor-section-stretched elementor-section-full_width elementor-section-height-default elementor-section-height-default elementor-section elementor-top-section\" data-id=\"3ac0871\" data-element_type=\"section\" data-settings=\"{&quot;stretch_section&quot;:&quot;section-stretched&quot;}\">\n\t\t\t\t\t\t<div class=\"elementor-container elementor-column-gap-default\">\n\t\t\t\t<div class=\"elementor-row\">\n\t\t\t\t<div class=\"elementor-element elementor-element-a8d282b elementor-column elementor-col-100 elementor-top-column\" data-id=\"a8d282b\" data-element_type=\"column\">\n\t\t\t<div class=\"elementor-column-wrap  elementor-element-populated\">\n\t\t\t\t\t<div class=\"elementor-widget-wrap\">\n\t\t\t\t\t\t<\/div>\n\t\t\t<\/div>\n\t\t<\/div>\n\t\t\t\t\t\t<\/div>\n\t\t\t<\/div>\n\t\t<\/section>\n\t\t\t\t<section class=\"elementor-element elementor-element-64869b8 elementor-section-boxed elementor-section-height-default elementor-section-height-default elementor-section elementor-top-section\" data-id=\"64869b8\" data-element_type=\"section\">\n\t\t\t\t\t\t<div class=\"elementor-container elementor-column-gap-default\">\n\t\t\t\t<div class=\"elementor-row\">\n\t\t\t\t<div class=\"elementor-element elementor-element-df7204f elementor-column elementor-col-100 elementor-top-column\" data-id=\"df7204f\" data-element_type=\"column\">\n\t\t\t<div class=\"elementor-column-wrap  elementor-element-populated\">\n\t\t\t\t\t<div class=\"elementor-widget-wrap\">\n\t\t\t\t<div class=\"elementor-element elementor-element-8ecd949 elementor-widget elementor-widget-image\" data-id=\"8ecd949\" data-element_type=\"widget\" data-widget_type=\"image.default\">\n\t\t\t\t<div class=\"elementor-widget-container\">\n\t\t\t\t\t<div class=\"elementor-image\">\n\t\t\t\t\t\t\t\t\t\t<img width=\"800\" height=\"445\" src=\"https:\/\/layer.si\/kaos\/wp-content\/uploads\/fb-1024x569.jpg\" class=\"attachment-large size-large\" alt=\"\" loading=\"lazy\" srcset=\"https:\/\/layer.si\/kaos\/wp-content\/uploads\/fb-1024x569.jpg 1024w, https:\/\/layer.si\/kaos\/wp-content\/uploads\/fb-300x167.jpg 300w, https:\/\/layer.si\/kaos\/wp-content\/uploads\/fb-768x427.jpg 768w, https:\/\/layer.si\/kaos\/wp-content\/uploads\/fb.jpg 2000w\" sizes=\"(max-width: 800px) 100vw, 800px\" \/>\t\t\t\t\t\t\t\t\t\t\t<\/div>\n\t\t\t\t<\/div>\n\t\t\t\t<\/div>\n\t\t\t\t\t\t<\/div>\n\t\t\t<\/div>\n\t\t<\/div>\n\t\t\t\t\t\t<\/div>\n\t\t\t<\/div>\n\t\t<\/section>\n\t\t\t\t<section class=\"elementor-element elementor-element-df747a8 elementor-section-boxed elementor-section-height-default elementor-section-height-default elementor-section elementor-top-section\" data-id=\"df747a8\" data-element_type=\"section\">\n\t\t\t\t\t\t<div class=\"elementor-container elementor-column-gap-default\">\n\t\t\t\t<div class=\"elementor-row\">\n\t\t\t\t<div class=\"elementor-element elementor-element-8805a58 elementor-column elementor-col-100 elementor-top-column\" data-id=\"8805a58\" data-element_type=\"column\">\n\t\t\t<div class=\"elementor-column-wrap  elementor-element-populated\">\n\t\t\t\t\t<div class=\"elementor-widget-wrap\">\n\t\t\t\t<div class=\"elementor-element elementor-element-6f13ad5 elementor-widget elementor-widget-text-editor\" data-id=\"6f13ad5\" data-element_type=\"widget\" data-widget_type=\"text-editor.default\">\n\t\t\t\t<div class=\"elementor-widget-container\">\n\t\t\t\t\t<div class=\"elementor-text-editor elementor-clearfix\"><p><strong>KAOS X ALMA<\/strong><br \/><strong>Hosting exhibition of KAOS<\/strong><br \/><strong>16. 9.\u201316. 11. 2021<\/strong><br \/><strong>Alma House, and Memorial House of Alojz Gradnik and Ludvik Zorzut, Medana, Gori\u0161ka Brda<\/strong><br \/><br \/><\/p><p><strong>Eva Mlinar, Anja Kranjc, Andrej \u0160tular, Karol Kuhar, Ur\u0161ka Mazej, Barbara Dem\u0161ar, Brut Carniollus<\/strong><br \/><br \/><\/p><p><strong><a href=\"https:\/\/layer.si\/kaos\/en\/umetniki\/eva-mlinar-4\/\"><span style=\"color: #993300;\">Eva Mlinar<\/span><\/a> (1985) completed her studies of art history at the Faculty of Arts and visual communications at the Academy of Fine Arts and Design in Ljubljana. He works in various fields of art, with an emphasis on book illustration and theatre. She designed posters for theatre stages in New York, designed the covers for the MGL theatre\u2019s library, currently she is in charge of the visual image of the Anton Podbev\u0161ek Theater\u2019s performances in Novo mesto. She has contributed her illustrations to many books and magazines, and regularly collaborates with the publishing house VigeVageKnjige, the MGL theatre and the museum Wellcome Collection in London. She often introduces elements of collage into the illustration and is a great fan of old maps, the Middle East and medieval times. She was resident artist at KAOS 2020.<\/strong><\/p><p><strong><a href=\"https:\/\/layer.si\/kaos\/en\/umetniki\/anja-kranjc-4\/\"><span style=\"color: #993300;\">Anja Kranjc<\/span><\/a> (1982) studied sculpture at the Academy of Fine Arts and Design in Ljubljana, where she graduated in 2008 and received her master\u2019s degree in 2011 with a master\u2019s thesis on Interspace of Existence and exhibition Into the White with regular professor Matja\u017e Po\u010divav\u0161ek and lecturer Dr. Igor \u0160kamperle at the Faculty of Arts in Ljubljana. Since 2005, she has had several solo exhibitions and has participated in numerous group exhibitions in Slovenia and abroad. So far, she has created five public sculptural installations. She received several nominations and awards for her work, including the Student Pre\u0161eren Award (2006). She does painting, drawing, illustration and pedagogical work. She is a member of DLUL and DLUSP artists\u2019 societies. She lives and works in Vipava. She was resident artist at KAOS 2020.<\/strong><\/p><p><strong><a href=\"https:\/\/layer.si\/kaos\/en\/umetniki\/andrej-stular-3\/\"><span style=\"color: #993300;\">Andrej \u0160tular<\/span><\/a> is a multimedia artist, who is active in various fields of visual art: illustration, comics, video, film, sculpture, painting, photography and puppets. He is regulary exhibiting his works on solo and group exhibitions, participating at international festivals in Slovenia and abroad. He works with Slovenian comic magazine Stripburger and Puppet Theatre Nebo. Published comic albums: Lustri (2000), Kompost (2008), \u017diva sem (2011), Be\u017eimo, svet se podira! (2014), Kronike (2015). He was resident artist at KAOS 2019.<\/strong><\/p><p><strong><a href=\"https:\/\/layer.si\/kaos\/en\/umetniki\/karol-kuhar-2\/\"><span style=\"color: #993300;\">Karol Kuhar<\/span><\/a> was born in 1952 in Spodnja Besnica near Kranj. Since 1972 he has been exhibiting in Slovenia and abroad. He has had more than 62 solo and more than 100 group exhibitions in Slovenia, Austria, Italy, Poland, Germany and France. He received numerous awards and recognitions, including the Grand Pre\u0161eren Plaque of the City of Kranj in 1987. In 1995 and in 2006, he was awarded at the Slovenian Biennial of the City of Kranj, and in 2014, he received recognition for the quality of his works of art at the 3rd International Festival of Fine Arts Kranj \u2013 ZDSLU, and this year, the financial award of the Municipality of Ptuj \u2013 international Ex Tempore Carnival art award 2020. He is based in Spodnja Besnica near Kranj. He was resident artist at KAOS 2020.<\/strong><\/p><p>\u00a0<\/p><p><strong><span style=\"color: #993300;\"><a style=\"color: #993300;\" href=\"https:\/\/layer.si\/kaos\/en\/umetniki\/urska-mazej-2\/\">Ur\u0161ka Mazej<\/a><\/span><span style=\"color: #993300;\">\u00a0<\/span>(Slovenia, 1988) graduated at the Academy of Fine Arts in Ljubljana where she studied painting. She has participated in many group and solo exhibitions and received awards for her work. As a scenographer and a costume designer she co-creates theatre plays and films. She is a co-founder of the Cultural and Artistic Association Koncentrat (Velenje). She lives and works in Ljubljana and Velenje. She was resident artist at KAOS 2018.<br \/><\/strong><\/p><p><strong><a href=\"https:\/\/layer.si\/kaos\/en\/umetniki\/barbara-demsar-2\/\">Barbara Dem\u0161ar<\/a> (Slovenia, 1969) graduated from the Faculty of Education in Ljubljana (under the supervision of Professor H. Gvardjan\u010di\u010d) where she studied art pedagogy. As a student, she developed her knowledge and skills in France, USA and UAE. She has participated in several Slovenian and international collective exhibitions (Croatia, Serbia, Montenegro, Macedonia, Italy, Austria, France, Belgium, Romania, Germany, Turkey, USA), had a number of solo exhibitions and has received awards for her work in Slovenia, Croatia and USA. She is a member of The Slovenian Association of Fine Arts Societies. She lives and works in \u0160kofja Loka, Slovenia. She was resident artist at KAOS 2018.\u00a0\u00a0<br \/><br \/><span style=\"color: #993300;\"><a style=\"color: #993300;\" href=\"https:\/\/layer.si\/kaos\/en\/umetniki\/brut-carniollus-2\/\">Brut Carniollus<\/a><\/span> (Slovenija, 1959) is a visual artist and a photographer specialised in photography based digital collage and digital graphics executed as original digital UV prints. In the past one of his interests was also documentary photography and he collaborated with some of the best Slovenian photographs. He is a member of the Slovenian Association of Fine Arts Societies. He has exhibited in Slovenia and abroad. He lives and works in Radovljica, Slovenia. He was resident artist at KAOS 2018.<br \/><\/strong><\/p><p>\u00a0<\/p><p><strong>\u00a0<\/strong><\/p><\/div>\n\t\t\t\t<\/div>\n\t\t\t\t<\/div>\n\t\t\t\t\t\t<\/div>\n\t\t\t<\/div>\n\t\t<\/div>\n\t\t\t\t\t\t<\/div>\n\t\t\t<\/div>\n\t\t<\/section>\n\t\t\t\t\t\t<\/div>\n\t\t\t<\/div>\n\t\t<\/div>\n\t\t","protected":false},"excerpt":{"rendered":"<p>KAOS X ALMA Hosting exhibition of KAOS 16. 9.\u201316. 11. 2021 Alma House, and Memorial House of Alojz Gradnik and Ludvik Zorzut, Medana, Gori\u0161ka Brda Eva Mlinar, Anja Kranjc, Andrej \u0160tular, Karol Kuhar, Ur\u0161ka Mazej, Barbara Dem\u0161ar, Brut Carniollus Eva Mlinar (1985) completed her studies of art history at the Faculty of Arts and visual [&hellip;]<\/p>\n","protected":false},"author":3,"featured_media":0,"parent":677,"menu_order":2,"comment_status":"closed","ping_status":"closed","template":"","meta":[],"_links":{"self":[{"href":"https:\/\/layer.si\/kaos\/wp-json\/wp\/v2\/pages\/4428"}],"collection":[{"href":"https:\/\/layer.si\/kaos\/wp-json\/wp\/v2\/pages"}],"about":[{"href":"https:\/\/layer.si\/kaos\/wp-json\/wp\/v2\/types\/page"}],"author":[{"embeddable":true,"href":"https:\/\/layer.si\/kaos\/wp-json\/wp\/v2\/users\/3"}],"replies":[{"embeddable":true,"href":"https:\/\/layer.si\/kaos\/wp-json\/wp\/v2\/comments?post=4428"}],"version-history":[{"count":6,"href":"https:\/\/layer.si\/kaos\/wp-json\/wp\/v2\/pages\/4428\/revisions"}],"predecessor-version":[{"id":4481,"href":"https:\/\/layer.si\/kaos\/wp-json\/wp\/v2\/pages\/4428\/revisions\/4481"}],"up":[{"embeddable":true,"href":"https:\/\/layer.si\/kaos\/wp-json\/wp\/v2\/pages\/677"}],"wp:attachment":[{"href":"https:\/\/layer.si\/kaos\/wp-json\/wp\/v2\/media?parent=4428"}],"curies":[{"name":"wp","href":"https:\/\/api.w.org\/{rel}","templated":true}]}}