{"id":4681,"date":"2022-04-30T22:35:05","date_gmt":"2022-04-30T22:35:05","guid":{"rendered":"https:\/\/layer.si\/kaos\/?page_id=4681"},"modified":"2022-08-08T08:28:34","modified_gmt":"2022-08-08T08:28:34","slug":"vsi-dogodki-2022","status":"publish","type":"page","link":"https:\/\/layer.si\/kaos\/si\/program\/vsi-dogodki\/vsi-dogodki-2022\/","title":{"rendered":"VSI DOGODKI 2022"},"content":{"rendered":"\t\t<div data-elementor-type=\"wp-post\" data-elementor-id=\"4681\" class=\"elementor elementor-4681\" data-elementor-settings=\"[]\">\n\t\t\t<div class=\"elementor-inner\">\n\t\t\t\t<div class=\"elementor-section-wrap\">\n\t\t\t\t\t\t\t<section class=\"elementor-element elementor-element-64c189d elementor-section-boxed elementor-section-height-default elementor-section-height-default elementor-section elementor-top-section\" data-id=\"64c189d\" data-element_type=\"section\">\n\t\t\t\t\t\t<div class=\"elementor-container elementor-column-gap-default\">\n\t\t\t\t<div class=\"elementor-row\">\n\t\t\t\t<div class=\"elementor-element elementor-element-5748df1 elementor-column elementor-col-100 elementor-top-column\" data-id=\"5748df1\" data-element_type=\"column\">\n\t\t\t<div class=\"elementor-column-wrap  elementor-element-populated\">\n\t\t\t\t\t<div class=\"elementor-widget-wrap\">\n\t\t\t\t<div class=\"elementor-element elementor-element-e452379 elementor-nav-menu__text-align-center elementor-nav-menu__align-center elementor-nav-menu--indicator-classic elementor-nav-menu--dropdown-tablet elementor-widget elementor-widget-nav-menu\" data-id=\"e452379\" data-element_type=\"widget\" data-settings=\"{&quot;layout&quot;:&quot;horizontal&quot;}\" data-widget_type=\"nav-menu.default\">\n\t\t\t\t<div class=\"elementor-widget-container\">\n\t\t\t\t\t\t<nav role=\"navigation\" class=\"elementor-nav-menu--main elementor-nav-menu__container elementor-nav-menu--layout-horizontal e--pointer-underline e--animation-fade\"><ul id=\"menu-1-e452379\" class=\"elementor-nav-menu\"><li class=\"menu-item menu-item-type-post_type menu-item-object-page menu-item-5576\"><a href=\"https:\/\/layer.si\/kaos\/si\/program\/vsi-dogodki\/vsi-dogodki-2024\/\" class=\"elementor-item\">2024<\/a><\/li>\n<li class=\"menu-item menu-item-type-post_type menu-item-object-page menu-item-4687\"><a href=\"https:\/\/layer.si\/kaos\/si\/program\/vsi-dogodki\/vsi-dogodki-2022\/\" class=\"elementor-item\">2022<\/a><\/li>\n<li class=\"menu-item menu-item-type-post_type menu-item-object-page menu-item-4434\"><a href=\"https:\/\/layer.si\/kaos\/si\/program\/vsi-dogodki\/vsi-dogodki-2021\/\" class=\"elementor-item\">2021<\/a><\/li>\n<li class=\"menu-item menu-item-type-post_type menu-item-object-page menu-item-3626\"><a href=\"https:\/\/layer.si\/kaos\/si\/program\/vsi-dogodki\/vsi-dogodki-2020\/\" class=\"elementor-item\">2020<\/a><\/li>\n<li class=\"menu-item menu-item-type-post_type menu-item-object-page menu-item-1059\"><a href=\"https:\/\/layer.si\/kaos\/si\/program\/vsi-dogodki\/vsi-dogodki-2019\/\" class=\"elementor-item\">2019<\/a><\/li>\n<li class=\"menu-item menu-item-type-post_type menu-item-object-page menu-item-1058\"><a href=\"https:\/\/layer.si\/kaos\/si\/program\/vsi-dogodki\/vsi-dogodki-2018\/\" class=\"elementor-item\">2018<\/a><\/li>\n<\/ul><\/nav>\n\t\t\t\t\t<div class=\"elementor-menu-toggle\" role=\"button\" tabindex=\"0\" aria-label=\"Menu Toggle\" aria-expanded=\"false\">\n\t\t\t<i class=\"eicon-menu-bar\" aria-hidden=\"true\"><\/i>\n\t\t\t<span class=\"elementor-screen-only\">Menu<\/span>\n\t\t<\/div>\n\t\t\t<nav class=\"elementor-nav-menu--dropdown elementor-nav-menu__container\" role=\"navigation\" aria-hidden=\"true\"><ul id=\"menu-2-e452379\" class=\"elementor-nav-menu\"><li class=\"menu-item menu-item-type-post_type menu-item-object-page menu-item-5576\"><a href=\"https:\/\/layer.si\/kaos\/si\/program\/vsi-dogodki\/vsi-dogodki-2024\/\" class=\"elementor-item\">2024<\/a><\/li>\n<li class=\"menu-item menu-item-type-post_type menu-item-object-page menu-item-4687\"><a href=\"https:\/\/layer.si\/kaos\/si\/program\/vsi-dogodki\/vsi-dogodki-2022\/\" class=\"elementor-item\">2022<\/a><\/li>\n<li class=\"menu-item menu-item-type-post_type menu-item-object-page menu-item-4434\"><a href=\"https:\/\/layer.si\/kaos\/si\/program\/vsi-dogodki\/vsi-dogodki-2021\/\" class=\"elementor-item\">2021<\/a><\/li>\n<li class=\"menu-item menu-item-type-post_type menu-item-object-page menu-item-3626\"><a href=\"https:\/\/layer.si\/kaos\/si\/program\/vsi-dogodki\/vsi-dogodki-2020\/\" class=\"elementor-item\">2020<\/a><\/li>\n<li class=\"menu-item menu-item-type-post_type menu-item-object-page menu-item-1059\"><a href=\"https:\/\/layer.si\/kaos\/si\/program\/vsi-dogodki\/vsi-dogodki-2019\/\" class=\"elementor-item\">2019<\/a><\/li>\n<li class=\"menu-item menu-item-type-post_type menu-item-object-page menu-item-1058\"><a href=\"https:\/\/layer.si\/kaos\/si\/program\/vsi-dogodki\/vsi-dogodki-2018\/\" class=\"elementor-item\">2018<\/a><\/li>\n<\/ul><\/nav>\n\t\t\t\t<\/div>\n\t\t\t\t<\/div>\n\t\t\t\t\t\t<\/div>\n\t\t\t<\/div>\n\t\t<\/div>\n\t\t\t\t\t\t<\/div>\n\t\t\t<\/div>\n\t\t<\/section>\n\t\t\t\t<section class=\"elementor-element elementor-element-c00dbcf elementor-section-boxed elementor-section-height-default elementor-section-height-default elementor-section elementor-top-section\" data-id=\"c00dbcf\" data-element_type=\"section\">\n\t\t\t\t\t\t<div class=\"elementor-container elementor-column-gap-default\">\n\t\t\t\t<div class=\"elementor-row\">\n\t\t\t\t<div class=\"elementor-element elementor-element-60ef503 elementor-column elementor-col-100 elementor-top-column\" data-id=\"60ef503\" data-element_type=\"column\">\n\t\t\t<div class=\"elementor-column-wrap  elementor-element-populated\">\n\t\t\t\t\t<div class=\"elementor-widget-wrap\">\n\t\t\t\t<div class=\"elementor-element elementor-element-f7b101d elementor-widget elementor-widget-text-editor\" data-id=\"f7b101d\" data-element_type=\"widget\" data-widget_type=\"text-editor.default\">\n\t\t\t\t<div class=\"elementor-widget-container\">\n\t\t\t\t\t<div class=\"elementor-text-editor elementor-clearfix\"><h1><strong>KAOS 2022<\/strong><\/h1><h2><strong>4. mednarodni festival sodobnega kola\u017ea<\/strong><\/h2><h2><strong>10. 6.-13. 8. 2022<\/strong><\/h2><figure class=\"wp-block-image\"><img src=\"https:\/\/layer.si\/kaos\/wp-content\/uploads\/4.png\" alt=\"\" \/><\/figure><p><strong>Vabljeni v na\u0161e mesto, mesto kola\u017ea!<\/strong><\/p><p><strong>Razstave bodo pospremili ve\u010derni koncerti, svetlobne projekcije, delavnice, pogovori z umetniki, zvo\u010dni sprehodi in vodeni ogledi.<\/strong><\/p><h3><strong>Odpiralni \u010das razstav<\/strong><\/h3><p><strong>\u2192 torek\u2013sobota 11.00\u201319.00<\/strong><br \/><strong>\u2192 nedelja, ponedeljek in praznik zaprto<\/strong><\/p><h2><strong><em>ODPRTJE FESTIVALA<\/em><\/strong><\/h2><p><strong>Petek, 10. junij 2022 \/\/ Layerjeva hi\u0161a<\/strong><\/p><p><strong>ob 19.00: Voden ogled po razstavi KAOS 2022<\/strong><br \/><strong>ob 20.00: Uradno odprtje festivala<\/strong><br \/><strong>ob 21.00: freekind., koncert<\/strong><br \/><strong>ob 21.00: Toma\u017e \u010crnej: Contributions to Slavic Mythology \/ Doneski k slovanski mitologiji &#8211; svetlobna projekcija <\/strong><\/p><h2><strong><em>JUNIJSKA ODPRTA POZIVA<\/em><\/strong><\/h2><p><strong>Projekt Histerija: Odprt poziv za pripovedovanje zgodb<\/strong><br \/><strong>VE\u010c <a href=\"https:\/\/layer.si\/kaos\/projekt-histerija-odprt-poziv-za-pripovedovanje-zgodb\/\">na tej povezavi<\/a><\/strong><\/p><p><strong>Elke Desutter: ODPRT POZIV<\/strong><br \/><strong>VE\u010c <a href=\"https:\/\/layer.si\/kaos\/elke-desutter-odprt-poziv\/\">na tej povezavi<\/a><\/strong><\/p><h2><strong><em>JUNIJSKI DELAVNICI<\/em><\/strong><\/h2><p><strong>konS \u2261 delavnica zvo\u010dnega kola\u017ea<\/strong><br \/><strong>Sobota, 11. 6., ob 11.00<\/strong><br \/><strong>Start: Layerjeva hi\u0161a<\/strong><br \/><strong>VE\u010c <a href=\"https:\/\/layer.si\/kaos\/kons-%e2%89%a1-delavnica-zvocnega-kolaza\/\">na tej povezavi<\/a><\/strong><\/p><p><strong>DIVJI KOLA\u017d &#8211; delavnica<\/strong><br \/><strong>Delavnica kola\u017ea in zvoka za otroke in odrasle<\/strong><br \/><strong>Sobota, 25. 6., ob 10.00<\/strong><br \/><strong>Layerjeva hi\u0161a<\/strong><br \/><strong>VE\u010c <a href=\"https:\/\/layer.si\/kaos\/divji-kolaz\/\">na tej povezavi<\/a><\/strong><\/p><h2><em><strong>PROGRAM PO DNEVIH<\/strong><\/em><\/h2><h5><strong>Petek, 10. 6. <\/strong><\/h5><ul><li><strong>19.00: Voden ogled po vseh lokacijah &#8211; KAOS 2022 \/ start Layerjeva hi\u0161a<\/strong><\/li><li><strong>20.00: Odprtje festivala KAOS 2022 \/ Layerjeva hi\u0161a<\/strong><\/li><li><strong>21.00: <a href=\"http:\/\/www.layer.si\/si\/projekti-in-dejavnosti\/dogodki\/dogodek\/1975\/freekind\">freekind., koncert<\/a> \/ Terasa Layerjeve hi\u0161e<\/strong><\/li><li><strong>21.00: Toma\u017e \u010crnej: Contributions to Slavic Mythology \/ Doneski k slovanski mitologiji &#8211; svetlobna projekcija \/ \u010ce\u0161njev vrt Layerjeve hi\u0161e<\/strong><\/li><\/ul><h5><strong>Sobota, 11. 6. <\/strong><\/h5><ul><li><strong>10.00: Zajtrk z gostujo\u010dimi umetniki: Elke Desutter, Bram Antheunis, Jaka Berger, Nata\u0161a Berk, Mojca Senega\u010dnik, William Blomstedt, Miroslav Cukovi\u0107 \/ Layerjeva hi\u0161a<\/strong><\/li><li><strong>11.00: <a href=\"https:\/\/layer.si\/kaos\/kons-%e2%89%a1-delavnica-zvocnega-kolaza\/\">kons = delavnica zvo\u010dnega kola\u017ea z Jakom Bergerjem<\/a> \/ Layerjeva hi\u0161a<\/strong><\/li><li><strong>19.00: Bram Antheunis, World Collage Atlas &amp; COUPEE Collage collective, pogovor z umetnikom \/ Layerjeva hi\u0161a<\/strong><\/li><li><strong>21.00: <a href=\"http:\/\/www.layer.si\/si\/projekti-in-dejavnosti\/dogodki\/dogodek\/1976\/katja-sulc:-caricias-bozanja\">Katja \u0160ulc: Caricias \/ Bo\u017eanja<\/a>, koncert \/ Layerjeva hi\u0161a<\/strong><\/li><\/ul><h5><strong>Nedelja, 12. 6. <\/strong><\/h5><ul><li><strong>17.00: Predstavitev projekta: Elke Desutter, Rachael Jablo v Layerjevi hi\u0161i na umetni\u0161ki rezidenci \/ Layerjeva hi\u0161a<\/strong><\/li><li><strong>18.00: <a href=\"https:\/\/layer.si\/kaos\/projekt-histerija-odprt-poziv-za-pripovedovanje-zgodb\/\">Hysteria Project, \u017eenski pogovori 1:1<\/a> \/ Layerjeva hi\u0161a<\/strong><\/li><li><strong>18.00: <a href=\"https:\/\/layer.si\/kaos\/elke-desutter-odprt-poziv\/\">Anonymous Models of The Body, fotografiranje delov telesa 1:1<\/a> \/ Layerjeva hi\u0161a<\/strong><\/li><li><strong>19.00. <a href=\"https:\/\/layer.si\/kaos\/voden-ogled-razstav\/\">Voden ogled s kuratorko razstave KAOS 2022 Dorotejo Kotnik<\/a> \/ start Layerjeva hi\u0161a<\/strong><\/li><\/ul><h5><strong>Petek, 17. 6. <\/strong><\/h5><ul><li><strong>19.00: <a href=\"https:\/\/layer.si\/kaos\/razstave\/tisina-v-kaosu\/\">Ti\u0161ina v kaosu<\/a> \/ Silence in Chaos, odprtje razstave \/ Galerija na mestu<\/strong><\/li><\/ul><h5><strong>Sobota, 18. 6. <\/strong><\/h5><ul><li><strong>11.00 <a href=\"http:\/\/www.layer.si\/si\/projekti-in-dejavnosti\/dogodki\/dogodek\/1996\/tisina-v-casu-hrupa,-delavnica-kolaza-za-otroke\">Ti\u0161ina v \u010dasu hrupa, delavnica kola\u017ea za otroke<\/a> , 6+, udele\u017eba brezpla\u010dna<\/strong><\/li><li><strong>19.00: Pogovor z gostujo\u010dimi umetniki na festivalu KAOS: Mojca Senega\u010dnik, Nata\u0161a Berk, Jaka Berger, William Blomstedt \/ Layerjeva hi\u0161a<\/strong><\/li><\/ul><h5><strong>Petek, 24. 6. <\/strong><\/h5><ul><li><strong>19.00: <a href=\"http:\/\/www.layer.si\/si\/projekti-in-dejavnosti\/dogodki\/dogodek\/2014\/pogovor-z-umetnico-simono-reisch-_-kaos-2022\">Simona Reisch: Kaj je kola\u017e? &#8211; pogovor z umetnico<\/a> \/ Galerija Layerjeve hi\u0161e<\/strong><\/li><li><strong>21.30: <a href=\"http:\/\/www.layer.si\/si\/projekti-in-dejavnosti\/dogodki\/dogodek\/1977\/fossick-project_-kaos-2022\">Fossick Project: Gilgamesh, zvo\u010dno-vizualni performans<\/a> \/ Layerjeva hi\u0161a<\/strong><\/li><\/ul><h5><strong>Sobota, 25. 6. <\/strong><\/h5><ul><li><strong>10.00: <a href=\"https:\/\/layer.si\/kaos\/divji-kolaz\/\">Divji kola\u017e, delavnica kola\u017ea in zvoka za otroke in odrasle<\/a> \/ Layerjeva hi\u0161a<\/strong><\/li><\/ul><h5><strong>Petek, 8. 7.\u00a0<\/strong><\/h5><ul><li><strong>21.00: <a href=\"https:\/\/layer.si\/kaos\/audio-vizualni-performans\/\">Rouge-ah x Alja Ko\u0161ar, glasbeno-vizualni performans<\/a> [KAOS X DVOCIKEL] \/ Layerjeva hi\u0161a<\/strong><\/li><\/ul><h5><strong>Ponedeljek, 18. 7.<\/strong><\/h5><ul><li><strong>19.00: <a href=\"https:\/\/layer.si\/kaos\/pogovor-z-umetnico-michele-landel\/\">Pogovor z umetnico Michele Landel &#8211; \u0160e vedno nevidne<\/a> \/ Layerjeva hi\u0161a<\/strong><\/li><\/ul><h5><strong>\u010cetrtek, 4. 8.<\/strong><\/h5><ul><li><strong>21.00:<a href=\"https:\/\/layer.si\/kaos\/filmski-vecer-zadnji-in-prvi-ljudje\/\"> Projekcija filma Zadnji in prvi ljudje<\/a> [J\u00f3hann J\u00f3hannsson I Islandija I 2020 I 71 min I filmski esej] <\/strong><strong>\/ Layerjeva hi\u0161a, Stolp \u0160krlovec<\/strong><\/li><\/ul><h5><strong>Nedelja, 7. 8.<\/strong><\/h5><ul><li><strong>18.00: <a href=\"https:\/\/layer.si\/kaos\/voden-ogled-razstav\/\">Voden ogled s kuratorko razstave KAOS 2022 Dorotejo Kotnik<\/a> \/ start Layerjeva hi\u0161a\u00a0<\/strong><\/li><\/ul><h5><strong>Sobota, 13. 8.\u00a0<\/strong><\/h5><ul><li><strong>11.00: <a href=\"https:\/\/layer.si\/kaos\/zakljucni-zajtrk-z-umetniki\/\">Zaklju\u010dni zajtrk z umetniki na festivalu KAOS<i>\u00a0<\/i>\/<\/a> Layerjeva hi\u0161a<\/strong><\/li><li><strong>11.00: <a href=\"https:\/\/layer.si\/kaos\/street-art-delavnica\/\">Street art delavnica<\/a><i> \/ <\/i>Layerjeva hi\u0161a<\/strong><\/li><li><strong>17:00: <a href=\"https:\/\/layer.si\/kaos\/delavnica-prostor-kot-platno-kolazne-asociacije\/\">Prostor kot platno, delavnica kola\u017enih asociacij <\/a>\/ Layerjeva hi\u0161a<\/strong><\/li><li><strong>21.00: <a href=\"http:\/\/www.layer.si\/si\/projekti-in-dejavnosti\/dogodki\/dogodek\/1978\/belau_-kaos-2022\">Belau, koncert<\/a>\/ Layerjeva hi\u0161a<\/strong><\/li><\/ul><\/div>\n\t\t\t\t<\/div>\n\t\t\t\t<\/div>\n\t\t\t\t\t\t<\/div>\n\t\t\t<\/div>\n\t\t<\/div>\n\t\t\t\t\t\t<\/div>\n\t\t\t<\/div>\n\t\t<\/section>\n\t\t\t\t<section class=\"elementor-element elementor-element-9acea63 elementor-section-boxed elementor-section-height-default elementor-section-height-default elementor-section elementor-top-section\" data-id=\"9acea63\" data-element_type=\"section\">\n\t\t\t\t\t\t<div class=\"elementor-container elementor-column-gap-default\">\n\t\t\t\t<div class=\"elementor-row\">\n\t\t\t\t<div class=\"elementor-element elementor-element-83ee5c0 elementor-column elementor-col-50 elementor-top-column\" data-id=\"83ee5c0\" data-element_type=\"column\">\n\t\t\t<div class=\"elementor-column-wrap  elementor-element-populated\">\n\t\t\t\t\t<div class=\"elementor-widget-wrap\">\n\t\t\t\t<div class=\"elementor-element elementor-element-926bbd7 elementor-widget elementor-widget-image\" data-id=\"926bbd7\" data-element_type=\"widget\" data-widget_type=\"image.default\">\n\t\t\t\t<div class=\"elementor-widget-container\">\n\t\t\t\t\t<div class=\"elementor-image\">\n\t\t\t\t\t\t\t\t\t\t<img width=\"200\" height=\"45\" src=\"https:\/\/layer.si\/kaos\/wp-content\/uploads\/4.png\" class=\"attachment-large size-large\" alt=\"\" loading=\"lazy\" \/>\t\t\t\t\t\t\t\t\t\t\t<\/div>\n\t\t\t\t<\/div>\n\t\t\t\t<\/div>\n\t\t\t\t\t\t<\/div>\n\t\t\t<\/div>\n\t\t<\/div>\n\t\t\t\t<div class=\"elementor-element elementor-element-be5d734 elementor-column elementor-col-50 elementor-top-column\" data-id=\"be5d734\" data-element_type=\"column\">\n\t\t\t<div class=\"elementor-column-wrap  elementor-element-populated\">\n\t\t\t\t\t<div class=\"elementor-widget-wrap\">\n\t\t\t\t<div class=\"elementor-element elementor-element-788adc6 elementor-widget elementor-widget-text-editor\" data-id=\"788adc6\" data-element_type=\"widget\" data-widget_type=\"text-editor.default\">\n\t\t\t\t<div class=\"elementor-widget-container\">\n\t\t\t\t\t<div class=\"elementor-text-editor elementor-clearfix\"><h5>Za ve\u010d infomacij smo vam na voljo na <a href=\"mailto:kaos@layer.si\">kaos@layer.si<\/a><\/h5><\/div>\n\t\t\t\t<\/div>\n\t\t\t\t<\/div>\n\t\t\t\t\t\t<\/div>\n\t\t\t<\/div>\n\t\t<\/div>\n\t\t\t\t\t\t<\/div>\n\t\t\t<\/div>\n\t\t<\/section>\n\t\t\t\t\t\t<\/div>\n\t\t\t<\/div>\n\t\t<\/div>\n\t\t","protected":false},"excerpt":{"rendered":"<p>KAOS 2022 4. mednarodni festival sodobnega kola\u017ea 10. 6.-13. 8. 2022 Vabljeni v na\u0161e mesto, mesto kola\u017ea! Razstave bodo pospremili ve\u010derni koncerti, svetlobne projekcije, delavnice, pogovori z umetniki, zvo\u010dni sprehodi in vodeni ogledi. Odpiralni \u010das razstav \u2192 torek\u2013sobota 11.00\u201319.00\u2192 nedelja, ponedeljek in praznik zaprto ODPRTJE FESTIVALA Petek, 10. junij 2022 \/\/ Layerjeva hi\u0161a ob 19.00: [&hellip;]<\/p>\n","protected":false},"author":1,"featured_media":4780,"parent":1050,"menu_order":1,"comment_status":"closed","ping_status":"closed","template":"","meta":[],"_links":{"self":[{"href":"https:\/\/layer.si\/kaos\/wp-json\/wp\/v2\/pages\/4681"}],"collection":[{"href":"https:\/\/layer.si\/kaos\/wp-json\/wp\/v2\/pages"}],"about":[{"href":"https:\/\/layer.si\/kaos\/wp-json\/wp\/v2\/types\/page"}],"author":[{"embeddable":true,"href":"https:\/\/layer.si\/kaos\/wp-json\/wp\/v2\/users\/1"}],"replies":[{"embeddable":true,"href":"https:\/\/layer.si\/kaos\/wp-json\/wp\/v2\/comments?post=4681"}],"version-history":[{"count":40,"href":"https:\/\/layer.si\/kaos\/wp-json\/wp\/v2\/pages\/4681\/revisions"}],"predecessor-version":[{"id":5436,"href":"https:\/\/layer.si\/kaos\/wp-json\/wp\/v2\/pages\/4681\/revisions\/5436"}],"up":[{"embeddable":true,"href":"https:\/\/layer.si\/kaos\/wp-json\/wp\/v2\/pages\/1050"}],"wp:featuredmedia":[{"embeddable":true,"href":"https:\/\/layer.si\/kaos\/wp-json\/wp\/v2\/media\/4780"}],"wp:attachment":[{"href":"https:\/\/layer.si\/kaos\/wp-json\/wp\/v2\/media?parent=4681"}],"curies":[{"name":"wp","href":"https:\/\/api.w.org\/{rel}","templated":true}]}}