{"id":4684,"date":"2022-04-30T22:35:05","date_gmt":"2022-04-30T22:35:05","guid":{"rendered":"https:\/\/layer.si\/kaos\/?page_id=4684"},"modified":"2022-08-08T08:41:42","modified_gmt":"2022-08-08T08:41:42","slug":"all-events-2022","status":"publish","type":"page","link":"https:\/\/layer.si\/kaos\/en\/programme\/all-events\/all-events-2022\/","title":{"rendered":"ALL EVENTS 2022"},"content":{"rendered":"\t\t<div data-elementor-type=\"wp-post\" data-elementor-id=\"4684\" class=\"elementor elementor-4684\" data-elementor-settings=\"[]\">\n\t\t\t<div class=\"elementor-inner\">\n\t\t\t\t<div class=\"elementor-section-wrap\">\n\t\t\t\t\t\t\t<section class=\"elementor-element elementor-element-82e7ad5 elementor-section-boxed elementor-section-height-default elementor-section-height-default elementor-section elementor-top-section\" data-id=\"82e7ad5\" data-element_type=\"section\">\n\t\t\t\t\t\t<div class=\"elementor-container elementor-column-gap-default\">\n\t\t\t\t<div class=\"elementor-row\">\n\t\t\t\t<div class=\"elementor-element elementor-element-593f6c9 elementor-column elementor-col-100 elementor-top-column\" data-id=\"593f6c9\" data-element_type=\"column\">\n\t\t\t<div class=\"elementor-column-wrap  elementor-element-populated\">\n\t\t\t\t\t<div class=\"elementor-widget-wrap\">\n\t\t\t\t<div class=\"elementor-element elementor-element-7c11e85 elementor-nav-menu__align-center elementor-nav-menu__text-align-center elementor-nav-menu--indicator-classic elementor-nav-menu--dropdown-tablet elementor-widget elementor-widget-nav-menu\" data-id=\"7c11e85\" data-element_type=\"widget\" data-settings=\"{&quot;layout&quot;:&quot;horizontal&quot;}\" data-widget_type=\"nav-menu.default\">\n\t\t\t\t<div class=\"elementor-widget-container\">\n\t\t\t\t\t\t<nav role=\"navigation\" class=\"elementor-nav-menu--main elementor-nav-menu__container elementor-nav-menu--layout-horizontal e--pointer-underline e--animation-fade\"><ul id=\"menu-1-7c11e85\" class=\"elementor-nav-menu\"><li class=\"menu-item menu-item-type-post_type menu-item-object-page menu-item-5575\"><a href=\"https:\/\/layer.si\/kaos\/en\/programme\/all-events\/all-events-2024\/\" class=\"elementor-item\">2024<\/a><\/li>\n<li class=\"menu-item menu-item-type-post_type menu-item-object-page menu-item-4688\"><a href=\"https:\/\/layer.si\/kaos\/en\/programme\/all-events\/all-events-2022\/\" class=\"elementor-item\">2022<\/a><\/li>\n<li class=\"menu-item menu-item-type-post_type menu-item-object-page menu-item-4435\"><a href=\"https:\/\/layer.si\/kaos\/en\/programme\/all-events\/all-events-2021\/\" class=\"elementor-item\">2021<\/a><\/li>\n<li class=\"menu-item menu-item-type-post_type menu-item-object-page menu-item-3627\"><a href=\"https:\/\/layer.si\/kaos\/en\/programme\/all-events\/all-events-2020\/\" class=\"elementor-item\">2020<\/a><\/li>\n<li class=\"menu-item menu-item-type-post_type menu-item-object-page menu-item-1076\"><a href=\"https:\/\/layer.si\/kaos\/en\/programme\/all-events\/all-events-2019\/\" class=\"elementor-item\">2019<\/a><\/li>\n<li class=\"menu-item menu-item-type-post_type menu-item-object-page menu-item-1075\"><a href=\"https:\/\/layer.si\/kaos\/en\/programme\/all-events\/all-events-2018\/\" class=\"elementor-item\">2018<\/a><\/li>\n<\/ul><\/nav>\n\t\t\t\t\t<div class=\"elementor-menu-toggle\" role=\"button\" tabindex=\"0\" aria-label=\"Menu Toggle\" aria-expanded=\"false\">\n\t\t\t<i class=\"eicon-menu-bar\" aria-hidden=\"true\"><\/i>\n\t\t\t<span class=\"elementor-screen-only\">Menu<\/span>\n\t\t<\/div>\n\t\t\t<nav class=\"elementor-nav-menu--dropdown elementor-nav-menu__container\" role=\"navigation\" aria-hidden=\"true\"><ul id=\"menu-2-7c11e85\" class=\"elementor-nav-menu\"><li class=\"menu-item menu-item-type-post_type menu-item-object-page menu-item-5575\"><a href=\"https:\/\/layer.si\/kaos\/en\/programme\/all-events\/all-events-2024\/\" class=\"elementor-item\">2024<\/a><\/li>\n<li class=\"menu-item menu-item-type-post_type menu-item-object-page menu-item-4688\"><a href=\"https:\/\/layer.si\/kaos\/en\/programme\/all-events\/all-events-2022\/\" class=\"elementor-item\">2022<\/a><\/li>\n<li class=\"menu-item menu-item-type-post_type menu-item-object-page menu-item-4435\"><a href=\"https:\/\/layer.si\/kaos\/en\/programme\/all-events\/all-events-2021\/\" class=\"elementor-item\">2021<\/a><\/li>\n<li class=\"menu-item menu-item-type-post_type menu-item-object-page menu-item-3627\"><a href=\"https:\/\/layer.si\/kaos\/en\/programme\/all-events\/all-events-2020\/\" class=\"elementor-item\">2020<\/a><\/li>\n<li class=\"menu-item menu-item-type-post_type menu-item-object-page menu-item-1076\"><a href=\"https:\/\/layer.si\/kaos\/en\/programme\/all-events\/all-events-2019\/\" class=\"elementor-item\">2019<\/a><\/li>\n<li class=\"menu-item menu-item-type-post_type menu-item-object-page menu-item-1075\"><a href=\"https:\/\/layer.si\/kaos\/en\/programme\/all-events\/all-events-2018\/\" class=\"elementor-item\">2018<\/a><\/li>\n<\/ul><\/nav>\n\t\t\t\t<\/div>\n\t\t\t\t<\/div>\n\t\t\t\t\t\t<\/div>\n\t\t\t<\/div>\n\t\t<\/div>\n\t\t\t\t\t\t<\/div>\n\t\t\t<\/div>\n\t\t<\/section>\n\t\t\t\t<section class=\"elementor-element elementor-element-4ae0737 elementor-section-boxed elementor-section-height-default elementor-section-height-default elementor-section elementor-top-section\" data-id=\"4ae0737\" data-element_type=\"section\">\n\t\t\t\t\t\t<div class=\"elementor-container elementor-column-gap-default\">\n\t\t\t\t<div class=\"elementor-row\">\n\t\t\t\t<div class=\"elementor-element elementor-element-3cc21dd elementor-column elementor-col-100 elementor-top-column\" data-id=\"3cc21dd\" data-element_type=\"column\">\n\t\t\t<div class=\"elementor-column-wrap  elementor-element-populated\">\n\t\t\t\t\t<div class=\"elementor-widget-wrap\">\n\t\t\t\t<div class=\"elementor-element elementor-element-904f8bf elementor-widget elementor-widget-text-editor\" data-id=\"904f8bf\" data-element_type=\"widget\" data-widget_type=\"text-editor.default\">\n\t\t\t\t<div class=\"elementor-widget-container\">\n\t\t\t\t\t<div class=\"elementor-text-editor elementor-clearfix\"><h1><strong>KAOS\u00a0 2022<\/strong><\/h1><h1><strong>4th International Festival of Contemporary Collage<\/strong><\/h1><h2><strong>10. 6.-13. 8. 2022<\/strong><\/h2><figure class=\"wp-block-image\"><img src=\"https:\/\/layer.si\/kaos\/wp-content\/uploads\/4.png\" alt=\"\" \/><\/figure><p><strong>Welcome to our city, the city of collage!<\/strong><\/p><p>The main exhibitions will be accompanied by evening concerts, light screenings, workshops, talks with artists, sound walks and guided tours.<\/p><p><strong>Opening hours of the galleries<\/strong><\/p><p>\u2192 Tuesday \u2013 Saturday 11.00\u201319.00 <br \/>\u2192 Sunday, Monday and public holidays closed<\/p><h3>\u00a0<\/h3><h2><strong><em>OPENING OF THE FESTIVAL<\/em><\/strong><\/h2><p><strong>Friday, June 10 2022 \/\/ Layer House<\/strong><\/p><p>19.00: Guided tour\u00a0<br \/>20.00: Opening of the KAOS festival<br \/>21.00: freekind., concert\u00a0<br \/>21.00: Toma\u017e \u010crnej: Contributions to Slavic Mythology &#8211; light collage \/ Cherry Garden<\/p><p>_\u00a0 _ _ _ _ _ _ _ _ _ _ _\u00a0<\/p><h2><strong><em>OPEN CALLS in JUNE<\/em><\/strong><\/h2><p><strong>Hysteria Project: Open Call for Storytellers<\/strong><br \/>Here you can find <a href=\"https:\/\/layer.si\/kaos\/en\/hysteria-project-open-call-for-storytellers\/\">more information<\/a><\/p><p><strong>Elke Desutter: Open call for anonymous models of the body<\/strong><br \/>Here you can find <a href=\"https:\/\/layer.si\/kaos\/en\/elke-desutter-open-call\/\">more information<\/a><\/p><h2><strong><em>WORKSHOPS in JUNE<\/em><\/strong><\/h2><p><strong>konS \u2261 Sound collage workshop<\/strong><br \/>Saturday, June 11 at 11:00<br \/>Start: Layer House<br \/>Here you can find <a href=\"https:\/\/layer.si\/kaos\/en\/kons-%e2%89%a1-sound-collage-workshop\/\">more information<\/a><\/p><p><strong>WILD COLLAGE<\/strong> <br \/>Collage and sound workshop for children and adults<br \/>Saturday, June 25 at 10:00<br \/>Layer House<br \/>Here you can find <a href=\"https:\/\/layer.si\/kaos\/en\/wild-collage\/\">more information<\/a><\/p><p>_ _ _ _ _ _ _ _ _ _ _ _ _ _ _ _ _\u00a0<\/p><h2><em><strong>DAILY PROGRAM\u00a0<\/strong><\/em><\/h2><p><b><i>Friday, June 10<\/i><\/b><\/p><p><span style=\"font-weight: 400;\">19.00: <\/span><i><span style=\"font-weight: 400;\">Guided tour<\/span><\/i><span style=\"font-weight: 400;\"> \/ start at L<\/span><i><span style=\"font-weight: 400;\">ayer House<\/span><\/i><\/p><p><span style=\"font-weight: 400;\">20.00: <\/span><i><span style=\"font-weight: 400;\">Opening of the KAOS festival <\/span><\/i><span style=\"font-weight: 400;\">\/ <\/span><i><span style=\"font-weight: 400;\">Layer House<\/span><\/i><\/p><p><span style=\"font-weight: 400;\">21.00: <a href=\"http:\/\/www.layer.si\/si\/projekti-in-dejavnosti\/dogodki\/dogodek\/1975\/freekind\">freekind., <\/a><\/span><i><span style=\"font-weight: 400;\">concert <\/span><\/i><span style=\"font-weight: 400;\">\/ <\/span><i><span style=\"font-weight: 400;\">Layer House terrace<\/span><\/i><\/p><p><span style=\"font-weight: 400;\">21.00: Toma\u017e \u010crnej: <\/span><i><span style=\"font-weight: 400;\">Contributions to Slavic Mythology &#8211; light collage<\/span><\/i><span style=\"font-weight: 400;\"> \/ <\/span><i><span style=\"font-weight: 400;\">Layer House and Cherry Garden<\/span><\/i><\/p><p><b>Saturday, June 11<\/b><\/p><p><span style=\"font-weight: 400;\">10.00: <\/span><i><span style=\"font-weight: 400;\">Breakfast with artists-in-residence<\/span><\/i><span style=\"font-weight: 400;\"> \/ Elke Desutter, Bram Antheunis, Jaka Berger, Nata\u0161a Berk, Mojca Senega\u010dnik, William Blomstedt, Miroslav \u0106ukovi\u0107 \/ <\/span><i><span style=\"font-weight: 400;\">Layer House<\/span><\/i><\/p><p><span style=\"font-weight: 400;\">11.00: <\/span><a href=\"https:\/\/layer.si\/kaos\/en\/kons-%e2%89%a1-sound-collage-workshop\/\"><i><span style=\"font-weight: 400;\">Sound collage workshop with Jaka Berger<\/span><\/i><\/a><span style=\"font-weight: 400;\"> \/ <\/span><i><span style=\"font-weight: 400;\">Layer House<\/span><\/i><\/p><p><span style=\"font-weight: 400;\">19.00: Bram Antheunis, World Collage Atlas &amp; COUPEE Collage collective <\/span><i><span style=\"font-weight: 400;\">artist talk<\/span><\/i><span style=\"font-weight: 400;\"> \/ <\/span><i><span style=\"font-weight: 400;\">Layer House<\/span><\/i><\/p><p><span style=\"font-weight: 400;\">21.00: <a href=\"http:\/\/www.layer.si\/si\/projekti-in-dejavnosti\/dogodki\/dogodek\/1976\/katja-sulc:-caricias-bozanja\">Katja \u0160ulc: Caricias \/ Bo\u017eanja, <\/a><\/span><i><span style=\"font-weight: 400;\">concert <\/span><\/i><span style=\"font-weight: 400;\">\/ <\/span><i><span style=\"font-weight: 400;\">Layer House<\/span><\/i><\/p><p><b>Sunday, June 12<\/b><\/p><p><span style=\"font-weight: 400;\">17.00: Elke Desutter, Rachael Jablo: <\/span><i><span style=\"font-weight: 400;\">Presentation of the project of artists-in-residence <\/span><\/i><span style=\"font-weight: 400;\">\/ L<\/span><i><span style=\"font-weight: 400;\">ayer House<\/span><\/i><\/p><p><span style=\"font-weight: 400;\">18.00: <\/span><a href=\"https:\/\/layer.si\/kaos\/en\/hysteria-project-open-call-for-storytellers\/\"><i><span style=\"font-weight: 400;\">Hysteria Project: Storytellers 1:1<\/span><\/i><\/a><span style=\"font-weight: 400;\"> \/ <\/span><i><span style=\"font-weight: 400;\">Layer House<\/span><\/i><\/p><p><span style=\"font-weight: 400;\">18.00: <a href=\"https:\/\/layer.si\/kaos\/en\/elke-desutter-open-call\/\">Anonymous Models of The Body, <\/a><\/span><i><span style=\"font-weight: 400;\">photographing body parts 1: 1<\/span><\/i><span style=\"font-weight: 400;\"> \/ <\/span><i><span style=\"font-weight: 400;\">Layer House<\/span><\/i><\/p><p><span style=\"font-weight: 400;\">19.00: <\/span><i><span style=\"font-weight: 400;\">Guided tour with the curator of KAOS 2022<\/span><\/i><span style=\"font-weight: 400;\"> \/ start <\/span><i><span style=\"font-weight: 400;\">Layer House<\/span><\/i><\/p><p><b>Friday, June 17<\/b><\/p><p><span style=\"font-weight: 400;\">19.00: <\/span><a href=\"https:\/\/layer.si\/kaos\/en\/razstave\/silence-in-chaos\/\"><i><span style=\"font-weight: 400;\">Silence in Chaos<\/span><\/i><span style=\"font-weight: 400;\">, e<\/span><\/a><i><span style=\"font-weight: 400;\">xhibition opening <\/span><\/i><span style=\"font-weight: 400;\">\/ <\/span><i><span style=\"font-weight: 400;\">Na mestu gallery<\/span><\/i><\/p><p><b>Saturday, June 18<\/b><\/p><p><span style=\"font-weight: 400;\">11.00: <a href=\"http:\/\/www.layer.si\/si\/projekti-in-dejavnosti\/dogodki\/dogodek\/1996\/tisina-v-casu-hrupa,-delavnica-kolaza-za-otroke\">S<\/a><\/span><i><span style=\"font-weight: 400;\">ilence during the noise time, collage workshop <\/span><\/i><span style=\"font-weight: 400;\">\/ <\/span><i><span style=\"font-weight: 400;\">Pungert Tower\u00a0<\/span><\/i><\/p><p><span style=\"font-weight: 400;\">19.00: <\/span><i><span style=\"font-weight: 400;\">Moderated art talk with the guest artists at the KAOS festival <\/span><\/i><span style=\"font-weight: 400;\">\/ <\/span><i><span style=\"font-weight: 400;\">Layer House<\/span><\/i><\/p><p><b>Friday, June 24<\/b><\/p><p><span style=\"font-weight: 400;\">19.00: <a href=\"http:\/\/www.layer.si\/si\/projekti-in-dejavnosti\/dogodki\/dogodek\/2014\/pogovor-z-umetnico-simono-reisch-_-kaos-2022\">Simona Reisch: <\/a><\/span><i><span style=\"font-weight: 400;\">What is a collage? &#8211; artist talk<\/span><\/i><span style=\"font-weight: 400;\"> \/ <\/span><i><span style=\"font-weight: 400;\">Layer House Gallery<\/span><\/i><\/p><p><span style=\"font-weight: 400;\">21.30: <a href=\"http:\/\/www.layer.si\/si\/projekti-in-dejavnosti\/dogodki\/dogodek\/1977\/fossick-project_-kaos-2022\">Fossick Project: Gilgamesh, <\/a><\/span><i><span style=\"font-weight: 400;\">audio visual project<\/span><\/i><span style=\"font-weight: 400;\"> \/ <\/span><i><span style=\"font-weight: 400;\">Layer House<\/span><\/i><\/p><p><b>Saturday, June 25<\/b><\/p><p><span style=\"font-weight: 400;\">10.00: <\/span><a href=\"https:\/\/layer.si\/kaos\/en\/wild-collage\/\"><i><span style=\"font-weight: 400;\">Wild collage, sound and collage workshop for children and adults<\/span><\/i><\/a><span style=\"font-weight: 400;\"> \/ <\/span><i><span style=\"font-weight: 400;\">Layer House<\/span><\/i><\/p><p><b>Friday, July 8<\/b><\/p><p><span style=\"font-weight: 400;\">21.00: <a href=\"https:\/\/layer.si\/kaos\/en\/av-live-performance\/\">Rouge-ah x Alja Ko\u0161ar, <\/a><\/span><i><span style=\"font-weight: 400;\">audio-visual performance<\/span><\/i><span style=\"font-weight: 400;\"> [KAOS X DVOCIKEL] \/ <\/span><i><span style=\"font-weight: 400;\">Layer House<\/span><\/i><\/p><p><b>Monday, July 18<\/b><\/p><p><span style=\"font-weight: 400;\">19.00: <a href=\"https:\/\/layer.si\/kaos\/en\/artist-talk-with-michele-landel\/\">Artist talk with artist Michele Landel &#8211; Still invisible<\/a><\/span><span style=\"font-weight: 400;\">\u00a0\/ <\/span><i><span style=\"font-weight: 400;\">Layer House<\/span><\/i><\/p><p><b>Thursday, August 4<\/b><\/p><p><span style=\"font-weight: 400;\">21.00: <a href=\"https:\/\/layer.si\/kaos\/en\/movie-night-last-and-first-men\/\">Movie night LAST AND FIRST MEN<\/a> [J\u00f3hann J\u00f3hannsson I Island I 2020 I 71 min I Fantasy Mystery Sci-Fi] \/ Layer House, \u0160krlovec Tower<\/span><\/p><p><b>Sunday August 7<\/b><\/p><p><span style=\"font-weight: 400;\">18.00: <\/span><a href=\"https:\/\/layer.si\/kaos\/en\/guided-tour\/\"><i><span style=\"font-weight: 400;\">Guided tour with the curator of KAOS 2022<\/span><\/i><\/a><span style=\"font-weight: 400;\"> \/ start <\/span><i><span style=\"font-weight: 400;\">Layer House<\/span><\/i><\/p><p><b>Saturday, August 13<\/b><\/p><p><span style=\"font-weight: 400;\">11.00: <\/span><i><span style=\"font-weight: 400;\"><a href=\"https:\/\/layer.si\/kaos\/en\/closing-breakfast-with-artists\/\">Breakfast with artists of KAOS 2022<\/a> <\/span><\/i><span style=\"font-weight: 400;\">\/ <\/span><i><span style=\"font-weight: 400;\">Layer House<\/span><\/i><\/p><p><span style=\"font-weight: 400;\">11.00: <a href=\"https:\/\/layer.si\/kaos\/en\/sreet-art-workshop\/\">Street art <\/a><\/span><i><span style=\"font-weight: 400;\">workshop \/<\/span><\/i><span style=\"font-weight: 400;\">\u00a0<\/span><i><span style=\"font-weight: 400;\">Layer House<\/span><\/i><\/p><p><span style=\"font-weight: 400;\">17:00: <a href=\"https:\/\/layer.si\/kaos\/en\/5433-2\/\">Space as a canvas, <\/a><em>collage associations workshop \/ Layer House<\/em><\/span><i><span style=\"font-weight: 400;\"><br \/><\/span><\/i><\/p><p><span style=\"font-weight: 400;\">21.00: <a href=\"http:\/\/www.layer.si\/si\/projekti-in-dejavnosti\/dogodki\/dogodek\/1978\/belau_-kaos-2022\">Belau, <\/a><\/span><i><span style=\"font-weight: 400;\">concert <\/span><\/i><span style=\"font-weight: 400;\">\/\u00a0 <\/span><i><span style=\"font-weight: 400;\">Layer House<\/span><\/i><\/p><\/div>\n\t\t\t\t<\/div>\n\t\t\t\t<\/div>\n\t\t\t\t\t\t<\/div>\n\t\t\t<\/div>\n\t\t<\/div>\n\t\t\t\t\t\t<\/div>\n\t\t\t<\/div>\n\t\t<\/section>\n\t\t\t\t<section class=\"elementor-element elementor-element-4a58a21 elementor-section-boxed elementor-section-height-default elementor-section-height-default elementor-section elementor-top-section\" data-id=\"4a58a21\" data-element_type=\"section\">\n\t\t\t\t\t\t<div class=\"elementor-container elementor-column-gap-default\">\n\t\t\t\t<div class=\"elementor-row\">\n\t\t\t\t<div class=\"elementor-element elementor-element-af8890d elementor-column elementor-col-50 elementor-top-column\" data-id=\"af8890d\" data-element_type=\"column\">\n\t\t\t<div class=\"elementor-column-wrap  elementor-element-populated\">\n\t\t\t\t\t<div class=\"elementor-widget-wrap\">\n\t\t\t\t<div class=\"elementor-element elementor-element-b7e379e elementor-widget elementor-widget-image\" data-id=\"b7e379e\" data-element_type=\"widget\" data-widget_type=\"image.default\">\n\t\t\t\t<div class=\"elementor-widget-container\">\n\t\t\t\t\t<div class=\"elementor-image\">\n\t\t\t\t\t\t\t\t\t\t<img width=\"200\" height=\"45\" src=\"https:\/\/layer.si\/kaos\/wp-content\/uploads\/4.png\" class=\"attachment-large size-large\" alt=\"\" loading=\"lazy\" \/>\t\t\t\t\t\t\t\t\t\t\t<\/div>\n\t\t\t\t<\/div>\n\t\t\t\t<\/div>\n\t\t\t\t\t\t<\/div>\n\t\t\t<\/div>\n\t\t<\/div>\n\t\t\t\t<div class=\"elementor-element elementor-element-7e29b8c elementor-column elementor-col-50 elementor-top-column\" data-id=\"7e29b8c\" data-element_type=\"column\">\n\t\t\t<div class=\"elementor-column-wrap  elementor-element-populated\">\n\t\t\t\t\t<div class=\"elementor-widget-wrap\">\n\t\t\t\t<div class=\"elementor-element elementor-element-5e7b81d elementor-widget elementor-widget-text-editor\" data-id=\"5e7b81d\" data-element_type=\"widget\" data-widget_type=\"text-editor.default\">\n\t\t\t\t<div class=\"elementor-widget-container\">\n\t\t\t\t\t<div class=\"elementor-text-editor elementor-clearfix\"><h5>For more information, you can reach us at <a href=\"mailto:kaos@layer.si\">kaos@layer.si<\/a><\/h5><\/div>\n\t\t\t\t<\/div>\n\t\t\t\t<\/div>\n\t\t\t\t\t\t<\/div>\n\t\t\t<\/div>\n\t\t<\/div>\n\t\t\t\t\t\t<\/div>\n\t\t\t<\/div>\n\t\t<\/section>\n\t\t\t\t\t\t<\/div>\n\t\t\t<\/div>\n\t\t<\/div>\n\t\t","protected":false},"excerpt":{"rendered":"<p>KAOS\u00a0 2022 4th International Festival of Contemporary Collage 10. 6.-13. 8. 2022 Welcome to our city, the city of collage! The main exhibitions will be accompanied by evening concerts, light screenings, workshops, talks with artists, sound walks and guided tours. Opening hours of the galleries \u2192 Tuesday \u2013 Saturday 11.00\u201319.00 \u2192 Sunday, Monday and public [&hellip;]<\/p>\n","protected":false},"author":1,"featured_media":4780,"parent":1064,"menu_order":1,"comment_status":"closed","ping_status":"closed","template":"","meta":[],"_links":{"self":[{"href":"https:\/\/layer.si\/kaos\/wp-json\/wp\/v2\/pages\/4684"}],"collection":[{"href":"https:\/\/layer.si\/kaos\/wp-json\/wp\/v2\/pages"}],"about":[{"href":"https:\/\/layer.si\/kaos\/wp-json\/wp\/v2\/types\/page"}],"author":[{"embeddable":true,"href":"https:\/\/layer.si\/kaos\/wp-json\/wp\/v2\/users\/1"}],"replies":[{"embeddable":true,"href":"https:\/\/layer.si\/kaos\/wp-json\/wp\/v2\/comments?post=4684"}],"version-history":[{"count":31,"href":"https:\/\/layer.si\/kaos\/wp-json\/wp\/v2\/pages\/4684\/revisions"}],"predecessor-version":[{"id":5438,"href":"https:\/\/layer.si\/kaos\/wp-json\/wp\/v2\/pages\/4684\/revisions\/5438"}],"up":[{"embeddable":true,"href":"https:\/\/layer.si\/kaos\/wp-json\/wp\/v2\/pages\/1064"}],"wp:featuredmedia":[{"embeddable":true,"href":"https:\/\/layer.si\/kaos\/wp-json\/wp\/v2\/media\/4780"}],"wp:attachment":[{"href":"https:\/\/layer.si\/kaos\/wp-json\/wp\/v2\/media?parent=4684"}],"curies":[{"name":"wp","href":"https:\/\/api.w.org\/{rel}","templated":true}]}}