{"id":5526,"date":"2024-03-02T23:26:22","date_gmt":"2024-03-02T23:26:22","guid":{"rendered":"https:\/\/layer.si\/kaos\/?page_id=5526"},"modified":"2024-03-02T23:20:20","modified_gmt":"2024-03-02T23:20:20","slug":"umetniki-na-rezidenci-2024","status":"publish","type":"page","link":"https:\/\/layer.si\/kaos\/si\/umetniki\/umetniki-na-rezidenci\/umetniki-na-rezidenci-2024\/","title":{"rendered":"Umetniki na rezidenci 2024"},"content":{"rendered":"\t\t<div data-elementor-type=\"wp-post\" data-elementor-id=\"5526\" class=\"elementor elementor-5526\" data-elementor-settings=\"[]\">\n\t\t\t<div class=\"elementor-inner\">\n\t\t\t\t<div class=\"elementor-section-wrap\">\n\t\t\t\t\t\t\t<section class=\"elementor-element elementor-element-48f6cc5 elementor-section-boxed elementor-section-height-default elementor-section-height-default elementor-section elementor-top-section\" data-id=\"48f6cc5\" data-element_type=\"section\">\n\t\t\t\t\t\t<div class=\"elementor-container elementor-column-gap-default\">\n\t\t\t\t<div class=\"elementor-row\">\n\t\t\t\t<div class=\"elementor-element elementor-element-513500a elementor-column elementor-col-100 elementor-top-column\" data-id=\"513500a\" data-element_type=\"column\">\n\t\t\t<div class=\"elementor-column-wrap  elementor-element-populated\">\n\t\t\t\t\t<div class=\"elementor-widget-wrap\">\n\t\t\t\t<div class=\"elementor-element elementor-element-be94158 elementor-nav-menu__align-center elementor-nav-menu__text-align-center elementor-nav-menu--indicator-classic elementor-nav-menu--dropdown-tablet elementor-widget elementor-widget-nav-menu\" data-id=\"be94158\" data-element_type=\"widget\" data-settings=\"{&quot;layout&quot;:&quot;horizontal&quot;}\" data-widget_type=\"nav-menu.default\">\n\t\t\t\t<div class=\"elementor-widget-container\">\n\t\t\t\t\t\t<nav role=\"navigation\" class=\"elementor-nav-menu--main elementor-nav-menu__container elementor-nav-menu--layout-horizontal e--pointer-underline e--animation-fade\"><ul id=\"menu-1-be94158\" class=\"elementor-nav-menu\"><li class=\"menu-item menu-item-type-post_type menu-item-object-page menu-item-5574\"><a href=\"https:\/\/layer.si\/kaos\/si\/umetniki\/umetniki-na-rezidenci\/umetniki-na-rezidenci-2024\/\" class=\"elementor-item\">2024<\/a><\/li>\n<li class=\"menu-item menu-item-type-post_type menu-item-object-page menu-item-4634\"><a href=\"https:\/\/layer.si\/kaos\/si\/umetniki\/umetniki-na-rezidenci\/umetniki-na-rezidenci-2022\/\" class=\"elementor-item\">2022<\/a><\/li>\n<li class=\"menu-item menu-item-type-post_type menu-item-object-page menu-item-3832\"><a href=\"https:\/\/layer.si\/kaos\/si\/umetniki\/umetniki-na-rezidenci\/umetniki-na-rezidenci-2020\/\" class=\"elementor-item\">2020<\/a><\/li>\n<li class=\"menu-item menu-item-type-post_type menu-item-object-page menu-item-992\"><a href=\"https:\/\/layer.si\/kaos\/si\/umetniki\/umetniki-na-rezidenci\/umetniki-na-rezidenci-2019\/\" class=\"elementor-item\">2019<\/a><\/li>\n<li class=\"menu-item menu-item-type-post_type menu-item-object-page menu-item-993\"><a href=\"https:\/\/layer.si\/kaos\/si\/umetniki\/umetniki-na-rezidenci\/umetniki-na-rezidenci-2018\/\" class=\"elementor-item\">2018<\/a><\/li>\n<\/ul><\/nav>\n\t\t\t\t\t<div class=\"elementor-menu-toggle\" role=\"button\" tabindex=\"0\" aria-label=\"Menu Toggle\" aria-expanded=\"false\">\n\t\t\t<i class=\"eicon-menu-bar\" aria-hidden=\"true\"><\/i>\n\t\t\t<span class=\"elementor-screen-only\">Menu<\/span>\n\t\t<\/div>\n\t\t\t<nav class=\"elementor-nav-menu--dropdown elementor-nav-menu__container\" role=\"navigation\" aria-hidden=\"true\"><ul id=\"menu-2-be94158\" class=\"elementor-nav-menu\"><li class=\"menu-item menu-item-type-post_type menu-item-object-page menu-item-5574\"><a href=\"https:\/\/layer.si\/kaos\/si\/umetniki\/umetniki-na-rezidenci\/umetniki-na-rezidenci-2024\/\" class=\"elementor-item\">2024<\/a><\/li>\n<li class=\"menu-item menu-item-type-post_type menu-item-object-page menu-item-4634\"><a href=\"https:\/\/layer.si\/kaos\/si\/umetniki\/umetniki-na-rezidenci\/umetniki-na-rezidenci-2022\/\" class=\"elementor-item\">2022<\/a><\/li>\n<li class=\"menu-item menu-item-type-post_type menu-item-object-page menu-item-3832\"><a href=\"https:\/\/layer.si\/kaos\/si\/umetniki\/umetniki-na-rezidenci\/umetniki-na-rezidenci-2020\/\" class=\"elementor-item\">2020<\/a><\/li>\n<li class=\"menu-item menu-item-type-post_type menu-item-object-page menu-item-992\"><a href=\"https:\/\/layer.si\/kaos\/si\/umetniki\/umetniki-na-rezidenci\/umetniki-na-rezidenci-2019\/\" class=\"elementor-item\">2019<\/a><\/li>\n<li class=\"menu-item menu-item-type-post_type menu-item-object-page menu-item-993\"><a href=\"https:\/\/layer.si\/kaos\/si\/umetniki\/umetniki-na-rezidenci\/umetniki-na-rezidenci-2018\/\" class=\"elementor-item\">2018<\/a><\/li>\n<\/ul><\/nav>\n\t\t\t\t<\/div>\n\t\t\t\t<\/div>\n\t\t\t\t\t\t<\/div>\n\t\t\t<\/div>\n\t\t<\/div>\n\t\t\t\t\t\t<\/div>\n\t\t\t<\/div>\n\t\t<\/section>\n\t\t\t\t<section class=\"elementor-element elementor-element-3386c58 elementor-section-stretched elementor-section-full_width elementor-section-height-default elementor-section-height-default elementor-section elementor-top-section\" data-id=\"3386c58\" data-element_type=\"section\" data-settings=\"{&quot;stretch_section&quot;:&quot;section-stretched&quot;}\">\n\t\t\t\t\t\t<div class=\"elementor-container elementor-column-gap-default\">\n\t\t\t\t<div class=\"elementor-row\">\n\t\t\t\t<div class=\"elementor-element elementor-element-27c2980 elementor-column elementor-col-100 elementor-top-column\" data-id=\"27c2980\" data-element_type=\"column\">\n\t\t\t<div class=\"elementor-column-wrap  elementor-element-populated\">\n\t\t\t\t\t<div class=\"elementor-widget-wrap\">\n\t\t\t\t<div class=\"elementor-element elementor-element-2f2a50f elementor-grid-4 elementor-posts--align-left elementor-grid-tablet-2 elementor-grid-mobile-1 elementor-posts--thumbnail-top elementor-widget elementor-widget-posts\" data-id=\"2f2a50f\" data-element_type=\"widget\" data-settings=\"{&quot;classic_columns&quot;:&quot;4&quot;,&quot;classic_row_gap&quot;:{&quot;unit&quot;:&quot;px&quot;,&quot;size&quot;:20,&quot;sizes&quot;:[]},&quot;classic_columns_tablet&quot;:&quot;2&quot;,&quot;classic_columns_mobile&quot;:&quot;1&quot;}\" data-widget_type=\"posts.classic\">\n\t\t\t\t<div class=\"elementor-widget-container\">\n\t\t\t\t\t<div class=\"elementor-posts-container elementor-posts elementor-posts--skin-classic elementor-grid\">\n\t\t\t\t<article class=\"elementor-post elementor-grid-item post-5974 umetniki type-umetniki status-publish has-post-thumbnail hentry leto-528 jezik-slo umetnik-kategorija-povabljeni-umetniki umetnik-kategorija-umetniki-na-rezidenci\">\n\t\t\t\t<a class=\"elementor-post__thumbnail__link\" href=\"https:\/\/layer.si\/kaos\/umetniki\/saskia-reis\/\" >\n\t\t\t<div class=\"elementor-post__thumbnail\"><img width=\"800\" height=\"534\" src=\"https:\/\/layer.si\/kaos\/wp-content\/uploads\/DSCF9381-1024x683.jpg\" class=\"attachment-large size-large\" alt=\"\" loading=\"lazy\" srcset=\"https:\/\/layer.si\/kaos\/wp-content\/uploads\/DSCF9381-1024x683.jpg 1024w, https:\/\/layer.si\/kaos\/wp-content\/uploads\/DSCF9381-300x200.jpg 300w, https:\/\/layer.si\/kaos\/wp-content\/uploads\/DSCF9381-768x512.jpg 768w, https:\/\/layer.si\/kaos\/wp-content\/uploads\/DSCF9381-1536x1024.jpg 1536w, https:\/\/layer.si\/kaos\/wp-content\/uploads\/DSCF9381-2048x1365.jpg 2048w, https:\/\/layer.si\/kaos\/wp-content\/uploads\/DSCF9381.jpg 2000w\" sizes=\"(max-width: 800px) 100vw, 800px\" \/><\/div>\n\t\t<\/a>\n\t\t\t\t<div class=\"elementor-post__text\">\n\t\t\t\t<h1 class=\"elementor-post__title\">\n\t\t\t<a href=\"https:\/\/layer.si\/kaos\/umetniki\/saskia-reis\/\" >\n\t\t\t\tSaskia Reis\t\t\t<\/a>\n\t\t<\/h1>\n\t\t\t\t<div class=\"elementor-post__excerpt\">\n\t\t\t<p>Po podatkih berlinskega senata za mladinsko upravo je leta 2023 v Berlin prispelo ve\u010d kot 2200 mladih tujcev, starih med 15 in 17 let, brez<\/p>\n\t\t<\/div>\n\t\t\t\t<\/div>\n\t\t\t\t<\/article>\n\t\t\t\t<article class=\"elementor-post elementor-grid-item post-6002 umetniki type-umetniki status-publish has-post-thumbnail hentry leto-528 jezik-slo umetnik-kategorija-povabljeni-umetniki umetnik-kategorija-umetniki-na-rezidenci\">\n\t\t\t\t<a class=\"elementor-post__thumbnail__link\" href=\"https:\/\/layer.si\/kaos\/umetniki\/oliver-pilic\/\" >\n\t\t\t<div class=\"elementor-post__thumbnail\"><img width=\"800\" height=\"534\" src=\"https:\/\/layer.si\/kaos\/wp-content\/uploads\/DSCF9772-1024x683.jpg\" class=\"attachment-large size-large\" alt=\"\" loading=\"lazy\" srcset=\"https:\/\/layer.si\/kaos\/wp-content\/uploads\/DSCF9772-1024x683.jpg 1024w, https:\/\/layer.si\/kaos\/wp-content\/uploads\/DSCF9772-300x200.jpg 300w, https:\/\/layer.si\/kaos\/wp-content\/uploads\/DSCF9772-768x512.jpg 768w, https:\/\/layer.si\/kaos\/wp-content\/uploads\/DSCF9772-1536x1024.jpg 1536w, https:\/\/layer.si\/kaos\/wp-content\/uploads\/DSCF9772-2048x1365.jpg 2048w, https:\/\/layer.si\/kaos\/wp-content\/uploads\/DSCF9772.jpg 2000w\" sizes=\"(max-width: 800px) 100vw, 800px\" \/><\/div>\n\t\t<\/a>\n\t\t\t\t<div class=\"elementor-post__text\">\n\t\t\t\t<h1 class=\"elementor-post__title\">\n\t\t\t<a href=\"https:\/\/layer.si\/kaos\/umetniki\/oliver-pilic\/\" >\n\t\t\t\tOliver Pili\u0107\t\t\t<\/a>\n\t\t<\/h1>\n\t\t\t\t<div class=\"elementor-post__excerpt\">\n\t\t\t<p>Oliver Pili\u0107 (1978) se je najprej vpisal na \u0161tudij slikarstva na Akademiji za likovno umetnost v Zagrebu, nato pa je nadaljeval \u0161tudij vizualnih umetnosti na<\/p>\n\t\t<\/div>\n\t\t\t\t<\/div>\n\t\t\t\t<\/article>\n\t\t\t\t<article class=\"elementor-post elementor-grid-item post-6015 umetniki type-umetniki status-publish has-post-thumbnail hentry leto-528 jezik-slo umetnik-kategorija-povabljeni-umetniki umetnik-kategorija-umetniki-na-rezidenci\">\n\t\t\t\t<a class=\"elementor-post__thumbnail__link\" href=\"https:\/\/layer.si\/kaos\/umetniki\/dnlm\/\" >\n\t\t\t<div class=\"elementor-post__thumbnail\"><img width=\"683\" height=\"1024\" src=\"https:\/\/layer.si\/kaos\/wp-content\/uploads\/DSCF2854-683x1024.jpg\" class=\"attachment-large size-large\" alt=\"\" loading=\"lazy\" srcset=\"https:\/\/layer.si\/kaos\/wp-content\/uploads\/DSCF2854-683x1024.jpg 683w, https:\/\/layer.si\/kaos\/wp-content\/uploads\/DSCF2854-200x300.jpg 200w, https:\/\/layer.si\/kaos\/wp-content\/uploads\/DSCF2854-768x1152.jpg 768w, https:\/\/layer.si\/kaos\/wp-content\/uploads\/DSCF2854-1024x1536.jpg 1024w, https:\/\/layer.si\/kaos\/wp-content\/uploads\/DSCF2854-1365x2048.jpg 1365w, https:\/\/layer.si\/kaos\/wp-content\/uploads\/DSCF2854.jpg 1333w\" sizes=\"(max-width: 683px) 100vw, 683px\" \/><\/div>\n\t\t<\/a>\n\t\t\t\t<div class=\"elementor-post__text\">\n\t\t\t\t<h1 class=\"elementor-post__title\">\n\t\t\t<a href=\"https:\/\/layer.si\/kaos\/umetniki\/dnlm\/\" >\n\t\t\t\tDNLM\t\t\t<\/a>\n\t\t<\/h1>\n\t\t\t\t<div class=\"elementor-post__excerpt\">\n\t\t\t<p>DNLM se v svoji umetni\u0161ki praksi osredoto\u010da na urbano okolje in pogosto posega v javne prostore z intervencijami, ki so v sozvo\u010dju z specifikami lokacije<\/p>\n\t\t<\/div>\n\t\t\t\t<\/div>\n\t\t\t\t<\/article>\n\t\t\t\t<article class=\"elementor-post elementor-grid-item post-6033 umetniki type-umetniki status-publish has-post-thumbnail hentry leto-528 jezik-slo umetnik-kategorija-povabljeni-umetniki umetnik-kategorija-umetniki-na-rezidenci\">\n\t\t\t\t<a class=\"elementor-post__thumbnail__link\" href=\"https:\/\/layer.si\/kaos\/umetniki\/leon-zuodar\/\" >\n\t\t\t<div class=\"elementor-post__thumbnail\"><img width=\"683\" height=\"1024\" src=\"https:\/\/layer.si\/kaos\/wp-content\/uploads\/DSCF2809-683x1024.jpg\" class=\"attachment-large size-large\" alt=\"\" loading=\"lazy\" srcset=\"https:\/\/layer.si\/kaos\/wp-content\/uploads\/DSCF2809-683x1024.jpg 683w, https:\/\/layer.si\/kaos\/wp-content\/uploads\/DSCF2809-200x300.jpg 200w, https:\/\/layer.si\/kaos\/wp-content\/uploads\/DSCF2809-768x1152.jpg 768w, https:\/\/layer.si\/kaos\/wp-content\/uploads\/DSCF2809-1024x1536.jpg 1024w, https:\/\/layer.si\/kaos\/wp-content\/uploads\/DSCF2809-1365x2048.jpg 1365w, https:\/\/layer.si\/kaos\/wp-content\/uploads\/DSCF2809.jpg 1333w\" sizes=\"(max-width: 683px) 100vw, 683px\" \/><\/div>\n\t\t<\/a>\n\t\t\t\t<div class=\"elementor-post__text\">\n\t\t\t\t<h1 class=\"elementor-post__title\">\n\t\t\t<a href=\"https:\/\/layer.si\/kaos\/umetniki\/leon-zuodar\/\" >\n\t\t\t\tLeon Zuodar\t\t\t<\/a>\n\t\t<\/h1>\n\t\t\t\t<div class=\"elementor-post__excerpt\">\n\t\t\t<p>Leon Zuodar svojo umetni\u0161ko prakso gradi na prepletu risbe, slikarstva, grafike, kola\u017ea in \u0161ivanja. Njegova minimalisti\u010dna estetika zdru\u017euje konceptualne pristope z ustvarjalnimi tehnikami, rezultat pa<\/p>\n\t\t<\/div>\n\t\t\t\t<\/div>\n\t\t\t\t<\/article>\n\t\t\t\t<\/div>\n\t\t\t\t<\/div>\n\t\t\t\t<\/div>\n\t\t\t\t\t\t<\/div>\n\t\t\t<\/div>\n\t\t<\/div>\n\t\t\t\t\t\t<\/div>\n\t\t\t<\/div>\n\t\t<\/section>\n\t\t\t\t\t\t<\/div>\n\t\t\t<\/div>\n\t\t<\/div>\n\t\t","protected":false},"excerpt":{"rendered":"","protected":false},"author":1,"featured_media":0,"parent":330,"menu_order":0,"comment_status":"closed","ping_status":"closed","template":"","meta":[],"_links":{"self":[{"href":"https:\/\/layer.si\/kaos\/wp-json\/wp\/v2\/pages\/5526"}],"collection":[{"href":"https:\/\/layer.si\/kaos\/wp-json\/wp\/v2\/pages"}],"about":[{"href":"https:\/\/layer.si\/kaos\/wp-json\/wp\/v2\/types\/page"}],"author":[{"embeddable":true,"href":"https:\/\/layer.si\/kaos\/wp-json\/wp\/v2\/users\/1"}],"replies":[{"embeddable":true,"href":"https:\/\/layer.si\/kaos\/wp-json\/wp\/v2\/comments?post=5526"}],"version-history":[{"count":2,"href":"https:\/\/layer.si\/kaos\/wp-json\/wp\/v2\/pages\/5526\/revisions"}],"predecessor-version":[{"id":5528,"href":"https:\/\/layer.si\/kaos\/wp-json\/wp\/v2\/pages\/5526\/revisions\/5528"}],"up":[{"embeddable":true,"href":"https:\/\/layer.si\/kaos\/wp-json\/wp\/v2\/pages\/330"}],"wp:attachment":[{"href":"https:\/\/layer.si\/kaos\/wp-json\/wp\/v2\/media?parent=5526"}],"curies":[{"name":"wp","href":"https:\/\/api.w.org\/{rel}","templated":true}]}}