{"id":5559,"date":"2024-03-02T23:31:50","date_gmt":"2024-03-02T23:31:50","guid":{"rendered":"https:\/\/layer.si\/kaos\/?page_id=5559"},"modified":"2024-07-26T10:28:29","modified_gmt":"2024-07-26T10:28:29","slug":"all-events-2024","status":"publish","type":"page","link":"https:\/\/layer.si\/kaos\/en\/programme\/all-events\/all-events-2024\/","title":{"rendered":"ALL EVENTS 2024"},"content":{"rendered":"\t\t<div data-elementor-type=\"wp-post\" data-elementor-id=\"5559\" class=\"elementor elementor-5559\" data-elementor-settings=\"[]\">\n\t\t\t<div class=\"elementor-inner\">\n\t\t\t\t<div class=\"elementor-section-wrap\">\n\t\t\t\t\t\t\t<section class=\"elementor-element elementor-element-82e7ad5 elementor-section-boxed elementor-section-height-default elementor-section-height-default elementor-section elementor-top-section\" data-id=\"82e7ad5\" data-element_type=\"section\">\n\t\t\t\t\t\t<div class=\"elementor-container elementor-column-gap-default\">\n\t\t\t\t<div class=\"elementor-row\">\n\t\t\t\t<div class=\"elementor-element elementor-element-593f6c9 elementor-column elementor-col-100 elementor-top-column\" data-id=\"593f6c9\" data-element_type=\"column\">\n\t\t\t<div class=\"elementor-column-wrap  elementor-element-populated\">\n\t\t\t\t\t<div class=\"elementor-widget-wrap\">\n\t\t\t\t<div class=\"elementor-element elementor-element-7c11e85 elementor-nav-menu__align-center elementor-nav-menu__text-align-center elementor-nav-menu--indicator-classic elementor-nav-menu--dropdown-tablet elementor-widget elementor-widget-nav-menu\" data-id=\"7c11e85\" data-element_type=\"widget\" data-settings=\"{&quot;layout&quot;:&quot;horizontal&quot;}\" data-widget_type=\"nav-menu.default\">\n\t\t\t\t<div class=\"elementor-widget-container\">\n\t\t\t\t\t\t<nav role=\"navigation\" class=\"elementor-nav-menu--main elementor-nav-menu__container elementor-nav-menu--layout-horizontal e--pointer-underline e--animation-fade\"><ul id=\"menu-1-7c11e85\" class=\"elementor-nav-menu\"><li class=\"menu-item menu-item-type-post_type menu-item-object-page menu-item-5575\"><a href=\"https:\/\/layer.si\/kaos\/en\/programme\/all-events\/all-events-2024\/\" class=\"elementor-item\">2024<\/a><\/li>\n<li class=\"menu-item menu-item-type-post_type menu-item-object-page menu-item-4688\"><a href=\"https:\/\/layer.si\/kaos\/en\/programme\/all-events\/all-events-2022\/\" class=\"elementor-item\">2022<\/a><\/li>\n<li class=\"menu-item menu-item-type-post_type menu-item-object-page menu-item-4435\"><a href=\"https:\/\/layer.si\/kaos\/en\/programme\/all-events\/all-events-2021\/\" class=\"elementor-item\">2021<\/a><\/li>\n<li class=\"menu-item menu-item-type-post_type menu-item-object-page menu-item-3627\"><a href=\"https:\/\/layer.si\/kaos\/en\/programme\/all-events\/all-events-2020\/\" class=\"elementor-item\">2020<\/a><\/li>\n<li class=\"menu-item menu-item-type-post_type menu-item-object-page menu-item-1076\"><a href=\"https:\/\/layer.si\/kaos\/en\/programme\/all-events\/all-events-2019\/\" class=\"elementor-item\">2019<\/a><\/li>\n<li class=\"menu-item menu-item-type-post_type menu-item-object-page menu-item-1075\"><a href=\"https:\/\/layer.si\/kaos\/en\/programme\/all-events\/all-events-2018\/\" class=\"elementor-item\">2018<\/a><\/li>\n<\/ul><\/nav>\n\t\t\t\t\t<div class=\"elementor-menu-toggle\" role=\"button\" tabindex=\"0\" aria-label=\"Menu Toggle\" aria-expanded=\"false\">\n\t\t\t<i class=\"eicon-menu-bar\" aria-hidden=\"true\"><\/i>\n\t\t\t<span class=\"elementor-screen-only\">Menu<\/span>\n\t\t<\/div>\n\t\t\t<nav class=\"elementor-nav-menu--dropdown elementor-nav-menu__container\" role=\"navigation\" aria-hidden=\"true\"><ul id=\"menu-2-7c11e85\" class=\"elementor-nav-menu\"><li class=\"menu-item menu-item-type-post_type menu-item-object-page menu-item-5575\"><a href=\"https:\/\/layer.si\/kaos\/en\/programme\/all-events\/all-events-2024\/\" class=\"elementor-item\">2024<\/a><\/li>\n<li class=\"menu-item menu-item-type-post_type menu-item-object-page menu-item-4688\"><a href=\"https:\/\/layer.si\/kaos\/en\/programme\/all-events\/all-events-2022\/\" class=\"elementor-item\">2022<\/a><\/li>\n<li class=\"menu-item menu-item-type-post_type menu-item-object-page menu-item-4435\"><a href=\"https:\/\/layer.si\/kaos\/en\/programme\/all-events\/all-events-2021\/\" class=\"elementor-item\">2021<\/a><\/li>\n<li class=\"menu-item menu-item-type-post_type menu-item-object-page menu-item-3627\"><a href=\"https:\/\/layer.si\/kaos\/en\/programme\/all-events\/all-events-2020\/\" class=\"elementor-item\">2020<\/a><\/li>\n<li class=\"menu-item menu-item-type-post_type menu-item-object-page menu-item-1076\"><a href=\"https:\/\/layer.si\/kaos\/en\/programme\/all-events\/all-events-2019\/\" class=\"elementor-item\">2019<\/a><\/li>\n<li class=\"menu-item menu-item-type-post_type menu-item-object-page menu-item-1075\"><a href=\"https:\/\/layer.si\/kaos\/en\/programme\/all-events\/all-events-2018\/\" class=\"elementor-item\">2018<\/a><\/li>\n<\/ul><\/nav>\n\t\t\t\t<\/div>\n\t\t\t\t<\/div>\n\t\t\t\t\t\t<\/div>\n\t\t\t<\/div>\n\t\t<\/div>\n\t\t\t\t\t\t<\/div>\n\t\t\t<\/div>\n\t\t<\/section>\n\t\t\t\t<section class=\"elementor-element elementor-element-4ae0737 elementor-section-boxed elementor-section-height-default elementor-section-height-default elementor-section elementor-top-section\" data-id=\"4ae0737\" data-element_type=\"section\">\n\t\t\t\t\t\t<div class=\"elementor-container elementor-column-gap-default\">\n\t\t\t\t<div class=\"elementor-row\">\n\t\t\t\t<div class=\"elementor-element elementor-element-3cc21dd elementor-column elementor-col-100 elementor-top-column\" data-id=\"3cc21dd\" data-element_type=\"column\">\n\t\t\t<div class=\"elementor-column-wrap  elementor-element-populated\">\n\t\t\t\t\t<div class=\"elementor-widget-wrap\">\n\t\t\t\t<div class=\"elementor-element elementor-element-904f8bf elementor-widget elementor-widget-text-editor\" data-id=\"904f8bf\" data-element_type=\"widget\" data-widget_type=\"text-editor.default\">\n\t\t\t\t<div class=\"elementor-widget-container\">\n\t\t\t\t\t<div class=\"elementor-text-editor elementor-clearfix\"><h1><strong>KAOS\u00a0 2024<\/strong><\/h1><h1><strong>5th International Festival of Contemporary Collage<\/strong><\/h1><h2><span style=\"color: #288f97;\"><strong>31. 5.-10. 8. 2024<\/strong><\/span><\/h2><figure class=\"wp-block-image\"><img src=\"https:\/\/layer.si\/kaos\/wp-content\/uploads\/4.png\" alt=\"\" \/><\/figure><p><strong>Welcome to our city, the city of collage!<\/strong><\/p><p>The main exhibitions will be accompanied by evening concerts, public interventions, workshops, talks with artists and guided tours.<\/p><p>Locations of festival exhibitions: Layer House, Janez Puhar Gallery &#8211; \u0160krlovec Tower, City Hall basement, Mala galerija Gallery, Kova\u010dnica atrium, La Ciotat Park, Pungert Tower, Mergentaler Street Gallery, On Spot Gallery\u00a0<\/p><h3>\u00a0<\/h3><h2><strong><em>OPENING OF THE FESTIVAL<\/em><\/strong><\/h2><p><span style=\"color: #288f97;\"><strong>\/\/ Friday, May 31 2024 \/\/\u00a0<\/strong><\/span><\/p><p>18.00: Guided tour of festival exhibitions \/ start Layer House<br \/>19.30: KAOS 2024, opening of the festival \/ Layer House<\/p><h2><em><strong>PROGRAMME OF THE FESTIVAL<\/strong><\/em><\/h2><p><strong><span style=\"color: #288f97;\">Friday, May 31<\/span><\/strong><\/p><p>18:00 Guided tour of the festival exhibitions with artists and curators: Adrijan Praznik, Iva Tratnik, Danilo Milovanovi\u0107, Leon Zuodar, Maja Babi\u010d Ko\u0161ir, Maria Elisa Quiaro, Maru\u0161a \u0160tibelj, Nevena Aleksovski, Oliver Pili\u0107, Saskia Reis \/ Layer House, Janez Puhar Gallery &#8211; \u0160krlovec Tower, Basement of the City Hall, Pungert Tower, On Spot Gallery, Kova\u010dnica atrium, La Ciotat Park, Mala galerija Gallery<br \/>19.30 KAOS 2024, official opening of the festival\/ Layer House<br \/>20.00 KAOS vibes: RAKETA \/ Layer House<\/p><p><strong><span style=\"color: #288f97;\">Saturday, June 1<\/span><\/strong><\/p><p>10.00 NEBO Puppet Theater: Abe\u017eeda, a show for children, 3+ \/ Layer House<br \/>11.00 Art in a Box, guided tour of the exhibition with curator Maria Elisa Quiaro \/ Layer House<br \/>17.00 Collage illustration, lecture and workshop with Eva Mlinar, 14+ [KAOS_ face it] \/ Layer House<\/p><p><span style=\"color: #288f97;\"><strong>Sunday, June 2<\/strong><\/span><\/p><p>18.00 Animated collage 1, workshop with Domen Dimovski, 14+ [KAOS_ face it] \/ Layer House<\/p><p><strong><span style=\"color: #288f97;\">Saturday, June 8<\/span><\/strong><\/p><p>11.00 Guided tour of festival exhibitions \/ start Layer House<br \/>17.00 <a href=\"https:\/\/www.facebook.com\/events\/461528419901300\/\">Book collages, workshop with Sla\u0111ana Mati\u010d Trstenjak [KAOS_ faceit] \/ Fragmenti<\/a> <br \/>19.00 Artist Talk: <a href=\"https:\/\/www.facebook.com\/events\/1154911402220500\/?ref=newsfeed\">Nevena Aleksovski, Maja Babi\u010d Ko\u0161ir, Iva Tratnik<\/a> \/ Layer House<br \/>20.30 <a href=\"https:\/\/layer.si\/vnos\/if-paradise-is-as-half-as-nice\/\">If Paradise Is As Half As Nice #8, screening of the documentary film<\/a>, 56\u2032 \/ Layer House<\/p><p><strong><span style=\"color: #288f97;\">Sunday, June 9<\/span><\/strong><\/p><p>18.00 Animated collage 2, workshop with Domen Dimovski, 14+ [KAOS_ face it]<\/p><p><strong><span style=\"color: #288f97;\">Friday, June 21<\/span><\/strong><\/p><p>21.00 KAOS x KRAFFT vibes: Leon Z. Slabe, Matic Mikola, Rok Zalokar, Miha Kraker, Nils Ro\u0161ker, musical evening (jazz-hop, chill out, groove) \/ Layer House<\/p><p><strong><span style=\"color: #288f97;\">Friday, June 28<\/span><\/strong><\/p><p>17.00 Collage and woodcut, workshop with Oliver Pili\u0107 [KAOS_ face it] \/ Kova\u010dnica atrium<\/p><p><strong><span style=\"color: #288f97;\">Saturday, June 29<\/span><\/strong><\/p><p>11.00 Guided tour with curator Maru\u0161a \u0160tibelj \/ all exhibition spaces<br \/>18.00 <a href=\"https:\/\/layer.si\/vnos\/kolaz-terapija\/\">Artist Talk with Rebeka Elizegi: Collage Therapy <\/a>\/ zoom\u00a0<br \/>18.00 Beneath the surface, collage workshop from natural materials with Jasmina Fer\u010dek [KAOS_ face it] \/ Kokra river canyon, meeting point: Layer House<\/p><p><strong><span style=\"color: #288f97;\">Saturday, July 6<\/span><\/strong><\/p><p>21.00 KAOS vibes: Po\u010deni \u0161kafi, concert \/ Layer House<\/p><p><strong><span style=\"color: #288f97;\">Friday, July 12<\/span><\/strong><\/p><p>17.00 Street art workshop with Petja Kolenko and opening of the exhibition [KAOS_ face it] \/ Mergentaler Street Gallery<\/p><p><strong><span style=\"color: #288f97;\">Friday, July 26<\/span><\/strong><\/p><p>17.00 Guided tour of festival exhibitions \/ start Layer House (apply at <a href=\"mailto:art@layer.si\">art@layer.si<\/a>)<\/p><p>20.00 KAOS x KRANFEST vibes &#8211; DJ Bane \/ Layer House<\/p><p><strong><span style=\"color: #288f97;\">Saturday, July 27<\/span><\/strong><\/p><p>20.00 KAOS x KRANFEST vibes &#8211; RecycleMan \/ Layer House<\/p><p><strong><span style=\"color: #288f97;\">Thursday, August 8<\/span><\/strong><\/p><p>17.00 Guided tour of festival exhibitions \/ start Layer House (apply at <a href=\"mailto:art@layer.si\">art@layer.si<\/a>)<\/p><p><strong><span style=\"color: #288f97;\">Saturday, August 10 [end of the festival]<\/span><\/strong><\/p><p>17.00 <a href=\"https:\/\/layer.si\/vnos\/odzivi-pod-povrsjem\/\">Responses beneath the surface<\/a> \u2013 workshop with Jasmina Fer\u010dek \/ meeting point: Layer House<br \/>19.00 <a href=\"https:\/\/layer.si\/vnos\/sprehod-z-umetniki\/\">Artist walk: DNLM (SI), Leon Zuodar (SI), Petja Kolenko (SI), CutOut Kyiv (UA), Sakia Reis (DE)<\/a> \/ start Layer House<br \/>21.00 KAOS vibes &#8211; <a href=\"https:\/\/www.youtube.com\/watch?v=vNcsbro5H3A&amp;ab_channel=Kikiwritings\">KiKi<\/a>, concert<\/p><h2>\u00a0<\/h2><h2><span style=\"color: #288f97;\"><em><strong>_ADDITIONAL PROGRAMME _<\/strong><\/em><\/span><\/h2><p>Guided tours of the festival exhibitions for school groups are possible from June 3 to June 21 2024, price EUR 1.0 per person, inquiry: info@layer.si.<br \/>For guidance for closed groups (up to 15 people, in Slovenian and English, price 3 EUR per person), send an inquiry to: info@layer.si.<\/p><p>*The programme is constantly updated.<br \/>**The organizer reserves the right to change the programme.<\/p><h2><em><strong>\u00a0<\/strong><\/em><\/h2><\/div>\n\t\t\t\t<\/div>\n\t\t\t\t<\/div>\n\t\t\t\t\t\t<\/div>\n\t\t\t<\/div>\n\t\t<\/div>\n\t\t\t\t\t\t<\/div>\n\t\t\t<\/div>\n\t\t<\/section>\n\t\t\t\t<section class=\"elementor-element elementor-element-4a58a21 elementor-section-boxed elementor-section-height-default elementor-section-height-default elementor-section elementor-top-section\" data-id=\"4a58a21\" data-element_type=\"section\">\n\t\t\t\t\t\t<div class=\"elementor-container elementor-column-gap-default\">\n\t\t\t\t<div class=\"elementor-row\">\n\t\t\t\t<div class=\"elementor-element elementor-element-af8890d elementor-column elementor-col-50 elementor-top-column\" data-id=\"af8890d\" data-element_type=\"column\">\n\t\t\t<div class=\"elementor-column-wrap  elementor-element-populated\">\n\t\t\t\t\t<div class=\"elementor-widget-wrap\">\n\t\t\t\t<div class=\"elementor-element elementor-element-b7e379e elementor-widget elementor-widget-image\" data-id=\"b7e379e\" data-element_type=\"widget\" data-widget_type=\"image.default\">\n\t\t\t\t<div class=\"elementor-widget-container\">\n\t\t\t\t\t<div class=\"elementor-image\">\n\t\t\t\t\t\t\t\t\t\t<img width=\"200\" height=\"45\" src=\"https:\/\/layer.si\/kaos\/wp-content\/uploads\/4.png\" class=\"attachment-large size-large\" alt=\"\" loading=\"lazy\" \/>\t\t\t\t\t\t\t\t\t\t\t<\/div>\n\t\t\t\t<\/div>\n\t\t\t\t<\/div>\n\t\t\t\t\t\t<\/div>\n\t\t\t<\/div>\n\t\t<\/div>\n\t\t\t\t<div class=\"elementor-element elementor-element-7e29b8c elementor-column elementor-col-50 elementor-top-column\" data-id=\"7e29b8c\" data-element_type=\"column\">\n\t\t\t<div class=\"elementor-column-wrap  elementor-element-populated\">\n\t\t\t\t\t<div class=\"elementor-widget-wrap\">\n\t\t\t\t<div class=\"elementor-element elementor-element-5e7b81d elementor-widget elementor-widget-text-editor\" data-id=\"5e7b81d\" data-element_type=\"widget\" data-widget_type=\"text-editor.default\">\n\t\t\t\t<div class=\"elementor-widget-container\">\n\t\t\t\t\t<div class=\"elementor-text-editor elementor-clearfix\"><h5>For more information, you can reach us at <a href=\"mailto:kaos@layer.si\">kaos@layer.si<\/a><\/h5><\/div>\n\t\t\t\t<\/div>\n\t\t\t\t<\/div>\n\t\t\t\t\t\t<\/div>\n\t\t\t<\/div>\n\t\t<\/div>\n\t\t\t\t\t\t<\/div>\n\t\t\t<\/div>\n\t\t<\/section>\n\t\t\t\t\t\t<\/div>\n\t\t\t<\/div>\n\t\t<\/div>\n\t\t","protected":false},"excerpt":{"rendered":"<p>KAOS\u00a0 2024 5th International Festival of Contemporary Collage 31. 5.-10. 8. 2024 Welcome to our city, the city of collage! The main exhibitions will be accompanied by evening concerts, public interventions, workshops, talks with artists and guided tours. Locations of festival exhibitions: Layer House, Janez Puhar Gallery &#8211; \u0160krlovec Tower, City Hall basement, Mala galerija [&hellip;]<\/p>\n","protected":false},"author":1,"featured_media":4780,"parent":1064,"menu_order":0,"comment_status":"closed","ping_status":"closed","template":"","meta":[],"_links":{"self":[{"href":"https:\/\/layer.si\/kaos\/wp-json\/wp\/v2\/pages\/5559"}],"collection":[{"href":"https:\/\/layer.si\/kaos\/wp-json\/wp\/v2\/pages"}],"about":[{"href":"https:\/\/layer.si\/kaos\/wp-json\/wp\/v2\/types\/page"}],"author":[{"embeddable":true,"href":"https:\/\/layer.si\/kaos\/wp-json\/wp\/v2\/users\/1"}],"replies":[{"embeddable":true,"href":"https:\/\/layer.si\/kaos\/wp-json\/wp\/v2\/comments?post=5559"}],"version-history":[{"count":49,"href":"https:\/\/layer.si\/kaos\/wp-json\/wp\/v2\/pages\/5559\/revisions"}],"predecessor-version":[{"id":6699,"href":"https:\/\/layer.si\/kaos\/wp-json\/wp\/v2\/pages\/5559\/revisions\/6699"}],"up":[{"embeddable":true,"href":"https:\/\/layer.si\/kaos\/wp-json\/wp\/v2\/pages\/1064"}],"wp:featuredmedia":[{"embeddable":true,"href":"https:\/\/layer.si\/kaos\/wp-json\/wp\/v2\/media\/4780"}],"wp:attachment":[{"href":"https:\/\/layer.si\/kaos\/wp-json\/wp\/v2\/media?parent=5559"}],"curies":[{"name":"wp","href":"https:\/\/api.w.org\/{rel}","templated":true}]}}