{"id":559,"date":"2019-04-02T11:33:03","date_gmt":"2019-04-02T11:33:03","guid":{"rendered":"https:\/\/layer.si\/kaos\/?page_id=559"},"modified":"2024-05-10T07:33:30","modified_gmt":"2024-05-10T07:33:30","slug":"poziv-in-povabilo-umetnikom","status":"publish","type":"page","link":"https:\/\/layer.si\/kaos\/si\/poziv-in-povabilo-umetnikom\/","title":{"rendered":"Poziv in povabilo umetnikom"},"content":{"rendered":"\t\t<div data-elementor-type=\"wp-post\" data-elementor-id=\"559\" class=\"elementor elementor-559\" data-elementor-settings=\"[]\">\n\t\t\t<div class=\"elementor-inner\">\n\t\t\t\t<div class=\"elementor-section-wrap\">\n\t\t\t\t\t\t\t<section class=\"elementor-element elementor-element-e8e9e5f elementor-section-stretched elementor-section-full_width elementor-section-height-default elementor-section-height-default elementor-section elementor-top-section\" data-id=\"e8e9e5f\" data-element_type=\"section\" data-settings=\"{&quot;stretch_section&quot;:&quot;section-stretched&quot;}\">\n\t\t\t\t\t\t<div class=\"elementor-container elementor-column-gap-default\">\n\t\t\t\t<div class=\"elementor-row\">\n\t\t\t\t<div class=\"elementor-element elementor-element-85e9617 elementor-column elementor-col-100 elementor-top-column\" data-id=\"85e9617\" data-element_type=\"column\">\n\t\t\t<div class=\"elementor-column-wrap  elementor-element-populated\">\n\t\t\t\t\t<div class=\"elementor-widget-wrap\">\n\t\t\t\t<div class=\"elementor-element elementor-element-9fb268b elementor-widget elementor-widget-image\" data-id=\"9fb268b\" data-element_type=\"widget\" data-widget_type=\"image.default\">\n\t\t\t\t<div class=\"elementor-widget-container\">\n\t\t\t\t\t<div class=\"elementor-image\">\n\t\t\t\t\t\t\t\t\t\t<img width=\"800\" height=\"352\" src=\"https:\/\/layer.si\/kaos\/wp-content\/uploads\/KAOS_OPEN-CALL_COMBINED_WEB_FB-BANNER-1-1024x450.jpg\" class=\"attachment-large size-large\" alt=\"\" loading=\"lazy\" srcset=\"https:\/\/layer.si\/kaos\/wp-content\/uploads\/KAOS_OPEN-CALL_COMBINED_WEB_FB-BANNER-1-1024x450.jpg 1024w, https:\/\/layer.si\/kaos\/wp-content\/uploads\/KAOS_OPEN-CALL_COMBINED_WEB_FB-BANNER-1-300x132.jpg 300w, https:\/\/layer.si\/kaos\/wp-content\/uploads\/KAOS_OPEN-CALL_COMBINED_WEB_FB-BANNER-1-768x337.jpg 768w, https:\/\/layer.si\/kaos\/wp-content\/uploads\/KAOS_OPEN-CALL_COMBINED_WEB_FB-BANNER-1-1536x675.jpg 1536w, https:\/\/layer.si\/kaos\/wp-content\/uploads\/KAOS_OPEN-CALL_COMBINED_WEB_FB-BANNER-1.jpg 1641w\" sizes=\"(max-width: 800px) 100vw, 800px\" \/>\t\t\t\t\t\t\t\t\t\t\t<\/div>\n\t\t\t\t<\/div>\n\t\t\t\t<\/div>\n\t\t\t\t\t\t<\/div>\n\t\t\t<\/div>\n\t\t<\/div>\n\t\t\t\t\t\t<\/div>\n\t\t\t<\/div>\n\t\t<\/section>\n\t\t\t\t<section class=\"elementor-element elementor-element-7ae348d elementor-hidden-desktop elementor-hidden-tablet elementor-hidden-phone elementor-section-boxed elementor-section-height-default elementor-section-height-default elementor-section elementor-top-section\" data-id=\"7ae348d\" data-element_type=\"section\">\n\t\t\t\t\t\t<div class=\"elementor-container elementor-column-gap-default\">\n\t\t\t\t<div class=\"elementor-row\">\n\t\t\t\t<div class=\"elementor-element elementor-element-0579963 elementor-column elementor-col-100 elementor-top-column\" data-id=\"0579963\" data-element_type=\"column\">\n\t\t\t<div class=\"elementor-column-wrap  elementor-element-populated\">\n\t\t\t\t\t<div class=\"elementor-widget-wrap\">\n\t\t\t\t<div class=\"elementor-element elementor-element-72aacca elementor-button-align-stretch elementor-widget elementor-widget-form\" data-id=\"72aacca\" data-element_type=\"widget\" data-settings=\"{&quot;step_next_label&quot;:&quot;Next&quot;,&quot;step_previous_label&quot;:&quot;Previous&quot;,&quot;button_width&quot;:&quot;100&quot;,&quot;step_type&quot;:&quot;number_text&quot;,&quot;step_icon_shape&quot;:&quot;circle&quot;}\" data-widget_type=\"form.default\">\n\t\t\t\t<div class=\"elementor-widget-container\">\n\t\t\t\t\t<form class=\"elementor-form\" method=\"post\" id=\"kaos2019_prijave\" name=\"Prijava KAOS 2019\">\n\t\t\t<input type=\"hidden\" name=\"post_id\" value=\"559\"\/>\n\t\t\t<input type=\"hidden\" name=\"form_id\" value=\"72aacca\"\/>\n\n\t\t\t\n\t\t\t<div class=\"elementor-form-fields-wrapper elementor-labels-above\">\n\t\t\t\t\t\t\t\t<div class=\"elementor-field-type-text elementor-field-group elementor-column elementor-field-group-name elementor-col-33 elementor-field-required elementor-mark-required\">\n\t\t\t\t\t<label for=\"form-field-name\" class=\"elementor-field-label\">Ime<\/label><input size=\"1\" type=\"text\" name=\"form_fields[name]\" id=\"form-field-name\" class=\"elementor-field elementor-size-sm  elementor-field-textual\" required=\"required\" aria-required=\"true\">\t\t\t\t<\/div>\n\t\t\t\t\t\t\t\t<div class=\"elementor-field-type-text elementor-field-group elementor-column elementor-field-group-surname elementor-col-33 elementor-field-required elementor-mark-required\">\n\t\t\t\t\t<label for=\"form-field-surname\" class=\"elementor-field-label\">Priimek<\/label><input size=\"1\" type=\"text\" name=\"form_fields[surname]\" id=\"form-field-surname\" class=\"elementor-field elementor-size-sm  elementor-field-textual\" required=\"required\" aria-required=\"true\">\t\t\t\t<\/div>\n\t\t\t\t\t\t\t\t<div class=\"elementor-field-type-text elementor-field-group elementor-column elementor-field-group-artist_name elementor-col-33\">\n\t\t\t\t\t<label for=\"form-field-artist_name\" class=\"elementor-field-label\">Umetni\u0161ko ime<\/label><input size=\"1\" type=\"text\" name=\"form_fields[artist_name]\" id=\"form-field-artist_name\" class=\"elementor-field elementor-size-sm  elementor-field-textual\">\t\t\t\t<\/div>\n\t\t\t\t\t\t\t\t<div class=\"elementor-field-type-date elementor-field-group elementor-column elementor-field-group-birth_date elementor-col-33 elementor-field-required elementor-mark-required\">\n\t\t\t\t\t<label for=\"form-field-birth_date\" class=\"elementor-field-label\">Datum rojstva<\/label><input type=\"date\" name=\"form_fields[birth_date]\" id=\"form-field-birth_date\" class=\"elementor-field elementor-size-sm  elementor-field-textual elementor-date-field\" required=\"required\" aria-required=\"true\" pattern=\"[0-9]{4}-[0-9]{2}-[0-9]{2}\">\t\t\t\t<\/div>\n\t\t\t\t\t\t\t\t<div class=\"elementor-field-type-text elementor-field-group elementor-column elementor-field-group-birth_place elementor-col-33 elementor-field-required elementor-mark-required\">\n\t\t\t\t\t<label for=\"form-field-birth_place\" class=\"elementor-field-label\">Kraj rojstva<\/label><input size=\"1\" type=\"text\" name=\"form_fields[birth_place]\" id=\"form-field-birth_place\" class=\"elementor-field elementor-size-sm  elementor-field-textual\" required=\"required\" aria-required=\"true\">\t\t\t\t<\/div>\n\t\t\t\t\t\t\t\t<div class=\"elementor-field-type-text elementor-field-group elementor-column elementor-field-group-nationality elementor-col-33 elementor-field-required elementor-mark-required\">\n\t\t\t\t\t<label for=\"form-field-nationality\" class=\"elementor-field-label\">Nacionalnost<\/label><input size=\"1\" type=\"text\" name=\"form_fields[nationality]\" id=\"form-field-nationality\" class=\"elementor-field elementor-size-sm  elementor-field-textual\" required=\"required\" aria-required=\"true\">\t\t\t\t<\/div>\n\t\t\t\t\t\t\t\t<div class=\"elementor-field-type-textarea elementor-field-group elementor-column elementor-field-group-address elementor-col-66 elementor-field-required elementor-mark-required\">\n\t\t\t\t\t<label for=\"form-field-address\" class=\"elementor-field-label\">Naslov<\/label><textarea class=\"elementor-field-textual elementor-field  elementor-size-sm\" name=\"form_fields[address]\" id=\"form-field-address\" rows=\"4\" required=\"required\" aria-required=\"true\"><\/textarea>\t\t\t\t<\/div>\n\t\t\t\t\t\t\t\t<div class=\"elementor-field-type-text elementor-field-group elementor-column elementor-field-group-phone elementor-col-50 elementor-field-required elementor-mark-required\">\n\t\t\t\t\t<label for=\"form-field-phone\" class=\"elementor-field-label\">Telefon<\/label><input size=\"1\" type=\"text\" name=\"form_fields[phone]\" id=\"form-field-phone\" class=\"elementor-field elementor-size-sm  elementor-field-textual\" required=\"required\" aria-required=\"true\">\t\t\t\t<\/div>\n\t\t\t\t\t\t\t\t<div class=\"elementor-field-type-email elementor-field-group elementor-column elementor-field-group-email elementor-col-50 elementor-field-required elementor-mark-required\">\n\t\t\t\t\t<label for=\"form-field-email\" class=\"elementor-field-label\">Email<\/label><input size=\"1\" type=\"email\" name=\"form_fields[email]\" id=\"form-field-email\" class=\"elementor-field elementor-size-sm  elementor-field-textual\" required=\"required\" aria-required=\"true\">\t\t\t\t<\/div>\n\t\t\t\t\t\t\t\t<div class=\"elementor-field-type-textarea elementor-field-group elementor-column elementor-field-group-links elementor-col-66\">\n\t\t\t\t\t<label for=\"form-field-links\" class=\"elementor-field-label\">Spletni naslov\/povezave na socialna omre\u017eja:<\/label><textarea class=\"elementor-field-textual elementor-field  elementor-size-sm\" name=\"form_fields[links]\" id=\"form-field-links\" rows=\"6\"><\/textarea>\t\t\t\t<\/div>\n\t\t\t\t\t\t\t\t<div class=\"elementor-field-type-html elementor-field-group elementor-column elementor-field-group-field_2 elementor-col-100\">\n\t\t\t\t\tINFORMACIJE O UMETNI\u0160KEM DELU:\t\t\t\t<\/div>\n\t\t\t\t\t\t\t\t<div class=\"elementor-field-type-text elementor-field-group elementor-column elementor-field-group-title elementor-col-50 elementor-field-required elementor-mark-required\">\n\t\t\t\t\t<label for=\"form-field-title\" class=\"elementor-field-label\">Naslov dela<\/label><input size=\"1\" type=\"text\" name=\"form_fields[title]\" id=\"form-field-title\" class=\"elementor-field elementor-size-sm  elementor-field-textual\" required=\"required\" aria-required=\"true\">\t\t\t\t<\/div>\n\t\t\t\t\t\t\t\t<div class=\"elementor-field-type-text elementor-field-group elementor-column elementor-field-group-size elementor-col-50 elementor-field-required elementor-mark-required\">\n\t\t\t\t\t<label for=\"form-field-size\" class=\"elementor-field-label\">Velikost<\/label><input size=\"1\" type=\"text\" name=\"form_fields[size]\" id=\"form-field-size\" class=\"elementor-field elementor-size-sm  elementor-field-textual\" required=\"required\" aria-required=\"true\">\t\t\t\t<\/div>\n\t\t\t\t\t\t\t\t<div class=\"elementor-field-type-text elementor-field-group elementor-column elementor-field-group-material elementor-col-50 elementor-field-required elementor-mark-required\">\n\t\t\t\t\t<label for=\"form-field-material\" class=\"elementor-field-label\">Material<\/label><input size=\"1\" type=\"text\" name=\"form_fields[material]\" id=\"form-field-material\" class=\"elementor-field elementor-size-sm  elementor-field-textual\" required=\"required\" aria-required=\"true\">\t\t\t\t<\/div>\n\t\t\t\t\t\t\t\t<div class=\"elementor-field-type-text elementor-field-group elementor-column elementor-field-group-media elementor-col-50 elementor-field-required elementor-mark-required\">\n\t\t\t\t\t<label for=\"form-field-media\" class=\"elementor-field-label\">Media<\/label><input size=\"1\" type=\"text\" name=\"form_fields[media]\" id=\"form-field-media\" class=\"elementor-field elementor-size-sm  elementor-field-textual\" required=\"required\" aria-required=\"true\">\t\t\t\t<\/div>\n\t\t\t\t\t\t\t\t<div class=\"elementor-field-type-number elementor-field-group elementor-column elementor-field-group-year elementor-col-25\">\n\t\t\t\t\t<label for=\"form-field-year\" class=\"elementor-field-label\">Leto nastanka<\/label><input type=\"number\" name=\"form_fields[year]\" id=\"form-field-year\" class=\"elementor-field elementor-size-sm  elementor-field-textual\" min=\"\" max=\"\">\t\t\t\t<\/div>\n\t\t\t\t\t\t\t\t<div class=\"elementor-field-type-html elementor-field-group elementor-column elementor-field-group-field_3 elementor-col-100\">\n\t\t\t\t\tO UMETNIKU_CI IN DELU:\t\t\t\t<\/div>\n\t\t\t\t\t\t\t\t<div class=\"elementor-field-type-textarea elementor-field-group elementor-column elementor-field-group-statement elementor-col-100 elementor-field-required elementor-mark-required\">\n\t\t\t\t\t<label for=\"form-field-statement\" class=\"elementor-field-label\">Kratka izjava umetnika_ce (do 100 besed):<\/label><textarea class=\"elementor-field-textual elementor-field  elementor-size-sm\" name=\"form_fields[statement]\" id=\"form-field-statement\" rows=\"6\" required=\"required\" aria-required=\"true\"><\/textarea>\t\t\t\t<\/div>\n\t\t\t\t\t\t\t\t<div class=\"elementor-field-type-textarea elementor-field-group elementor-column elementor-field-group-bio elementor-col-100 elementor-field-required elementor-mark-required\">\n\t\t\t\t\t<label for=\"form-field-bio\" class=\"elementor-field-label\">Kratek \u017eivljenjepis (do 100 besed):<\/label><textarea class=\"elementor-field-textual elementor-field  elementor-size-sm\" name=\"form_fields[bio]\" id=\"form-field-bio\" rows=\"6\" required=\"required\" aria-required=\"true\"><\/textarea>\t\t\t\t<\/div>\n\t\t\t\t\t\t\t\t<div class=\"elementor-field-type-textarea elementor-field-group elementor-column elementor-field-group-thougths elementor-col-100 elementor-field-required elementor-mark-required\">\n\t\t\t\t\t<label for=\"form-field-thougths\" class=\"elementor-field-label\">Nekaj misli o kola\u017eu kot formi in o tem, kaj pomeni vam (do 100 besed):<\/label><textarea class=\"elementor-field-textual elementor-field  elementor-size-sm\" name=\"form_fields[thougths]\" id=\"form-field-thougths\" rows=\"8\" required=\"required\" aria-required=\"true\"><\/textarea>\t\t\t\t<\/div>\n\t\t\t\t\t\t\t\t<div class=\"elementor-field-type-html elementor-field-group elementor-column elementor-field-group-field_1 elementor-col-100\">\n\t\t\t\t\t<br>NAVODILA ZA PRIPRAVO DATOTEKE:\n<br><br>\nFotografija umetni\u0161kega dela <b>mora biti poimenovana<\/b> v naslednjem vrstnem redu: naslov kola\u017ea, ime in priimek avtorja, velikost dela, letnica nastanka. Med besedami uporabite znaka minus(-) in pod\u010drtaj(_), NIKAKOR PA NE PRESLEDKA (v tem primeru vam oddaja ne bo uspela). Primer pravilnega imena: <i><strong>naslov-dela_peter-klepec_120x213_2019.jpg<\/i><\/strong>\n<br><br>Fotografije morajo biti v formatu JPG, v resoluciji 300 dpi in kraj\u0161o stranico min 1600 px oz. 15 cm.\t\t\t\t<\/div>\n\t\t\t\t\t\t\t\t<div class=\"elementor-field-type-upload elementor-field-group elementor-column elementor-field-group-image elementor-col-100 elementor-field-required elementor-mark-required\">\n\t\t\t\t\t<label for=\"form-field-image\" class=\"elementor-field-label\">Slika (jpg)<\/label><input type=\"file\" name=\"form_fields[image]\" id=\"form-field-image\" class=\"elementor-field elementor-size-sm  elementor-upload-field\" required=\"required\" aria-required=\"true\" data-maxsize=\"50\" data-maxsize-message=\"This file exceeds the maximum allowed size.\">\t\t\t\t<\/div>\n\t\t\t\t\t\t\t\t<div class=\"elementor-field-group elementor-column elementor-field-type-submit elementor-col-100 e-form__buttons\">\n\t\t\t\t\t<button type=\"submit\" class=\"elementor-button elementor-size-md\" id=\"prijava-gumb\">\n\t\t\t\t\t\t<span >\n\t\t\t\t\t\t\t\t\t\t\t\t\t\t\t<span class=\" elementor-button-icon\">\n\t\t\t\t\t\t\t\t\t<i class=\"fa fa-arrow-circle-right\" aria-hidden=\"true\"><\/i>\t\t\t\t\t\t\t\t\t\t\t\t\t\t\t\t\t<\/span>\n\t\t\t\t\t\t\t\t\t\t\t\t\t\t\t\t\t\t\t\t\t\t<span class=\"elementor-button-text\">ODDAJ PRIJAVO<\/span>\n\t\t\t\t\t\t\t\t\t\t\t\t\t<\/span>\n\t\t\t\t\t<\/button>\n\t\t\t\t<\/div>\n\t\t\t<\/div>\n\t\t<\/form>\n\t\t\t\t<\/div>\n\t\t\t\t<\/div>\n\t\t\t\t\t\t<\/div>\n\t\t\t<\/div>\n\t\t<\/div>\n\t\t\t\t\t\t<\/div>\n\t\t\t<\/div>\n\t\t<\/section>\n\t\t\t\t<section class=\"elementor-element elementor-element-b902df5 elementor-section-boxed elementor-section-height-default elementor-section-height-default elementor-section elementor-top-section\" data-id=\"b902df5\" data-element_type=\"section\">\n\t\t\t\t\t\t<div class=\"elementor-container elementor-column-gap-default\">\n\t\t\t\t<div class=\"elementor-row\">\n\t\t\t\t<div class=\"elementor-element elementor-element-04f61a2 elementor-column elementor-col-100 elementor-top-column\" data-id=\"04f61a2\" data-element_type=\"column\">\n\t\t\t<div class=\"elementor-column-wrap  elementor-element-populated\">\n\t\t\t\t\t<div class=\"elementor-widget-wrap\">\n\t\t\t\t<div class=\"elementor-element elementor-element-78a562c elementor-widget elementor-widget-text-editor\" data-id=\"78a562c\" data-element_type=\"widget\" data-widget_type=\"text-editor.default\">\n\t\t\t\t<div class=\"elementor-widget-container\">\n\t\t\t\t\t<div class=\"elementor-text-editor elementor-clearfix\"><p><!-- wp:paragraph --><\/p>\n<h3><i><b>PRIJAVE NA OBA ODPRTA POZIVA SO ZAKLJU\u010cENE!\u00a0<\/b><\/i><\/h3>\n<p><strong>Zahvaljujemo se vsem prijaviteljem.\u00a0<\/strong><\/p>\n<p>\u00a0<\/p>\n<p>\u00a0<\/p>\n<p>Leto\u0161nja 5. edicija mednarodnega festivala sodobnega kola\u017ea KAOS bo potekala v Kranju med <strong>31. majem in 10. avgustom<\/strong>, z osrednjo razstavo, umetni\u0161kimi rezidencami, murali, delavnicami, pogovori z umetniki in ve\u010dernimi koncerti. Razstavni program bo ponudil aktualno umetni\u0161ko produkcijo na podro\u010dju kola\u017ea.<\/p>\n<p><!-- \/wp:paragraph --><!-- wp:paragraph --><\/p>\n<p>Osrednja tema leto\u0161njega festivala <strong>POD POVR\u0160JEM <\/strong>se osredoto\u010da na manifestacijo \u010dlove\u0161kih \u010dustev v dana\u0161njem kompleksnem svetu, kjer pristna \u010dustva pogosto ostanejo pod povr\u0161jem zaradi dru\u017ebenih pri\u010dakovanj, stereotipnih konotacij, nasi\u010denosti ali izgube stika z realnostjo in samim seboj. Osrednja tema \u017eeli kola\u017e prikazovati kot medij, ki je ve\u010dplasten in posledi\u010dno poln globine, obra\u010dajo\u010d se h gledalcu z narativom, ki omogo\u010da so\u010dasnost, subtilnost, ekspresionizem in dvoumnost. KAOS 2024 posebno pozornost namenja delom, ki so eksperimentalna, antagonisti\u010dna in nihilisti\u010dna po naravi.<\/p>\n<p><!-- \/wp:paragraph --><!-- wp:paragraph --><\/p>\n<h3>KAOS 2024 odpira 2 javna poziva za dela v tehniki kola\u017ea:\u00a0<\/h3>\n<p>\u00a0<\/p>\n<p>1. <strong>ODPRT POZIV ZA<\/strong> <strong>MINIATURE: Medprostori<\/strong><\/p>\n<h3><strong>Rok za prijavo del:<\/strong> <strong>31. 3. 2024\u00a0<\/strong><\/h3>\n<h3><!-- \/wp:paragraph --><!-- wp:paragraph --><\/h3>\n<h3>Odprt poziv vabi vse kola\u017ene umetnice in umetnike iz dr\u017eav \u010dlanic Evropske Unije, da razi\u0161\u010dejo koncept tridimenzionalnega kola\u017ea v obliki asembla\u017ea, ki se nana\u0161a na temo <strong>Pod povr\u0161jem: Medprostori<\/strong>.<\/h3>\n<p><!-- \/wp:paragraph --><!-- wp:paragraph --><\/p>\n<p><strong>O asembla\u017eu in miniaturah<\/strong>:<br \/>Asembla\u017ene miniature so hibridni medprostor, prehodno mesto, kjer stvari zac\u030cnejo delovati kot podobe, in podobe imajo moc\u030c resnic\u030cnega. Kola\u017e in asembla\u017e si delita magic\u030cni trenutek, v katerem se dve podobi srec\u030cata in ustvarita nekaj novega v neprestanem stanju pojavljanja. Na\u0161e zaznavanje in spomini so postavljeni v gibanje. Miniatura vsebuje le drobce, nas\u030c um deluje od tam navzven in si zapomni, razume, si predstavlja.<\/p>\n<p><!-- \/wp:paragraph --><!-- wp:paragraph --><\/p>\n<p><strong>&gt;&gt; Specifikacije<\/strong> <strong>razpisa, prijavnica in ve\u010d informacij o razpisu je dostopnih na <a href=\"https:\/\/docs.google.com\/document\/d\/16twxSP3nJ-kcUsYnHynfQWjevPJ6p2LEj6XLwAyNkAg\/edit?usp=sharing\">POVEZAVI <\/a>&lt;&lt;<\/strong><\/p>\n<p><!-- \/wp:paragraph --><!-- wp:paragraph --><\/p>\n<p><strong>\u017dirija za izbor del<\/strong>:<br \/><strong>Mar\u00eda Elisa Quiaro<\/strong> je venezuelska vizualna umetnica, ki \u017eivi v Nem\u010diji. Z multidisciplinarnim pristopom, ki vklju\u010duje kola\u017e, fotografijo, asembla\u017e in slikarstvo, Quiaro konceptualizira podobo konstruirane resni\u010dnosti skozi abstrakcijo in dekonstrukcijo. Pomemben ji je tudi koncept spomina kot sledi, ki razkrivajo krhkost na\u0161e konstruirane resni\u010dnosti. Quiaro je dokon\u010dala \u0161tudij likovne umetnosti v Zdru\u017eenem kraljestvu in \u0161tudij mno\u017ei\u010dne komunikacije ter grafi\u010dnega oblikovanja v Venezueli. Sodelovala je na samostojnih in skupinskih razstavah po vsem svetu. Quiaro je tudi kustosinja, \u010dlanica \u017eirije in organizatorka razli\u010dnih razstav v Nem\u010diji, Zdru\u017eenem kraljestvu, \u0160paniji in Venezueli. Njeno delo je bilo objavljeno v razli\u010dnih knjigah, fanzinih in digitalnih medijih. Njena dela so del javnih in zasebnih zbirk.<\/p>\n<p>\u00a0<\/p>\n<h3><strong>2. ODPRT POZIV ZA DIGITALNE KOLA\u017dE: POD POVR\u0160JEM\u00a0<\/strong><\/h3>\n<p>\u00a0<\/p>\n<p>Rok za prijavo del: 30. 4. 2024<\/p>\n<p>Odprt poziv vabi vse kola\u017ene umetnice in umetnike iz celega sveta, da prijavijo svoja dela, ki so narejena v tehniki digitalnega kola\u017ea in se nana\u0161ajo na osrednjo temo <strong>POD POVR\u0160JEM<\/strong>.<\/p>\n<p><strong>O razstavi\u0161\u010du<\/strong><br \/>Dela, izbrana na odprtem pozivu, bodo razstavljena v kleti Mestne hi\u0161e Kranj, ki je eden najodli\u010dnej\u0161ih renesan\u010dnih dvorcev na Slovenskem iz 16. in 17. stoletja.<\/p>\n<p><strong>&gt;&gt; Specifikacije razpisa, prijavnica in ve\u010d informacij o razpisu je dostopnih na <a href=\"https:\/\/docs.google.com\/forms\/d\/e\/1FAIpQLScNxaeqjgodECVthZMnwZw1k2P8TkxLCTakZnT8BJ1Fib_Bog\/viewform\">POVEZAVI<\/a> &lt;&lt;<br \/><\/strong><\/p>\n<p><strong>\u017dirija za izbor del<\/strong><br \/><strong>Andrej \u0160tular<\/strong> je multimedijski umetnik, ki je aktiven na razli\u010dnih podro\u010djih vizualne umetnosti: ilustraciji, stripih, videu, filmu, kiparstvu, slikarstvu, lutkarstvu in fotografiji. Je \u010dlan striparskega kolektiva Strip Core in lutkovnega gledali\u0161\u010da Nebo ter deluje na polju umetnosti od sredine 80. let. Svoja dela redno razstavlja doma in v tujini, tako na skupinskih, kot solo razstavah, udele\u017euje pa se tudi \u0161tevilnih umetni\u0161kih festivalov po svetu.<br \/><a href=\"http:\/\/andrejstular.net\">andrejstular.net<\/a><\/p>\n<p><strong>Maru\u0161a \u0160tibelj<\/strong> je umetni\u0161ka vodja festivala KAOS. Diplomirala je iz likovne pedagogike na Pedago\u0161ki fakulteti Univerze v Ljubljani. Svoje kola\u017ee razstavlja na samostojnih in skupinskih razstavah v Sloveniji in tujini. V letu 2018 je na Salonu lepih umetnosti v Parizu prejela nagrado \u017eirije za delo \u00bbChronically late\u00ab. Pri svojem delu iz drobcev starih zgodb ustvarja nova razmerja, v katerih problematizira najrazli\u010dnej\u0161a vpra\u0161anja odnosov. Nenehno posku\u0161a \u0161iriti meje kola\u017ea kot samozadostnega medija in pri tem ohranja originalni spekter barv, ki ga material poseduje. Je \u010dlanica ZDSLU in Likovnega dru\u0161tva Kranj. <br \/><a href=\"http:\/\/@marusastibelj_collage\" data-wplink-url-error=\"true\">@marusastibelj_collage<\/a><\/p>\n<p>\u00a0<\/p>\n<p>\u00a0<\/p>\n<p><!-- \/wp:paragraph --><\/p><\/div>\n\t\t\t\t<\/div>\n\t\t\t\t<\/div>\n\t\t\t\t\t\t<\/div>\n\t\t\t<\/div>\n\t\t<\/div>\n\t\t\t\t\t\t<\/div>\n\t\t\t<\/div>\n\t\t<\/section>\n\t\t\t\t\t\t<\/div>\n\t\t\t<\/div>\n\t\t<\/div>\n\t\t","protected":false},"excerpt":{"rendered":"<p>PRIJAVE NA OBA ODPRTA POZIVA SO ZAKLJU\u010cENE!\u00a0 Zahvaljujemo se vsem prijaviteljem.\u00a0 \u00a0 \u00a0 Leto\u0161nja 5. edicija mednarodnega festivala sodobnega kola\u017ea KAOS bo potekala v Kranju med 31. majem in 10. avgustom, z osrednjo razstavo, umetni\u0161kimi rezidencami, murali, delavnicami, pogovori z umetniki in ve\u010dernimi koncerti. Razstavni program bo ponudil aktualno umetni\u0161ko produkcijo na podro\u010dju kola\u017ea. Osrednja [&hellip;]<\/p>\n","protected":false},"author":1,"featured_media":560,"parent":9,"menu_order":1,"comment_status":"closed","ping_status":"closed","template":"","meta":[],"_links":{"self":[{"href":"https:\/\/layer.si\/kaos\/wp-json\/wp\/v2\/pages\/559"}],"collection":[{"href":"https:\/\/layer.si\/kaos\/wp-json\/wp\/v2\/pages"}],"about":[{"href":"https:\/\/layer.si\/kaos\/wp-json\/wp\/v2\/types\/page"}],"author":[{"embeddable":true,"href":"https:\/\/layer.si\/kaos\/wp-json\/wp\/v2\/users\/1"}],"replies":[{"embeddable":true,"href":"https:\/\/layer.si\/kaos\/wp-json\/wp\/v2\/comments?post=559"}],"version-history":[{"count":58,"href":"https:\/\/layer.si\/kaos\/wp-json\/wp\/v2\/pages\/559\/revisions"}],"predecessor-version":[{"id":5658,"href":"https:\/\/layer.si\/kaos\/wp-json\/wp\/v2\/pages\/559\/revisions\/5658"}],"up":[{"embeddable":true,"href":"https:\/\/layer.si\/kaos\/wp-json\/wp\/v2\/pages\/9"}],"wp:featuredmedia":[{"embeddable":true,"href":"https:\/\/layer.si\/kaos\/wp-json\/wp\/v2\/media\/560"}],"wp:attachment":[{"href":"https:\/\/layer.si\/kaos\/wp-json\/wp\/v2\/media?parent=559"}],"curies":[{"name":"wp","href":"https:\/\/api.w.org\/{rel}","templated":true}]}}