{"id":748,"date":"2019-03-29T21:52:41","date_gmt":"2019-03-29T21:52:41","guid":{"rendered":"https:\/\/layer.si\/kaos\/?page_id=748"},"modified":"2021-09-09T12:24:58","modified_gmt":"2021-09-09T12:24:58","slug":"locations","status":"publish","type":"page","link":"https:\/\/layer.si\/kaos\/en\/festival\/locations\/","title":{"rendered":"Locations"},"content":{"rendered":"\t\t<div data-elementor-type=\"wp-post\" data-elementor-id=\"748\" class=\"elementor elementor-748\" data-elementor-settings=\"[]\">\n\t\t\t<div class=\"elementor-inner\">\n\t\t\t\t<div class=\"elementor-section-wrap\">\n\t\t\t\t\t\t\t<section class=\"elementor-element elementor-element-bde06dc elementor-section-stretched elementor-section-full_width elementor-section-height-min-height elementor-section-items-stretch elementor-section-content-top elementor-section-height-default elementor-section elementor-top-section\" data-id=\"bde06dc\" data-element_type=\"section\" data-settings=\"{&quot;stretch_section&quot;:&quot;section-stretched&quot;}\">\n\t\t\t\t\t\t<div class=\"elementor-container elementor-column-gap-no\">\n\t\t\t\t<div class=\"elementor-row\">\n\t\t\t\t<div class=\"elementor-element elementor-element-90810c3 elementor-column elementor-col-50 elementor-top-column\" data-id=\"90810c3\" data-element_type=\"column\">\n\t\t\t<div class=\"elementor-column-wrap  elementor-element-populated\">\n\t\t\t\t\t<div class=\"elementor-widget-wrap\">\n\t\t\t\t<div class=\"elementor-element elementor-element-e4455e9 elementor-widget elementor-widget-heading\" data-id=\"e4455e9\" data-element_type=\"widget\" data-widget_type=\"heading.default\">\n\t\t\t\t<div class=\"elementor-widget-container\">\n\t\t\t<h2 class=\"elementor-heading-title elementor-size-default\"><a href=\"https:\/\/www.google.com\/maps\/dir\/?api=1&#038;destination=%2046.2393792,14.3545085\" target=\"_blank\">Layerjeva hi\u0161a<\/a><\/h2>\t\t<\/div>\n\t\t\t\t<\/div>\n\t\t\t\t<div class=\"elementor-element elementor-element-f7e05d0 elementor-widget elementor-widget-text-editor\" data-id=\"f7e05d0\" data-element_type=\"widget\" data-widget_type=\"text-editor.default\">\n\t\t\t\t<div class=\"elementor-widget-container\">\n\t\t\t\t\t<div class=\"elementor-text-editor elementor-clearfix\"><p>Tom\u0161i\u010deva 32, Kranj<br \/><a href=\"https:\/\/www.google.com\/maps\/dir\/?api=1&amp;destination= 46.2393792,14.3545085\" target=\"_blank\" rel=\"noopener\" data-wplink-url-error=\"true\">Navigate -&gt;<\/a><\/p><\/div>\n\t\t\t\t<\/div>\n\t\t\t\t<\/div>\n\t\t\t\t<div class=\"elementor-element elementor-element-60b77cf elementor-widget elementor-widget-divider\" data-id=\"60b77cf\" data-element_type=\"widget\" data-widget_type=\"divider.default\">\n\t\t\t\t<div class=\"elementor-widget-container\">\n\t\t\t\t\t<div class=\"elementor-divider\">\n\t\t\t<span class=\"elementor-divider-separator\">\n\t\t\t\t\t\t<\/span>\n\t\t<\/div>\n\t\t\t\t<\/div>\n\t\t\t\t<\/div>\n\t\t\t\t<div class=\"elementor-element elementor-element-5d56561 elementor-widget elementor-widget-heading\" data-id=\"5d56561\" data-element_type=\"widget\" data-widget_type=\"heading.default\">\n\t\t\t\t<div class=\"elementor-widget-container\">\n\t\t\t<h2 class=\"elementor-heading-title elementor-size-default\"><a href=\"https:\/\/www.google.com\/maps\/dir\/?api=1&#038;destination=%2046.239177,%2014.3547175\" target=\"_blank\">Mergentalerjeva galerija<\/a><\/h2>\t\t<\/div>\n\t\t\t\t<\/div>\n\t\t\t\t<div class=\"elementor-element elementor-element-0064f23 elementor-widget elementor-widget-text-editor\" data-id=\"0064f23\" data-element_type=\"widget\" data-widget_type=\"text-editor.default\">\n\t\t\t\t<div class=\"elementor-widget-container\">\n\t\t\t\t\t<div class=\"elementor-text-editor elementor-clearfix\"><p>Tom\u0161i\u010deva 19, Kranj<br \/><a href=\"https:\/\/www.google.com\/maps\/dir\/?api=1&amp;destination= 46.239177, 14.3547175\" target=\"_blank\" rel=\"noopener\" data-wplink-url-error=\"true\">Navigate -&gt;<\/a><\/p><\/div>\n\t\t\t\t<\/div>\n\t\t\t\t<\/div>\n\t\t\t\t<div class=\"elementor-element elementor-element-d80d631 elementor-widget elementor-widget-divider\" data-id=\"d80d631\" data-element_type=\"widget\" data-widget_type=\"divider.default\">\n\t\t\t\t<div class=\"elementor-widget-container\">\n\t\t\t\t\t<div class=\"elementor-divider\">\n\t\t\t<span class=\"elementor-divider-separator\">\n\t\t\t\t\t\t<\/span>\n\t\t<\/div>\n\t\t\t\t<\/div>\n\t\t\t\t<\/div>\n\t\t\t\t<div class=\"elementor-element elementor-element-2ce41ff elementor-widget elementor-widget-heading\" data-id=\"2ce41ff\" data-element_type=\"widget\" data-widget_type=\"heading.default\">\n\t\t\t\t<div class=\"elementor-widget-container\">\n\t\t\t<h2 class=\"elementor-heading-title elementor-size-default\"><a href=\"https:\/\/www.google.com\/maps\/dir\/?api=1&#038;destination=%2046.2392643,14.3542432\" target=\"_blank\">Stolp \u0160krlovec<\/a><\/h2>\t\t<\/div>\n\t\t\t\t<\/div>\n\t\t\t\t<div class=\"elementor-element elementor-element-c3c1d45 elementor-widget elementor-widget-text-editor\" data-id=\"c3c1d45\" data-element_type=\"widget\" data-widget_type=\"text-editor.default\">\n\t\t\t\t<div class=\"elementor-widget-container\">\n\t\t\t\t\t<div class=\"elementor-text-editor elementor-clearfix\"><p>\u0160krlovec 3, Kranj<br \/><a href=\"https:\/\/www.google.com\/maps\/dir\/?api=1&amp;destination= 46.2392643,14.3542432\" target=\"_blank\" rel=\"noopener\" data-wplink-url-error=\"true\">Navigate -&gt;<\/a><\/p><\/div>\n\t\t\t\t<\/div>\n\t\t\t\t<\/div>\n\t\t\t\t<div class=\"elementor-element elementor-element-bef947c elementor-widget elementor-widget-divider\" data-id=\"bef947c\" data-element_type=\"widget\" data-widget_type=\"divider.default\">\n\t\t\t\t<div class=\"elementor-widget-container\">\n\t\t\t\t\t<div class=\"elementor-divider\">\n\t\t\t<span class=\"elementor-divider-separator\">\n\t\t\t\t\t\t<\/span>\n\t\t<\/div>\n\t\t\t\t<\/div>\n\t\t\t\t<\/div>\n\t\t\t\t<div class=\"elementor-element elementor-element-de5371e elementor-widget elementor-widget-heading\" data-id=\"de5371e\" data-element_type=\"widget\" data-widget_type=\"heading.default\">\n\t\t\t\t<div class=\"elementor-widget-container\">\n\t\t\t<h2 class=\"elementor-heading-title elementor-size-default\"><a href=\"https:\/\/www.google.com\/maps\/dir\/?api=1&#038;destination=%2046.2392643,14.3542432\" target=\"_blank\">Medprostor<\/a><\/h2>\t\t<\/div>\n\t\t\t\t<\/div>\n\t\t\t\t<div class=\"elementor-element elementor-element-497d858 elementor-widget elementor-widget-text-editor\" data-id=\"497d858\" data-element_type=\"widget\" data-widget_type=\"text-editor.default\">\n\t\t\t\t<div class=\"elementor-widget-container\">\n\t\t\t\t\t<div class=\"elementor-text-editor elementor-clearfix\"><p>\u0160krlovec 3, Kranj<br \/><a href=\"https:\/\/www.google.com\/maps\/dir\/?api=1&amp;destination= 46.2392643,14.3542432\" target=\"_blank\" rel=\"noopener\" data-wplink-url-error=\"true\">Navigate -&gt;<\/a><\/p><\/div>\n\t\t\t\t<\/div>\n\t\t\t\t<\/div>\n\t\t\t\t<div class=\"elementor-element elementor-element-ae80ea1 elementor-widget elementor-widget-divider\" data-id=\"ae80ea1\" data-element_type=\"widget\" data-widget_type=\"divider.default\">\n\t\t\t\t<div class=\"elementor-widget-container\">\n\t\t\t\t\t<div class=\"elementor-divider\">\n\t\t\t<span class=\"elementor-divider-separator\">\n\t\t\t\t\t\t<\/span>\n\t\t<\/div>\n\t\t\t\t<\/div>\n\t\t\t\t<\/div>\n\t\t\t\t<div class=\"elementor-element elementor-element-a5e969b elementor-widget elementor-widget-heading\" data-id=\"a5e969b\" data-element_type=\"widget\" data-widget_type=\"heading.default\">\n\t\t\t\t<div class=\"elementor-widget-container\">\n\t\t\t<h2 class=\"elementor-heading-title elementor-size-default\"><a href=\"https:\/\/www.google.com\/maps\/dir\/?api=1&#038;destination=%2046.2420433,%2014.3564695\" target=\"_blank\">Galerija Na mestu<\/a><\/h2>\t\t<\/div>\n\t\t\t\t<\/div>\n\t\t\t\t<div class=\"elementor-element elementor-element-c5444c3 elementor-widget elementor-widget-text-editor\" data-id=\"c5444c3\" data-element_type=\"widget\" data-widget_type=\"text-editor.default\">\n\t\t\t\t<div class=\"elementor-widget-container\">\n\t\t\t\t\t<div class=\"elementor-text-editor elementor-clearfix\"><p style=\"text-align: left;\">Gregor\u010di\u010deva ulica 1, Kranj<br \/><a href=\"https:\/\/www.google.com\/maps\/dir\/?api=1&amp;destination= 46.2420433, 14.3564695\" target=\"_blank\" rel=\"noopener\" data-wplink-url-error=\"true\">Navigate -&gt;<\/a><\/p><\/div>\n\t\t\t\t<\/div>\n\t\t\t\t<\/div>\n\t\t\t\t<div class=\"elementor-element elementor-element-8686601 elementor-widget elementor-widget-divider\" data-id=\"8686601\" data-element_type=\"widget\" data-widget_type=\"divider.default\">\n\t\t\t\t<div class=\"elementor-widget-container\">\n\t\t\t\t\t<div class=\"elementor-divider\">\n\t\t\t<span class=\"elementor-divider-separator\">\n\t\t\t\t\t\t<\/span>\n\t\t<\/div>\n\t\t\t\t<\/div>\n\t\t\t\t<\/div>\n\t\t\t\t<div class=\"elementor-element elementor-element-89e52f5 elementor-widget elementor-widget-heading\" data-id=\"89e52f5\" data-element_type=\"widget\" data-widget_type=\"heading.default\">\n\t\t\t\t<div class=\"elementor-widget-container\">\n\t\t\t<h2 class=\"elementor-heading-title elementor-size-default\"><a href=\"https:\/\/goo.gl\/maps\/FwcSRiUPecTXRrtCA\" target=\"_blank\">Alma House, Medana<\/a><\/h2>\t\t<\/div>\n\t\t\t\t<\/div>\n\t\t\t\t<div class=\"elementor-element elementor-element-d93f1b3 elementor-widget elementor-widget-text-editor\" data-id=\"d93f1b3\" data-element_type=\"widget\" data-widget_type=\"text-editor.default\">\n\t\t\t\t<div class=\"elementor-widget-container\">\n\t\t\t\t\t<div class=\"elementor-text-editor elementor-clearfix\"><p style=\"text-align: left;\">Medana 3, 5212 Dobrovo v Brdih<br \/><a href=\"https:\/\/goo.gl\/maps\/FwcSRiUPecTXRrtCA\" target=\"_blank\" rel=\"noopener\">Navigate -&gt;<\/a><\/p><\/div>\n\t\t\t\t<\/div>\n\t\t\t\t<\/div>\n\t\t\t\t<div class=\"elementor-element elementor-element-9f4b3f6 elementor-widget elementor-widget-divider\" data-id=\"9f4b3f6\" data-element_type=\"widget\" data-widget_type=\"divider.default\">\n\t\t\t\t<div class=\"elementor-widget-container\">\n\t\t\t\t\t<div class=\"elementor-divider\">\n\t\t\t<span class=\"elementor-divider-separator\">\n\t\t\t\t\t\t<\/span>\n\t\t<\/div>\n\t\t\t\t<\/div>\n\t\t\t\t<\/div>\n\t\t\t\t<div class=\"elementor-element elementor-element-cc264bb elementor-widget elementor-widget-heading\" data-id=\"cc264bb\" data-element_type=\"widget\" data-widget_type=\"heading.default\">\n\t\t\t\t<div class=\"elementor-widget-container\">\n\t\t\t<h3 class=\"elementor-heading-title elementor-size-default\"><a href=\"https:\/\/goo.gl\/maps\/fBaXLSjC2vthru8L6\" target=\"_blank\">Gradnik House , Medana<\/a><\/h3>\t\t<\/div>\n\t\t\t\t<\/div>\n\t\t\t\t<div class=\"elementor-element elementor-element-0351960 elementor-widget elementor-widget-text-editor\" data-id=\"0351960\" data-element_type=\"widget\" data-widget_type=\"text-editor.default\">\n\t\t\t\t<div class=\"elementor-widget-container\">\n\t\t\t\t\t<div class=\"elementor-text-editor elementor-clearfix\"><p style=\"text-align: left;\">Medana 3, 5212 Dobrovo v Brdih<br \/><a href=\"https:\/\/goo.gl\/maps\/fBaXLSjC2vthru8L6\" target=\"_blank\" rel=\"noopener\">Navigate -&gt;<\/a><\/p><\/div>\n\t\t\t\t<\/div>\n\t\t\t\t<\/div>\n\t\t\t\t\t\t<\/div>\n\t\t\t<\/div>\n\t\t<\/div>\n\t\t\t\t<div class=\"elementor-element elementor-element-5b445ae elementor-column elementor-col-50 elementor-top-column\" data-id=\"5b445ae\" data-element_type=\"column\">\n\t\t\t<div class=\"elementor-column-wrap  elementor-element-populated\">\n\t\t\t\t\t<div class=\"elementor-widget-wrap\">\n\t\t\t\t<div class=\"elementor-element elementor-element-c2c2627 elementor-widget elementor-widget-eb-google-map-extended\" data-id=\"c2c2627\" data-element_type=\"widget\" data-widget_type=\"eb-google-map-extended.default\">\n\t\t\t\t<div class=\"elementor-widget-container\">\n\t\t\t\t\t<div id=\"eb-map-c2c2627\" class=\"eb-map\" data-eb-map-gesture-handling=\"greedy\"  data-eb-map-zoom-control=\"true\" data-eb-map-zoom-control-position=\"RIGHT_CENTER\"  data-eb-map-defaultui=\"false\" data-eb-map-style=\"\" data-eb-map-type=\"roadmap\"  data-eb-map-type-control=\"false\"  data-eb-map-streetview-control=\"true\" data-eb-map-streetview-position=\"RIGHT_CENTER\" data-eb-map-lat=\"46.241\" data-eb-map-lng=\"14.356\" data-eb-map-zoom=\"9\" data-eb-map-infowindow-width=\"250\" data-eb-locations='[{\"lat\":\"46.2420433\",\"lng\":\"14.3564695\",\"title\":\"Galerija Na mestu\",\"content\":\"&lt;p&gt;Gregor\\u010di\\u010deva ulica 1, Kranj&lt;\\\/p&gt;\",\"pin_icon\":\"\"},{\"lat\":\"46.239177\",\"lng\":\"14.3547175\",\"title\":\"Mergentalerjeva galerija\",\"content\":\"&lt;p&gt;Tom\\u0161i\\u010deva 19, Kranj&lt;\\\/p&gt;\",\"pin_icon\":\"\"},{\"lat\":\"46.2392643\",\"lng\":\"14.3542432\",\"title\":\"Stolp \\u0160krlovec\",\"content\":\"&lt;p&gt;\\u0160krlovec 3, Kranj&lt;\\\/p&gt;\",\"pin_icon\":\"\"},{\"lat\":\"46.2392243\",\"lng\":\"14.3542432\",\"title\":\"Medprostor\",\"content\":\"&lt;p&gt;\\u0160krlovec 3, Kranj&lt;\\\/p&gt;\",\"pin_icon\":\"\"},{\"lat\":\"46.2393792\",\"lng\":\"14.3545085\",\"title\":\"Layerjeva hi\\u0161a\",\"content\":\"&lt;p&gt;Tom\\u0161i\\u010deva 32, Kranj&lt;\\\/p&gt;\",\"pin_icon\":\"\"},{\"lat\":\"45.985506\",\"lng\":\"13.5212507\",\"title\":\"Gradnik House\",\"content\":\"&lt;p&gt;Medana 51, 5212 Dobrovo v Brdih&lt;\\\/p&gt;\",\"pin_icon\":\"\"},{\"lat\":\"45.98538420000001\",\"lng\":\"13.5208797\",\"title\":\"Alma House\",\"content\":\"&lt;p&gt;Medana 3, 5212 Dobrovo v Brdih&lt;\\\/p&gt;\",\"pin_icon\":\"\"}]'><\/div>\n\n\t\t\t<\/div>\n\t\t\t\t<\/div>\n\t\t\t\t\t\t<\/div>\n\t\t\t<\/div>\n\t\t<\/div>\n\t\t\t\t\t\t<\/div>\n\t\t\t<\/div>\n\t\t<\/section>\n\t\t\t\t\t\t<\/div>\n\t\t\t<\/div>\n\t\t<\/div>\n\t\t","protected":false},"excerpt":{"rendered":"<p>Layerjeva hi\u0161a Tom\u0161i\u010deva 32, KranjNavigate -&gt; Mergentalerjeva galerija Tom\u0161i\u010deva 19, KranjNavigate -&gt; Stolp \u0160krlovec \u0160krlovec 3, KranjNavigate -&gt; Medprostor \u0160krlovec 3, KranjNavigate -&gt; Galerija Na mestu Gregor\u010di\u010deva ulica 1, KranjNavigate -&gt; Alma House, Medana Medana 3, 5212 Dobrovo v BrdihNavigate -&gt; Gradnik House , Medana Medana 3, 5212 Dobrovo v BrdihNavigate -&gt;<\/p>\n","protected":false},"author":1,"featured_media":0,"parent":673,"menu_order":3,"comment_status":"closed","ping_status":"closed","template":"","meta":[],"_links":{"self":[{"href":"https:\/\/layer.si\/kaos\/wp-json\/wp\/v2\/pages\/748"}],"collection":[{"href":"https:\/\/layer.si\/kaos\/wp-json\/wp\/v2\/pages"}],"about":[{"href":"https:\/\/layer.si\/kaos\/wp-json\/wp\/v2\/types\/page"}],"author":[{"embeddable":true,"href":"https:\/\/layer.si\/kaos\/wp-json\/wp\/v2\/users\/1"}],"replies":[{"embeddable":true,"href":"https:\/\/layer.si\/kaos\/wp-json\/wp\/v2\/comments?post=748"}],"version-history":[{"count":9,"href":"https:\/\/layer.si\/kaos\/wp-json\/wp\/v2\/pages\/748\/revisions"}],"predecessor-version":[{"id":4423,"href":"https:\/\/layer.si\/kaos\/wp-json\/wp\/v2\/pages\/748\/revisions\/4423"}],"up":[{"embeddable":true,"href":"https:\/\/layer.si\/kaos\/wp-json\/wp\/v2\/pages\/673"}],"wp:attachment":[{"href":"https:\/\/layer.si\/kaos\/wp-json\/wp\/v2\/media?parent=748"}],"curies":[{"name":"wp","href":"https:\/\/api.w.org\/{rel}","templated":true}]}}