{"id":751,"date":"2019-03-29T23:08:44","date_gmt":"2019-03-29T23:08:44","guid":{"rendered":"https:\/\/layer.si\/kaos\/?page_id=751"},"modified":"2024-02-15T13:26:41","modified_gmt":"2024-02-15T13:26:41","slug":"contact-press","status":"publish","type":"page","link":"https:\/\/layer.si\/kaos\/en\/festival\/contact-press\/","title":{"rendered":"Contact &#038; Press"},"content":{"rendered":"\t\t<div data-elementor-type=\"wp-post\" data-elementor-id=\"751\" class=\"elementor elementor-751\" data-elementor-settings=\"[]\">\n\t\t\t<div class=\"elementor-inner\">\n\t\t\t\t<div class=\"elementor-section-wrap\">\n\t\t\t\t\t\t\t<section class=\"elementor-element elementor-element-9392613 elementor-section-boxed elementor-section-height-default elementor-section-height-default elementor-section elementor-top-section\" data-id=\"9392613\" data-element_type=\"section\">\n\t\t\t\t\t\t<div class=\"elementor-container elementor-column-gap-default\">\n\t\t\t\t<div class=\"elementor-row\">\n\t\t\t\t<div class=\"elementor-element elementor-element-0b6107d elementor-column elementor-col-100 elementor-top-column\" data-id=\"0b6107d\" data-element_type=\"column\">\n\t\t\t<div class=\"elementor-column-wrap  elementor-element-populated\">\n\t\t\t\t\t<div class=\"elementor-widget-wrap\">\n\t\t\t\t<div class=\"elementor-element elementor-element-200cc8f elementor-widget elementor-widget-text-editor\" data-id=\"200cc8f\" data-element_type=\"widget\" data-widget_type=\"text-editor.default\">\n\t\t\t\t<div class=\"elementor-widget-container\">\n\t\t\t\t\t<div class=\"elementor-text-editor elementor-clearfix\"><h1><span style=\"color: #2d9aa1;\">CONTACT &amp; PRESS\u00a0<img loading=\"lazy\" src=\"https:\/\/layer.si\/kaos\/wp-content\/uploads\/4-1.png\" alt=\"\" width=\"200\" height=\"45\" \/><\/span><\/h1><p>For more information, you can reach us at <a style=\"background-color: #ffffff;\" href=\"mailto:kaos@layer.si\" target=\"_blank\" rel=\"noopener\">kaos@layer.si.<\/a><\/p><p>_ _ _ _ _ _ _ _ _ _ _ _<\/p><p>TEAM:<br \/><br \/><\/p><div><p>Selman \u010corovi\u0107, direktor Zavoda Carnica\u00a0<br \/><a href=\"mailto:selmanster@gmail.com\">selmanster@gmail.com\u00a0<\/a><br \/><br \/>Maru\u0161a \u0160tibelj, umetni\u0161ka vodja festivala KAOS<br \/><a href=\"mailto:kaos@layer.si\">kaos@layer.si<\/a><\/p><p>Danaja Batini\u010d, producentka festivala KAOS<br \/><a href=\"mailto:danaja.batinic@layer.si\">danaja.batinic@layer.si<\/a><\/p><p>Ne\u017ea Travnik, vodja promocije\u00a0<br \/><a href=\"mailto:neza.travnik@layer.si\">neza.travnik@layer.si\u00a0<\/a><\/p><p>Ma\u0161a Pirc, fotografija<br \/><a href=\"mailto:strikula.info@gmail.com\">strikula.info@gmail.com<\/a><\/p><p>Gal Grobov\u0161ek, oblikovanje\u00a0<br \/><a href=\"mailto:gal.grobovsek@t-2.net\">gal.grobovsek@t-2.net<\/a><\/p><\/div><div>\u00a0<\/div><\/div>\n\t\t\t\t<\/div>\n\t\t\t\t<\/div>\n\t\t\t\t\t\t<\/div>\n\t\t\t<\/div>\n\t\t<\/div>\n\t\t\t\t\t\t<\/div>\n\t\t\t<\/div>\n\t\t<\/section>\n\t\t\t\t\t\t<\/div>\n\t\t\t<\/div>\n\t\t<\/div>\n\t\t","protected":false},"excerpt":{"rendered":"<p>CONTACT &amp; PRESS\u00a0 For more information, you can reach us at kaos@layer.si. _ _ _ _ _ _ _ _ _ _ _ _ TEAM: Selman \u010corovi\u0107, direktor Zavoda Carnica\u00a0selmanster@gmail.com\u00a0 Maru\u0161a \u0160tibelj, umetni\u0161ka vodja festivala KAOSkaos@layer.si Danaja Batini\u010d, producentka festivala KAOSdanaja.batinic@layer.si Ne\u017ea Travnik, vodja promocije\u00a0neza.travnik@layer.si\u00a0 Ma\u0161a Pirc, fotografijastrikula.info@gmail.com Gal Grobov\u0161ek, oblikovanje\u00a0gal.grobovsek@t-2.net \u00a0<\/p>\n","protected":false},"author":1,"featured_media":0,"parent":673,"menu_order":4,"comment_status":"closed","ping_status":"closed","template":"","meta":[],"_links":{"self":[{"href":"https:\/\/layer.si\/kaos\/wp-json\/wp\/v2\/pages\/751"}],"collection":[{"href":"https:\/\/layer.si\/kaos\/wp-json\/wp\/v2\/pages"}],"about":[{"href":"https:\/\/layer.si\/kaos\/wp-json\/wp\/v2\/types\/page"}],"author":[{"embeddable":true,"href":"https:\/\/layer.si\/kaos\/wp-json\/wp\/v2\/users\/1"}],"replies":[{"embeddable":true,"href":"https:\/\/layer.si\/kaos\/wp-json\/wp\/v2\/comments?post=751"}],"version-history":[{"count":13,"href":"https:\/\/layer.si\/kaos\/wp-json\/wp\/v2\/pages\/751\/revisions"}],"predecessor-version":[{"id":5503,"href":"https:\/\/layer.si\/kaos\/wp-json\/wp\/v2\/pages\/751\/revisions\/5503"}],"up":[{"embeddable":true,"href":"https:\/\/layer.si\/kaos\/wp-json\/wp\/v2\/pages\/673"}],"wp:attachment":[{"href":"https:\/\/layer.si\/kaos\/wp-json\/wp\/v2\/media?parent=751"}],"curies":[{"name":"wp","href":"https:\/\/api.w.org\/{rel}","templated":true}]}}