{"id":915,"date":"2019-03-31T13:59:14","date_gmt":"2019-03-31T13:59:14","guid":{"rendered":"https:\/\/layer.si\/kaos\/?page_id=915"},"modified":"2019-07-01T14:32:23","modified_gmt":"2019-07-01T14:32:23","slug":"exhibitions-2019","status":"publish","type":"page","link":"https:\/\/layer.si\/kaos\/en\/exhibitions\/exhibitions-2019\/","title":{"rendered":"Exhibitions 2019"},"content":{"rendered":"\t\t<div data-elementor-type=\"wp-post\" data-elementor-id=\"915\" class=\"elementor elementor-915\" data-elementor-settings=\"[]\">\n\t\t\t<div class=\"elementor-inner\">\n\t\t\t\t<div class=\"elementor-section-wrap\">\n\t\t\t\t\t\t\t<section class=\"elementor-element elementor-element-926ee1c elementor-section-boxed elementor-section-height-default elementor-section-height-default elementor-section elementor-top-section\" data-id=\"926ee1c\" data-element_type=\"section\">\n\t\t\t\t\t\t<div class=\"elementor-container elementor-column-gap-default\">\n\t\t\t\t<div class=\"elementor-row\">\n\t\t\t\t<div class=\"elementor-element elementor-element-5b82480 elementor-column elementor-col-100 elementor-top-column\" data-id=\"5b82480\" data-element_type=\"column\">\n\t\t\t<div class=\"elementor-column-wrap  elementor-element-populated\">\n\t\t\t\t\t<div class=\"elementor-widget-wrap\">\n\t\t\t\t<div class=\"elementor-element elementor-element-3c1c9da elementor-nav-menu__align-center elementor-nav-menu__text-align-center elementor-nav-menu--indicator-classic elementor-nav-menu--dropdown-tablet elementor-widget elementor-widget-nav-menu\" data-id=\"3c1c9da\" data-element_type=\"widget\" data-settings=\"{&quot;layout&quot;:&quot;horizontal&quot;}\" data-widget_type=\"nav-menu.default\">\n\t\t\t\t<div class=\"elementor-widget-container\">\n\t\t\t\t\t\t<nav role=\"navigation\" class=\"elementor-nav-menu--main elementor-nav-menu__container elementor-nav-menu--layout-horizontal e--pointer-underline e--animation-fade\"><ul id=\"menu-1-3c1c9da\" class=\"elementor-nav-menu\"><li class=\"menu-item menu-item-type-post_type menu-item-object-page menu-item-5571\"><a href=\"https:\/\/layer.si\/kaos\/en\/exhibitions\/exhibitions-2024\/\" class=\"elementor-item\">2024<\/a><\/li>\n<li class=\"menu-item menu-item-type-post_type menu-item-object-page menu-item-4667\"><a href=\"https:\/\/layer.si\/kaos\/en\/exhibitions\/exhibitions-2022\/\" class=\"elementor-item\">2022<\/a><\/li>\n<li class=\"menu-item menu-item-type-post_type menu-item-object-page menu-item-4433\"><a href=\"https:\/\/layer.si\/kaos\/en\/exhibitions\/exhibitions-2021\/\" class=\"elementor-item\">2021<\/a><\/li>\n<li class=\"menu-item menu-item-type-post_type menu-item-object-page menu-item-3666\"><a href=\"https:\/\/layer.si\/kaos\/en\/exhibitions\/exhibitions-2020\/\" class=\"elementor-item\">2020<\/a><\/li>\n<li class=\"menu-item menu-item-type-post_type menu-item-object-page menu-item-918\"><a href=\"https:\/\/layer.si\/kaos\/en\/exhibitions\/exhibitions-2019\/\" class=\"elementor-item\">2019<\/a><\/li>\n<li class=\"menu-item menu-item-type-post_type menu-item-object-page menu-item-913\"><a href=\"https:\/\/layer.si\/kaos\/en\/exhibitions\/exhibitions-2018\/\" class=\"elementor-item\">2018<\/a><\/li>\n<\/ul><\/nav>\n\t\t\t\t\t<div class=\"elementor-menu-toggle\" role=\"button\" tabindex=\"0\" aria-label=\"Menu Toggle\" aria-expanded=\"false\">\n\t\t\t<i class=\"eicon-menu-bar\" aria-hidden=\"true\"><\/i>\n\t\t\t<span class=\"elementor-screen-only\">Menu<\/span>\n\t\t<\/div>\n\t\t\t<nav class=\"elementor-nav-menu--dropdown elementor-nav-menu__container\" role=\"navigation\" aria-hidden=\"true\"><ul id=\"menu-2-3c1c9da\" class=\"elementor-nav-menu\"><li class=\"menu-item menu-item-type-post_type menu-item-object-page menu-item-5571\"><a href=\"https:\/\/layer.si\/kaos\/en\/exhibitions\/exhibitions-2024\/\" class=\"elementor-item\">2024<\/a><\/li>\n<li class=\"menu-item menu-item-type-post_type menu-item-object-page menu-item-4667\"><a href=\"https:\/\/layer.si\/kaos\/en\/exhibitions\/exhibitions-2022\/\" class=\"elementor-item\">2022<\/a><\/li>\n<li class=\"menu-item menu-item-type-post_type menu-item-object-page menu-item-4433\"><a href=\"https:\/\/layer.si\/kaos\/en\/exhibitions\/exhibitions-2021\/\" class=\"elementor-item\">2021<\/a><\/li>\n<li class=\"menu-item menu-item-type-post_type menu-item-object-page menu-item-3666\"><a href=\"https:\/\/layer.si\/kaos\/en\/exhibitions\/exhibitions-2020\/\" class=\"elementor-item\">2020<\/a><\/li>\n<li class=\"menu-item menu-item-type-post_type menu-item-object-page menu-item-918\"><a href=\"https:\/\/layer.si\/kaos\/en\/exhibitions\/exhibitions-2019\/\" class=\"elementor-item\">2019<\/a><\/li>\n<li class=\"menu-item menu-item-type-post_type menu-item-object-page menu-item-913\"><a href=\"https:\/\/layer.si\/kaos\/en\/exhibitions\/exhibitions-2018\/\" class=\"elementor-item\">2018<\/a><\/li>\n<\/ul><\/nav>\n\t\t\t\t<\/div>\n\t\t\t\t<\/div>\n\t\t\t\t\t\t<\/div>\n\t\t\t<\/div>\n\t\t<\/div>\n\t\t\t\t\t\t<\/div>\n\t\t\t<\/div>\n\t\t<\/section>\n\t\t\t\t<section class=\"elementor-element elementor-element-3ac0871 elementor-section-stretched elementor-section-full_width elementor-section-height-default elementor-section-height-default elementor-section elementor-top-section\" data-id=\"3ac0871\" data-element_type=\"section\" data-settings=\"{&quot;stretch_section&quot;:&quot;section-stretched&quot;}\">\n\t\t\t\t\t\t<div class=\"elementor-container elementor-column-gap-default\">\n\t\t\t\t<div class=\"elementor-row\">\n\t\t\t\t<div class=\"elementor-element elementor-element-a8d282b elementor-column elementor-col-100 elementor-top-column\" data-id=\"a8d282b\" data-element_type=\"column\">\n\t\t\t<div class=\"elementor-column-wrap  elementor-element-populated\">\n\t\t\t\t\t<div class=\"elementor-widget-wrap\">\n\t\t\t\t<div class=\"elementor-element elementor-element-339e430 elementor-grid-4 elementor-posts--align-left elementor-grid-tablet-2 elementor-grid-mobile-1 elementor-posts--thumbnail-top elementor-widget elementor-widget-posts\" data-id=\"339e430\" data-element_type=\"widget\" data-settings=\"{&quot;classic_columns&quot;:&quot;4&quot;,&quot;classic_row_gap&quot;:{&quot;unit&quot;:&quot;px&quot;,&quot;size&quot;:20,&quot;sizes&quot;:[]},&quot;classic_columns_tablet&quot;:&quot;2&quot;,&quot;classic_columns_mobile&quot;:&quot;1&quot;}\" data-widget_type=\"posts.classic\">\n\t\t\t\t<div class=\"elementor-widget-container\">\n\t\t\t\t\t<div class=\"elementor-posts-container elementor-posts elementor-posts--skin-classic elementor-grid\">\n\t\t\t\t<article class=\"elementor-post elementor-grid-item post-2512 razstave type-razstave status-publish has-post-thumbnail hentry leto-2019-en jezik-eng\">\n\t\t\t\t<a class=\"elementor-post__thumbnail__link\" href=\"https:\/\/layer.si\/kaos\/en\/razstave\/open-call-results\/\" >\n\t\t\t<div class=\"elementor-post__thumbnail\"><img width=\"800\" height=\"450\" src=\"https:\/\/layer.si\/kaos\/wp-content\/uploads\/Leftovers-1024x576.jpg\" class=\"attachment-large size-large\" alt=\"\" loading=\"lazy\" srcset=\"https:\/\/layer.si\/kaos\/wp-content\/uploads\/Leftovers-1024x576.jpg 1024w, https:\/\/layer.si\/kaos\/wp-content\/uploads\/Leftovers-300x169.jpg 300w, https:\/\/layer.si\/kaos\/wp-content\/uploads\/Leftovers-768x432.jpg 768w, https:\/\/layer.si\/kaos\/wp-content\/uploads\/Leftovers.jpg 1920w\" sizes=\"(max-width: 800px) 100vw, 800px\" \/><\/div>\n\t\t<\/a>\n\t\t\t\t<div class=\"elementor-post__text\">\n\t\t\t\t<h1 class=\"elementor-post__title\">\n\t\t\t<a href=\"https:\/\/layer.si\/kaos\/en\/razstave\/open-call-results\/\" >\n\t\t\t\tLeftovers\t\t\t<\/a>\n\t\t<\/h1>\n\t\t\t\t<div class=\"elementor-post__excerpt\">\n\t\t\t<p>Leftovers \/ Ostanki \u0160krlovec Tower Gallery 28. 6.\u201313. 8. 2019 Exhibition of artworks, selected by an open call Ana Vodu\u0161ek (SI), Andrej Miv\u0161ek (SI), Andrej<\/p>\n\t\t<\/div>\n\t\t\t\t<\/div>\n\t\t\t\t<\/article>\n\t\t\t\t<article class=\"elementor-post elementor-grid-item post-2732 razstave type-razstave status-publish has-post-thumbnail hentry leto-2019-en jezik-eng\">\n\t\t\t\t<a class=\"elementor-post__thumbnail__link\" href=\"https:\/\/layer.si\/kaos\/en\/razstave\/ballad-about-film-and-collage-balada-o-filmu-in-kolazu\/\" >\n\t\t\t<div class=\"elementor-post__thumbnail\"><img width=\"800\" height=\"450\" src=\"https:\/\/layer.si\/kaos\/wp-content\/uploads\/\u0160tiglic-1024x576.jpg\" class=\"attachment-large size-large\" alt=\"\" loading=\"lazy\" srcset=\"https:\/\/layer.si\/kaos\/wp-content\/uploads\/\u0160tiglic-1024x576.jpg 1024w, https:\/\/layer.si\/kaos\/wp-content\/uploads\/\u0160tiglic-300x169.jpg 300w, https:\/\/layer.si\/kaos\/wp-content\/uploads\/\u0160tiglic-768x432.jpg 768w, https:\/\/layer.si\/kaos\/wp-content\/uploads\/\u0160tiglic.jpg 1920w\" sizes=\"(max-width: 800px) 100vw, 800px\" \/><\/div>\n\t\t<\/a>\n\t\t\t\t<div class=\"elementor-post__text\">\n\t\t\t\t<h1 class=\"elementor-post__title\">\n\t\t\t<a href=\"https:\/\/layer.si\/kaos\/en\/razstave\/ballad-about-film-and-collage-balada-o-filmu-in-kolazu\/\" >\n\t\t\t\tBallad of Film and Collage\t\t\t<\/a>\n\t\t<\/h1>\n\t\t\t\t<div class=\"elementor-post__excerpt\">\n\t\t\t<p>Ballad of Film and Collage \/ Balada o filmu in kola\u017euSpot- on Gallery, Gregor\u010di\u010deva street, Kranj29. 6. &#8211; 13. 8. 2019Lea Zupan\u010di\u010d, Zala Kalan, Ljubo<\/p>\n\t\t<\/div>\n\t\t\t\t<\/div>\n\t\t\t\t<\/article>\n\t\t\t\t<article class=\"elementor-post elementor-grid-item post-2752 razstave type-razstave status-publish has-post-thumbnail hentry leto-2019-en jezik-eng\">\n\t\t\t\t<a class=\"elementor-post__thumbnail__link\" href=\"https:\/\/layer.si\/kaos\/en\/razstave\/we-are-not-left-behind-ne-zaostajamo\/\" >\n\t\t\t<div class=\"elementor-post__thumbnail\"><img width=\"800\" height=\"450\" src=\"https:\/\/layer.si\/kaos\/wp-content\/uploads\/We-are-not-book-1024x576.jpg\" class=\"attachment-large size-large\" alt=\"\" loading=\"lazy\" srcset=\"https:\/\/layer.si\/kaos\/wp-content\/uploads\/We-are-not-book-1024x576.jpg 1024w, https:\/\/layer.si\/kaos\/wp-content\/uploads\/We-are-not-book-300x169.jpg 300w, https:\/\/layer.si\/kaos\/wp-content\/uploads\/We-are-not-book-768x432.jpg 768w, https:\/\/layer.si\/kaos\/wp-content\/uploads\/We-are-not-book.jpg 1920w\" sizes=\"(max-width: 800px) 100vw, 800px\" \/><\/div>\n\t\t<\/a>\n\t\t\t\t<div class=\"elementor-post__text\">\n\t\t\t\t<h1 class=\"elementor-post__title\">\n\t\t\t<a href=\"https:\/\/layer.si\/kaos\/en\/razstave\/we-are-not-left-behind-ne-zaostajamo\/\" >\n\t\t\t\tWe are not left behind\t\t\t<\/a>\n\t\t<\/h1>\n\t\t\t\t<div class=\"elementor-post__excerpt\">\n\t\t\t<p>We are not left behind \/ Ne zaostajamo Layer Cafe 28. 6.\u201313. 8. 2019 The exhibition of fifteen selected artists from the book Collage by<\/p>\n\t\t<\/div>\n\t\t\t\t<\/div>\n\t\t\t\t<\/article>\n\t\t\t\t<article class=\"elementor-post elementor-grid-item post-2763 razstave type-razstave status-publish has-post-thumbnail hentry leto-2019-en jezik-eng\">\n\t\t\t\t<a class=\"elementor-post__thumbnail__link\" href=\"https:\/\/layer.si\/kaos\/en\/razstave\/leftovers-chaos-figure-ostanki-kaos-figura\/\" >\n\t\t\t<div class=\"elementor-post__thumbnail\"><img width=\"800\" height=\"450\" src=\"https:\/\/layer.si\/kaos\/wp-content\/uploads\/Leftovers-chaos-figure-1024x576.jpg\" class=\"attachment-large size-large\" alt=\"\" loading=\"lazy\" srcset=\"https:\/\/layer.si\/kaos\/wp-content\/uploads\/Leftovers-chaos-figure-1024x576.jpg 1024w, https:\/\/layer.si\/kaos\/wp-content\/uploads\/Leftovers-chaos-figure-300x169.jpg 300w, https:\/\/layer.si\/kaos\/wp-content\/uploads\/Leftovers-chaos-figure-768x432.jpg 768w, https:\/\/layer.si\/kaos\/wp-content\/uploads\/Leftovers-chaos-figure.jpg 1920w\" sizes=\"(max-width: 800px) 100vw, 800px\" \/><\/div>\n\t\t<\/a>\n\t\t\t\t<div class=\"elementor-post__text\">\n\t\t\t\t<h1 class=\"elementor-post__title\">\n\t\t\t<a href=\"https:\/\/layer.si\/kaos\/en\/razstave\/leftovers-chaos-figure-ostanki-kaos-figura\/\" >\n\t\t\t\tLeftovers &#8211; chaos &#8211; figure\t\t\t<\/a>\n\t\t<\/h1>\n\t\t\t\t<div class=\"elementor-post__excerpt\">\n\t\t\t<p>Leftovers &#8211; chaos &#8211; figure \/ Ostanki &#8211; kaos &#8211; figura Layer House Gallery 28. 6.\u201313. 8. 2019 Exhibition by invited artists Andrej \u0160tular (SI),<\/p>\n\t\t<\/div>\n\t\t\t\t<\/div>\n\t\t\t\t<\/article>\n\t\t\t\t<article class=\"elementor-post elementor-grid-item post-2770 razstave type-razstave status-publish has-post-thumbnail hentry leto-2019-en jezik-eng\">\n\t\t\t\t<a class=\"elementor-post__thumbnail__link\" href=\"https:\/\/layer.si\/kaos\/en\/razstave\/leftovers-of-imagination-ostanki-domisljije\/\" >\n\t\t\t<div class=\"elementor-post__thumbnail\"><img width=\"800\" height=\"450\" src=\"https:\/\/layer.si\/kaos\/wp-content\/uploads\/Leftovers-of-imagination-1024x576.jpg\" class=\"attachment-large size-large\" alt=\"\" loading=\"lazy\" srcset=\"https:\/\/layer.si\/kaos\/wp-content\/uploads\/Leftovers-of-imagination-1024x576.jpg 1024w, https:\/\/layer.si\/kaos\/wp-content\/uploads\/Leftovers-of-imagination-300x169.jpg 300w, https:\/\/layer.si\/kaos\/wp-content\/uploads\/Leftovers-of-imagination-768x432.jpg 768w, https:\/\/layer.si\/kaos\/wp-content\/uploads\/Leftovers-of-imagination.jpg 1920w\" sizes=\"(max-width: 800px) 100vw, 800px\" \/><\/div>\n\t\t<\/a>\n\t\t\t\t<div class=\"elementor-post__text\">\n\t\t\t\t<h1 class=\"elementor-post__title\">\n\t\t\t<a href=\"https:\/\/layer.si\/kaos\/en\/razstave\/leftovers-of-imagination-ostanki-domisljije\/\" >\n\t\t\t\tLeftovers of imagination\t\t\t<\/a>\n\t\t<\/h1>\n\t\t\t\t<div class=\"elementor-post__excerpt\">\n\t\t\t<p>Leftovers of imagination \/ Ostanki domi\u0161ljije Staircase and balcony 28. 6.\u201313. 8. 2019 The exhibition of the illustration in the collage Afroditi Bitzouni (GE), Ana<\/p>\n\t\t<\/div>\n\t\t\t\t<\/div>\n\t\t\t\t<\/article>\n\t\t\t\t<article class=\"elementor-post elementor-grid-item post-2775 razstave type-razstave status-publish has-post-thumbnail hentry leto-2019-en jezik-eng\">\n\t\t\t\t<a class=\"elementor-post__thumbnail__link\" href=\"https:\/\/layer.si\/kaos\/en\/razstave\/mountain-and-sea-zines-gorski-in-morski-zini\/\" >\n\t\t\t<div class=\"elementor-post__thumbnail\"><img width=\"800\" height=\"450\" src=\"https:\/\/layer.si\/kaos\/wp-content\/uploads\/Sea-and-mountain-zine-1024x576.jpg\" class=\"attachment-large size-large\" alt=\"\" loading=\"lazy\" srcset=\"https:\/\/layer.si\/kaos\/wp-content\/uploads\/Sea-and-mountain-zine-1024x576.jpg 1024w, https:\/\/layer.si\/kaos\/wp-content\/uploads\/Sea-and-mountain-zine-300x169.jpg 300w, https:\/\/layer.si\/kaos\/wp-content\/uploads\/Sea-and-mountain-zine-768x432.jpg 768w, https:\/\/layer.si\/kaos\/wp-content\/uploads\/Sea-and-mountain-zine.jpg 1920w\" sizes=\"(max-width: 800px) 100vw, 800px\" \/><\/div>\n\t\t<\/a>\n\t\t\t\t<div class=\"elementor-post__text\">\n\t\t\t\t<h1 class=\"elementor-post__title\">\n\t\t\t<a href=\"https:\/\/layer.si\/kaos\/en\/razstave\/mountain-and-sea-zines-gorski-in-morski-zini\/\" >\n\t\t\t\tMountain and sea zines\t\t\t<\/a>\n\t\t<\/h1>\n\t\t\t\t<div class=\"elementor-post__excerpt\">\n\t\t\t<p>Mountain and sea zines \/ Gorski in morski zini Mahlerca Gallery28. 6.\u201313. 8. 2019 Gallery SKC Rijeka, Croatia3. 9.\u201315. 9. 2019 Collage in zines Aleksandra<\/p>\n\t\t<\/div>\n\t\t\t\t<\/div>\n\t\t\t\t<\/article>\n\t\t\t\t<article class=\"elementor-post elementor-grid-item post-2780 razstave type-razstave status-publish has-post-thumbnail hentry leto-2019-en jezik-eng\">\n\t\t\t\t<a class=\"elementor-post__thumbnail__link\" href=\"https:\/\/layer.si\/kaos\/en\/razstave\/the-comfort-of-leftovers-udobje-preostalega\/\" >\n\t\t\t<div class=\"elementor-post__thumbnail\"><img width=\"800\" height=\"450\" src=\"https:\/\/layer.si\/kaos\/wp-content\/uploads\/Leftovers-of-comfort-2-1024x576.jpg\" class=\"attachment-large size-large\" alt=\"\" loading=\"lazy\" srcset=\"https:\/\/layer.si\/kaos\/wp-content\/uploads\/Leftovers-of-comfort-2-1024x576.jpg 1024w, https:\/\/layer.si\/kaos\/wp-content\/uploads\/Leftovers-of-comfort-2-300x169.jpg 300w, https:\/\/layer.si\/kaos\/wp-content\/uploads\/Leftovers-of-comfort-2-768x432.jpg 768w, https:\/\/layer.si\/kaos\/wp-content\/uploads\/Leftovers-of-comfort-2.jpg 1920w\" sizes=\"(max-width: 800px) 100vw, 800px\" \/><\/div>\n\t\t<\/a>\n\t\t\t\t<div class=\"elementor-post__text\">\n\t\t\t\t<h1 class=\"elementor-post__title\">\n\t\t\t<a href=\"https:\/\/layer.si\/kaos\/en\/razstave\/the-comfort-of-leftovers-udobje-preostalega\/\" >\n\t\t\t\tThe comfort of leftovers\t\t\t<\/a>\n\t\t<\/h1>\n\t\t\t\t<div class=\"elementor-post__excerpt\">\n\t\t\t<p>The comfort of leftovers \/ Udobje preostalega Galerija Mahlerca \/ Mahlerca Gallery 28. 6.\u201313. 8. 2019 Exhibition of furniture Maja Jenko (SI), Maru\u0161a \u0160tibelj (SI)<\/p>\n\t\t<\/div>\n\t\t\t\t<\/div>\n\t\t\t\t<\/article>\n\t\t\t\t<article class=\"elementor-post elementor-grid-item post-2785 razstave type-razstave status-publish has-post-thumbnail hentry leto-2019-en jezik-eng\">\n\t\t\t\t<a class=\"elementor-post__thumbnail__link\" href=\"https:\/\/layer.si\/kaos\/en\/razstave\/in-between-the-lines-med-vrsticami%ef%bb%bf\/\" >\n\t\t\t<div class=\"elementor-post__thumbnail\"><img width=\"800\" height=\"450\" src=\"https:\/\/layer.si\/kaos\/wp-content\/uploads\/In-between-the-lines-1024x576.jpg\" class=\"attachment-large size-large\" alt=\"\" loading=\"lazy\" srcset=\"https:\/\/layer.si\/kaos\/wp-content\/uploads\/In-between-the-lines-1024x576.jpg 1024w, https:\/\/layer.si\/kaos\/wp-content\/uploads\/In-between-the-lines-300x169.jpg 300w, https:\/\/layer.si\/kaos\/wp-content\/uploads\/In-between-the-lines-768x432.jpg 768w, https:\/\/layer.si\/kaos\/wp-content\/uploads\/In-between-the-lines.jpg 1920w\" sizes=\"(max-width: 800px) 100vw, 800px\" \/><\/div>\n\t\t<\/a>\n\t\t\t\t<div class=\"elementor-post__text\">\n\t\t\t\t<h1 class=\"elementor-post__title\">\n\t\t\t<a href=\"https:\/\/layer.si\/kaos\/en\/razstave\/in-between-the-lines-med-vrsticami%ef%bb%bf\/\" >\n\t\t\t\tIn between the lines\t\t\t<\/a>\n\t\t<\/h1>\n\t\t\t\t<div class=\"elementor-post__excerpt\">\n\t\t\t<p>In between the lines \/ Med vrsticami In-between Space 28. 6.\u201313. 8. 2019 The exhibition of cut-out poetry Afroditi Bitzouni (GR), Nathaniel Whitcomb (US), Matthew<\/p>\n\t\t<\/div>\n\t\t\t\t<\/div>\n\t\t\t\t<\/article>\n\t\t\t\t<article class=\"elementor-post elementor-grid-item post-3342 razstave type-razstave status-publish has-post-thumbnail hentry leto-2019-en jezik-eng\">\n\t\t\t\t<a class=\"elementor-post__thumbnail__link\" href=\"https:\/\/layer.si\/kaos\/en\/razstave\/left-in-the-open\/\" >\n\t\t\t<div class=\"elementor-post__thumbnail\"><img width=\"800\" height=\"450\" src=\"https:\/\/layer.si\/kaos\/wp-content\/uploads\/Left-in-the-open-1024x576.jpg\" class=\"attachment-large size-large\" alt=\"\" loading=\"lazy\" srcset=\"https:\/\/layer.si\/kaos\/wp-content\/uploads\/Left-in-the-open-1024x576.jpg 1024w, https:\/\/layer.si\/kaos\/wp-content\/uploads\/Left-in-the-open-300x169.jpg 300w, https:\/\/layer.si\/kaos\/wp-content\/uploads\/Left-in-the-open-768x432.jpg 768w, https:\/\/layer.si\/kaos\/wp-content\/uploads\/Left-in-the-open.jpg 1920w\" sizes=\"(max-width: 800px) 100vw, 800px\" \/><\/div>\n\t\t<\/a>\n\t\t\t\t<div class=\"elementor-post__text\">\n\t\t\t\t<h1 class=\"elementor-post__title\">\n\t\t\t<a href=\"https:\/\/layer.si\/kaos\/en\/razstave\/left-in-the-open\/\" >\n\t\t\t\tLeft in the open\t\t\t<\/a>\n\t\t<\/h1>\n\t\t\t\t<div class=\"elementor-post__excerpt\">\n\t\t\t<p>Left in the open \/ Pustimo odprtoCollage in public space Susana Blasco: Angelca Hlebce \/ big size collage Former \u201cPodrtina\u201dPo\u0161tna ulica 3a, Kranj2. 7. 2019<\/p>\n\t\t<\/div>\n\t\t\t\t<\/div>\n\t\t\t\t<\/article>\n\t\t\t\t<article class=\"elementor-post elementor-grid-item post-4373 razstave type-razstave status-publish has-post-thumbnail hentry tip-razstave-murals leto-2019-en jezik-eng\">\n\t\t\t\t<a class=\"elementor-post__thumbnail__link\" href=\"https:\/\/layer.si\/kaos\/en\/razstave\/angelca-2019-2\/\" >\n\t\t\t<div class=\"elementor-post__thumbnail\"><img width=\"800\" height=\"534\" src=\"https:\/\/layer.si\/kaos\/wp-content\/uploads\/angelca_mural-collage-1024x683.jpg\" class=\"attachment-large size-large\" alt=\"\" loading=\"lazy\" srcset=\"https:\/\/layer.si\/kaos\/wp-content\/uploads\/angelca_mural-collage-1024x683.jpg 1024w, https:\/\/layer.si\/kaos\/wp-content\/uploads\/angelca_mural-collage-300x200.jpg 300w, https:\/\/layer.si\/kaos\/wp-content\/uploads\/angelca_mural-collage-768x512.jpg 768w, https:\/\/layer.si\/kaos\/wp-content\/uploads\/angelca_mural-collage.jpg 2000w\" sizes=\"(max-width: 800px) 100vw, 800px\" \/><\/div>\n\t\t<\/a>\n\t\t\t\t<div class=\"elementor-post__text\">\n\t\t\t\t<h1 class=\"elementor-post__title\">\n\t\t\t<a href=\"https:\/\/layer.si\/kaos\/en\/razstave\/angelca-2019-2\/\" >\n\t\t\t\tAngelca (2019)\t\t\t<\/a>\n\t\t<\/h1>\n\t\t\t\t<div class=\"elementor-post__excerpt\">\n\t\t\t<p>Susana Blasco<\/p>\n\t\t<\/div>\n\t\t\t\t<\/div>\n\t\t\t\t<\/article>\n\t\t\t\t<article class=\"elementor-post elementor-grid-item post-4375 razstave type-razstave status-publish has-post-thumbnail hentry tip-razstave-murals leto-2019-en jezik-eng\">\n\t\t\t\t<a class=\"elementor-post__thumbnail__link\" href=\"https:\/\/layer.si\/kaos\/en\/razstave\/untitled-2019-2\/\" >\n\t\t\t<div class=\"elementor-post__thumbnail\"><img width=\"768\" height=\"1024\" src=\"https:\/\/layer.si\/kaos\/wp-content\/uploads\/Bill_mural-collage-768x1024.jpg\" class=\"attachment-large size-large\" alt=\"\" loading=\"lazy\" srcset=\"https:\/\/layer.si\/kaos\/wp-content\/uploads\/Bill_mural-collage.jpg 768w, https:\/\/layer.si\/kaos\/wp-content\/uploads\/Bill_mural-collage-225x300.jpg 225w\" sizes=\"(max-width: 768px) 100vw, 768px\" \/><\/div>\n\t\t<\/a>\n\t\t\t\t<div class=\"elementor-post__text\">\n\t\t\t\t<h1 class=\"elementor-post__title\">\n\t\t\t<a href=\"https:\/\/layer.si\/kaos\/en\/razstave\/untitled-2019-2\/\" >\n\t\t\t\tUntitled (2019)\t\t\t<\/a>\n\t\t<\/h1>\n\t\t\t\t<div class=\"elementor-post__excerpt\">\n\t\t\t<p>Bill Noir<\/p>\n\t\t<\/div>\n\t\t\t\t<\/div>\n\t\t\t\t<\/article>\n\t\t\t\t<\/div>\n\t\t\t\t<\/div>\n\t\t\t\t<\/div>\n\t\t\t\t\t\t<\/div>\n\t\t\t<\/div>\n\t\t<\/div>\n\t\t\t\t\t\t<\/div>\n\t\t\t<\/div>\n\t\t<\/section>\n\t\t\t\t\t\t<\/div>\n\t\t\t<\/div>\n\t\t<\/div>\n\t\t","protected":false},"excerpt":{"rendered":"","protected":false},"author":1,"featured_media":0,"parent":677,"menu_order":4,"comment_status":"closed","ping_status":"closed","template":"","meta":[],"_links":{"self":[{"href":"https:\/\/layer.si\/kaos\/wp-json\/wp\/v2\/pages\/915"}],"collection":[{"href":"https:\/\/layer.si\/kaos\/wp-json\/wp\/v2\/pages"}],"about":[{"href":"https:\/\/layer.si\/kaos\/wp-json\/wp\/v2\/types\/page"}],"author":[{"embeddable":true,"href":"https:\/\/layer.si\/kaos\/wp-json\/wp\/v2\/users\/1"}],"replies":[{"embeddable":true,"href":"https:\/\/layer.si\/kaos\/wp-json\/wp\/v2\/comments?post=915"}],"version-history":[{"count":14,"href":"https:\/\/layer.si\/kaos\/wp-json\/wp\/v2\/pages\/915\/revisions"}],"predecessor-version":[{"id":3412,"href":"https:\/\/layer.si\/kaos\/wp-json\/wp\/v2\/pages\/915\/revisions\/3412"}],"up":[{"embeddable":true,"href":"https:\/\/layer.si\/kaos\/wp-json\/wp\/v2\/pages\/677"}],"wp:attachment":[{"href":"https:\/\/layer.si\/kaos\/wp-json\/wp\/v2\/media?parent=915"}],"curies":[{"name":"wp","href":"https:\/\/api.w.org\/{rel}","templated":true}]}}