{"id":942,"date":"2019-04-03T16:43:17","date_gmt":"2019-04-03T16:43:17","guid":{"rendered":"https:\/\/layer.si\/kaos\/?page_id=942"},"modified":"2019-07-01T14:13:37","modified_gmt":"2019-07-01T14:13:37","slug":"razstave-2018","status":"publish","type":"page","link":"https:\/\/layer.si\/kaos\/si\/razstave\/razstave-2018\/","title":{"rendered":"Razstave 2018"},"content":{"rendered":"\t\t<div data-elementor-type=\"wp-post\" data-elementor-id=\"942\" class=\"elementor elementor-942\" data-elementor-settings=\"[]\">\n\t\t\t<div class=\"elementor-inner\">\n\t\t\t\t<div class=\"elementor-section-wrap\">\n\t\t\t\t\t\t\t<section class=\"elementor-element elementor-element-45aa6e4 elementor-section-boxed elementor-section-height-default elementor-section-height-default elementor-section elementor-top-section\" data-id=\"45aa6e4\" data-element_type=\"section\">\n\t\t\t\t\t\t<div class=\"elementor-container elementor-column-gap-default\">\n\t\t\t\t<div class=\"elementor-row\">\n\t\t\t\t<div class=\"elementor-element elementor-element-9a2f06a elementor-column elementor-col-100 elementor-top-column\" data-id=\"9a2f06a\" data-element_type=\"column\">\n\t\t\t<div class=\"elementor-column-wrap  elementor-element-populated\">\n\t\t\t\t\t<div class=\"elementor-widget-wrap\">\n\t\t\t\t<div class=\"elementor-element elementor-element-6932860 elementor-nav-menu__align-center elementor-nav-menu__text-align-center elementor-nav-menu--indicator-classic elementor-nav-menu--dropdown-tablet elementor-widget elementor-widget-nav-menu\" data-id=\"6932860\" data-element_type=\"widget\" data-settings=\"{&quot;layout&quot;:&quot;horizontal&quot;}\" data-widget_type=\"nav-menu.default\">\n\t\t\t\t<div class=\"elementor-widget-container\">\n\t\t\t\t\t\t<nav role=\"navigation\" class=\"elementor-nav-menu--main elementor-nav-menu__container elementor-nav-menu--layout-horizontal e--pointer-underline e--animation-fade\"><ul id=\"menu-1-6932860\" class=\"elementor-nav-menu\"><li class=\"menu-item menu-item-type-post_type menu-item-object-page menu-item-5572\"><a href=\"https:\/\/layer.si\/kaos\/si\/razstave\/razstave-2024\/\" class=\"elementor-item\">2024<\/a><\/li>\n<li class=\"menu-item menu-item-type-post_type menu-item-object-page menu-item-4666\"><a href=\"https:\/\/layer.si\/kaos\/si\/razstave\/razstave-2022\/\" class=\"elementor-item\">2022<\/a><\/li>\n<li class=\"menu-item menu-item-type-post_type menu-item-object-page menu-item-4432\"><a href=\"https:\/\/layer.si\/kaos\/si\/razstave\/razstave-2021\/\" class=\"elementor-item\">2021<\/a><\/li>\n<li class=\"menu-item menu-item-type-post_type menu-item-object-page menu-item-3665\"><a href=\"https:\/\/layer.si\/kaos\/si\/razstave\/razstave-2020\/\" class=\"elementor-item\">2020<\/a><\/li>\n<li class=\"menu-item menu-item-type-post_type menu-item-object-page menu-item-949\"><a href=\"https:\/\/layer.si\/kaos\/si\/razstave\/razstave-2019\/\" class=\"elementor-item\">2019<\/a><\/li>\n<li class=\"menu-item menu-item-type-post_type menu-item-object-page menu-item-948\"><a href=\"https:\/\/layer.si\/kaos\/si\/razstave\/razstave-2018\/\" class=\"elementor-item\">2018<\/a><\/li>\n<\/ul><\/nav>\n\t\t\t\t\t<div class=\"elementor-menu-toggle\" role=\"button\" tabindex=\"0\" aria-label=\"Menu Toggle\" aria-expanded=\"false\">\n\t\t\t<i class=\"eicon-menu-bar\" aria-hidden=\"true\"><\/i>\n\t\t\t<span class=\"elementor-screen-only\">Menu<\/span>\n\t\t<\/div>\n\t\t\t<nav class=\"elementor-nav-menu--dropdown elementor-nav-menu__container\" role=\"navigation\" aria-hidden=\"true\"><ul id=\"menu-2-6932860\" class=\"elementor-nav-menu\"><li class=\"menu-item menu-item-type-post_type menu-item-object-page menu-item-5572\"><a href=\"https:\/\/layer.si\/kaos\/si\/razstave\/razstave-2024\/\" class=\"elementor-item\">2024<\/a><\/li>\n<li class=\"menu-item menu-item-type-post_type menu-item-object-page menu-item-4666\"><a href=\"https:\/\/layer.si\/kaos\/si\/razstave\/razstave-2022\/\" class=\"elementor-item\">2022<\/a><\/li>\n<li class=\"menu-item menu-item-type-post_type menu-item-object-page menu-item-4432\"><a href=\"https:\/\/layer.si\/kaos\/si\/razstave\/razstave-2021\/\" class=\"elementor-item\">2021<\/a><\/li>\n<li class=\"menu-item menu-item-type-post_type menu-item-object-page menu-item-3665\"><a href=\"https:\/\/layer.si\/kaos\/si\/razstave\/razstave-2020\/\" class=\"elementor-item\">2020<\/a><\/li>\n<li class=\"menu-item menu-item-type-post_type menu-item-object-page menu-item-949\"><a href=\"https:\/\/layer.si\/kaos\/si\/razstave\/razstave-2019\/\" class=\"elementor-item\">2019<\/a><\/li>\n<li class=\"menu-item menu-item-type-post_type menu-item-object-page menu-item-948\"><a href=\"https:\/\/layer.si\/kaos\/si\/razstave\/razstave-2018\/\" class=\"elementor-item\">2018<\/a><\/li>\n<\/ul><\/nav>\n\t\t\t\t<\/div>\n\t\t\t\t<\/div>\n\t\t\t\t\t\t<\/div>\n\t\t\t<\/div>\n\t\t<\/div>\n\t\t\t\t\t\t<\/div>\n\t\t\t<\/div>\n\t\t<\/section>\n\t\t\t\t<section class=\"elementor-element elementor-element-fed4b4f elementor-section-stretched elementor-section-full_width elementor-section-height-default elementor-section-height-default elementor-section elementor-top-section\" data-id=\"fed4b4f\" data-element_type=\"section\" data-settings=\"{&quot;stretch_section&quot;:&quot;section-stretched&quot;}\">\n\t\t\t\t\t\t<div class=\"elementor-container elementor-column-gap-default\">\n\t\t\t\t<div class=\"elementor-row\">\n\t\t\t\t<div class=\"elementor-element elementor-element-afebe42 elementor-column elementor-col-100 elementor-top-column\" data-id=\"afebe42\" data-element_type=\"column\">\n\t\t\t<div class=\"elementor-column-wrap  elementor-element-populated\">\n\t\t\t\t\t<div class=\"elementor-widget-wrap\">\n\t\t\t\t<div class=\"elementor-element elementor-element-30ab995 elementor-grid-4 elementor-posts--align-left elementor-grid-tablet-2 elementor-grid-mobile-1 elementor-posts--thumbnail-top elementor-widget elementor-widget-posts\" data-id=\"30ab995\" data-element_type=\"widget\" data-settings=\"{&quot;classic_columns&quot;:&quot;4&quot;,&quot;classic_row_gap&quot;:{&quot;unit&quot;:&quot;px&quot;,&quot;size&quot;:20,&quot;sizes&quot;:[]},&quot;classic_columns_tablet&quot;:&quot;2&quot;,&quot;classic_columns_mobile&quot;:&quot;1&quot;}\" data-widget_type=\"posts.classic\">\n\t\t\t\t<div class=\"elementor-widget-container\">\n\t\t\t\t\t<div class=\"elementor-posts-container elementor-posts elementor-posts--skin-classic elementor-grid\">\n\t\t\t\t<article class=\"elementor-post elementor-grid-item post-195 razstave type-razstave status-publish has-post-thumbnail hentry leto-11 jezik-slo\">\n\t\t\t\t<a class=\"elementor-post__thumbnail__link\" href=\"https:\/\/layer.si\/kaos\/razstave\/mesto-kaosa\/\" >\n\t\t\t<div class=\"elementor-post__thumbnail\"><img width=\"800\" height=\"702\" src=\"https:\/\/layer.si\/kaos\/wp-content\/uploads\/23312813-25643460-1024x899.jpg\" class=\"attachment-large size-large\" alt=\"\" loading=\"lazy\" srcset=\"https:\/\/layer.si\/kaos\/wp-content\/uploads\/23312813-25643460-1024x899.jpg 1024w, https:\/\/layer.si\/kaos\/wp-content\/uploads\/23312813-25643460-300x263.jpg 300w, https:\/\/layer.si\/kaos\/wp-content\/uploads\/23312813-25643460-768x674.jpg 768w, https:\/\/layer.si\/kaos\/wp-content\/uploads\/23312813-25643460.jpg 1080w\" sizes=\"(max-width: 800px) 100vw, 800px\" \/><\/div>\n\t\t<\/a>\n\t\t\t\t<div class=\"elementor-post__text\">\n\t\t\t\t<h1 class=\"elementor-post__title\">\n\t\t\t<a href=\"https:\/\/layer.si\/kaos\/razstave\/mesto-kaosa\/\" >\n\t\t\t\tMesto kaosa\t\t\t<\/a>\n\t\t<\/h1>\n\t\t\t\t<div class=\"elementor-post__excerpt\">\n\t\t\t<p>Mesto kaosa David Almajer in Maru\u0161a \u0160tibeljLokacija: Dvori\u0161\u010de Layerjeve hi\u0161eOdprtje: petek, 29. 6., ob 20. uri Mesto&nbsp;kaosa&nbsp;je&nbsp;mesto&nbsp;keramike in kola\u017ea ter njunega sobivanja na steni Layerjeve<\/p>\n\t\t<\/div>\n\t\t\t\t<\/div>\n\t\t\t\t<\/article>\n\t\t\t\t<article class=\"elementor-post elementor-grid-item post-197 razstave type-razstave status-publish has-post-thumbnail hentry leto-11 jezik-slo\">\n\t\t\t\t<a class=\"elementor-post__thumbnail__link\" href=\"https:\/\/layer.si\/kaos\/razstave\/12-palcna-kolazna-umetnost-naslovnice-vinilnih-plosc\/\" >\n\t\t\t<div class=\"elementor-post__thumbnail\"><img width=\"480\" height=\"480\" src=\"https:\/\/layer.si\/kaos\/wp-content\/uploads\/22355473-00-00-00-000.jpg\" class=\"attachment-large size-large\" alt=\"\" loading=\"lazy\" srcset=\"https:\/\/layer.si\/kaos\/wp-content\/uploads\/22355473-00-00-00-000.jpg 480w, https:\/\/layer.si\/kaos\/wp-content\/uploads\/22355473-00-00-00-000-150x150.jpg 150w, https:\/\/layer.si\/kaos\/wp-content\/uploads\/22355473-00-00-00-000-300x300.jpg 300w\" sizes=\"(max-width: 480px) 100vw, 480px\" \/><\/div>\n\t\t<\/a>\n\t\t\t\t<div class=\"elementor-post__text\">\n\t\t\t\t<h1 class=\"elementor-post__title\">\n\t\t\t<a href=\"https:\/\/layer.si\/kaos\/razstave\/12-palcna-kolazna-umetnost-naslovnice-vinilnih-plosc\/\" >\n\t\t\t\t12-pal\u010dna kola\u017ena umetnost \u2013naslovnice vinilnih plo\u0161\u010d\t\t\t<\/a>\n\t\t<\/h1>\n\t\t\t\t<div class=\"elementor-post__excerpt\">\n\t\t\t<p>12-pal\u010dna kola\u017ena umetnost \u2013naslovnice vinilnih plo\u0161\u010d Vse od prihoda vinilnih plo\u0161\u010d v 50. letih prej\u0161njega stoletja so bile ovojnice vinilnih plo\u0161\u010d ilustrirane. Kar se je<\/p>\n\t\t<\/div>\n\t\t\t\t<\/div>\n\t\t\t\t<\/article>\n\t\t\t\t<article class=\"elementor-post elementor-grid-item post-200 razstave type-razstave status-publish has-post-thumbnail hentry leto-11 jezik-slo\">\n\t\t\t\t<a class=\"elementor-post__thumbnail__link\" href=\"https:\/\/layer.si\/kaos\/razstave\/viva-collagistas\/\" >\n\t\t\t<div class=\"elementor-post__thumbnail\"><img width=\"800\" height=\"534\" src=\"https:\/\/layer.si\/kaos\/wp-content\/uploads\/23260450-25614392-1024x683.jpg\" class=\"attachment-large size-large\" alt=\"\" loading=\"lazy\" srcset=\"https:\/\/layer.si\/kaos\/wp-content\/uploads\/23260450-25614392-1024x683.jpg 1024w, https:\/\/layer.si\/kaos\/wp-content\/uploads\/23260450-25614392-300x200.jpg 300w, https:\/\/layer.si\/kaos\/wp-content\/uploads\/23260450-25614392-768x512.jpg 768w, https:\/\/layer.si\/kaos\/wp-content\/uploads\/23260450-25614392.jpg 1200w\" sizes=\"(max-width: 800px) 100vw, 800px\" \/><\/div>\n\t\t<\/a>\n\t\t\t\t<div class=\"elementor-post__text\">\n\t\t\t\t<h1 class=\"elementor-post__title\">\n\t\t\t<a href=\"https:\/\/layer.si\/kaos\/razstave\/viva-collagistas\/\" >\n\t\t\t\tVIVA COLLAGISTAS\t\t\t<\/a>\n\t\t<\/h1>\n\t\t\t\t<div class=\"elementor-post__excerpt\">\n\t\t\t<p>VIVA COLLAGISTAS Uli\u010dna galerija Na mestu (Gregor\u010di\u010deva ulica, nasproti Mestne knji\u017enice Kranj)29. 6. \u2013 21. 7. 2018 Odprtje: petek, 29. junij, ob 19. uri Fotografije<\/p>\n\t\t<\/div>\n\t\t\t\t<\/div>\n\t\t\t\t<\/article>\n\t\t\t\t<article class=\"elementor-post elementor-grid-item post-202 razstave type-razstave status-publish has-post-thumbnail hentry leto-11 jezik-slo\">\n\t\t\t\t<a class=\"elementor-post__thumbnail__link\" href=\"https:\/\/layer.si\/kaos\/razstave\/razstava-umetnikov-na-rezidenci\/\" >\n\t\t\t<div class=\"elementor-post__thumbnail\"><img width=\"800\" height=\"227\" src=\"https:\/\/layer.si\/kaos\/wp-content\/uploads\/22253765-25040022-1024x290.jpg\" class=\"attachment-large size-large\" alt=\"\" loading=\"lazy\" srcset=\"https:\/\/layer.si\/kaos\/wp-content\/uploads\/22253765-25040022-1024x290.jpg 1024w, https:\/\/layer.si\/kaos\/wp-content\/uploads\/22253765-25040022-300x85.jpg 300w, https:\/\/layer.si\/kaos\/wp-content\/uploads\/22253765-25040022-768x218.jpg 768w, https:\/\/layer.si\/kaos\/wp-content\/uploads\/22253765-25040022.jpg 1200w\" sizes=\"(max-width: 800px) 100vw, 800px\" \/><\/div>\n\t\t<\/a>\n\t\t\t\t<div class=\"elementor-post__text\">\n\t\t\t\t<h1 class=\"elementor-post__title\">\n\t\t\t<a href=\"https:\/\/layer.si\/kaos\/razstave\/razstava-umetnikov-na-rezidenci\/\" >\n\t\t\t\tRAZSTAVA UMETNIKOV NA REZIDENCI\t\t\t<\/a>\n\t\t<\/h1>\n\t\t\t\t<div class=\"elementor-post__excerpt\">\n\t\t\t<p>WHAT IF &#8230; LAYERS OF IMAGINATION WAS TAKING PLACE IN THE LAYER HOUSE?KAJ \u010cE &#8230; BI SE V LAYERJEVI HI\u0160I PLASTILA DOMI\u0160LJIJA? Galerija Layerjeve hi\u0161e,<\/p>\n\t\t<\/div>\n\t\t\t\t<\/div>\n\t\t\t\t<\/article>\n\t\t\t\t<article class=\"elementor-post elementor-grid-item post-204 razstave type-razstave status-publish has-post-thumbnail hentry leto-11 jezik-slo\">\n\t\t\t\t<a class=\"elementor-post__thumbnail__link\" href=\"https:\/\/layer.si\/kaos\/razstave\/kolaz-v-gibanju-ilustraciji-in-oblikovanju\/\" >\n\t\t\t<div class=\"elementor-post__thumbnail\"><img width=\"800\" height=\"227\" src=\"https:\/\/layer.si\/kaos\/wp-content\/uploads\/22253880-25040091-1024x290.jpg\" class=\"attachment-large size-large\" alt=\"\" loading=\"lazy\" srcset=\"https:\/\/layer.si\/kaos\/wp-content\/uploads\/22253880-25040091-1024x290.jpg 1024w, https:\/\/layer.si\/kaos\/wp-content\/uploads\/22253880-25040091-300x85.jpg 300w, https:\/\/layer.si\/kaos\/wp-content\/uploads\/22253880-25040091-768x218.jpg 768w, https:\/\/layer.si\/kaos\/wp-content\/uploads\/22253880-25040091.jpg 1200w\" sizes=\"(max-width: 800px) 100vw, 800px\" \/><\/div>\n\t\t<\/a>\n\t\t\t\t<div class=\"elementor-post__text\">\n\t\t\t\t<h1 class=\"elementor-post__title\">\n\t\t\t<a href=\"https:\/\/layer.si\/kaos\/razstave\/kolaz-v-gibanju-ilustraciji-in-oblikovanju\/\" >\n\t\t\t\tKOLA\u017d V GIBANJU, ILUSTRACIJI IN OBLIKOVANJU\t\t\t<\/a>\n\t\t<\/h1>\n\t\t\t\t<div class=\"elementor-post__excerpt\">\n\t\t\t<p>WHAT IF &#8230; OUR THOUGHTS WERE DESIGNED AND ILLUSTRATED IN LAYERS?KAJ \u010cE &#8230; BI BILE NA\u0160E MISLI&nbsp;OBLIKOVANE KOT PLASTI? Galerija Layerjeve hi\u0161e5. 7. &#8211; 14.<\/p>\n\t\t<\/div>\n\t\t\t\t<\/div>\n\t\t\t\t<\/article>\n\t\t\t\t<article class=\"elementor-post elementor-grid-item post-207 razstave type-razstave status-publish has-post-thumbnail hentry leto-11 jezik-slo\">\n\t\t\t\t<a class=\"elementor-post__thumbnail__link\" href=\"https:\/\/layer.si\/kaos\/razstave\/razstava-del-izbranih-na-pozivu\/\" >\n\t\t\t<div class=\"elementor-post__thumbnail\"><img width=\"800\" height=\"227\" src=\"https:\/\/layer.si\/kaos\/wp-content\/uploads\/22253794-25041019-1024x290.jpg\" class=\"attachment-large size-large\" alt=\"\" loading=\"lazy\" srcset=\"https:\/\/layer.si\/kaos\/wp-content\/uploads\/22253794-25041019-1024x290.jpg 1024w, https:\/\/layer.si\/kaos\/wp-content\/uploads\/22253794-25041019-300x85.jpg 300w, https:\/\/layer.si\/kaos\/wp-content\/uploads\/22253794-25041019-768x218.jpg 768w, https:\/\/layer.si\/kaos\/wp-content\/uploads\/22253794-25041019.jpg 1200w\" sizes=\"(max-width: 800px) 100vw, 800px\" \/><\/div>\n\t\t<\/a>\n\t\t\t\t<div class=\"elementor-post__text\">\n\t\t\t\t<h1 class=\"elementor-post__title\">\n\t\t\t<a href=\"https:\/\/layer.si\/kaos\/razstave\/razstava-del-izbranih-na-pozivu\/\" >\n\t\t\t\tRAZSTAVA DEL, IZBRANIH NA POZIVU\t\t\t<\/a>\n\t\t<\/h1>\n\t\t\t\t<div class=\"elementor-post__excerpt\">\n\t\t\t<p>WHAT IF &#8230; THE TOWER WAS BUILT FROM COLLAGE LAYERS?KAJ \u010cE &#8230; BI STOLP GRADILE PLASTI KOLA\u017dA? Stolp \u0160krlovec5. 7. \u2013 14. 8. 2018 Znaten<\/p>\n\t\t<\/div>\n\t\t\t\t<\/div>\n\t\t\t\t<\/article>\n\t\t\t\t<article class=\"elementor-post elementor-grid-item post-209 razstave type-razstave status-publish has-post-thumbnail hentry leto-11 jezik-slo\">\n\t\t\t\t<a class=\"elementor-post__thumbnail__link\" href=\"https:\/\/layer.si\/kaos\/razstave\/ulicne-intervencije\/\" >\n\t\t\t<div class=\"elementor-post__thumbnail\"><img width=\"800\" height=\"227\" src=\"https:\/\/layer.si\/kaos\/wp-content\/uploads\/22253790-25041004-1024x290.jpg\" class=\"attachment-large size-large\" alt=\"\" loading=\"lazy\" srcset=\"https:\/\/layer.si\/kaos\/wp-content\/uploads\/22253790-25041004-1024x290.jpg 1024w, https:\/\/layer.si\/kaos\/wp-content\/uploads\/22253790-25041004-300x85.jpg 300w, https:\/\/layer.si\/kaos\/wp-content\/uploads\/22253790-25041004-768x218.jpg 768w, https:\/\/layer.si\/kaos\/wp-content\/uploads\/22253790-25041004.jpg 1200w\" sizes=\"(max-width: 800px) 100vw, 800px\" \/><\/div>\n\t\t<\/a>\n\t\t\t\t<div class=\"elementor-post__text\">\n\t\t\t\t<h1 class=\"elementor-post__title\">\n\t\t\t<a href=\"https:\/\/layer.si\/kaos\/razstave\/ulicne-intervencije\/\" >\n\t\t\t\tULI\u010cNE INTERVENCIJE\t\t\t<\/a>\n\t\t<\/h1>\n\t\t\t\t<div class=\"elementor-post__excerpt\">\n\t\t\t<p>WHAT IF &#8230; ART WAS ON THE STREET?KAJ \u010cE &#8230; BI BILA UMETNOST NA ULICI? Mergentalerjeva hi\u0161a in kulturna \u010detrt Kranja5. 7. \u2013 14. 8.<\/p>\n\t\t<\/div>\n\t\t\t\t<\/div>\n\t\t\t\t<\/article>\n\t\t\t\t<article class=\"elementor-post elementor-grid-item post-211 razstave type-razstave status-publish has-post-thumbnail hentry leto-11 jezik-slo\">\n\t\t\t\t<a class=\"elementor-post__thumbnail__link\" href=\"https:\/\/layer.si\/kaos\/razstave\/mail-art\/\" >\n\t\t\t<div class=\"elementor-post__thumbnail\"><img width=\"800\" height=\"227\" src=\"https:\/\/layer.si\/kaos\/wp-content\/uploads\/22253896-25041011-1024x290.jpg\" class=\"attachment-large size-large\" alt=\"\" loading=\"lazy\" srcset=\"https:\/\/layer.si\/kaos\/wp-content\/uploads\/22253896-25041011-1024x290.jpg 1024w, https:\/\/layer.si\/kaos\/wp-content\/uploads\/22253896-25041011-300x85.jpg 300w, https:\/\/layer.si\/kaos\/wp-content\/uploads\/22253896-25041011-768x218.jpg 768w, https:\/\/layer.si\/kaos\/wp-content\/uploads\/22253896-25041011.jpg 1200w\" sizes=\"(max-width: 800px) 100vw, 800px\" \/><\/div>\n\t\t<\/a>\n\t\t\t\t<div class=\"elementor-post__text\">\n\t\t\t\t<h1 class=\"elementor-post__title\">\n\t\t\t<a href=\"https:\/\/layer.si\/kaos\/razstave\/mail-art\/\" >\n\t\t\t\tMAIL ART\t\t\t<\/a>\n\t\t<\/h1>\n\t\t\t\t<div class=\"elementor-post__excerpt\">\n\t\t\t<p>Uvod v razstavo:&nbsp;\u200bJana Bona\u010di\u0107 (HR),&nbsp;\u200bJulien Moulin (FR),&nbsp;Jessica Oreck (US),&nbsp;Miranda Rumina (SI) V tehniki kola\u017ea narejene razglednice umetnikov in ljubiteljev kola\u017ea, ki so se odzvali povabilu<\/p>\n\t\t<\/div>\n\t\t\t\t<\/div>\n\t\t\t\t<\/article>\n\t\t\t\t<\/div>\n\t\t\t\t<\/div>\n\t\t\t\t<\/div>\n\t\t\t\t\t\t<\/div>\n\t\t\t<\/div>\n\t\t<\/div>\n\t\t\t\t\t\t<\/div>\n\t\t\t<\/div>\n\t\t<\/section>\n\t\t\t\t\t\t<\/div>\n\t\t\t<\/div>\n\t\t<\/div>\n\t\t","protected":false},"excerpt":{"rendered":"","protected":false},"author":1,"featured_media":0,"parent":17,"menu_order":5,"comment_status":"closed","ping_status":"closed","template":"","meta":[],"_links":{"self":[{"href":"https:\/\/layer.si\/kaos\/wp-json\/wp\/v2\/pages\/942"}],"collection":[{"href":"https:\/\/layer.si\/kaos\/wp-json\/wp\/v2\/pages"}],"about":[{"href":"https:\/\/layer.si\/kaos\/wp-json\/wp\/v2\/types\/page"}],"author":[{"embeddable":true,"href":"https:\/\/layer.si\/kaos\/wp-json\/wp\/v2\/users\/1"}],"replies":[{"embeddable":true,"href":"https:\/\/layer.si\/kaos\/wp-json\/wp\/v2\/comments?post=942"}],"version-history":[{"count":8,"href":"https:\/\/layer.si\/kaos\/wp-json\/wp\/v2\/pages\/942\/revisions"}],"predecessor-version":[{"id":3283,"href":"https:\/\/layer.si\/kaos\/wp-json\/wp\/v2\/pages\/942\/revisions\/3283"}],"up":[{"embeddable":true,"href":"https:\/\/layer.si\/kaos\/wp-json\/wp\/v2\/pages\/17"}],"wp:attachment":[{"href":"https:\/\/layer.si\/kaos\/wp-json\/wp\/v2\/media?parent=942"}],"curies":[{"name":"wp","href":"https:\/\/api.w.org\/{rel}","templated":true}]}}