{"id":28,"date":"2021-01-19T16:55:27","date_gmt":"2021-01-19T16:55:27","guid":{"rendered":"https:\/\/layer.si\/krakra\/?page_id=28"},"modified":"2021-01-25T09:37:54","modified_gmt":"2021-01-25T08:37:54","slug":"o-projektu","status":"publish","type":"page","link":"https:\/\/layer.si\/krakra\/o-projektu\/","title":{"rendered":"O PROJEKTU"},"content":{"rendered":"\t\t<div data-elementor-type=\"wp-page\" data-elementor-id=\"28\" class=\"elementor elementor-28\">\n\t\t\t\t\t\t\t\t\t<section class=\"elementor-section elementor-top-section elementor-element elementor-element-ddf7835 elementor-section-height-min-height elementor-section-boxed elementor-section-height-default elementor-section-items-middle\" data-id=\"ddf7835\" data-element_type=\"section\">\n\t\t\t\t\t\t<div class=\"elementor-container elementor-column-gap-default\">\n\t\t\t\t\t<div class=\"elementor-column elementor-col-100 elementor-top-column elementor-element elementor-element-9d0e351\" data-id=\"9d0e351\" data-element_type=\"column\">\n\t\t\t<div class=\"elementor-widget-wrap elementor-element-populated\">\n\t\t\t\t\t\t\t\t<div class=\"elementor-element elementor-element-485c9d9 elementor-widget elementor-widget-heading\" data-id=\"485c9d9\" data-element_type=\"widget\" data-widget_type=\"heading.default\">\n\t\t\t\t<div class=\"elementor-widget-container\">\n\t\t\t<style>\/*! elementor - v3.13.2 - 11-05-2023 *\/\n.elementor-heading-title{padding:0;margin:0;line-height:1}.elementor-widget-heading .elementor-heading-title[class*=elementor-size-]>a{color:inherit;font-size:inherit;line-height:inherit}.elementor-widget-heading .elementor-heading-title.elementor-size-small{font-size:15px}.elementor-widget-heading .elementor-heading-title.elementor-size-medium{font-size:19px}.elementor-widget-heading .elementor-heading-title.elementor-size-large{font-size:29px}.elementor-widget-heading .elementor-heading-title.elementor-size-xl{font-size:39px}.elementor-widget-heading .elementor-heading-title.elementor-size-xxl{font-size:59px}<\/style><h2 class=\"elementor-heading-title elementor-size-default\">KRA KRA \/\/ Videi in podkasti o kranjski kulturi \/\/ Mladi za mlade<\/h2>\t\t<\/div>\n\t\t\t\t<\/div>\n\t\t\t\t<div class=\"elementor-element elementor-element-433c9ee elementor-widget elementor-widget-text-editor\" data-id=\"433c9ee\" data-element_type=\"widget\" data-widget_type=\"text-editor.default\">\n\t\t\t\t<div class=\"elementor-widget-container\">\n\t\t\t<style>\/*! elementor - v3.13.2 - 11-05-2023 *\/\n.elementor-widget-text-editor.elementor-drop-cap-view-stacked .elementor-drop-cap{background-color:#69727d;color:#fff}.elementor-widget-text-editor.elementor-drop-cap-view-framed .elementor-drop-cap{color:#69727d;border:3px solid;background-color:transparent}.elementor-widget-text-editor:not(.elementor-drop-cap-view-default) .elementor-drop-cap{margin-top:8px}.elementor-widget-text-editor:not(.elementor-drop-cap-view-default) .elementor-drop-cap-letter{width:1em;height:1em}.elementor-widget-text-editor .elementor-drop-cap{float:left;text-align:center;line-height:1;font-size:50px}.elementor-widget-text-editor .elementor-drop-cap-letter{display:inline-block}<\/style>\t\t\t\t<p><span style=\"font-weight: 400;\">Zavod Carnica v sodelovanju s petimi kranjskimi osnovnimi \u0161olami in kranjskimi kulturnimi javnimi institucijami \u2013 Gorenjskim muzejem, Pre\u0161ernovim gledali\u0161\u010dem Kranj in Mestno knji\u017enico Kranj, pripravlja kulturni program za osnovno\u0161olce zadnje triade. Projekt spodbuja njihovo aktivno spoznavanje poklicev v kulturi in kranjske kulturne dedi\u0161\u010dine. U\u010denci sami postanejo ustvarjalci multimedijskih vsebin (video in podkast), s katerimi njihovi so\u0161olci in u\u010denci ni\u017ejih razredov pridobivajo znanje o kulturi v Kranju na na\u010din, ki je otrokom in mladostnikom danes (bolj) blizu.\u00a0<\/span><\/p><p>KRA KRA \u2013 Videi in podkasti o kranjski kulturi je pilotni projekt, ki bo na spletu \u017eivel na slovenski kulturni praznik, 8. februarja. Na Pre\u0161ernov dan 2021 se prilagajamo novi realnosti in spodbujamo mlade, da tudi v tem \u010dasu kljub omejitvam aktivno ustvarjajo. Vsebinska in tehni\u010dna gradiva \u017eelimo v prihodnosti razvijati naprej in vklju\u010diti v projekt nove izdelke u\u010dencev. Cilj je, da spletna platforma dolgoro\u010dno postala sodobni pripomo\u010dek pri izobra\u017eevanju o kulturi.\u00a0<\/p><p>Projekt podpira Mestna ob\u010dina Kranj, krepi se sodelovanje javnih (in zasebnih) zavodov na podro\u010dju kulture in izobra\u017eevanja, vanj pa se vklju\u010duje tudi Regionalna razvojna agencija Gorenjske (BSC) z mednarodnim projektom O-CITY.<\/p><p>Produkcija: Layerjeva hi\u0161a \/ Zavod Carnica<br \/>Koprodukcija: Mestna knji\u017enica Kranj, Gorenjski muzej, Pre\u0161ernovo gledali\u0161\u010de Kranj<br \/>Podpora: BSC Kranj, d.o.o. (v sklopu projekta O-CITY), Mestna ob\u010dina Kranj, Zavod za turizem in kulturo Kranj<\/p><p>Kontakt: <a href=\"mailto:info@layer.si\">info@layer.si<\/a><\/p>\t\t\t\t\t\t<\/div>\n\t\t\t\t<\/div>\n\t\t\t\t\t<\/div>\n\t\t<\/div>\n\t\t\t\t\t\t\t<\/div>\n\t\t<\/section>\n\t\t\t\t\t\t\t<\/div>\n\t\t","protected":false},"excerpt":{"rendered":"<p>KRA KRA \/\/ Videi in podkasti o kranjski kulturi \/\/ Mladi za mlade Zavod Carnica v sodelovanju s petimi kranjskimi osnovnimi \u0161olami in kranjskimi kulturnimi javnimi institucijami \u2013 Gorenjskim muzejem, Pre\u0161ernovim gledali\u0161\u010dem Kranj in Mestno knji\u017enico Kranj, pripravlja kulturni program za osnovno\u0161olce zadnje triade. Projekt spodbuja njihovo aktivno spoznavanje poklicev v kulturi in kranjske kulturne [&hellip;]<\/p>\n","protected":false},"author":1,"featured_media":0,"parent":0,"menu_order":0,"comment_status":"closed","ping_status":"closed","template":"","meta":{"footnotes":""},"class_list":["post-28","page","type-page","status-publish","hentry"],"_links":{"self":[{"href":"https:\/\/layer.si\/krakra\/wp-json\/wp\/v2\/pages\/28","targetHints":{"allow":["GET"]}}],"collection":[{"href":"https:\/\/layer.si\/krakra\/wp-json\/wp\/v2\/pages"}],"about":[{"href":"https:\/\/layer.si\/krakra\/wp-json\/wp\/v2\/types\/page"}],"author":[{"embeddable":true,"href":"https:\/\/layer.si\/krakra\/wp-json\/wp\/v2\/users\/1"}],"replies":[{"embeddable":true,"href":"https:\/\/layer.si\/krakra\/wp-json\/wp\/v2\/comments?post=28"}],"version-history":[{"count":16,"href":"https:\/\/layer.si\/krakra\/wp-json\/wp\/v2\/pages\/28\/revisions"}],"predecessor-version":[{"id":230,"href":"https:\/\/layer.si\/krakra\/wp-json\/wp\/v2\/pages\/28\/revisions\/230"}],"wp:attachment":[{"href":"https:\/\/layer.si\/krakra\/wp-json\/wp\/v2\/media?parent=28"}],"curies":[{"name":"wp","href":"https:\/\/api.w.org\/{rel}","templated":true}]}}